{"id":1570,"date":"2017-08-23T18:41:54","date_gmt":"2017-08-23T18:41:54","guid":{"rendered":"http:\/\/ibvmunngo.org\/?page_id=1570"},"modified":"2017-08-23T18:41:54","modified_gmt":"2017-08-23T18:41:54","slug":"uber-die-vereinten-nationen-2","status":"publish","type":"page","link":"https:\/\/ibvmunngo.org\/de\/uber-die-vereinten-nationen-2\/","title":{"rendered":"\u00dcber die UNO"},"content":{"rendered":"<p>\t\t\t\t<span style=\"font-size: large;\"><a href=\"http:\/\/www.un.org\/en\/about-un\/\">\u00dcber die Vereinten Nationen&nbsp;<\/a><\/span><\/p>\n<p><span style=\"font-size: large;\"><a href=\"http:\/\/www.un.org\/en\/sections\/what-we-do\/\">Was die UNO tut&nbsp;<\/a><\/span><\/p>\n<p><span style=\"font-size: large;\"><a href=\"http:\/\/www.un.org\/en\/sections\/what-we-do\/\">Die nachhaltigen Entwicklungsziele<\/a><\/span><\/p>\n<p><span style=\"font-size: large;\"><a href=\"https:\/\/www.una.org.uk\/get-involved\/learn-and-teach\/un-matters-teaching-pack\">Warum die UNO wichtig ist&nbsp;<\/a><\/span><\/p>\n<p><span style=\"font-size: large;\"><a href=\"http:\/\/bestdelegate.com\/3-resources-for-teaching-the-united-nations-successes-and-failures\/\">Die Erfolge und Misserfolge der UNO lehren&nbsp;<\/a><\/span><\/p>\n<p><span style=\"font-size: large;\"><a href=\"http:\/\/www.ctaun.org\/\">UN-Unterricht an Schulen&nbsp;<\/a><\/span><\/p>\n<p><span style=\"font-size: large;\"><a href=\"http:\/\/www.unesco.org\/new\/en\/education\/themes\/leading-the-international-agenda\/human-rights-education\/advocacy\/\">Menschenrechtsbildung und -vertretung&nbsp;<\/a><\/span><\/p>\n<p><strong>N\u00dcTZLICHE VIDEOCLIPS ZUR ERKL\u00c4RUNG DER VEREINTEN NATIONEN<\/strong><\/p>\n<p><strong><iframe src=\"https:\/\/www.youtube.com\/embed\/tlmYtJiUK00\" width=\"560\" height=\"315\" frameborder=\"0\" allowfullscreen=\"allowfullscreen\"><\/iframe><\/strong><br \/>\n<strong> <iframe src=\"https:\/\/www.youtube.com\/embed\/FTykHVuXPUg\" width=\"560\" height=\"315\" frameborder=\"0\" allowfullscreen=\"allowfullscreen\"><\/iframe><\/strong><br \/>\n<strong> <iframe src=\"https:\/\/www.youtube.com\/embed\/C1H3wpBIzSk\" width=\"560\" height=\"315\" frameborder=\"0\" allowfullscreen=\"allowfullscreen\"><\/iframe><\/strong><br \/>\n<strong> <iframe src=\"https:\/\/www.youtube.com\/embed\/o08ykAqLOxk\" width=\"560\" height=\"315\" frameborder=\"0\" allowfullscreen=\"allowfullscreen\"><\/iframe><\/strong>\t\t<\/p>","protected":false},"excerpt":{"rendered":"<p>\u00dcber die Vereinten Nationen Was die UN tut Die nachhaltigen Entwicklungsziele Warum die UN wichtig ist Die Erfolge und Misserfolge der UN lehren Unterricht \u00fcber die UN in Schulen Menschenrechtsbildung und Lobbyarbeit N\u00dcTZLICHE VIDEOCLIPS, DIE DIE VEREINTEN NATIONEN ERKL\u00c4REN<\/p>","protected":false},"author":11,"featured_media":0,"parent":0,"menu_order":0,"comment_status":"open","ping_status":"open","template":"","meta":{"footnotes":""},"class_list":["post-1570","page","type-page","status-publish","hentry"],"yoast_head":"<!-- This site is optimized with the Yoast SEO plugin v27.3 - https:\/\/yoast.com\/product\/yoast-seo-wordpress\/ -->\n<title>About the UN - Institute of the Blessed Virgin Mary \u2013 Loreto<\/title>\n<meta name=\"robots\" content=\"index, follow, max-snippet:-1, max-image-preview:large, max-video-preview:-1\" \/>\n<link rel=\"canonical\" href=\"https:\/\/ibvmunngo.org\/de\/uber-die-vereinten-nationen-2\/\" \/>\n<meta property=\"og:locale\" content=\"de_DE\" \/>\n<meta property=\"og:type\" content=\"article\" \/>\n<meta property=\"og:title\" content=\"About the UN - Institute of the Blessed Virgin Mary \u2013 Loreto\" \/>\n<meta property=\"og:description\" content=\"About the United Nations&nbsp; What the UN does&nbsp; The Sustainable Development Goals Why the UN Matters&nbsp; Teaching the successes and failures of the UN&nbsp; Teaching about the UN in schools&nbsp; Human Rights Education and Advocacy&nbsp; USEFUL VIDEO CLIPS EXPLAINING THE UNITED NATIONS\" \/>\n<meta property=\"og:url\" content=\"https:\/\/ibvmunngo.org\/de\/uber-die-vereinten-nationen-2\/\" \/>\n<meta property=\"og:site_name\" content=\"Institute of the Blessed Virgin Mary \u2013 Loreto\" \/>\n<meta name=\"twitter:card\" content=\"summary_large_image\" \/>\n<script type=\"application\/ld+json\" class=\"yoast-schema-graph\">{\"@context\":\"https:\\\/\\\/schema.org\",\"@graph\":[{\"@type\":\"WebPage\",\"@id\":\"https:\\\/\\\/ibvmunngo.org\\\/about-the-united-nations\\\/\",\"url\":\"https:\\\/\\\/ibvmunngo.org\\\/about-the-united-nations\\\/\",\"name\":\"About the UN - Institute of the Blessed Virgin Mary \u2013 Loreto\",\"isPartOf\":{\"@id\":\"https:\\\/\\\/ibvmunngo.org\\\/es\\\/#website\"},\"datePublished\":\"2017-08-23T18:41:54+00:00\",\"breadcrumb\":{\"@id\":\"https:\\\/\\\/ibvmunngo.org\\\/about-the-united-nations\\\/#breadcrumb\"},\"inLanguage\":\"de\",\"potentialAction\":[{\"@type\":\"ReadAction\",\"target\":[\"https:\\\/\\\/ibvmunngo.org\\\/about-the-united-nations\\\/\"]}]},{\"@type\":\"BreadcrumbList\",\"@id\":\"https:\\\/\\\/ibvmunngo.org\\\/about-the-united-nations\\\/#breadcrumb\",\"itemListElement\":[{\"@type\":\"ListItem\",\"position\":1,\"name\":\"Home\",\"item\":\"https:\\\/\\\/ibvmunngo.org\\\/es\\\/\"},{\"@type\":\"ListItem\",\"position\":2,\"name\":\"About the UN\"}]},{\"@type\":\"WebSite\",\"@id\":\"https:\\\/\\\/ibvmunngo.org\\\/es\\\/#website\",\"url\":\"https:\\\/\\\/ibvmunngo.org\\\/es\\\/\",\"name\":\"Institute of the Blessed Virgin Mary \u2013 Loreto\",\"description\":\"NGO ASSOCIATED WITH ECOSOC AT THE UNITED NATIONS\",\"publisher\":{\"@id\":\"https:\\\/\\\/ibvmunngo.org\\\/es\\\/#organization\"},\"potentialAction\":[{\"@type\":\"SearchAction\",\"target\":{\"@type\":\"EntryPoint\",\"urlTemplate\":\"https:\\\/\\\/ibvmunngo.org\\\/es\\\/?s={search_term_string}\"},\"query-input\":{\"@type\":\"PropertyValueSpecification\",\"valueRequired\":true,\"valueName\":\"search_term_string\"}}],\"inLanguage\":\"de\"},{\"@type\":\"Organization\",\"@id\":\"https:\\\/\\\/ibvmunngo.org\\\/es\\\/#organization\",\"name\":\"Institute of the Blessed Virgin Mary \u2013 Loreto\",\"url\":\"https:\\\/\\\/ibvmunngo.org\\\/es\\\/\",\"logo\":{\"@type\":\"ImageObject\",\"inLanguage\":\"de\",\"@id\":\"https:\\\/\\\/ibvmunngo.org\\\/es\\\/#\\\/schema\\\/logo\\\/image\\\/\",\"url\":\"https:\\\/\\\/ibvmunngo.org\\\/wp-content\\\/uploads\\\/2020\\\/10\\\/Logo_IBVM_UN_1.png\",\"contentUrl\":\"https:\\\/\\\/ibvmunngo.org\\\/wp-content\\\/uploads\\\/2020\\\/10\\\/Logo_IBVM_UN_1.png\",\"width\":200,\"height\":144,\"caption\":\"Institute of the Blessed Virgin Mary \u2013 Loreto\"},\"image\":{\"@id\":\"https:\\\/\\\/ibvmunngo.org\\\/es\\\/#\\\/schema\\\/logo\\\/image\\\/\"}}]}<\/script>\n<!-- \/ Yoast SEO plugin. -->","yoast_head_json":{"title":"\u00dcber die UNO - Institut der Heiligen Jungfrau Maria \u2013 Loreto","robots":{"index":"index","follow":"follow","max-snippet":"max-snippet:-1","max-image-preview":"max-image-preview:large","max-video-preview":"max-video-preview:-1"},"canonical":"https:\/\/ibvmunngo.org\/de\/uber-die-vereinten-nationen-2\/","og_locale":"de_DE","og_type":"article","og_title":"About the UN - Institute of the Blessed Virgin Mary \u2013 Loreto","og_description":"About the United Nations&nbsp; What the UN does&nbsp; The Sustainable Development Goals Why the UN Matters&nbsp; Teaching the successes and failures of the UN&nbsp; Teaching about the UN in schools&nbsp; Human Rights Education and Advocacy&nbsp; USEFUL VIDEO CLIPS EXPLAINING THE UNITED NATIONS","og_url":"https:\/\/ibvmunngo.org\/de\/uber-die-vereinten-nationen-2\/","og_site_name":"Institute of the Blessed Virgin Mary \u2013 Loreto","twitter_card":"summary_large_image","schema":{"@context":"https:\/\/schema.org","@graph":[{"@type":"WebPage","@id":"https:\/\/ibvmunngo.org\/about-the-united-nations\/","url":"https:\/\/ibvmunngo.org\/about-the-united-nations\/","name":"\u00dcber die UNO - Institut der Heiligen Jungfrau Maria \u2013 Loreto","isPartOf":{"@id":"https:\/\/ibvmunngo.org\/es\/#website"},"datePublished":"2017-08-23T18:41:54+00:00","breadcrumb":{"@id":"https:\/\/ibvmunngo.org\/about-the-united-nations\/#breadcrumb"},"inLanguage":"de","potentialAction":[{"@type":"ReadAction","target":["https:\/\/ibvmunngo.org\/about-the-united-nations\/"]}]},{"@type":"BreadcrumbList","@id":"https:\/\/ibvmunngo.org\/about-the-united-nations\/#breadcrumb","itemListElement":[{"@type":"ListItem","position":1,"name":"Home","item":"https:\/\/ibvmunngo.org\/es\/"},{"@type":"ListItem","position":2,"name":"About the UN"}]},{"@type":"WebSite","@id":"https:\/\/ibvmunngo.org\/es\/#website","url":"https:\/\/ibvmunngo.org\/es\/","name":"Institut der Heiligen Jungfrau Maria \u2013 Loreto","description":"MIT ECOSOC BEI DEN VEREINTEN NATIONEN VERBUNDENE NGO","publisher":{"@id":"https:\/\/ibvmunngo.org\/es\/#organization"},"potentialAction":[{"@type":"SearchAction","target":{"@type":"EntryPoint","urlTemplate":"https:\/\/ibvmunngo.org\/es\/?s={search_term_string}"},"query-input":{"@type":"PropertyValueSpecification","valueRequired":true,"valueName":"search_term_string"}}],"inLanguage":"de"},{"@type":"Organization","@id":"https:\/\/ibvmunngo.org\/es\/#organization","name":"Institut der Heiligen Jungfrau Maria \u2013 Loreto","url":"https:\/\/ibvmunngo.org\/es\/","logo":{"@type":"ImageObject","inLanguage":"de","@id":"https:\/\/ibvmunngo.org\/es\/#\/schema\/logo\/image\/","url":"https:\/\/ibvmunngo.org\/wp-content\/uploads\/2020\/10\/Logo_IBVM_UN_1.png","contentUrl":"https:\/\/ibvmunngo.org\/wp-content\/uploads\/2020\/10\/Logo_IBVM_UN_1.png","width":200,"height":144,"caption":"Institute of the Blessed Virgin Mary \u2013 Loreto"},"image":{"@id":"https:\/\/ibvmunngo.org\/es\/#\/schema\/logo\/image\/"}}]}},"_links":{"self":[{"href":"https:\/\/ibvmunngo.org\/de\/wp-json\/wp\/v2\/pages\/1570","targetHints":{"allow":["GET"]}}],"collection":[{"href":"https:\/\/ibvmunngo.org\/de\/wp-json\/wp\/v2\/pages"}],"about":[{"href":"https:\/\/ibvmunngo.org\/de\/wp-json\/wp\/v2\/types\/page"}],"author":[{"embeddable":true,"href":"https:\/\/ibvmunngo.org\/de\/wp-json\/wp\/v2\/users\/11"}],"replies":[{"embeddable":true,"href":"https:\/\/ibvmunngo.org\/de\/wp-json\/wp\/v2\/comments?post=1570"}],"version-history":[{"count":0,"href":"https:\/\/ibvmunngo.org\/de\/wp-json\/wp\/v2\/pages\/1570\/revisions"}],"wp:attachment":[{"href":"https:\/\/ibvmunngo.org\/de\/wp-json\/wp\/v2\/media?parent=1570"}],"curies":[{"name":"wp","href":"https:\/\/api.w.org\/{rel}","templated":true}]}}