{"id":1912,"date":"2019-05-03T19:14:53","date_gmt":"2019-05-03T19:14:53","guid":{"rendered":"http:\/\/ibvmunngo.org\/?page_id=1912"},"modified":"2024-10-27T03:53:15","modified_gmt":"2024-10-27T03:53:15","slug":"leitbild","status":"publish","type":"page","link":"https:\/\/ibvmunngo.org\/de\/um\/leitbild\/","title":{"rendered":"Unsere Aufgabe"},"content":{"rendered":"<div data-elementor-type=\"wp-page\" data-elementor-id=\"1912\" class=\"elementor elementor-1912\" data-elementor-post-type=\"page\">\n\t\t\t\t\t\t<section class=\"elementor-section elementor-top-section elementor-element elementor-element-134ed79 elementor-section-boxed elementor-section-height-default elementor-section-height-default\" data-id=\"134ed79\" data-element_type=\"section\" data-e-type=\"section\">\n\t\t\t\t\t\t<div class=\"elementor-container elementor-column-gap-default\">\n\t\t\t\t\t<div class=\"elementor-column elementor-col-100 elementor-top-column elementor-element elementor-element-07d17db\" data-id=\"07d17db\" data-element_type=\"column\" data-e-type=\"column\">\n\t\t\t<div class=\"elementor-widget-wrap elementor-element-populated\">\n\t\t\t\t\t\t<div class=\"elementor-element elementor-element-64e3a0f elementor-blockquote--skin-quotation elementor-blockquote--align-center elementor-blockquote--button-view-icon-text elementor-blockquote--button-skin-classic elementor-widget elementor-widget-blockquote\" data-id=\"64e3a0f\" data-element_type=\"widget\" data-e-type=\"widget\" data-widget_type=\"blockquote.default\">\n\t\t\t\t<div class=\"elementor-widget-container\">\n\t\t\t\t\t\t\t<blockquote class=\"elementor-blockquote\">\n\t\t\t<p class=\"elementor-blockquote__content\">\n\t\t\t\t<span style=\"white-space: normal\">Das Institut der Allerheiligsten Jungfrau Maria (IBVM) und die Kongregation Jesu (CJ) sind bei den Vereinten Nationen (UN) vertreten, um eine humanere, gerechtere und nachhaltigere Welt zu f\u00f6rdern.<\/span>\t\t\t<\/p>\n\t\t\t\t\t\t\t<div class=\"e-q-footer\">\n\t\t\t\t\t\t\t\t\t\t\t<cite class=\"elementor-blockquote__author\">Leitbild der IBVM\/CJ NGO<\/cite>\n\t\t\t\t\t\t\t\t\t\t\t\t\t\t\t\t<a href=\"https:\/\/twitter.com\/intent\/tweet?text=%3Cspan+style%3D%22caret-color%3A+rgb%28239%2C+154%2C+41%29%3B+color%3A+rgb%28239%2C+154%2C+41%29%3B+white-space%3A+normal%3B%22%3EEl+Instituto+de+la+Sant%C3%ADsima+Virgen+Mar%C3%ADa+%28IBVM%29+y+la+Congregaci%C3%B3n+de+Jes%C3%BAs+%28CJ%29+est%C3%A1n+presentes+en+las+Naciones+Unidas+%28ONU%29+para+promover+un+mundo+m%C3%A1s+humano%2C+justo+y+sostenible.%3C%2Fspan%3E+%E2%80%94+Declaraci%C3%B3n+de+misi%C3%B3n+de+la+ONG+IBVM+%2F+CJ&amp;url=https%3A%2F%2Fibvmunngo.org%2Fes%2Fabout%2Fmission-statement%2F\" class=\"elementor-blockquote__tweet-button\" target=\"_blank\">\n\t\t\t\t\t\t\t\t\t\t\t\t\t\t\t<i aria-hidden=\"true\" class=\"fab fa-twitter\"><\/i>\t\t\t\t\t\t\t\t\t\t\t\t\t\t\t\t\t\t\t\t\t\t\t\t\t\t\t\t\t\t<span class=\"elementor-blockquote__tweet-label\">Tweet<\/span>\n\t\t\t\t\t\t\t\t\t\t\t\t\t<\/a>\n\t\t\t\t\t\t\t\t\t<\/div>\n\t\t\t\t\t<\/blockquote>\n\t\t\t\t\t\t<\/div>\n\t\t\t\t<\/div>\n\t\t\t\t\t<\/div>\n\t\t<\/div>\n\t\t\t\t\t<\/div>\n\t\t<\/section>\n\t\t\t\t<section class=\"elementor-section elementor-top-section elementor-element elementor-element-539b9486 elementor-section-boxed elementor-section-height-default elementor-section-height-default\" data-id=\"539b9486\" data-element_type=\"section\" data-e-type=\"section\">\n\t\t\t\t\t\t<div class=\"elementor-container elementor-column-gap-default\">\n\t\t\t\t\t<div class=\"elementor-column elementor-col-100 elementor-top-column elementor-element elementor-element-7b1ca4e4\" data-id=\"7b1ca4e4\" data-element_type=\"column\" data-e-type=\"column\">\n\t\t\t<div class=\"elementor-widget-wrap elementor-element-populated\">\n\t\t\t\t\t\t<div class=\"elementor-element elementor-element-1a48578 elementor-widget elementor-widget-text-editor\" data-id=\"1a48578\" data-element_type=\"widget\" data-e-type=\"widget\" data-widget_type=\"text-editor.default\">\n\t\t\t\t<div class=\"elementor-widget-container\">\n\t\t\t\t\t\t\t\t\t<h4>Unser Ziel<\/h4><p class=\"p1\">Wir sind eine auf Glauben basierende Organisation, die mit anderen zivilgesellschaftlichen Organisationen (CSOs\/NGOs), UN-Organisationen und Mitgliedstaaten zusammenarbeitet, um Ungerechtigkeiten und ungerechte Strukturen zu bek\u00e4mpfen, indem sie die Erkenntnisse der Menschen einbringen, mit denen wir arbeiten und leben, insbesondere der am st\u00e4rksten marginalisierten , bei der UNO. Unser Fokus liegt haupts\u00e4chlich auf Frauen und M\u00e4dchen im Kontext von sozialer Entwicklung, nachhaltiger Entwicklung und Menschenrechten.<\/p><p class=\"p1\">Die Ziele f\u00fcr nachhaltige Entwicklung (Sustainable Development Goals, SDGs) bieten einen zusammenh\u00e4ngenden Rahmen f\u00fcr unseren Dienst und wir konzentrieren unsere Energie auf Bildung, Bewusstseinsbildung und Interessenvertretung. Besondere Engagementbereiche sind:<\/p><ul><li>Gleichberechtigung<\/li><li>Beseitigung von geschlechtsspezifischer Gewalt<\/li><li>Beseitigung der Armut<\/li><li>Zugang zu hochwertiger Bildung und Gesundheit<\/li><li>Beseitigung des Menschenhandels<\/li><li>Sorge f\u00fcr die Umwelt<\/li><li>Finanzierung der Entwicklung<\/li><\/ul><p class=\"p1\">Verwandelt durch das Evangelium und geleitet von der Vision unserer Gr\u00fcnderin Mary Ward, untermauern die Katholische Soziallehre und unsere Grundwerte Gerechtigkeit, Wahrheit, Freiheit, Aufrichtigkeit und Gl\u00fcck unsere Arbeit.<\/p><h4>Unsere Ziele<\/h4><p class=\"p1\"><span style=\"color: #ff9900;\"><strong>Ziel 1: Um die Interessenvertretung und Zusammenarbeit von IBVM\/CJ bei den Vereinten Nationen durch den ECOSOC- und DGC-Status zu st\u00e4rken und zu verbessern, werden wir:<\/strong><\/span><\/p><p class=\"p1\">1.1. St\u00e4rken Sie unsere Wirkung als Mitglied des ECOSOC, indem Sie die Anliegen und Stimmen der Menschen einbringen, mit denen wir arbeiten und leben, insbesondere der am st\u00e4rksten marginalisierten.<\/p><p class=\"p1\">1.2. Heben Sie die Erfahrung und das Fachwissen vor Ort in unseren vorrangigen Themen hervor.<\/p><p class=\"p1\">1.3. Schaffen Sie M\u00f6glichkeiten, Menschen, insbesondere Frauen und M\u00e4dchen, die direkt betroffen sind, einzuladen und zu holen, um auf UN-Veranstaltungen zu sprechen.<\/p><p class=\"p1\">1.4. Halten Sie Mitgliedschaft in wichtigen NGO-Gruppen, Aussch\u00fcssen und Koalitionen und arbeiten Sie mit anderen CSOs\/NGOs zusammen, um sich f\u00fcr gemeinsame Anliegen und Probleme einzusetzen.<\/p><p class=\"p1\"><span style=\"color: #ff9900;\"><strong>Ziel 2: St\u00e4rkung und Verbesserung der Interessenvertretung und des Engagements des IBVM\/CJ-Netzwerks mit\u00a0<\/strong><strong>UN-Prozesse werden wir:<\/strong><\/span><\/p><p class=\"p2\">2.1 Zusammenarbeit mit UN-Vertretern der Provinz und anderen Netzwerken, um Mitglieder f\u00fcr die Teilnahme an UN-Prozessen, Konferenzen, Kommissionen und \u00e4hnlichen Aktivit\u00e4ten zu gewinnen.<\/p><p class=\"p2\">2.2 Laden Sie die Netzwerkmitglieder ein, Fachwissen, Feedback und Erfahrungen vor Ort zu Fragen von globaler Bedeutung und der nationalen Umsetzung von UN-Vertr\u00e4gen, -Protokollen und -Abkommen bereitzustellen.<\/p><p class=\"p2\">2.3 Einladen und Ermutigen von Immersionserfahrungen f\u00fcr IBVM\/CJ-Mitglieder und Kollegen.<\/p><p class=\"p2\">2.4 Die Provinzleitung einbeziehen, um die Unterst\u00fctzungsstrukturen auf Provinz-\/Regionsebene zu st\u00e4rken und zu verbessern.<\/p><p class=\"p2\">2.5 Ermutigen und bieten Sie M\u00f6glichkeiten f\u00fcr das Jugendnetzwerk, sich an UN-Prozessen und -Veranstaltungen zu beteiligen.<\/p><p class=\"p1\"><span style=\"color: #ff9900;\"><strong>Ziel 3: Das IBVM\/CJ-Netzwerk animieren, das Nachhaltige zu f\u00f6rdern und zu bef\u00fcrworten <\/strong><strong>Entwicklungsziele (SDGs) und Menschenrechte (HRs) werden wir:<\/strong><\/span><\/p><p class=\"p2\"><span class=\"s1\">3.1 <\/span>Ermutigen Sie die globalen IBVM\/CJ-Netzwerke \u00e4hnlicher Ministerien und Interessen zur Partnerschaft und Zusammenarbeit.<\/p><p class=\"p2\"><span class=\"s1\">3.2 <\/span>F\u00f6rdern Sie Sensibilisierungsaktivit\u00e4ten und das Eintreten f\u00fcr SDGs und HR-Themen durch Mitglieder und Mitarbeiter innerhalb des Netzwerks.<\/p><p class=\"p2\"><span class=\"s1\">3.3 <\/span>Trainieren, ermutigen und unterst\u00fctzen Sie das Netzwerk, um sich lokal, national und global einzusetzen.<\/p><p class=\"p2\"><span class=\"s1\">3.4 <\/span>Aufbau von Verbindungen und Partnerschaften mit den B\u00fcros von Mary Ward JPIC und Mary Ward International zu identifizierten gemeinsamen Zielen im Zusammenhang mit SDGs und HRs.<\/p><p class=\"p1\"><span style=\"color: #ff9900;\"><strong>Ziel 4: Um mit dem IBVM\/CJ-Netzwerk \u00fcber die Arbeit von IBVM\/CJ UN-NGOs zu kommunizieren, <\/strong><strong>Wille:<\/strong><\/span><\/p><p class=\"p2\">4.1. Erstellen und verteilen Sie UN-Updates, um IBVM\/CJ-Gemeinschaften und das globale Netzwerk \u00fcber die Arbeit der UN und den Beitrag des Netzwerks aufzukl\u00e4ren.<\/p><p class=\"p2\">4.2. Teilen Sie relevante UN-Informationen strategisch mit dem Netzwerk.<\/p><p class=\"p2\">4.3. Verbessern Sie ein optimiertes Multi-Kommunikationssystem, um alle Interessengruppen innerhalb des breiteren IBVM\/CJ-Netzwerks in die UN-Prozesse und -Aktivit\u00e4ten einzubeziehen.<\/p><p class=\"p2\">4.4. Ermutigen Sie Mitglieder und Mitarbeiter, verschiedene Kommunikationsplattformen zu nutzen, um aufzukl\u00e4ren, das Bewusstsein zu sch\u00e4rfen und sich in den L\u00e4ndern einzusetzen.<\/p><p class=\"p2\"><span class=\"s1\">4.5. <\/span>Organisieren Sie Webinare zu globalen Themen und UN-Prozessen in Zusammenarbeit mit den UN-Vertretern der Provinz, Mary Ward JPIC und dem breiteren Netzwerk.<\/p>\t\t\t\t\t\t\t\t<\/div>\n\t\t\t\t<\/div>\n\t\t\t\t\t<\/div>\n\t\t<\/div>\n\t\t\t\t\t<\/div>\n\t\t<\/section>\n\t\t\t\t<\/div>","protected":false},"excerpt":{"rendered":"<p>The Institute of the Blessed Virgin Mary (IBVM) and the Congregation of Jesus (CJ) are present at the United Nations (UN) to promote a more humane, just and sustainable world. IBVM\/CJ NGO Mission Statement Tweet Our Purpose We are a faith-based organization working in collaboration with other civil society organizations (CSOs\/NGOs), UN agencies and member [&hellip;]<\/p>\n","protected":false},"author":11,"featured_media":125451,"parent":2720,"menu_order":0,"comment_status":"closed","ping_status":"closed","template":"","meta":{"footnotes":""},"class_list":["post-1912","page","type-page","status-publish","has-post-thumbnail","hentry"],"yoast_head":"<!-- This site is optimized with the Yoast SEO plugin v27.3 - https:\/\/yoast.com\/product\/yoast-seo-wordpress\/ -->\n<title>Our Mission - Institute of the Blessed Virgin Mary \u2013 Loreto<\/title>\n<meta name=\"robots\" content=\"index, follow, max-snippet:-1, max-image-preview:large, max-video-preview:-1\" \/>\n<link rel=\"canonical\" href=\"https:\/\/ibvmunngo.org\/de\/um\/leitbild\/\" \/>\n<meta property=\"og:locale\" content=\"de_DE\" \/>\n<meta property=\"og:type\" content=\"article\" \/>\n<meta property=\"og:title\" content=\"Our Mission - Institute of the Blessed Virgin Mary \u2013 Loreto\" \/>\n<meta property=\"og:description\" content=\"The Institute of the Blessed Virgin Mary (IBVM) and the Congregation of Jesus (CJ) are present at the United Nations (UN) to promote a more humane, just and sustainable world. IBVM\/CJ NGO Mission Statement Tweet Our Purpose We are a faith-based organization working in collaboration with other civil society organizations (CSOs\/NGOs), UN agencies and member [&hellip;]\" \/>\n<meta property=\"og:url\" content=\"https:\/\/ibvmunngo.org\/de\/um\/leitbild\/\" \/>\n<meta property=\"og:site_name\" content=\"Institute of the Blessed Virgin Mary \u2013 Loreto\" \/>\n<meta property=\"article:modified_time\" content=\"2024-10-27T03:53:15+00:00\" \/>\n<meta property=\"og:image\" content=\"https:\/\/ibvmunngo.org\/wp-content\/uploads\/2024\/10\/OurMission.png\" \/>\n\t<meta property=\"og:image:width\" content=\"900\" \/>\n\t<meta property=\"og:image:height\" content=\"400\" \/>\n\t<meta property=\"og:image:type\" content=\"image\/png\" \/>\n<meta name=\"twitter:card\" content=\"summary_large_image\" \/>\n<meta name=\"twitter:label1\" content=\"Gesch\u00e4tzte Lesezeit\" \/>\n\t<meta name=\"twitter:data1\" content=\"3\u00a0Minuten\" \/>\n<script type=\"application\/ld+json\" class=\"yoast-schema-graph\">{\"@context\":\"https:\\\/\\\/schema.org\",\"@graph\":[{\"@type\":\"WebPage\",\"@id\":\"https:\\\/\\\/ibvmunngo.org\\\/about\\\/mission-statement\\\/\",\"url\":\"https:\\\/\\\/ibvmunngo.org\\\/about\\\/mission-statement\\\/\",\"name\":\"Our Mission - Institute of the Blessed Virgin Mary \u2013 Loreto\",\"isPartOf\":{\"@id\":\"https:\\\/\\\/ibvmunngo.org\\\/es\\\/#website\"},\"primaryImageOfPage\":{\"@id\":\"https:\\\/\\\/ibvmunngo.org\\\/about\\\/mission-statement\\\/#primaryimage\"},\"image\":{\"@id\":\"https:\\\/\\\/ibvmunngo.org\\\/about\\\/mission-statement\\\/#primaryimage\"},\"thumbnailUrl\":\"https:\\\/\\\/ibvmunngo.org\\\/wp-content\\\/uploads\\\/2024\\\/10\\\/OurMission.png\",\"datePublished\":\"2019-05-03T19:14:53+00:00\",\"dateModified\":\"2024-10-27T03:53:15+00:00\",\"breadcrumb\":{\"@id\":\"https:\\\/\\\/ibvmunngo.org\\\/about\\\/mission-statement\\\/#breadcrumb\"},\"inLanguage\":\"de\",\"potentialAction\":[{\"@type\":\"ReadAction\",\"target\":[\"https:\\\/\\\/ibvmunngo.org\\\/about\\\/mission-statement\\\/\"]}]},{\"@type\":\"ImageObject\",\"inLanguage\":\"de\",\"@id\":\"https:\\\/\\\/ibvmunngo.org\\\/about\\\/mission-statement\\\/#primaryimage\",\"url\":\"https:\\\/\\\/ibvmunngo.org\\\/wp-content\\\/uploads\\\/2024\\\/10\\\/OurMission.png\",\"contentUrl\":\"https:\\\/\\\/ibvmunngo.org\\\/wp-content\\\/uploads\\\/2024\\\/10\\\/OurMission.png\",\"width\":900,\"height\":400},{\"@type\":\"BreadcrumbList\",\"@id\":\"https:\\\/\\\/ibvmunngo.org\\\/about\\\/mission-statement\\\/#breadcrumb\",\"itemListElement\":[{\"@type\":\"ListItem\",\"position\":1,\"name\":\"Home\",\"item\":\"https:\\\/\\\/ibvmunngo.org\\\/es\\\/\"},{\"@type\":\"ListItem\",\"position\":2,\"name\":\"About us\",\"item\":\"https:\\\/\\\/ibvmunngo.org\\\/about\\\/\"},{\"@type\":\"ListItem\",\"position\":3,\"name\":\"Our Mission\"}]},{\"@type\":\"WebSite\",\"@id\":\"https:\\\/\\\/ibvmunngo.org\\\/es\\\/#website\",\"url\":\"https:\\\/\\\/ibvmunngo.org\\\/es\\\/\",\"name\":\"Institute of the Blessed Virgin Mary \u2013 Loreto\",\"description\":\"NGO ASSOCIATED WITH ECOSOC AT THE UNITED NATIONS\",\"publisher\":{\"@id\":\"https:\\\/\\\/ibvmunngo.org\\\/es\\\/#organization\"},\"potentialAction\":[{\"@type\":\"SearchAction\",\"target\":{\"@type\":\"EntryPoint\",\"urlTemplate\":\"https:\\\/\\\/ibvmunngo.org\\\/es\\\/?s={search_term_string}\"},\"query-input\":{\"@type\":\"PropertyValueSpecification\",\"valueRequired\":true,\"valueName\":\"search_term_string\"}}],\"inLanguage\":\"de\"},{\"@type\":\"Organization\",\"@id\":\"https:\\\/\\\/ibvmunngo.org\\\/es\\\/#organization\",\"name\":\"Institute of the Blessed Virgin Mary \u2013 Loreto\",\"url\":\"https:\\\/\\\/ibvmunngo.org\\\/es\\\/\",\"logo\":{\"@type\":\"ImageObject\",\"inLanguage\":\"de\",\"@id\":\"https:\\\/\\\/ibvmunngo.org\\\/es\\\/#\\\/schema\\\/logo\\\/image\\\/\",\"url\":\"https:\\\/\\\/ibvmunngo.org\\\/wp-content\\\/uploads\\\/2020\\\/10\\\/Logo_IBVM_UN_1.png\",\"contentUrl\":\"https:\\\/\\\/ibvmunngo.org\\\/wp-content\\\/uploads\\\/2020\\\/10\\\/Logo_IBVM_UN_1.png\",\"width\":200,\"height\":144,\"caption\":\"Institute of the Blessed Virgin Mary \u2013 Loreto\"},\"image\":{\"@id\":\"https:\\\/\\\/ibvmunngo.org\\\/es\\\/#\\\/schema\\\/logo\\\/image\\\/\"}}]}<\/script>\n<!-- \/ Yoast SEO plugin. -->","yoast_head_json":{"title":"Unsere Mission \u2013 Institut der Heiligen Jungfrau Maria \u2013 Loreto","robots":{"index":"index","follow":"follow","max-snippet":"max-snippet:-1","max-image-preview":"max-image-preview:large","max-video-preview":"max-video-preview:-1"},"canonical":"https:\/\/ibvmunngo.org\/de\/um\/leitbild\/","og_locale":"de_DE","og_type":"article","og_title":"Our Mission - Institute of the Blessed Virgin Mary \u2013 Loreto","og_description":"The Institute of the Blessed Virgin Mary (IBVM) and the Congregation of Jesus (CJ) are present at the United Nations (UN) to promote a more humane, just and sustainable world. IBVM\/CJ NGO Mission Statement Tweet Our Purpose We are a faith-based organization working in collaboration with other civil society organizations (CSOs\/NGOs), UN agencies and member [&hellip;]","og_url":"https:\/\/ibvmunngo.org\/de\/um\/leitbild\/","og_site_name":"Institute of the Blessed Virgin Mary \u2013 Loreto","article_modified_time":"2024-10-27T03:53:15+00:00","og_image":[{"width":900,"height":400,"url":"https:\/\/ibvmunngo.org\/wp-content\/uploads\/2024\/10\/OurMission.png","type":"image\/png"}],"twitter_card":"summary_large_image","twitter_misc":{"Gesch\u00e4tzte Lesezeit":"3\u00a0Minuten"},"schema":{"@context":"https:\/\/schema.org","@graph":[{"@type":"WebPage","@id":"https:\/\/ibvmunngo.org\/about\/mission-statement\/","url":"https:\/\/ibvmunngo.org\/about\/mission-statement\/","name":"Unsere Mission \u2013 Institut der Heiligen Jungfrau Maria \u2013 Loreto","isPartOf":{"@id":"https:\/\/ibvmunngo.org\/es\/#website"},"primaryImageOfPage":{"@id":"https:\/\/ibvmunngo.org\/about\/mission-statement\/#primaryimage"},"image":{"@id":"https:\/\/ibvmunngo.org\/about\/mission-statement\/#primaryimage"},"thumbnailUrl":"https:\/\/ibvmunngo.org\/wp-content\/uploads\/2024\/10\/OurMission.png","datePublished":"2019-05-03T19:14:53+00:00","dateModified":"2024-10-27T03:53:15+00:00","breadcrumb":{"@id":"https:\/\/ibvmunngo.org\/about\/mission-statement\/#breadcrumb"},"inLanguage":"de","potentialAction":[{"@type":"ReadAction","target":["https:\/\/ibvmunngo.org\/about\/mission-statement\/"]}]},{"@type":"ImageObject","inLanguage":"de","@id":"https:\/\/ibvmunngo.org\/about\/mission-statement\/#primaryimage","url":"https:\/\/ibvmunngo.org\/wp-content\/uploads\/2024\/10\/OurMission.png","contentUrl":"https:\/\/ibvmunngo.org\/wp-content\/uploads\/2024\/10\/OurMission.png","width":900,"height":400},{"@type":"BreadcrumbList","@id":"https:\/\/ibvmunngo.org\/about\/mission-statement\/#breadcrumb","itemListElement":[{"@type":"ListItem","position":1,"name":"Home","item":"https:\/\/ibvmunngo.org\/es\/"},{"@type":"ListItem","position":2,"name":"About us","item":"https:\/\/ibvmunngo.org\/about\/"},{"@type":"ListItem","position":3,"name":"Our Mission"}]},{"@type":"WebSite","@id":"https:\/\/ibvmunngo.org\/es\/#website","url":"https:\/\/ibvmunngo.org\/es\/","name":"Institut der Heiligen Jungfrau Maria \u2013 Loreto","description":"MIT ECOSOC BEI DEN VEREINTEN NATIONEN VERBUNDENE NGO","publisher":{"@id":"https:\/\/ibvmunngo.org\/es\/#organization"},"potentialAction":[{"@type":"SearchAction","target":{"@type":"EntryPoint","urlTemplate":"https:\/\/ibvmunngo.org\/es\/?s={search_term_string}"},"query-input":{"@type":"PropertyValueSpecification","valueRequired":true,"valueName":"search_term_string"}}],"inLanguage":"de"},{"@type":"Organization","@id":"https:\/\/ibvmunngo.org\/es\/#organization","name":"Institut der Heiligen Jungfrau Maria \u2013 Loreto","url":"https:\/\/ibvmunngo.org\/es\/","logo":{"@type":"ImageObject","inLanguage":"de","@id":"https:\/\/ibvmunngo.org\/es\/#\/schema\/logo\/image\/","url":"https:\/\/ibvmunngo.org\/wp-content\/uploads\/2020\/10\/Logo_IBVM_UN_1.png","contentUrl":"https:\/\/ibvmunngo.org\/wp-content\/uploads\/2020\/10\/Logo_IBVM_UN_1.png","width":200,"height":144,"caption":"Institute of the Blessed Virgin Mary \u2013 Loreto"},"image":{"@id":"https:\/\/ibvmunngo.org\/es\/#\/schema\/logo\/image\/"}}]}},"_links":{"self":[{"href":"https:\/\/ibvmunngo.org\/de\/wp-json\/wp\/v2\/pages\/1912","targetHints":{"allow":["GET"]}}],"collection":[{"href":"https:\/\/ibvmunngo.org\/de\/wp-json\/wp\/v2\/pages"}],"about":[{"href":"https:\/\/ibvmunngo.org\/de\/wp-json\/wp\/v2\/types\/page"}],"author":[{"embeddable":true,"href":"https:\/\/ibvmunngo.org\/de\/wp-json\/wp\/v2\/users\/11"}],"replies":[{"embeddable":true,"href":"https:\/\/ibvmunngo.org\/de\/wp-json\/wp\/v2\/comments?post=1912"}],"version-history":[{"count":1,"href":"https:\/\/ibvmunngo.org\/de\/wp-json\/wp\/v2\/pages\/1912\/revisions"}],"predecessor-version":[{"id":125452,"href":"https:\/\/ibvmunngo.org\/de\/wp-json\/wp\/v2\/pages\/1912\/revisions\/125452"}],"up":[{"embeddable":true,"href":"https:\/\/ibvmunngo.org\/de\/wp-json\/wp\/v2\/pages\/2720"}],"wp:featuredmedia":[{"embeddable":true,"href":"https:\/\/ibvmunngo.org\/de\/wp-json\/wp\/v2\/media\/125451"}],"wp:attachment":[{"href":"https:\/\/ibvmunngo.org\/de\/wp-json\/wp\/v2\/media?parent=1912"}],"curies":[{"name":"wp","href":"https:\/\/api.w.org\/{rel}","templated":true}]}}