{"id":2033,"date":"2019-05-23T17:29:23","date_gmt":"2019-05-23T17:29:23","guid":{"rendered":"http:\/\/ibvmunngo.org\/?page_id=2033"},"modified":"2021-08-29T07:23:57","modified_gmt":"2021-08-29T07:23:57","slug":"interessenvertretung","status":"publish","type":"page","link":"https:\/\/ibvmunngo.org\/de\/um\/interessenvertretung\/","title":{"rendered":"Interessenvertretung"},"content":{"rendered":"<div data-elementor-type=\"wp-page\" data-elementor-id=\"2033\" class=\"elementor elementor-2033\" data-elementor-post-type=\"page\">\n\t\t\t\t\t\t<section class=\"elementor-section elementor-top-section elementor-element elementor-element-48bf6611 elementor-section-boxed elementor-section-height-default elementor-section-height-default\" data-id=\"48bf6611\" data-element_type=\"section\" data-e-type=\"section\">\n\t\t\t\t\t\t<div class=\"elementor-container elementor-column-gap-default\">\n\t\t\t\t\t<div class=\"elementor-column elementor-col-100 elementor-top-column elementor-element elementor-element-58b66057\" data-id=\"58b66057\" data-element_type=\"column\" data-e-type=\"column\">\n\t\t\t<div class=\"elementor-widget-wrap elementor-element-populated\">\n\t\t\t\t\t\t<div class=\"elementor-element elementor-element-67a97105 elementor-widget elementor-widget-text-editor\" data-id=\"67a97105\" data-element_type=\"widget\" data-e-type=\"widget\" data-widget_type=\"text-editor.default\">\n\t\t\t\t<div class=\"elementor-widget-container\">\n\t\t\t\t\t\t\t\t\t<p>Mitglieder von IBVM und CJ spielen eine aktive Rolle als Teil der Zivilgesellschaft, die mit den Vereinten Nationen (UN) in New York zusammenarbeitet. Als Mitarbeiter des Department of Global Communications (DGC) und mit Sonderkonsultativstatus f\u00fcr den Wirtschafts- und Sozialrat (ECOSOC) nehmen wir an den Briefings des DGC und des ECOSOC teil und nehmen an den j\u00e4hrlichen Konferenzen und Sitzungen teil. Wir f\u00fchren Workshops und Veranstaltungen w\u00e4hrend der j\u00e4hrlichen DGC- und ECOSOC-Konferenzen durch, bei denen wir Mitglieder, Kollegen und Personen mit Erfahrung und Fachwissen in bestimmten Bereichen der sozialen und nachhaltigen Entwicklung zusammenbringen. Ebenso tragen die Stimme und die Erfahrung von Menschen in Randsituationen zu unserer Arbeit f\u00fcr eine gerechte und nachhaltige Welt bei.<\/p><p>Unsere Arbeit bei den Vereinten Nationen ist effektiver, wenn sie von den Erfahrungen der Menschen vor Ort gepr\u00e4gt ist. Die <strong>UN-Vertreter der IBVM\/CJ-Provinz<\/strong> fungieren als Ansprechpartner f\u00fcr ihre Provinzen und stellen wichtige Kommunikationsverbindungen zwischen den Repr\u00e4sentanten in New York und dem gesamten IBVM\/CJ-Netzwerk her.<\/p><p>Zusammen mit dem <strong>IBVM\/CJ-Netzwerk zur Bek\u00e4mpfung des Menschenhandels<\/strong>, <strong>Lateinamerikanisches und karibisches Netzwerk (LAC)<\/strong> und <strong>Globales B\u00fcrgernetzwerk<\/strong>, informieren sie die Advocacy-Arbeit der NGO IBVM bei den Vereinten Nationen. Diese Netzwerke bestehen aus IBVM\/CJ-Mitgliedern und Kollegen, die: vor Ort arbeiten, um den Menschenhandel auszurotten, \u00dcberlebende dieses Verbrechens zu unterst\u00fctzen, in LAC zu leben und zu dienen und an unseren Schulen in \u00fcber 40 L\u00e4ndern zu unterrichten.<\/p><p><span style=\"font-family: var( --e-global-typography-text-font-family ), 'Artegra Sans', Sans-serif; font-size: 1rem; text-align: justify;\">Lesen Sie mehr \u00fcber die Geschichte des IBVM, seiner Vertreter und den Einfluss, den sie 10 Jahre lang bei den Vereinten Nationen ausge\u00fcbt haben<\/span><a style=\"font-family: var( --e-global-typography-text-font-family ), 'Artegra Sans', Sans-serif; font-size: 1rem; text-align: justify;\" href=\"https:\/\/ibvmunngo.org\/wp-content\/uploads\/2021\/08\/IBVM-NGO-Ten-Years-at-the-United-Nations.pdf\">\u00a0Hier<\/a><span style=\"font-family: var( --e-global-typography-text-font-family ), 'Artegra Sans', Sans-serif; font-size: 1rem; text-align: justify;\">.<\/span><\/p>\t\t\t\t\t\t\t\t<\/div>\n\t\t\t\t<\/div>\n\t\t\t\t\t<\/div>\n\t\t<\/div>\n\t\t\t\t\t<\/div>\n\t\t<\/section>\n\t\t\t\t<section class=\"elementor-section elementor-top-section elementor-element elementor-element-fae1ef9 elementor-section-boxed elementor-section-height-default elementor-section-height-default\" data-id=\"fae1ef9\" data-element_type=\"section\" data-e-type=\"section\">\n\t\t\t\t\t\t<div class=\"elementor-container elementor-column-gap-default\">\n\t\t\t\t\t<div class=\"elementor-column elementor-col-100 elementor-top-column elementor-element elementor-element-b40b07c\" data-id=\"b40b07c\" data-element_type=\"column\" data-e-type=\"column\">\n\t\t\t<div class=\"elementor-widget-wrap elementor-element-populated\">\n\t\t\t\t\t\t<div class=\"elementor-element elementor-element-205dc71 elementor-widget elementor-widget-text-editor\" data-id=\"205dc71\" data-element_type=\"widget\" data-e-type=\"widget\" data-widget_type=\"text-editor.default\">\n\t\t\t\t<div class=\"elementor-widget-container\">\n\t\t\t\t\t\t\t\t\t<h3>Machen Sie mit!<\/h3><p>Erfahren Sie mehr \u00fcber unsere aktuellen IBVM\/CJ UN-Kampagnen <a href=\"https:\/\/ibvmunngo.org\/de\/news-information\/campaign-alerts\/ibvm-cj-un-kampagnen\/\" target=\"_blank\" rel=\"noopener\">Hier<\/a>.<\/p><p>Erfahren Sie mehr \u00fcber die UN-Kampagnen <a href=\"https:\/\/ibvmunngo.org\/de\/news-information\/campaign-alerts\/un-kampagnen\/\" target=\"_blank\" rel=\"noopener\">Hier<\/a>.<\/p><p><em>Feature Image: Christina Zha (Mary Ward Centre Toronto) und Genevieve Pinnington (ehemalige Praktikantin im UN-NGO-B\u00fcro).<\/em><\/p>\t\t\t\t\t\t\t\t<\/div>\n\t\t\t\t<\/div>\n\t\t\t\t\t<\/div>\n\t\t<\/div>\n\t\t\t\t\t<\/div>\n\t\t<\/section>\n\t\t\t\t<\/div>","protected":false},"excerpt":{"rendered":"<p>Members of the IBVM and CJ play an active role as part of Civil Society working with the United Nations (UN) in New York. As associates of the Department of Global Communications (DGC) and having a Special Consultative Status to the Economic and Social Council (ECOSOC) we attend the Briefings held by the DGC and [&hellip;]<\/p>\n","protected":false},"author":11,"featured_media":4898,"parent":2720,"menu_order":0,"comment_status":"closed","ping_status":"closed","template":"","meta":{"footnotes":""},"class_list":["post-2033","page","type-page","status-publish","has-post-thumbnail","hentry"],"yoast_head":"<!-- This site is optimized with the Yoast SEO plugin v27.3 - https:\/\/yoast.com\/product\/yoast-seo-wordpress\/ -->\n<title>Advocacy - Institute of the Blessed Virgin Mary \u2013 Loreto<\/title>\n<meta name=\"robots\" content=\"index, follow, max-snippet:-1, max-image-preview:large, max-video-preview:-1\" \/>\n<link rel=\"canonical\" href=\"https:\/\/ibvmunngo.org\/de\/um\/interessenvertretung\/\" \/>\n<meta property=\"og:locale\" content=\"de_DE\" \/>\n<meta property=\"og:type\" content=\"article\" \/>\n<meta property=\"og:title\" content=\"Advocacy - Institute of the Blessed Virgin Mary \u2013 Loreto\" \/>\n<meta property=\"og:description\" content=\"Members of the IBVM and CJ play an active role as part of Civil Society working with the United Nations (UN) in New York. As associates of the Department of Global Communications (DGC) and having a Special Consultative Status to the Economic and Social Council (ECOSOC) we attend the Briefings held by the DGC and [&hellip;]\" \/>\n<meta property=\"og:url\" content=\"https:\/\/ibvmunngo.org\/de\/um\/interessenvertretung\/\" \/>\n<meta property=\"og:site_name\" content=\"Institute of the Blessed Virgin Mary \u2013 Loreto\" \/>\n<meta property=\"article:modified_time\" content=\"2021-08-29T07:23:57+00:00\" \/>\n<meta property=\"og:image\" content=\"https:\/\/ibvmunngo.org\/wp-content\/uploads\/2020\/12\/Advocacy.jpg\" \/>\n\t<meta property=\"og:image:width\" content=\"900\" \/>\n\t<meta property=\"og:image:height\" content=\"400\" \/>\n\t<meta property=\"og:image:type\" content=\"image\/jpeg\" \/>\n<meta name=\"twitter:card\" content=\"summary_large_image\" \/>\n<meta name=\"twitter:label1\" content=\"Gesch\u00e4tzte Lesezeit\" \/>\n\t<meta name=\"twitter:data1\" content=\"1\u00a0Minute\" \/>\n<script type=\"application\/ld+json\" class=\"yoast-schema-graph\">{\"@context\":\"https:\\\/\\\/schema.org\",\"@graph\":[{\"@type\":\"WebPage\",\"@id\":\"https:\\\/\\\/ibvmunngo.org\\\/about\\\/advocacy\\\/\",\"url\":\"https:\\\/\\\/ibvmunngo.org\\\/about\\\/advocacy\\\/\",\"name\":\"Advocacy - Institute of the Blessed Virgin Mary \u2013 Loreto\",\"isPartOf\":{\"@id\":\"https:\\\/\\\/ibvmunngo.org\\\/es\\\/#website\"},\"primaryImageOfPage\":{\"@id\":\"https:\\\/\\\/ibvmunngo.org\\\/about\\\/advocacy\\\/#primaryimage\"},\"image\":{\"@id\":\"https:\\\/\\\/ibvmunngo.org\\\/about\\\/advocacy\\\/#primaryimage\"},\"thumbnailUrl\":\"https:\\\/\\\/ibvmunngo.org\\\/wp-content\\\/uploads\\\/2020\\\/12\\\/Advocacy.jpg\",\"datePublished\":\"2019-05-23T17:29:23+00:00\",\"dateModified\":\"2021-08-29T07:23:57+00:00\",\"breadcrumb\":{\"@id\":\"https:\\\/\\\/ibvmunngo.org\\\/about\\\/advocacy\\\/#breadcrumb\"},\"inLanguage\":\"de\",\"potentialAction\":[{\"@type\":\"ReadAction\",\"target\":[\"https:\\\/\\\/ibvmunngo.org\\\/about\\\/advocacy\\\/\"]}]},{\"@type\":\"ImageObject\",\"inLanguage\":\"de\",\"@id\":\"https:\\\/\\\/ibvmunngo.org\\\/about\\\/advocacy\\\/#primaryimage\",\"url\":\"https:\\\/\\\/ibvmunngo.org\\\/wp-content\\\/uploads\\\/2020\\\/12\\\/Advocacy.jpg\",\"contentUrl\":\"https:\\\/\\\/ibvmunngo.org\\\/wp-content\\\/uploads\\\/2020\\\/12\\\/Advocacy.jpg\",\"width\":900,\"height\":400},{\"@type\":\"BreadcrumbList\",\"@id\":\"https:\\\/\\\/ibvmunngo.org\\\/about\\\/advocacy\\\/#breadcrumb\",\"itemListElement\":[{\"@type\":\"ListItem\",\"position\":1,\"name\":\"Home\",\"item\":\"https:\\\/\\\/ibvmunngo.org\\\/es\\\/\"},{\"@type\":\"ListItem\",\"position\":2,\"name\":\"About us\",\"item\":\"https:\\\/\\\/ibvmunngo.org\\\/about\\\/\"},{\"@type\":\"ListItem\",\"position\":3,\"name\":\"Advocacy\"}]},{\"@type\":\"WebSite\",\"@id\":\"https:\\\/\\\/ibvmunngo.org\\\/es\\\/#website\",\"url\":\"https:\\\/\\\/ibvmunngo.org\\\/es\\\/\",\"name\":\"Institute of the Blessed Virgin Mary \u2013 Loreto\",\"description\":\"NGO ASSOCIATED WITH ECOSOC AT THE UNITED NATIONS\",\"publisher\":{\"@id\":\"https:\\\/\\\/ibvmunngo.org\\\/es\\\/#organization\"},\"potentialAction\":[{\"@type\":\"SearchAction\",\"target\":{\"@type\":\"EntryPoint\",\"urlTemplate\":\"https:\\\/\\\/ibvmunngo.org\\\/es\\\/?s={search_term_string}\"},\"query-input\":{\"@type\":\"PropertyValueSpecification\",\"valueRequired\":true,\"valueName\":\"search_term_string\"}}],\"inLanguage\":\"de\"},{\"@type\":\"Organization\",\"@id\":\"https:\\\/\\\/ibvmunngo.org\\\/es\\\/#organization\",\"name\":\"Institute of the Blessed Virgin Mary \u2013 Loreto\",\"url\":\"https:\\\/\\\/ibvmunngo.org\\\/es\\\/\",\"logo\":{\"@type\":\"ImageObject\",\"inLanguage\":\"de\",\"@id\":\"https:\\\/\\\/ibvmunngo.org\\\/es\\\/#\\\/schema\\\/logo\\\/image\\\/\",\"url\":\"https:\\\/\\\/ibvmunngo.org\\\/wp-content\\\/uploads\\\/2020\\\/10\\\/Logo_IBVM_UN_1.png\",\"contentUrl\":\"https:\\\/\\\/ibvmunngo.org\\\/wp-content\\\/uploads\\\/2020\\\/10\\\/Logo_IBVM_UN_1.png\",\"width\":200,\"height\":144,\"caption\":\"Institute of the Blessed Virgin Mary \u2013 Loreto\"},\"image\":{\"@id\":\"https:\\\/\\\/ibvmunngo.org\\\/es\\\/#\\\/schema\\\/logo\\\/image\\\/\"}}]}<\/script>\n<!-- \/ Yoast SEO plugin. -->","yoast_head_json":{"title":"Interessenvertretung \u2013 Institut der Heiligen Jungfrau Maria \u2013 Loreto","robots":{"index":"index","follow":"follow","max-snippet":"max-snippet:-1","max-image-preview":"max-image-preview:large","max-video-preview":"max-video-preview:-1"},"canonical":"https:\/\/ibvmunngo.org\/de\/um\/interessenvertretung\/","og_locale":"de_DE","og_type":"article","og_title":"Advocacy - Institute of the Blessed Virgin Mary \u2013 Loreto","og_description":"Members of the IBVM and CJ play an active role as part of Civil Society working with the United Nations (UN) in New York. As associates of the Department of Global Communications (DGC) and having a Special Consultative Status to the Economic and Social Council (ECOSOC) we attend the Briefings held by the DGC and [&hellip;]","og_url":"https:\/\/ibvmunngo.org\/de\/um\/interessenvertretung\/","og_site_name":"Institute of the Blessed Virgin Mary \u2013 Loreto","article_modified_time":"2021-08-29T07:23:57+00:00","og_image":[{"width":900,"height":400,"url":"https:\/\/ibvmunngo.org\/wp-content\/uploads\/2020\/12\/Advocacy.jpg","type":"image\/jpeg"}],"twitter_card":"summary_large_image","twitter_misc":{"Gesch\u00e4tzte Lesezeit":"1\u00a0Minute"},"schema":{"@context":"https:\/\/schema.org","@graph":[{"@type":"WebPage","@id":"https:\/\/ibvmunngo.org\/about\/advocacy\/","url":"https:\/\/ibvmunngo.org\/about\/advocacy\/","name":"Interessenvertretung \u2013 Institut der Heiligen Jungfrau Maria \u2013 Loreto","isPartOf":{"@id":"https:\/\/ibvmunngo.org\/es\/#website"},"primaryImageOfPage":{"@id":"https:\/\/ibvmunngo.org\/about\/advocacy\/#primaryimage"},"image":{"@id":"https:\/\/ibvmunngo.org\/about\/advocacy\/#primaryimage"},"thumbnailUrl":"https:\/\/ibvmunngo.org\/wp-content\/uploads\/2020\/12\/Advocacy.jpg","datePublished":"2019-05-23T17:29:23+00:00","dateModified":"2021-08-29T07:23:57+00:00","breadcrumb":{"@id":"https:\/\/ibvmunngo.org\/about\/advocacy\/#breadcrumb"},"inLanguage":"de","potentialAction":[{"@type":"ReadAction","target":["https:\/\/ibvmunngo.org\/about\/advocacy\/"]}]},{"@type":"ImageObject","inLanguage":"de","@id":"https:\/\/ibvmunngo.org\/about\/advocacy\/#primaryimage","url":"https:\/\/ibvmunngo.org\/wp-content\/uploads\/2020\/12\/Advocacy.jpg","contentUrl":"https:\/\/ibvmunngo.org\/wp-content\/uploads\/2020\/12\/Advocacy.jpg","width":900,"height":400},{"@type":"BreadcrumbList","@id":"https:\/\/ibvmunngo.org\/about\/advocacy\/#breadcrumb","itemListElement":[{"@type":"ListItem","position":1,"name":"Home","item":"https:\/\/ibvmunngo.org\/es\/"},{"@type":"ListItem","position":2,"name":"About us","item":"https:\/\/ibvmunngo.org\/about\/"},{"@type":"ListItem","position":3,"name":"Advocacy"}]},{"@type":"WebSite","@id":"https:\/\/ibvmunngo.org\/es\/#website","url":"https:\/\/ibvmunngo.org\/es\/","name":"Institut der Heiligen Jungfrau Maria \u2013 Loreto","description":"MIT ECOSOC BEI DEN VEREINTEN NATIONEN VERBUNDENE NGO","publisher":{"@id":"https:\/\/ibvmunngo.org\/es\/#organization"},"potentialAction":[{"@type":"SearchAction","target":{"@type":"EntryPoint","urlTemplate":"https:\/\/ibvmunngo.org\/es\/?s={search_term_string}"},"query-input":{"@type":"PropertyValueSpecification","valueRequired":true,"valueName":"search_term_string"}}],"inLanguage":"de"},{"@type":"Organization","@id":"https:\/\/ibvmunngo.org\/es\/#organization","name":"Institut der Heiligen Jungfrau Maria \u2013 Loreto","url":"https:\/\/ibvmunngo.org\/es\/","logo":{"@type":"ImageObject","inLanguage":"de","@id":"https:\/\/ibvmunngo.org\/es\/#\/schema\/logo\/image\/","url":"https:\/\/ibvmunngo.org\/wp-content\/uploads\/2020\/10\/Logo_IBVM_UN_1.png","contentUrl":"https:\/\/ibvmunngo.org\/wp-content\/uploads\/2020\/10\/Logo_IBVM_UN_1.png","width":200,"height":144,"caption":"Institute of the Blessed Virgin Mary \u2013 Loreto"},"image":{"@id":"https:\/\/ibvmunngo.org\/es\/#\/schema\/logo\/image\/"}}]}},"_links":{"self":[{"href":"https:\/\/ibvmunngo.org\/de\/wp-json\/wp\/v2\/pages\/2033","targetHints":{"allow":["GET"]}}],"collection":[{"href":"https:\/\/ibvmunngo.org\/de\/wp-json\/wp\/v2\/pages"}],"about":[{"href":"https:\/\/ibvmunngo.org\/de\/wp-json\/wp\/v2\/types\/page"}],"author":[{"embeddable":true,"href":"https:\/\/ibvmunngo.org\/de\/wp-json\/wp\/v2\/users\/11"}],"replies":[{"embeddable":true,"href":"https:\/\/ibvmunngo.org\/de\/wp-json\/wp\/v2\/comments?post=2033"}],"version-history":[{"count":0,"href":"https:\/\/ibvmunngo.org\/de\/wp-json\/wp\/v2\/pages\/2033\/revisions"}],"up":[{"embeddable":true,"href":"https:\/\/ibvmunngo.org\/de\/wp-json\/wp\/v2\/pages\/2720"}],"wp:featuredmedia":[{"embeddable":true,"href":"https:\/\/ibvmunngo.org\/de\/wp-json\/wp\/v2\/media\/4898"}],"wp:attachment":[{"href":"https:\/\/ibvmunngo.org\/de\/wp-json\/wp\/v2\/media?parent=2033"}],"curies":[{"name":"wp","href":"https:\/\/api.w.org\/{rel}","templated":true}]}}