{"id":2055,"date":"2019-05-23T17:52:07","date_gmt":"2019-05-23T17:52:07","guid":{"rendered":"http:\/\/ibvmunngo.org\/?page_id=2055"},"modified":"2024-10-27T02:02:23","modified_gmt":"2024-10-27T02:02:23","slug":"praktika","status":"publish","type":"page","link":"https:\/\/ibvmunngo.org\/de\/um\/praktika\/","title":{"rendered":"IBVM UN-Praktika"},"content":{"rendered":"<div data-elementor-type=\"wp-page\" data-elementor-id=\"2055\" class=\"elementor elementor-2055\" data-elementor-post-type=\"page\">\n\t\t\t\t\t\t<section class=\"elementor-section elementor-top-section elementor-element elementor-element-fb7afaf elementor-section-boxed elementor-section-height-default elementor-section-height-default\" data-id=\"fb7afaf\" data-element_type=\"section\" data-e-type=\"section\">\n\t\t\t\t\t\t<div class=\"elementor-container elementor-column-gap-default\">\n\t\t\t\t\t<div class=\"elementor-column elementor-col-100 elementor-top-column elementor-element elementor-element-167d881\" data-id=\"167d881\" data-element_type=\"column\" data-e-type=\"column\">\n\t\t\t<div class=\"elementor-widget-wrap elementor-element-populated\">\n\t\t\t\t\t\t<div class=\"elementor-element elementor-element-34f88db9 elementor-widget elementor-widget-text-editor\" data-id=\"34f88db9\" data-element_type=\"widget\" data-e-type=\"widget\" data-widget_type=\"text-editor.default\">\n\t\t\t\t<div class=\"elementor-widget-container\">\n\t\t\t\t\t\t\t\t\t<p>Die NGO IBVM\/CJ bietet seit langem Praktikums- und Freiwilligenm\u00f6glichkeiten f\u00fcr Menschen an, die an einer T\u00e4tigkeit im Bereich der Zivilgesellschaft interessiert sind.<\/p><p><a href=\"\/de\/wie-ist-es-ein-praktikum-bei-den-vereinten-nationen-zu-absolvieren\/\">Wie ist ein Praktikum bei den Vereinten Nationen?<\/a><\/p><p>Sehen Sie sich an, wie unsere Praktikanten\/Freiwilligen \u00fcber ihre Erfahrungen bei der Zusammenarbeit mit uns bei den Vereinten Nationen sprechen.<\/p><p>Lauren Grant erz\u00e4hlt, wie ihr Tag beim High Level Political Forum aussieht. Sehen Sie sich ihr Video an <a href=\"https:\/\/youtu.be\/2P8ctBysJog?si=D2l7MLZ3hV1mWvxD\">Hier<\/a>.\u00a0<\/p><p>Betrachten <strong><a href=\"https:\/\/www.youtube.com\/watch?v=9QSs0r2zaw0\" target=\"_blank\" rel=\"noopener\">Hier<\/a><\/strong> f\u00fcr einen Einblick in die Praktikumserfahrung. Aggy ist eine ehemalige Praktikantin bei der IBVM\/CJ NGO bei den Vereinten Nationen (UN). In diesem Video beantwortet sie Fragen zu ihrer Teilnahme an der Sommerjugendversammlung der Vereinten Nationen in New York.<\/p><p>Die Sperrung der Pandemie f\u00fchrte dazu, dass die meisten Arbeiten und Veranstaltungen bei den Vereinten Nationen online stattfanden. Dies erm\u00f6glichte es unserem NGO-B\u00fcro, Virtual Internship zu testen. Charlotte Jones und Aislinn Healey teilen ihre Erfahrungen als zwei der ersten vier virtuellen Praktikanten von IBVM\/CJ NGOs. Konkret besprechen sie, warum sie sich f\u00fcr das Praktikum engagiert haben, welche Arbeit sie \u00fcbernommen haben und wie sie das virtuelle Praktikum gefunden haben. Beobachte sie <a href=\"https:\/\/www.youtube.com\/watch?v=KuGLUuRNzwo\" target=\"_blank\" rel=\"noopener\"><strong>Hier<\/strong><\/a>.<\/p><p>Wir ermutigen ehemalige und aktuelle Mary Ward-Studenten, dar\u00fcber nachzudenken, wie sie zur Agenda 2030 f\u00fcr nachhaltige Entwicklung beitragen m\u00f6chten. Wenn Sie an einem Praktikum oder einer Freiwilligent\u00e4tigkeit bei der NGO IBVM\/CJ bei den Vereinten Nationen interessiert sind, senden Sie bitte eine E-Mail mit Ihrem Interesse an <a href=\"mailto:unngo@mary-ward.org\">unngo@mary-ward.org<\/a>.<\/p><p><em style=\"font-family: var( --e-global-typography-text-font-family ), 'Artegra Sans', Sans-serif; font-size: 1rem; font-weight: var( --e-global-typography-text-font-weight );\">Titelbild: Lauren Grant und Lucia Mascorella <\/em><em style=\"font-family: var( --e-global-typography-text-font-family ), 'Artegra Sans', Sans-serif; font-size: 1rem; font-weight: var( --e-global-typography-text-font-weight );\">(IBVM\/CJ NGO-Praktikant) nimmt am Menschenrechtsgipfel 2024 teil.<\/em><\/p>\t\t\t\t\t\t\t\t<\/div>\n\t\t\t\t<\/div>\n\t\t\t\t\t<\/div>\n\t\t<\/div>\n\t\t\t\t\t<\/div>\n\t\t<\/section>\n\t\t\t\t<\/div>","protected":false},"excerpt":{"rendered":"<p>The IBVM\/CJ NGO has a great history of offering interning or volunteering opportunities to those who are interested in working in the civil society sphere. What is it like interning at the United Nations? Watch our interns\/volunteers speak about their experience collaborating with us at the United Nations. Lauren Grant shares what her day looks [&hellip;]<\/p>\n","protected":false},"author":11,"featured_media":125423,"parent":2720,"menu_order":0,"comment_status":"closed","ping_status":"closed","template":"","meta":{"footnotes":""},"class_list":["post-2055","page","type-page","status-publish","has-post-thumbnail","hentry"],"yoast_head":"<!-- This site is optimized with the Yoast SEO plugin v27.3 - https:\/\/yoast.com\/product\/yoast-seo-wordpress\/ -->\n<title>IBVM UN Internships - Institute of the Blessed Virgin Mary \u2013 Loreto<\/title>\n<meta name=\"robots\" content=\"index, follow, max-snippet:-1, max-image-preview:large, max-video-preview:-1\" \/>\n<link rel=\"canonical\" href=\"https:\/\/ibvmunngo.org\/de\/um\/praktika\/\" \/>\n<meta property=\"og:locale\" content=\"de_DE\" \/>\n<meta property=\"og:type\" content=\"article\" \/>\n<meta property=\"og:title\" content=\"IBVM UN Internships - Institute of the Blessed Virgin Mary \u2013 Loreto\" \/>\n<meta property=\"og:description\" content=\"The IBVM\/CJ NGO has a great history of offering interning or volunteering opportunities to those who are interested in working in the civil society sphere. What is it like interning at the United Nations? Watch our interns\/volunteers speak about their experience collaborating with us at the United Nations. Lauren Grant shares what her day looks [&hellip;]\" \/>\n<meta property=\"og:url\" content=\"https:\/\/ibvmunngo.org\/de\/um\/praktika\/\" \/>\n<meta property=\"og:site_name\" content=\"Institute of the Blessed Virgin Mary \u2013 Loreto\" \/>\n<meta property=\"article:modified_time\" content=\"2024-10-27T02:02:23+00:00\" \/>\n<meta property=\"og:image\" content=\"https:\/\/ibvmunngo.org\/wp-content\/uploads\/2024\/10\/Website-Front-Page-2.png\" \/>\n\t<meta property=\"og:image:width\" content=\"900\" \/>\n\t<meta property=\"og:image:height\" content=\"400\" \/>\n\t<meta property=\"og:image:type\" content=\"image\/png\" \/>\n<meta name=\"twitter:card\" content=\"summary_large_image\" \/>\n<meta name=\"twitter:label1\" content=\"Gesch\u00e4tzte Lesezeit\" \/>\n\t<meta name=\"twitter:data1\" content=\"2\u00a0Minuten\" \/>\n<script type=\"application\/ld+json\" class=\"yoast-schema-graph\">{\"@context\":\"https:\\\/\\\/schema.org\",\"@graph\":[{\"@type\":\"WebPage\",\"@id\":\"https:\\\/\\\/ibvmunngo.org\\\/about\\\/internships\\\/\",\"url\":\"https:\\\/\\\/ibvmunngo.org\\\/about\\\/internships\\\/\",\"name\":\"IBVM UN Internships - Institute of the Blessed Virgin Mary \u2013 Loreto\",\"isPartOf\":{\"@id\":\"https:\\\/\\\/ibvmunngo.org\\\/es\\\/#website\"},\"primaryImageOfPage\":{\"@id\":\"https:\\\/\\\/ibvmunngo.org\\\/about\\\/internships\\\/#primaryimage\"},\"image\":{\"@id\":\"https:\\\/\\\/ibvmunngo.org\\\/about\\\/internships\\\/#primaryimage\"},\"thumbnailUrl\":\"https:\\\/\\\/ibvmunngo.org\\\/wp-content\\\/uploads\\\/2024\\\/10\\\/Website-Front-Page-2.png\",\"datePublished\":\"2019-05-23T17:52:07+00:00\",\"dateModified\":\"2024-10-27T02:02:23+00:00\",\"breadcrumb\":{\"@id\":\"https:\\\/\\\/ibvmunngo.org\\\/about\\\/internships\\\/#breadcrumb\"},\"inLanguage\":\"de\",\"potentialAction\":[{\"@type\":\"ReadAction\",\"target\":[\"https:\\\/\\\/ibvmunngo.org\\\/about\\\/internships\\\/\"]}]},{\"@type\":\"ImageObject\",\"inLanguage\":\"de\",\"@id\":\"https:\\\/\\\/ibvmunngo.org\\\/about\\\/internships\\\/#primaryimage\",\"url\":\"https:\\\/\\\/ibvmunngo.org\\\/wp-content\\\/uploads\\\/2024\\\/10\\\/Website-Front-Page-2.png\",\"contentUrl\":\"https:\\\/\\\/ibvmunngo.org\\\/wp-content\\\/uploads\\\/2024\\\/10\\\/Website-Front-Page-2.png\",\"width\":900,\"height\":400},{\"@type\":\"BreadcrumbList\",\"@id\":\"https:\\\/\\\/ibvmunngo.org\\\/about\\\/internships\\\/#breadcrumb\",\"itemListElement\":[{\"@type\":\"ListItem\",\"position\":1,\"name\":\"Home\",\"item\":\"https:\\\/\\\/ibvmunngo.org\\\/es\\\/\"},{\"@type\":\"ListItem\",\"position\":2,\"name\":\"About us\",\"item\":\"https:\\\/\\\/ibvmunngo.org\\\/about\\\/\"},{\"@type\":\"ListItem\",\"position\":3,\"name\":\"IBVM UN Internships\"}]},{\"@type\":\"WebSite\",\"@id\":\"https:\\\/\\\/ibvmunngo.org\\\/es\\\/#website\",\"url\":\"https:\\\/\\\/ibvmunngo.org\\\/es\\\/\",\"name\":\"Institute of the Blessed Virgin Mary \u2013 Loreto\",\"description\":\"NGO ASSOCIATED WITH ECOSOC AT THE UNITED NATIONS\",\"publisher\":{\"@id\":\"https:\\\/\\\/ibvmunngo.org\\\/es\\\/#organization\"},\"potentialAction\":[{\"@type\":\"SearchAction\",\"target\":{\"@type\":\"EntryPoint\",\"urlTemplate\":\"https:\\\/\\\/ibvmunngo.org\\\/es\\\/?s={search_term_string}\"},\"query-input\":{\"@type\":\"PropertyValueSpecification\",\"valueRequired\":true,\"valueName\":\"search_term_string\"}}],\"inLanguage\":\"de\"},{\"@type\":\"Organization\",\"@id\":\"https:\\\/\\\/ibvmunngo.org\\\/es\\\/#organization\",\"name\":\"Institute of the Blessed Virgin Mary \u2013 Loreto\",\"url\":\"https:\\\/\\\/ibvmunngo.org\\\/es\\\/\",\"logo\":{\"@type\":\"ImageObject\",\"inLanguage\":\"de\",\"@id\":\"https:\\\/\\\/ibvmunngo.org\\\/es\\\/#\\\/schema\\\/logo\\\/image\\\/\",\"url\":\"https:\\\/\\\/ibvmunngo.org\\\/wp-content\\\/uploads\\\/2020\\\/10\\\/Logo_IBVM_UN_1.png\",\"contentUrl\":\"https:\\\/\\\/ibvmunngo.org\\\/wp-content\\\/uploads\\\/2020\\\/10\\\/Logo_IBVM_UN_1.png\",\"width\":200,\"height\":144,\"caption\":\"Institute of the Blessed Virgin Mary \u2013 Loreto\"},\"image\":{\"@id\":\"https:\\\/\\\/ibvmunngo.org\\\/es\\\/#\\\/schema\\\/logo\\\/image\\\/\"}}]}<\/script>\n<!-- \/ Yoast SEO plugin. -->","yoast_head_json":{"title":"IBVM UN-Praktika \u2013 Institut der Heiligen Jungfrau Maria \u2013 Loreto","robots":{"index":"index","follow":"follow","max-snippet":"max-snippet:-1","max-image-preview":"max-image-preview:large","max-video-preview":"max-video-preview:-1"},"canonical":"https:\/\/ibvmunngo.org\/de\/um\/praktika\/","og_locale":"de_DE","og_type":"article","og_title":"IBVM UN Internships - Institute of the Blessed Virgin Mary \u2013 Loreto","og_description":"The IBVM\/CJ NGO has a great history of offering interning or volunteering opportunities to those who are interested in working in the civil society sphere. What is it like interning at the United Nations? Watch our interns\/volunteers speak about their experience collaborating with us at the United Nations. Lauren Grant shares what her day looks [&hellip;]","og_url":"https:\/\/ibvmunngo.org\/de\/um\/praktika\/","og_site_name":"Institute of the Blessed Virgin Mary \u2013 Loreto","article_modified_time":"2024-10-27T02:02:23+00:00","og_image":[{"width":900,"height":400,"url":"https:\/\/ibvmunngo.org\/wp-content\/uploads\/2024\/10\/Website-Front-Page-2.png","type":"image\/png"}],"twitter_card":"summary_large_image","twitter_misc":{"Gesch\u00e4tzte Lesezeit":"2\u00a0Minuten"},"schema":{"@context":"https:\/\/schema.org","@graph":[{"@type":"WebPage","@id":"https:\/\/ibvmunngo.org\/about\/internships\/","url":"https:\/\/ibvmunngo.org\/about\/internships\/","name":"IBVM UN-Praktika \u2013 Institut der Heiligen Jungfrau Maria \u2013 Loreto","isPartOf":{"@id":"https:\/\/ibvmunngo.org\/es\/#website"},"primaryImageOfPage":{"@id":"https:\/\/ibvmunngo.org\/about\/internships\/#primaryimage"},"image":{"@id":"https:\/\/ibvmunngo.org\/about\/internships\/#primaryimage"},"thumbnailUrl":"https:\/\/ibvmunngo.org\/wp-content\/uploads\/2024\/10\/Website-Front-Page-2.png","datePublished":"2019-05-23T17:52:07+00:00","dateModified":"2024-10-27T02:02:23+00:00","breadcrumb":{"@id":"https:\/\/ibvmunngo.org\/about\/internships\/#breadcrumb"},"inLanguage":"de","potentialAction":[{"@type":"ReadAction","target":["https:\/\/ibvmunngo.org\/about\/internships\/"]}]},{"@type":"ImageObject","inLanguage":"de","@id":"https:\/\/ibvmunngo.org\/about\/internships\/#primaryimage","url":"https:\/\/ibvmunngo.org\/wp-content\/uploads\/2024\/10\/Website-Front-Page-2.png","contentUrl":"https:\/\/ibvmunngo.org\/wp-content\/uploads\/2024\/10\/Website-Front-Page-2.png","width":900,"height":400},{"@type":"BreadcrumbList","@id":"https:\/\/ibvmunngo.org\/about\/internships\/#breadcrumb","itemListElement":[{"@type":"ListItem","position":1,"name":"Home","item":"https:\/\/ibvmunngo.org\/es\/"},{"@type":"ListItem","position":2,"name":"About us","item":"https:\/\/ibvmunngo.org\/about\/"},{"@type":"ListItem","position":3,"name":"IBVM UN Internships"}]},{"@type":"WebSite","@id":"https:\/\/ibvmunngo.org\/es\/#website","url":"https:\/\/ibvmunngo.org\/es\/","name":"Institut der Heiligen Jungfrau Maria \u2013 Loreto","description":"MIT ECOSOC BEI DEN VEREINTEN NATIONEN VERBUNDENE NGO","publisher":{"@id":"https:\/\/ibvmunngo.org\/es\/#organization"},"potentialAction":[{"@type":"SearchAction","target":{"@type":"EntryPoint","urlTemplate":"https:\/\/ibvmunngo.org\/es\/?s={search_term_string}"},"query-input":{"@type":"PropertyValueSpecification","valueRequired":true,"valueName":"search_term_string"}}],"inLanguage":"de"},{"@type":"Organization","@id":"https:\/\/ibvmunngo.org\/es\/#organization","name":"Institut der Heiligen Jungfrau Maria \u2013 Loreto","url":"https:\/\/ibvmunngo.org\/es\/","logo":{"@type":"ImageObject","inLanguage":"de","@id":"https:\/\/ibvmunngo.org\/es\/#\/schema\/logo\/image\/","url":"https:\/\/ibvmunngo.org\/wp-content\/uploads\/2020\/10\/Logo_IBVM_UN_1.png","contentUrl":"https:\/\/ibvmunngo.org\/wp-content\/uploads\/2020\/10\/Logo_IBVM_UN_1.png","width":200,"height":144,"caption":"Institute of the Blessed Virgin Mary \u2013 Loreto"},"image":{"@id":"https:\/\/ibvmunngo.org\/es\/#\/schema\/logo\/image\/"}}]}},"_links":{"self":[{"href":"https:\/\/ibvmunngo.org\/de\/wp-json\/wp\/v2\/pages\/2055","targetHints":{"allow":["GET"]}}],"collection":[{"href":"https:\/\/ibvmunngo.org\/de\/wp-json\/wp\/v2\/pages"}],"about":[{"href":"https:\/\/ibvmunngo.org\/de\/wp-json\/wp\/v2\/types\/page"}],"author":[{"embeddable":true,"href":"https:\/\/ibvmunngo.org\/de\/wp-json\/wp\/v2\/users\/11"}],"replies":[{"embeddable":true,"href":"https:\/\/ibvmunngo.org\/de\/wp-json\/wp\/v2\/comments?post=2055"}],"version-history":[{"count":5,"href":"https:\/\/ibvmunngo.org\/de\/wp-json\/wp\/v2\/pages\/2055\/revisions"}],"predecessor-version":[{"id":125432,"href":"https:\/\/ibvmunngo.org\/de\/wp-json\/wp\/v2\/pages\/2055\/revisions\/125432"}],"up":[{"embeddable":true,"href":"https:\/\/ibvmunngo.org\/de\/wp-json\/wp\/v2\/pages\/2720"}],"wp:featuredmedia":[{"embeddable":true,"href":"https:\/\/ibvmunngo.org\/de\/wp-json\/wp\/v2\/media\/125423"}],"wp:attachment":[{"href":"https:\/\/ibvmunngo.org\/de\/wp-json\/wp\/v2\/media?parent=2055"}],"curies":[{"name":"wp","href":"https:\/\/api.w.org\/{rel}","templated":true}]}}