{"id":2420,"date":"2019-05-29T15:08:43","date_gmt":"2019-05-29T15:08:43","guid":{"rendered":"http:\/\/ibvmunngo.org\/?page_id=2420"},"modified":"2019-05-29T15:08:43","modified_gmt":"2019-05-29T15:08:43","slug":"probleme","status":"publish","type":"page","link":"https:\/\/ibvmunngo.org\/de\/probleme\/","title":{"rendered":"Probleme"},"content":{"rendered":"<p>\t\t\t\tKlicken Sie auf eine Ausgabe, um die neuesten Artikel, Berichte und Stellungnahmen von IBVM anzuzeigen. Alternativ k\u00f6nnen Sie sich auch unten auf der Seite f\u00fcr unseren Newsletter anmelden und so auf dem Laufenden bleiben.<\/p>\n<ul>\n<li><a href=\"http:\/\/ibvmunngo.org\/de\/etikett\/weltburgerschaft\/\">Weltb\u00fcrgerschaft<\/a><\/li>\n<li><a href=\"http:\/\/ibvmunngo.org\/de\/etikett\/women\/\">Frauen und M\u00e4dchen<\/a><\/li>\n<li><a href=\"http:\/\/ibvmunngo.org\/de\/etikett\/menschenrechte\/\">Menschenrechte<\/a><\/li>\n<li><a href=\"http:\/\/ibvmunngo.org\/de\/etikett\/energie\/\">Nachhaltige Energie<\/a><\/li>\n<li><a href=\"http:\/\/ibvmunngo.org\/de\/etikett\/gesellschaftliche-entwicklung\/\">Gesellschaftliche Entwicklung<\/a><\/li>\n<li><a style=\"font-size: 1.125rem;\" href=\"http:\/\/ibvmunngo.org\/de\/etikett\/finance\/\">Finanzierung f\u00fcr Entwicklung<\/a><\/li>\n<li><a href=\"http:\/\/ibvmunngo.org\/de\/etikett\/hlpf\/\">Hochrangiges politisches Forum<\/a><\/li>\n<li><a style=\"font-size: 1.125rem;\" href=\"http:\/\/ibvmunngo.org\/de\/etikett\/umgebung\/\">Umwelt \/ Klimawandel<\/a><\/li>\n<li><a href=\"http:\/\/ibvmunngo.org\/de\/etikett\/gesundheit\/\">Gesundheit<\/a><\/li>\n<li><a href=\"http:\/\/ibvmunngo.org\/de\/etikett\/menschenhandel\/\"><span style=\"font-size: 1.125rem;\">Menschenhandel<\/span><\/a><\/li>\n<li><a href=\"http:\/\/ibvmunngo.org\/de\/etikett\/bewusstsein\/\">Bewusstseinsbildung<\/a><\/li>\n<\/ul>","protected":false},"excerpt":{"rendered":"<p>Klicken Sie bitte auf ein beliebiges Thema, um die neuesten Artikel, Berichte und Stellungnahmen des IBVM anzuzeigen. Alternativ k\u00f6nnen Sie sich auch f\u00fcr unseren Newsletter unten auf der Seite anmelden und so auf dem Laufenden bleiben. Weltb\u00fcrgerschaft Frauen und M\u00e4dchen Menschenrechte Nachhaltige Energie Soziale Entwicklung Entwicklungsfinanzierung Hochrangiges politisches Forum Umwelt\/Klimawandel Gesundheit Menschenhandel Sensibilisierung<\/p>","protected":false},"author":11,"featured_media":0,"parent":0,"menu_order":0,"comment_status":"closed","ping_status":"closed","template":"","meta":{"footnotes":""},"class_list":["post-2420","page","type-page","status-publish","hentry"],"yoast_head":"<!-- This site is optimized with the Yoast SEO plugin v27.3 - https:\/\/yoast.com\/product\/yoast-seo-wordpress\/ -->\n<title>Issues - Institute of the Blessed Virgin Mary \u2013 Loreto<\/title>\n<meta name=\"robots\" content=\"index, follow, max-snippet:-1, max-image-preview:large, max-video-preview:-1\" \/>\n<link rel=\"canonical\" href=\"https:\/\/ibvmunngo.org\/de\/probleme\/\" \/>\n<meta property=\"og:locale\" content=\"de_DE\" \/>\n<meta property=\"og:type\" content=\"article\" \/>\n<meta property=\"og:title\" content=\"Issues - Institute of the Blessed Virgin Mary \u2013 Loreto\" \/>\n<meta property=\"og:description\" content=\"Please click on any issue to see IBVM&#8217;s latest articles, reports and statements.&nbsp;Alternatively, you can keep updated by subscribing to our newsletter at the bottom of the page. Global Citizenship Women and Girls Human Rights Sustainable Energy Social Development Financing for Development High Level Political Forum Environment \/ Climate Change Health Human Trafficking Awareness Raising\" \/>\n<meta property=\"og:url\" content=\"https:\/\/ibvmunngo.org\/de\/probleme\/\" \/>\n<meta property=\"og:site_name\" content=\"Institute of the Blessed Virgin Mary \u2013 Loreto\" \/>\n<meta name=\"twitter:card\" content=\"summary_large_image\" \/>\n<script type=\"application\/ld+json\" class=\"yoast-schema-graph\">{\"@context\":\"https:\\\/\\\/schema.org\",\"@graph\":[{\"@type\":\"WebPage\",\"@id\":\"https:\\\/\\\/ibvmunngo.org\\\/issues\\\/\",\"url\":\"https:\\\/\\\/ibvmunngo.org\\\/issues\\\/\",\"name\":\"Issues - Institute of the Blessed Virgin Mary \u2013 Loreto\",\"isPartOf\":{\"@id\":\"https:\\\/\\\/ibvmunngo.org\\\/es\\\/#website\"},\"datePublished\":\"2019-05-29T15:08:43+00:00\",\"breadcrumb\":{\"@id\":\"https:\\\/\\\/ibvmunngo.org\\\/issues\\\/#breadcrumb\"},\"inLanguage\":\"de\",\"potentialAction\":[{\"@type\":\"ReadAction\",\"target\":[\"https:\\\/\\\/ibvmunngo.org\\\/issues\\\/\"]}]},{\"@type\":\"BreadcrumbList\",\"@id\":\"https:\\\/\\\/ibvmunngo.org\\\/issues\\\/#breadcrumb\",\"itemListElement\":[{\"@type\":\"ListItem\",\"position\":1,\"name\":\"Home\",\"item\":\"https:\\\/\\\/ibvmunngo.org\\\/es\\\/\"},{\"@type\":\"ListItem\",\"position\":2,\"name\":\"Issues\"}]},{\"@type\":\"WebSite\",\"@id\":\"https:\\\/\\\/ibvmunngo.org\\\/es\\\/#website\",\"url\":\"https:\\\/\\\/ibvmunngo.org\\\/es\\\/\",\"name\":\"Institute of the Blessed Virgin Mary \u2013 Loreto\",\"description\":\"NGO ASSOCIATED WITH ECOSOC AT THE UNITED NATIONS\",\"publisher\":{\"@id\":\"https:\\\/\\\/ibvmunngo.org\\\/es\\\/#organization\"},\"potentialAction\":[{\"@type\":\"SearchAction\",\"target\":{\"@type\":\"EntryPoint\",\"urlTemplate\":\"https:\\\/\\\/ibvmunngo.org\\\/es\\\/?s={search_term_string}\"},\"query-input\":{\"@type\":\"PropertyValueSpecification\",\"valueRequired\":true,\"valueName\":\"search_term_string\"}}],\"inLanguage\":\"de\"},{\"@type\":\"Organization\",\"@id\":\"https:\\\/\\\/ibvmunngo.org\\\/es\\\/#organization\",\"name\":\"Institute of the Blessed Virgin Mary \u2013 Loreto\",\"url\":\"https:\\\/\\\/ibvmunngo.org\\\/es\\\/\",\"logo\":{\"@type\":\"ImageObject\",\"inLanguage\":\"de\",\"@id\":\"https:\\\/\\\/ibvmunngo.org\\\/es\\\/#\\\/schema\\\/logo\\\/image\\\/\",\"url\":\"https:\\\/\\\/ibvmunngo.org\\\/wp-content\\\/uploads\\\/2020\\\/10\\\/Logo_IBVM_UN_1.png\",\"contentUrl\":\"https:\\\/\\\/ibvmunngo.org\\\/wp-content\\\/uploads\\\/2020\\\/10\\\/Logo_IBVM_UN_1.png\",\"width\":200,\"height\":144,\"caption\":\"Institute of the Blessed Virgin Mary \u2013 Loreto\"},\"image\":{\"@id\":\"https:\\\/\\\/ibvmunngo.org\\\/es\\\/#\\\/schema\\\/logo\\\/image\\\/\"}}]}<\/script>\n<!-- \/ Yoast SEO plugin. -->","yoast_head_json":{"title":"Themen - Institut der Heiligen Jungfrau Maria \u2013 Loreto","robots":{"index":"index","follow":"follow","max-snippet":"max-snippet:-1","max-image-preview":"max-image-preview:large","max-video-preview":"max-video-preview:-1"},"canonical":"https:\/\/ibvmunngo.org\/de\/probleme\/","og_locale":"de_DE","og_type":"article","og_title":"Issues - Institute of the Blessed Virgin Mary \u2013 Loreto","og_description":"Please click on any issue to see IBVM&#8217;s latest articles, reports and statements.&nbsp;Alternatively, you can keep updated by subscribing to our newsletter at the bottom of the page. Global Citizenship Women and Girls Human Rights Sustainable Energy Social Development Financing for Development High Level Political Forum Environment \/ Climate Change Health Human Trafficking Awareness Raising","og_url":"https:\/\/ibvmunngo.org\/de\/probleme\/","og_site_name":"Institute of the Blessed Virgin Mary \u2013 Loreto","twitter_card":"summary_large_image","schema":{"@context":"https:\/\/schema.org","@graph":[{"@type":"WebPage","@id":"https:\/\/ibvmunngo.org\/issues\/","url":"https:\/\/ibvmunngo.org\/issues\/","name":"Themen - Institut der Heiligen Jungfrau Maria \u2013 Loreto","isPartOf":{"@id":"https:\/\/ibvmunngo.org\/es\/#website"},"datePublished":"2019-05-29T15:08:43+00:00","breadcrumb":{"@id":"https:\/\/ibvmunngo.org\/issues\/#breadcrumb"},"inLanguage":"de","potentialAction":[{"@type":"ReadAction","target":["https:\/\/ibvmunngo.org\/issues\/"]}]},{"@type":"BreadcrumbList","@id":"https:\/\/ibvmunngo.org\/issues\/#breadcrumb","itemListElement":[{"@type":"ListItem","position":1,"name":"Home","item":"https:\/\/ibvmunngo.org\/es\/"},{"@type":"ListItem","position":2,"name":"Issues"}]},{"@type":"WebSite","@id":"https:\/\/ibvmunngo.org\/es\/#website","url":"https:\/\/ibvmunngo.org\/es\/","name":"Institut der Heiligen Jungfrau Maria \u2013 Loreto","description":"MIT ECOSOC BEI DEN VEREINTEN NATIONEN VERBUNDENE NGO","publisher":{"@id":"https:\/\/ibvmunngo.org\/es\/#organization"},"potentialAction":[{"@type":"SearchAction","target":{"@type":"EntryPoint","urlTemplate":"https:\/\/ibvmunngo.org\/es\/?s={search_term_string}"},"query-input":{"@type":"PropertyValueSpecification","valueRequired":true,"valueName":"search_term_string"}}],"inLanguage":"de"},{"@type":"Organization","@id":"https:\/\/ibvmunngo.org\/es\/#organization","name":"Institut der Heiligen Jungfrau Maria \u2013 Loreto","url":"https:\/\/ibvmunngo.org\/es\/","logo":{"@type":"ImageObject","inLanguage":"de","@id":"https:\/\/ibvmunngo.org\/es\/#\/schema\/logo\/image\/","url":"https:\/\/ibvmunngo.org\/wp-content\/uploads\/2020\/10\/Logo_IBVM_UN_1.png","contentUrl":"https:\/\/ibvmunngo.org\/wp-content\/uploads\/2020\/10\/Logo_IBVM_UN_1.png","width":200,"height":144,"caption":"Institute of the Blessed Virgin Mary \u2013 Loreto"},"image":{"@id":"https:\/\/ibvmunngo.org\/es\/#\/schema\/logo\/image\/"}}]}},"_links":{"self":[{"href":"https:\/\/ibvmunngo.org\/de\/wp-json\/wp\/v2\/pages\/2420","targetHints":{"allow":["GET"]}}],"collection":[{"href":"https:\/\/ibvmunngo.org\/de\/wp-json\/wp\/v2\/pages"}],"about":[{"href":"https:\/\/ibvmunngo.org\/de\/wp-json\/wp\/v2\/types\/page"}],"author":[{"embeddable":true,"href":"https:\/\/ibvmunngo.org\/de\/wp-json\/wp\/v2\/users\/11"}],"replies":[{"embeddable":true,"href":"https:\/\/ibvmunngo.org\/de\/wp-json\/wp\/v2\/comments?post=2420"}],"version-history":[{"count":0,"href":"https:\/\/ibvmunngo.org\/de\/wp-json\/wp\/v2\/pages\/2420\/revisions"}],"wp:attachment":[{"href":"https:\/\/ibvmunngo.org\/de\/wp-json\/wp\/v2\/media?parent=2420"}],"curies":[{"name":"wp","href":"https:\/\/api.w.org\/{rel}","templated":true}]}}