{"id":4075,"date":"2020-12-17T19:18:14","date_gmt":"2020-12-17T19:18:14","guid":{"rendered":"https:\/\/ibvmunngo.org\/?page_id=4075"},"modified":"2024-10-27T02:25:00","modified_gmt":"2024-10-27T02:25:00","slug":"struktur","status":"publish","type":"page","link":"https:\/\/ibvmunngo.org\/de\/um\/struktur\/","title":{"rendered":"Struktur"},"content":{"rendered":"<div data-elementor-type=\"wp-page\" data-elementor-id=\"4075\" class=\"elementor elementor-4075\" data-elementor-post-type=\"page\">\n\t\t\t\t\t\t<section class=\"elementor-section elementor-top-section elementor-element elementor-element-53b3b98 elementor-section-boxed elementor-section-height-default elementor-section-height-default\" data-id=\"53b3b98\" data-element_type=\"section\" data-e-type=\"section\">\n\t\t\t\t\t\t<div class=\"elementor-container elementor-column-gap-default\">\n\t\t\t\t\t<div class=\"elementor-column elementor-col-50 elementor-top-column elementor-element elementor-element-28ecf48\" data-id=\"28ecf48\" data-element_type=\"column\" data-e-type=\"column\">\n\t\t\t<div class=\"elementor-widget-wrap elementor-element-populated\">\n\t\t\t\t\t\t<div class=\"elementor-element elementor-element-d1c2383 elementor-widget elementor-widget-image\" data-id=\"d1c2383\" data-element_type=\"widget\" data-e-type=\"widget\" data-widget_type=\"image.default\">\n\t\t\t\t<div class=\"elementor-widget-container\">\n\t\t\t\t\t\t\t\t\t\t\t\t\t\t\t<img decoding=\"async\" src=\"https:\/\/ibvmunngo.org\/wp-content\/uploads\/elementor\/thumbs\/Janet-qty2dswhp029xdsyqsfbviewxiveek7etvs3r3b88g.jpg\" title=\"rbtmdn\" alt=\"rbtmdn\" loading=\"lazy\" \/>\t\t\t\t\t\t\t\t\t\t\t\t\t\t\t<\/div>\n\t\t\t\t<\/div>\n\t\t\t\t\t<\/div>\n\t\t<\/div>\n\t\t\t\t<div class=\"elementor-column elementor-col-50 elementor-top-column elementor-element elementor-element-2485e61\" data-id=\"2485e61\" data-element_type=\"column\" data-e-type=\"column\">\n\t\t\t<div class=\"elementor-widget-wrap elementor-element-populated\">\n\t\t\t\t\t\t<div class=\"elementor-element elementor-element-c1de422 elementor-widget elementor-widget-text-editor\" data-id=\"c1de422\" data-element_type=\"widget\" data-e-type=\"widget\" data-widget_type=\"text-editor.default\">\n\t\t\t\t<div class=\"elementor-widget-container\">\n\t\t\t\t\t\t\t\t\t<p style=\"caret-color: #000000; color: #000000;\"><strong style=\"font-family: var( --e-global-typography-text-font-family ), 'Artegra Sans', Sans-serif; font-size: 1rem;\">Sr. Janet Palafox ibvm \u2013\u00a0<\/strong><span style=\"font-family: var( --e-global-typography-text-font-family ), 'Artegra Sans', Sans-serif; font-size: 1rem;\">NGO-Vertreter<\/span><\/p><p style=\"caret-color: #000000; color: #000000;\">Janet geh\u00f6rt zum Institut der Heiligen Jungfrau Maria (IBVM). Sie hat einen Abschluss in Kommunikation und internationaler Entwicklung und war bis 2018 Direktorin von Mary Ward Peru. Bevor sie nach Peru zog, war Janet Di\u00f6zesankoordinatorin der Caritas Australia f\u00fcr die Erzdi\u00f6zese Perth, verantwortlich f\u00fcr das Engagement und die Animation der Gemeinden und Schulen, um ihre globale Arbeit. Sie arbeitete auch f\u00fcr eine l\u00e4ndliche katholische Wohlt\u00e4tigkeitsorganisation, wo sie f\u00fcr den Aufbau von Partnerschaften zwischen l\u00e4ndlichen und abgelegenen Gemeinden und lokalen Organisationen verantwortlich war, um Studenten zu unterst\u00fctzen und ihre Bildungsergebnisse zu verbessern. Janet hat \u00fcber 16 Jahre Erfahrung in der Interessenvertretung, Sensibilisierung und Gemeindeentwicklung. Sie hat in verschiedenen Aussch\u00fcssen und Foren auf lokaler, nationaler und internationaler Ebene mitgewirkt.<\/p>\t\t\t\t\t\t\t\t<\/div>\n\t\t\t\t<\/div>\n\t\t\t\t\t<\/div>\n\t\t<\/div>\n\t\t\t\t\t<\/div>\n\t\t<\/section>\n\t\t\t\t<section class=\"elementor-section elementor-top-section elementor-element elementor-element-2f5ea29c elementor-section-boxed elementor-section-height-default elementor-section-height-default\" data-id=\"2f5ea29c\" data-element_type=\"section\" data-e-type=\"section\">\n\t\t\t\t\t\t<div class=\"elementor-container elementor-column-gap-default\">\n\t\t\t\t\t<div class=\"elementor-column elementor-col-100 elementor-top-column elementor-element elementor-element-2a17ff74\" data-id=\"2a17ff74\" data-element_type=\"column\" data-e-type=\"column\">\n\t\t\t<div class=\"elementor-widget-wrap elementor-element-populated\">\n\t\t\t\t\t\t<div class=\"elementor-element elementor-element-73a76eb elementor-widget elementor-widget-text-editor\" data-id=\"73a76eb\" data-element_type=\"widget\" data-e-type=\"widget\" data-widget_type=\"text-editor.default\">\n\t\t\t\t<div class=\"elementor-widget-container\">\n\t\t\t\t\t\t\t\t\t<p>Ein internationales <strong>Beratungsausschuss<\/strong> und ein Netzwerk von <strong>UN-Vertreter der IBVM\/CJ-Provinz<\/strong> unterst\u00fctzen die NGO-Vertreter bei ihrer Arbeit. Aufgrund ihres gemeinsamen Arbeitsbereichs haben sich auch andere Netzwerke gebildet. Dies sind die <strong>Netzwerk zur Bek\u00e4mpfung des Menschenhandels<\/strong>,<strong>\u00a0<\/strong>und <strong>Global Citizenship (Bildung) Netzwerk<\/strong>.<\/p><p>Der Beirat ber\u00e4t, leitet und beaufsichtigt die Strategie und den Arbeitsplan der NGO. Die UN-Vertreter der IBVM\/CJ-Provinz stellen das entscheidende Bindeglied f\u00fcr die Kommunikation zwischen den NGO-Vertretern in New York und dem gesamten IBVM\/CJ-Netzwerk dar. Zusammen mit den gemeinsamen Interessennetzwerken liefern sie auch kritische Informationen aus der N\u00e4he, die unsere Interessenvertretung bei den Vereinten Nationen beeinflussen.<\/p><p>Die jetzige <strong>Beratungsausschuss<\/strong> Mitglieder sind:<\/p><ul><li>Mary-Eileen Donovan &#8211; Vorsitz (Kanada)<\/li><li>Aarya Jha (Jugendanw\u00e4ltin, Nepal)<\/li><li>Annette Haseneder (Deutschland)<\/li><li>Carlota Gayo (Jugendanw\u00e4ltin, Spanien)<\/li><li>Flora Anthony IBVM (Indien)<\/li><li>Gazmir Memaj (Albanien)<\/li><li>Greg Rogers (Kanada)<\/li><li>Heidi Cerneka (USA)<\/li><li>Pauline Macharia IBVM (Mary Ward JPIC-Koordinatorin, Kenia)<\/li><li>Smitha Muthu CJ (Nepal)<\/li><\/ul><p><em>Feature-Bild: Lauren Grant (Praktikantin), Janet Palafox ibvm (UN-NGO-Repr\u00e4sentantin), Cecilia O&#039;Dwyer ibvm (ehemalige UN-NGO-Repr\u00e4sentantin), Evanne Hunter ibvm (ehemalige UN-NGO-Repr\u00e4sentantin), Mary-Eileen Donovan (Vorsitzende des Beratungsausschusses). ), Smitha Muthu cj (UN-Provinzvertreterin f\u00fcr Nepal und Mitglied des Beratenden Ausschusses) und Marta Santos (UN-Provinzvertreterin f\u00fcr Spanien), die 2024 an der Kommission f\u00fcr den Status der Frau in New York teilnehmen.<\/em><\/p>\t\t\t\t\t\t\t\t<\/div>\n\t\t\t\t<\/div>\n\t\t\t\t\t<\/div>\n\t\t<\/div>\n\t\t\t\t\t<\/div>\n\t\t<\/section>\n\t\t\t\t<\/div>","protected":false},"excerpt":{"rendered":"<p>Sr Janet Palafox ibvm \u2013\u00a0NGO Representative Janet belongs to the Institute of the Blessed Virgin Mary (IBVM). She has a degree in communications and international development and was the Director of Mary Ward Peru until 2018. Before moving to Peru, Janet was the Caritas Australia Diocesan Coordinator for the Archdiocese of Perth, responsible for engaging [&hellip;]<\/p>\n","protected":false},"author":1,"featured_media":125433,"parent":2720,"menu_order":0,"comment_status":"closed","ping_status":"closed","template":"","meta":{"footnotes":""},"class_list":["post-4075","page","type-page","status-publish","has-post-thumbnail","hentry"],"yoast_head":"<!-- This site is optimized with the Yoast SEO plugin v27.3 - https:\/\/yoast.com\/product\/yoast-seo-wordpress\/ -->\n<title>Structure - Institute of the Blessed Virgin Mary \u2013 Loreto<\/title>\n<meta name=\"robots\" content=\"index, follow, max-snippet:-1, max-image-preview:large, max-video-preview:-1\" \/>\n<link rel=\"canonical\" href=\"https:\/\/ibvmunngo.org\/de\/um\/struktur\/\" \/>\n<meta property=\"og:locale\" content=\"de_DE\" \/>\n<meta property=\"og:type\" content=\"article\" \/>\n<meta property=\"og:title\" content=\"Structure - Institute of the Blessed Virgin Mary \u2013 Loreto\" \/>\n<meta property=\"og:description\" content=\"Sr Janet Palafox ibvm \u2013\u00a0NGO Representative Janet belongs to the Institute of the Blessed Virgin Mary (IBVM). She has a degree in communications and international development and was the Director of Mary Ward Peru until 2018. Before moving to Peru, Janet was the Caritas Australia Diocesan Coordinator for the Archdiocese of Perth, responsible for engaging [&hellip;]\" \/>\n<meta property=\"og:url\" content=\"https:\/\/ibvmunngo.org\/de\/um\/struktur\/\" \/>\n<meta property=\"og:site_name\" content=\"Institute of the Blessed Virgin Mary \u2013 Loreto\" \/>\n<meta property=\"article:modified_time\" content=\"2024-10-27T02:25:00+00:00\" \/>\n<meta property=\"og:image\" content=\"https:\/\/ibvmunngo.org\/wp-content\/uploads\/2024\/10\/Website-Front-Page-3.png\" \/>\n\t<meta property=\"og:image:width\" content=\"900\" \/>\n\t<meta property=\"og:image:height\" content=\"400\" \/>\n\t<meta property=\"og:image:type\" content=\"image\/png\" \/>\n<meta name=\"twitter:card\" content=\"summary_large_image\" \/>\n<meta name=\"twitter:label1\" content=\"Gesch\u00e4tzte Lesezeit\" \/>\n\t<meta name=\"twitter:data1\" content=\"2\u00a0Minuten\" \/>\n<script type=\"application\/ld+json\" class=\"yoast-schema-graph\">{\"@context\":\"https:\\\/\\\/schema.org\",\"@graph\":[{\"@type\":\"WebPage\",\"@id\":\"https:\\\/\\\/ibvmunngo.org\\\/about\\\/structure\\\/\",\"url\":\"https:\\\/\\\/ibvmunngo.org\\\/about\\\/structure\\\/\",\"name\":\"Structure - Institute of the Blessed Virgin Mary \u2013 Loreto\",\"isPartOf\":{\"@id\":\"https:\\\/\\\/ibvmunngo.org\\\/es\\\/#website\"},\"primaryImageOfPage\":{\"@id\":\"https:\\\/\\\/ibvmunngo.org\\\/about\\\/structure\\\/#primaryimage\"},\"image\":{\"@id\":\"https:\\\/\\\/ibvmunngo.org\\\/about\\\/structure\\\/#primaryimage\"},\"thumbnailUrl\":\"https:\\\/\\\/ibvmunngo.org\\\/wp-content\\\/uploads\\\/2024\\\/10\\\/Website-Front-Page-3.png\",\"datePublished\":\"2020-12-17T19:18:14+00:00\",\"dateModified\":\"2024-10-27T02:25:00+00:00\",\"breadcrumb\":{\"@id\":\"https:\\\/\\\/ibvmunngo.org\\\/about\\\/structure\\\/#breadcrumb\"},\"inLanguage\":\"de\",\"potentialAction\":[{\"@type\":\"ReadAction\",\"target\":[\"https:\\\/\\\/ibvmunngo.org\\\/about\\\/structure\\\/\"]}]},{\"@type\":\"ImageObject\",\"inLanguage\":\"de\",\"@id\":\"https:\\\/\\\/ibvmunngo.org\\\/about\\\/structure\\\/#primaryimage\",\"url\":\"https:\\\/\\\/ibvmunngo.org\\\/wp-content\\\/uploads\\\/2024\\\/10\\\/Website-Front-Page-3.png\",\"contentUrl\":\"https:\\\/\\\/ibvmunngo.org\\\/wp-content\\\/uploads\\\/2024\\\/10\\\/Website-Front-Page-3.png\",\"width\":900,\"height\":400},{\"@type\":\"BreadcrumbList\",\"@id\":\"https:\\\/\\\/ibvmunngo.org\\\/about\\\/structure\\\/#breadcrumb\",\"itemListElement\":[{\"@type\":\"ListItem\",\"position\":1,\"name\":\"Home\",\"item\":\"https:\\\/\\\/ibvmunngo.org\\\/es\\\/\"},{\"@type\":\"ListItem\",\"position\":2,\"name\":\"About us\",\"item\":\"https:\\\/\\\/ibvmunngo.org\\\/about\\\/\"},{\"@type\":\"ListItem\",\"position\":3,\"name\":\"Structure\"}]},{\"@type\":\"WebSite\",\"@id\":\"https:\\\/\\\/ibvmunngo.org\\\/es\\\/#website\",\"url\":\"https:\\\/\\\/ibvmunngo.org\\\/es\\\/\",\"name\":\"Institute of the Blessed Virgin Mary \u2013 Loreto\",\"description\":\"NGO ASSOCIATED WITH ECOSOC AT THE UNITED NATIONS\",\"publisher\":{\"@id\":\"https:\\\/\\\/ibvmunngo.org\\\/es\\\/#organization\"},\"potentialAction\":[{\"@type\":\"SearchAction\",\"target\":{\"@type\":\"EntryPoint\",\"urlTemplate\":\"https:\\\/\\\/ibvmunngo.org\\\/es\\\/?s={search_term_string}\"},\"query-input\":{\"@type\":\"PropertyValueSpecification\",\"valueRequired\":true,\"valueName\":\"search_term_string\"}}],\"inLanguage\":\"de\"},{\"@type\":\"Organization\",\"@id\":\"https:\\\/\\\/ibvmunngo.org\\\/es\\\/#organization\",\"name\":\"Institute of the Blessed Virgin Mary \u2013 Loreto\",\"url\":\"https:\\\/\\\/ibvmunngo.org\\\/es\\\/\",\"logo\":{\"@type\":\"ImageObject\",\"inLanguage\":\"de\",\"@id\":\"https:\\\/\\\/ibvmunngo.org\\\/es\\\/#\\\/schema\\\/logo\\\/image\\\/\",\"url\":\"https:\\\/\\\/ibvmunngo.org\\\/wp-content\\\/uploads\\\/2020\\\/10\\\/Logo_IBVM_UN_1.png\",\"contentUrl\":\"https:\\\/\\\/ibvmunngo.org\\\/wp-content\\\/uploads\\\/2020\\\/10\\\/Logo_IBVM_UN_1.png\",\"width\":200,\"height\":144,\"caption\":\"Institute of the Blessed Virgin Mary \u2013 Loreto\"},\"image\":{\"@id\":\"https:\\\/\\\/ibvmunngo.org\\\/es\\\/#\\\/schema\\\/logo\\\/image\\\/\"}}]}<\/script>\n<!-- \/ Yoast SEO plugin. -->","yoast_head_json":{"title":"Struktur - Institut der Heiligen Jungfrau Maria \u2013 Loreto","robots":{"index":"index","follow":"follow","max-snippet":"max-snippet:-1","max-image-preview":"max-image-preview:large","max-video-preview":"max-video-preview:-1"},"canonical":"https:\/\/ibvmunngo.org\/de\/um\/struktur\/","og_locale":"de_DE","og_type":"article","og_title":"Structure - Institute of the Blessed Virgin Mary \u2013 Loreto","og_description":"Sr Janet Palafox ibvm \u2013\u00a0NGO Representative Janet belongs to the Institute of the Blessed Virgin Mary (IBVM). She has a degree in communications and international development and was the Director of Mary Ward Peru until 2018. Before moving to Peru, Janet was the Caritas Australia Diocesan Coordinator for the Archdiocese of Perth, responsible for engaging [&hellip;]","og_url":"https:\/\/ibvmunngo.org\/de\/um\/struktur\/","og_site_name":"Institute of the Blessed Virgin Mary \u2013 Loreto","article_modified_time":"2024-10-27T02:25:00+00:00","og_image":[{"width":900,"height":400,"url":"https:\/\/ibvmunngo.org\/wp-content\/uploads\/2024\/10\/Website-Front-Page-3.png","type":"image\/png"}],"twitter_card":"summary_large_image","twitter_misc":{"Gesch\u00e4tzte Lesezeit":"2\u00a0Minuten"},"schema":{"@context":"https:\/\/schema.org","@graph":[{"@type":"WebPage","@id":"https:\/\/ibvmunngo.org\/about\/structure\/","url":"https:\/\/ibvmunngo.org\/about\/structure\/","name":"Struktur - Institut der Heiligen Jungfrau Maria \u2013 Loreto","isPartOf":{"@id":"https:\/\/ibvmunngo.org\/es\/#website"},"primaryImageOfPage":{"@id":"https:\/\/ibvmunngo.org\/about\/structure\/#primaryimage"},"image":{"@id":"https:\/\/ibvmunngo.org\/about\/structure\/#primaryimage"},"thumbnailUrl":"https:\/\/ibvmunngo.org\/wp-content\/uploads\/2024\/10\/Website-Front-Page-3.png","datePublished":"2020-12-17T19:18:14+00:00","dateModified":"2024-10-27T02:25:00+00:00","breadcrumb":{"@id":"https:\/\/ibvmunngo.org\/about\/structure\/#breadcrumb"},"inLanguage":"de","potentialAction":[{"@type":"ReadAction","target":["https:\/\/ibvmunngo.org\/about\/structure\/"]}]},{"@type":"ImageObject","inLanguage":"de","@id":"https:\/\/ibvmunngo.org\/about\/structure\/#primaryimage","url":"https:\/\/ibvmunngo.org\/wp-content\/uploads\/2024\/10\/Website-Front-Page-3.png","contentUrl":"https:\/\/ibvmunngo.org\/wp-content\/uploads\/2024\/10\/Website-Front-Page-3.png","width":900,"height":400},{"@type":"BreadcrumbList","@id":"https:\/\/ibvmunngo.org\/about\/structure\/#breadcrumb","itemListElement":[{"@type":"ListItem","position":1,"name":"Home","item":"https:\/\/ibvmunngo.org\/es\/"},{"@type":"ListItem","position":2,"name":"About us","item":"https:\/\/ibvmunngo.org\/about\/"},{"@type":"ListItem","position":3,"name":"Structure"}]},{"@type":"WebSite","@id":"https:\/\/ibvmunngo.org\/es\/#website","url":"https:\/\/ibvmunngo.org\/es\/","name":"Institut der Heiligen Jungfrau Maria \u2013 Loreto","description":"MIT ECOSOC BEI DEN VEREINTEN NATIONEN VERBUNDENE NGO","publisher":{"@id":"https:\/\/ibvmunngo.org\/es\/#organization"},"potentialAction":[{"@type":"SearchAction","target":{"@type":"EntryPoint","urlTemplate":"https:\/\/ibvmunngo.org\/es\/?s={search_term_string}"},"query-input":{"@type":"PropertyValueSpecification","valueRequired":true,"valueName":"search_term_string"}}],"inLanguage":"de"},{"@type":"Organization","@id":"https:\/\/ibvmunngo.org\/es\/#organization","name":"Institut der Heiligen Jungfrau Maria \u2013 Loreto","url":"https:\/\/ibvmunngo.org\/es\/","logo":{"@type":"ImageObject","inLanguage":"de","@id":"https:\/\/ibvmunngo.org\/es\/#\/schema\/logo\/image\/","url":"https:\/\/ibvmunngo.org\/wp-content\/uploads\/2020\/10\/Logo_IBVM_UN_1.png","contentUrl":"https:\/\/ibvmunngo.org\/wp-content\/uploads\/2020\/10\/Logo_IBVM_UN_1.png","width":200,"height":144,"caption":"Institute of the Blessed Virgin Mary \u2013 Loreto"},"image":{"@id":"https:\/\/ibvmunngo.org\/es\/#\/schema\/logo\/image\/"}}]}},"_links":{"self":[{"href":"https:\/\/ibvmunngo.org\/de\/wp-json\/wp\/v2\/pages\/4075","targetHints":{"allow":["GET"]}}],"collection":[{"href":"https:\/\/ibvmunngo.org\/de\/wp-json\/wp\/v2\/pages"}],"about":[{"href":"https:\/\/ibvmunngo.org\/de\/wp-json\/wp\/v2\/types\/page"}],"author":[{"embeddable":true,"href":"https:\/\/ibvmunngo.org\/de\/wp-json\/wp\/v2\/users\/1"}],"replies":[{"embeddable":true,"href":"https:\/\/ibvmunngo.org\/de\/wp-json\/wp\/v2\/comments?post=4075"}],"version-history":[{"count":5,"href":"https:\/\/ibvmunngo.org\/de\/wp-json\/wp\/v2\/pages\/4075\/revisions"}],"predecessor-version":[{"id":125438,"href":"https:\/\/ibvmunngo.org\/de\/wp-json\/wp\/v2\/pages\/4075\/revisions\/125438"}],"up":[{"embeddable":true,"href":"https:\/\/ibvmunngo.org\/de\/wp-json\/wp\/v2\/pages\/2720"}],"wp:featuredmedia":[{"embeddable":true,"href":"https:\/\/ibvmunngo.org\/de\/wp-json\/wp\/v2\/media\/125433"}],"wp:attachment":[{"href":"https:\/\/ibvmunngo.org\/de\/wp-json\/wp\/v2\/media?parent=4075"}],"curies":[{"name":"wp","href":"https:\/\/api.w.org\/{rel}","templated":true}]}}