{"id":4842,"date":"2020-12-28T21:39:48","date_gmt":"2020-12-28T21:39:48","guid":{"rendered":"https:\/\/ibvmunngo.org\/?page_id=4842"},"modified":"2024-06-18T17:57:17","modified_gmt":"2024-06-18T17:57:17","slug":"kooperationen","status":"publish","type":"page","link":"https:\/\/ibvmunngo.org\/de\/ibvm-cj-at-the-un\/kooperationen\/","title":{"rendered":"Kooperationen"},"content":{"rendered":"<div data-elementor-type=\"wp-page\" data-elementor-id=\"4842\" class=\"elementor elementor-4842\" data-elementor-post-type=\"page\">\n\t\t\t\t\t\t<section class=\"elementor-section elementor-top-section elementor-element elementor-element-76bf795e elementor-section-boxed elementor-section-height-default elementor-section-height-default\" data-id=\"76bf795e\" data-element_type=\"section\" data-e-type=\"section\">\n\t\t\t\t\t\t<div class=\"elementor-container elementor-column-gap-default\">\n\t\t\t\t\t<div class=\"elementor-column elementor-col-100 elementor-top-column elementor-element elementor-element-6bae1724\" data-id=\"6bae1724\" data-element_type=\"column\" data-e-type=\"column\">\n\t\t\t<div class=\"elementor-widget-wrap elementor-element-populated\">\n\t\t\t\t\t\t<div class=\"elementor-element elementor-element-e7da319 elementor-widget elementor-widget-heading\" data-id=\"e7da319\" data-element_type=\"widget\" data-e-type=\"widget\" data-widget_type=\"heading.default\">\n\t\t\t\t<div class=\"elementor-widget-container\">\n\t\t\t\t\t<h2 class=\"elementor-heading-title elementor-size-default\">Kooperationen<\/h2>\t\t\t\t<\/div>\n\t\t\t\t<\/div>\n\t\t\t\t<div class=\"elementor-element elementor-element-4db0168b elementor-widget elementor-widget-text-editor\" data-id=\"4db0168b\" data-element_type=\"widget\" data-e-type=\"widget\" data-widget_type=\"text-editor.default\">\n\t\t\t\t<div class=\"elementor-widget-container\">\n\t\t\t\t\t\t\t\t\t<div class=\"elementor-element elementor-element-db233ba elementor-widget elementor-widget-theme-post-title elementor-page-title elementor-widget-heading\" data-id=\"db233ba\" data-element_type=\"widget\" data-widget_type=\"theme-post-title.default\"><p>Gemeinsam mit unserem Netzwerk gleichgesinnter Kollegen und anderen NGOs sensibilisieren wir f\u00fcr unsere Schwerpunktthemen und setzen uns bei den Vereinten Nationen (UN) ein. Unsere Anwaltschaft konzentriert sich in erster Linie auf Themen, die Frauen und Kinder betreffen, insbesondere auf die Gleichstellung der Geschlechter, die Beseitigung der Armut, den Zugang zu hochwertiger Bildung und Gesundheit, die Beseitigung von geschlechtsspezifischer Gewalt und den Menschenhandel.<\/p><p class=\"elementor-widget-container\">Wir arbeiten mit folgenden Gremien, Major und Working Groups aus der Zivilgesellschaft zusammen:<\/p><\/div><ul><li>Die <a href=\"http:\/\/www.ngosocdev.net\/\" target=\"_blank\" rel=\"noopener\"><strong>NGO-Ausschuss f\u00fcr nachhaltige Entwicklung (NGO CSocD)<\/strong><\/a> strebt an, die Integration der drei Dimensionen der nachhaltigen Entwicklung voranzutreiben: Umwelt, Wirtschaft und Soziales. Innerhalb des Ausschusses arbeitet die Arbeitsgruppe f\u00fcr die Integrit\u00e4t der Erde an einer harmonischen Integration der Erd- und Menschenrechte im gr\u00f6\u00dferen Kontext der nachhaltigen Entwicklung.<\/li><li>Die <a href=\"https:\/\/girlsrights.org\/\" target=\"_blank\" rel=\"noopener\"><strong>Arbeitskreis M\u00e4dchen (WGG .)<\/strong><strong>)<\/strong><\/a> setzt sich f\u00fcr die F\u00f6rderung der Menschenrechte von M\u00e4dchen in allen Bereichen und Phasen ihres Lebens ein, f\u00f6rdert die Integration und den Status von M\u00e4dchen und unterst\u00fctzt sie bei der Entwicklung ihres vollen Potenzials.<\/li><li>Die <strong><a href=\"http:\/\/www.ngosonffd.org\/\" target=\"_blank\" rel=\"noopener\">NGO-Ausschuss f\u00fcr Entwicklungsfinanzierung (NGO FfD)<\/a> <\/strong> setzt sich f\u00fcr eine weltweite Wirtschaft ein, die \u00f6kologisch und sozial nachhaltig, ethisch und menschenzentriert ist.<\/li><li><a href=\"https:\/\/ngo-migration.org\/\" target=\"_blank\" rel=\"noopener\"><strong>NGO-Ausschuss f\u00fcr Migration<\/strong><\/a> strebt danach, Gerechtigkeit f\u00fcr Migranten, Fl\u00fcchtlinge, Staatenlose, Binnenvertriebene und Opfer von Menschenhandel zu schaffen. Ihre Mission ist es, die F\u00f6rderung und den Schutz von Migranten und ihrer Menschenrechte im Einklang mit der Charta der Vereinten Nationen zu f\u00f6rdern.<\/li><li>Die <a href=\"https:\/\/crimealliance.org\/\" target=\"_blank\" rel=\"noopener\"><strong>Allianz der NGOs f\u00fcr Kriminalpr\u00e4vention und Strafjustiz<\/strong><\/a> vereint ein breites Netzwerk zivilgesellschaftlicher Organisationen, die zur Schaffung von Sicherheit und Gerechtigkeit f\u00fcr alle beitragen. Es fungiert als Plattform f\u00fcr Informationsaustausch, Interessenvertretung und Zusammenarbeit und unterst\u00fctzt die sachkundige Zusammenarbeit von NGOs mit dem B\u00fcro der Vereinten Nationen f\u00fcr Drogen- und Verbrechensbek\u00e4mpfung (UNODC) und den Mitgliedsstaaten. Unser Schwerpunkt liegt auf der Sicherstellung der vollst\u00e4ndigen Umsetzung des Palermo-Protokolls (Protokoll zur Verh\u00fctung, Bek\u00e4mpfung und Bestrafung des Menschenhandels, insbesondere des Frauen- und Kinderhandels).<\/li><li>Die <a href=\"https:\/\/www.ngomg.org\/\" target=\"_blank\" rel=\"noopener\"><strong>NGO-Hauptgruppe<\/strong><\/a> hat die Aufgabe, das Engagement von Nichtregierungsorganisationen in den Prozessen, die direkt und indirekt mit dem Hochrangigen Politischen Forum (HLPF) verbunden sind, zu erleichtern und zu verst\u00e4rken.\u00a0<\/li><\/ul><h4><strong>Justizkoalition der Religi\u00f6sen (JCoR)<\/strong><\/h4><p>IBVM\/CJ NGO ist Gr\u00fcndungsmitglied der Justice Coalition of Religious (JCoR), einer Koalition von 19 von der UNO akkreditierten Nichtregierungsorganisationen (NGOs) unter der Leitung katholischer Religionsgemeinschaften.<\/p><p>JCoR zielt darauf ab, die F\u00e4higkeit der religi\u00f6sen Arbeit an der Basis und derer, die sie bei den Vereinten Nationen vertreten, zu st\u00e4rken, um: sich international, national und regional f\u00fcr in Armut lebende Menschen einzusetzen; die Ursachen einer nicht nachhaltigen Entwicklung angehen; und eine gerechte und rechtebasierte Entwicklung durch eine gerechte Umsetzung der SDGs zu f\u00f6rdern.<\/p><p>Um mehr \u00fcber JCoR zu erfahren, klicken Sie auf <a href=\"https:\/\/jcor2030.org\/\" target=\"_blank\" rel=\"noopener\"><strong><span style=\"color: #ef9a29;\">Hier<\/span><\/strong>.<\/a><\/p>\t\t\t\t\t\t\t\t<\/div>\n\t\t\t\t<\/div>\n\t\t\t\t\t<\/div>\n\t\t<\/div>\n\t\t\t\t\t<\/div>\n\t\t<\/section>\n\t\t\t\t<\/div>","protected":false},"excerpt":{"rendered":"<p>Collaborations Together with our network of like-minded colleagues and other NGOs, we raise awareness of our priority issues and advocate at the United Nations (UN). Our advocacy is primarily focused on issues affecting women and children, particularly gender equity, eradication of poverty, access to quality education and health, elimination of gender violence, and trafficking of [&hellip;]<\/p>\n","protected":false},"author":6,"featured_media":4895,"parent":14500,"menu_order":5,"comment_status":"closed","ping_status":"closed","template":"","meta":{"footnotes":""},"class_list":["post-4842","page","type-page","status-publish","has-post-thumbnail","hentry"],"yoast_head":"<!-- This site is optimized with the Yoast SEO plugin v27.3 - https:\/\/yoast.com\/product\/yoast-seo-wordpress\/ -->\n<title>Collaborations - Institute of the Blessed Virgin Mary \u2013 Loreto<\/title>\n<meta name=\"robots\" content=\"index, follow, max-snippet:-1, max-image-preview:large, max-video-preview:-1\" \/>\n<link rel=\"canonical\" href=\"https:\/\/ibvmunngo.org\/de\/ibvm-cj-at-the-un\/kooperationen\/\" \/>\n<meta property=\"og:locale\" content=\"de_DE\" \/>\n<meta property=\"og:type\" content=\"article\" \/>\n<meta property=\"og:title\" content=\"Collaborations - Institute of the Blessed Virgin Mary \u2013 Loreto\" \/>\n<meta property=\"og:description\" content=\"Collaborations Together with our network of like-minded colleagues and other NGOs, we raise awareness of our priority issues and advocate at the United Nations (UN). Our advocacy is primarily focused on issues affecting women and children, particularly gender equity, eradication of poverty, access to quality education and health, elimination of gender violence, and trafficking of [&hellip;]\" \/>\n<meta property=\"og:url\" content=\"https:\/\/ibvmunngo.org\/de\/ibvm-cj-at-the-un\/kooperationen\/\" \/>\n<meta property=\"og:site_name\" content=\"Institute of the Blessed Virgin Mary \u2013 Loreto\" \/>\n<meta property=\"article:modified_time\" content=\"2024-06-18T17:57:17+00:00\" \/>\n<meta property=\"og:image\" content=\"https:\/\/ibvmunngo.org\/wp-content\/uploads\/2020\/12\/Collaboration.jpeg\" \/>\n\t<meta property=\"og:image:width\" content=\"900\" \/>\n\t<meta property=\"og:image:height\" content=\"400\" \/>\n\t<meta property=\"og:image:type\" content=\"image\/jpeg\" \/>\n<meta name=\"twitter:card\" content=\"summary_large_image\" \/>\n<meta name=\"twitter:label1\" content=\"Gesch\u00e4tzte Lesezeit\" \/>\n\t<meta name=\"twitter:data1\" content=\"2\u00a0Minuten\" \/>\n<script type=\"application\/ld+json\" class=\"yoast-schema-graph\">{\"@context\":\"https:\\\/\\\/schema.org\",\"@graph\":[{\"@type\":\"WebPage\",\"@id\":\"https:\\\/\\\/ibvmunngo.org\\\/de\\\/ibvm-cj-at-the-un\\\/kooperationen\\\/\",\"url\":\"https:\\\/\\\/ibvmunngo.org\\\/de\\\/ibvm-cj-at-the-un\\\/kooperationen\\\/\",\"name\":\"Collaborations - Institute of the Blessed Virgin Mary \u2013 Loreto\",\"isPartOf\":{\"@id\":\"https:\\\/\\\/ibvmunngo.org\\\/es\\\/#website\"},\"primaryImageOfPage\":{\"@id\":\"https:\\\/\\\/ibvmunngo.org\\\/de\\\/ibvm-cj-at-the-un\\\/kooperationen\\\/#primaryimage\"},\"image\":{\"@id\":\"https:\\\/\\\/ibvmunngo.org\\\/de\\\/ibvm-cj-at-the-un\\\/kooperationen\\\/#primaryimage\"},\"thumbnailUrl\":\"https:\\\/\\\/ibvmunngo.org\\\/wp-content\\\/uploads\\\/2020\\\/12\\\/Collaboration.jpeg\",\"datePublished\":\"2020-12-28T21:39:48+00:00\",\"dateModified\":\"2024-06-18T17:57:17+00:00\",\"breadcrumb\":{\"@id\":\"https:\\\/\\\/ibvmunngo.org\\\/de\\\/ibvm-cj-at-the-un\\\/kooperationen\\\/#breadcrumb\"},\"inLanguage\":\"de\",\"potentialAction\":[{\"@type\":\"ReadAction\",\"target\":[\"https:\\\/\\\/ibvmunngo.org\\\/de\\\/ibvm-cj-at-the-un\\\/kooperationen\\\/\"]}]},{\"@type\":\"ImageObject\",\"inLanguage\":\"de\",\"@id\":\"https:\\\/\\\/ibvmunngo.org\\\/de\\\/ibvm-cj-at-the-un\\\/kooperationen\\\/#primaryimage\",\"url\":\"https:\\\/\\\/ibvmunngo.org\\\/wp-content\\\/uploads\\\/2020\\\/12\\\/Collaboration.jpeg\",\"contentUrl\":\"https:\\\/\\\/ibvmunngo.org\\\/wp-content\\\/uploads\\\/2020\\\/12\\\/Collaboration.jpeg\",\"width\":900,\"height\":400},{\"@type\":\"BreadcrumbList\",\"@id\":\"https:\\\/\\\/ibvmunngo.org\\\/de\\\/ibvm-cj-at-the-un\\\/kooperationen\\\/#breadcrumb\",\"itemListElement\":[{\"@type\":\"ListItem\",\"position\":1,\"name\":\"Home\",\"item\":\"https:\\\/\\\/ibvmunngo.org\\\/es\\\/\"},{\"@type\":\"ListItem\",\"position\":2,\"name\":\"Privado: IBVM\\\/CJ at the UN\",\"item\":\"https:\\\/\\\/ibvmunngo.org\\\/es\\\/?page_id=14500\"},{\"@type\":\"ListItem\",\"position\":3,\"name\":\"Collaborations\"}]},{\"@type\":\"WebSite\",\"@id\":\"https:\\\/\\\/ibvmunngo.org\\\/es\\\/#website\",\"url\":\"https:\\\/\\\/ibvmunngo.org\\\/es\\\/\",\"name\":\"Institute of the Blessed Virgin Mary \u2013 Loreto\",\"description\":\"NGO ASSOCIATED WITH ECOSOC AT THE UNITED NATIONS\",\"publisher\":{\"@id\":\"https:\\\/\\\/ibvmunngo.org\\\/es\\\/#organization\"},\"potentialAction\":[{\"@type\":\"SearchAction\",\"target\":{\"@type\":\"EntryPoint\",\"urlTemplate\":\"https:\\\/\\\/ibvmunngo.org\\\/es\\\/?s={search_term_string}\"},\"query-input\":{\"@type\":\"PropertyValueSpecification\",\"valueRequired\":true,\"valueName\":\"search_term_string\"}}],\"inLanguage\":\"de\"},{\"@type\":\"Organization\",\"@id\":\"https:\\\/\\\/ibvmunngo.org\\\/es\\\/#organization\",\"name\":\"Institute of the Blessed Virgin Mary \u2013 Loreto\",\"url\":\"https:\\\/\\\/ibvmunngo.org\\\/es\\\/\",\"logo\":{\"@type\":\"ImageObject\",\"inLanguage\":\"de\",\"@id\":\"https:\\\/\\\/ibvmunngo.org\\\/es\\\/#\\\/schema\\\/logo\\\/image\\\/\",\"url\":\"https:\\\/\\\/ibvmunngo.org\\\/wp-content\\\/uploads\\\/2020\\\/10\\\/Logo_IBVM_UN_1.png\",\"contentUrl\":\"https:\\\/\\\/ibvmunngo.org\\\/wp-content\\\/uploads\\\/2020\\\/10\\\/Logo_IBVM_UN_1.png\",\"width\":200,\"height\":144,\"caption\":\"Institute of the Blessed Virgin Mary \u2013 Loreto\"},\"image\":{\"@id\":\"https:\\\/\\\/ibvmunngo.org\\\/es\\\/#\\\/schema\\\/logo\\\/image\\\/\"}}]}<\/script>\n<!-- \/ Yoast SEO plugin. -->","yoast_head_json":{"title":"Kooperationen \u2013 Institut der Heiligen Jungfrau Maria \u2013 Loreto","robots":{"index":"index","follow":"follow","max-snippet":"max-snippet:-1","max-image-preview":"max-image-preview:large","max-video-preview":"max-video-preview:-1"},"canonical":"https:\/\/ibvmunngo.org\/de\/ibvm-cj-at-the-un\/kooperationen\/","og_locale":"de_DE","og_type":"article","og_title":"Collaborations - Institute of the Blessed Virgin Mary \u2013 Loreto","og_description":"Collaborations Together with our network of like-minded colleagues and other NGOs, we raise awareness of our priority issues and advocate at the United Nations (UN). Our advocacy is primarily focused on issues affecting women and children, particularly gender equity, eradication of poverty, access to quality education and health, elimination of gender violence, and trafficking of [&hellip;]","og_url":"https:\/\/ibvmunngo.org\/de\/ibvm-cj-at-the-un\/kooperationen\/","og_site_name":"Institute of the Blessed Virgin Mary \u2013 Loreto","article_modified_time":"2024-06-18T17:57:17+00:00","og_image":[{"width":900,"height":400,"url":"https:\/\/ibvmunngo.org\/wp-content\/uploads\/2020\/12\/Collaboration.jpeg","type":"image\/jpeg"}],"twitter_card":"summary_large_image","twitter_misc":{"Gesch\u00e4tzte Lesezeit":"2\u00a0Minuten"},"schema":{"@context":"https:\/\/schema.org","@graph":[{"@type":"WebPage","@id":"https:\/\/ibvmunngo.org\/de\/ibvm-cj-at-the-un\/kooperationen\/","url":"https:\/\/ibvmunngo.org\/de\/ibvm-cj-at-the-un\/kooperationen\/","name":"Kooperationen \u2013 Institut der Heiligen Jungfrau Maria \u2013 Loreto","isPartOf":{"@id":"https:\/\/ibvmunngo.org\/es\/#website"},"primaryImageOfPage":{"@id":"https:\/\/ibvmunngo.org\/de\/ibvm-cj-at-the-un\/kooperationen\/#primaryimage"},"image":{"@id":"https:\/\/ibvmunngo.org\/de\/ibvm-cj-at-the-un\/kooperationen\/#primaryimage"},"thumbnailUrl":"https:\/\/ibvmunngo.org\/wp-content\/uploads\/2020\/12\/Collaboration.jpeg","datePublished":"2020-12-28T21:39:48+00:00","dateModified":"2024-06-18T17:57:17+00:00","breadcrumb":{"@id":"https:\/\/ibvmunngo.org\/de\/ibvm-cj-at-the-un\/kooperationen\/#breadcrumb"},"inLanguage":"de","potentialAction":[{"@type":"ReadAction","target":["https:\/\/ibvmunngo.org\/de\/ibvm-cj-at-the-un\/kooperationen\/"]}]},{"@type":"ImageObject","inLanguage":"de","@id":"https:\/\/ibvmunngo.org\/de\/ibvm-cj-at-the-un\/kooperationen\/#primaryimage","url":"https:\/\/ibvmunngo.org\/wp-content\/uploads\/2020\/12\/Collaboration.jpeg","contentUrl":"https:\/\/ibvmunngo.org\/wp-content\/uploads\/2020\/12\/Collaboration.jpeg","width":900,"height":400},{"@type":"BreadcrumbList","@id":"https:\/\/ibvmunngo.org\/de\/ibvm-cj-at-the-un\/kooperationen\/#breadcrumb","itemListElement":[{"@type":"ListItem","position":1,"name":"Home","item":"https:\/\/ibvmunngo.org\/es\/"},{"@type":"ListItem","position":2,"name":"Privado: IBVM\/CJ at the UN","item":"https:\/\/ibvmunngo.org\/es\/?page_id=14500"},{"@type":"ListItem","position":3,"name":"Collaborations"}]},{"@type":"WebSite","@id":"https:\/\/ibvmunngo.org\/es\/#website","url":"https:\/\/ibvmunngo.org\/es\/","name":"Institut der Heiligen Jungfrau Maria \u2013 Loreto","description":"MIT ECOSOC BEI DEN VEREINTEN NATIONEN VERBUNDENE NGO","publisher":{"@id":"https:\/\/ibvmunngo.org\/es\/#organization"},"potentialAction":[{"@type":"SearchAction","target":{"@type":"EntryPoint","urlTemplate":"https:\/\/ibvmunngo.org\/es\/?s={search_term_string}"},"query-input":{"@type":"PropertyValueSpecification","valueRequired":true,"valueName":"search_term_string"}}],"inLanguage":"de"},{"@type":"Organization","@id":"https:\/\/ibvmunngo.org\/es\/#organization","name":"Institut der Heiligen Jungfrau Maria \u2013 Loreto","url":"https:\/\/ibvmunngo.org\/es\/","logo":{"@type":"ImageObject","inLanguage":"de","@id":"https:\/\/ibvmunngo.org\/es\/#\/schema\/logo\/image\/","url":"https:\/\/ibvmunngo.org\/wp-content\/uploads\/2020\/10\/Logo_IBVM_UN_1.png","contentUrl":"https:\/\/ibvmunngo.org\/wp-content\/uploads\/2020\/10\/Logo_IBVM_UN_1.png","width":200,"height":144,"caption":"Institute of the Blessed Virgin Mary \u2013 Loreto"},"image":{"@id":"https:\/\/ibvmunngo.org\/es\/#\/schema\/logo\/image\/"}}]}},"_links":{"self":[{"href":"https:\/\/ibvmunngo.org\/de\/wp-json\/wp\/v2\/pages\/4842","targetHints":{"allow":["GET"]}}],"collection":[{"href":"https:\/\/ibvmunngo.org\/de\/wp-json\/wp\/v2\/pages"}],"about":[{"href":"https:\/\/ibvmunngo.org\/de\/wp-json\/wp\/v2\/types\/page"}],"author":[{"embeddable":true,"href":"https:\/\/ibvmunngo.org\/de\/wp-json\/wp\/v2\/users\/6"}],"replies":[{"embeddable":true,"href":"https:\/\/ibvmunngo.org\/de\/wp-json\/wp\/v2\/comments?post=4842"}],"version-history":[{"count":5,"href":"https:\/\/ibvmunngo.org\/de\/wp-json\/wp\/v2\/pages\/4842\/revisions"}],"predecessor-version":[{"id":124958,"href":"https:\/\/ibvmunngo.org\/de\/wp-json\/wp\/v2\/pages\/4842\/revisions\/124958"}],"up":[{"embeddable":true,"href":"https:\/\/ibvmunngo.org\/de\/wp-json\/wp\/v2\/pages\/14500"}],"wp:featuredmedia":[{"embeddable":true,"href":"https:\/\/ibvmunngo.org\/de\/wp-json\/wp\/v2\/media\/4895"}],"wp:attachment":[{"href":"https:\/\/ibvmunngo.org\/de\/wp-json\/wp\/v2\/media?parent=4842"}],"curies":[{"name":"wp","href":"https:\/\/api.w.org\/{rel}","templated":true}]}}