{"id":1912,"date":"2019-05-03T19:14:53","date_gmt":"2019-05-03T19:14:53","guid":{"rendered":"http:\/\/ibvmunngo.org\/?page_id=1912"},"modified":"2024-10-27T03:53:15","modified_gmt":"2024-10-27T03:53:15","slug":"estado-de-la-mision","status":"publish","type":"page","link":"https:\/\/ibvmunngo.org\/es\/acerca-de\/estado-de-la-mision\/","title":{"rendered":"Nuestra misi\u00f3n"},"content":{"rendered":"<div data-elementor-type=\"wp-page\" data-elementor-id=\"1912\" class=\"elementor elementor-1912\" data-elementor-post-type=\"page\">\n\t\t\t\t\t\t<section class=\"elementor-section elementor-top-section elementor-element elementor-element-134ed79 elementor-section-boxed elementor-section-height-default elementor-section-height-default\" data-id=\"134ed79\" data-element_type=\"section\" data-e-type=\"section\">\n\t\t\t\t\t\t<div class=\"elementor-container elementor-column-gap-default\">\n\t\t\t\t\t<div class=\"elementor-column elementor-col-100 elementor-top-column elementor-element elementor-element-07d17db\" data-id=\"07d17db\" data-element_type=\"column\" data-e-type=\"column\">\n\t\t\t<div class=\"elementor-widget-wrap elementor-element-populated\">\n\t\t\t\t\t\t<div class=\"elementor-element elementor-element-64e3a0f elementor-blockquote--skin-quotation elementor-blockquote--align-center elementor-blockquote--button-view-icon-text elementor-blockquote--button-skin-classic elementor-widget elementor-widget-blockquote\" data-id=\"64e3a0f\" data-element_type=\"widget\" data-e-type=\"widget\" data-widget_type=\"blockquote.default\">\n\t\t\t\t<div class=\"elementor-widget-container\">\n\t\t\t\t\t\t\t<blockquote class=\"elementor-blockquote\">\n\t\t\t<p class=\"elementor-blockquote__content\">\n\t\t\t\t<span style=\"white-space: normal\">El Instituto de la Sant\u00edsima Virgen Mar\u00eda (IBVM) y la Congregaci\u00f3n de Jes\u00fas (CJ) est\u00e1n presentes en las Naciones Unidas (ONU) para promover un mundo m\u00e1s humano, justo y sostenible.<\/span>\t\t\t<\/p>\n\t\t\t\t\t\t\t<div class=\"e-q-footer\">\n\t\t\t\t\t\t\t\t\t\t\t<cite class=\"elementor-blockquote__author\">Declaraci\u00f3n de misi\u00f3n de la ONG IBVM \/ CJ<\/cite>\n\t\t\t\t\t\t\t\t\t\t\t\t\t\t\t\t<a href=\"https:\/\/twitter.com\/intent\/tweet?text=%3Cspan+style%3D%22caret-color%3A+rgb%28239%2C+154%2C+41%29%3B+color%3A+rgb%28239%2C+154%2C+41%29%3B+white-space%3A+normal%3B%22%3EEl+Instituto+de+la+Sant%C3%ADsima+Virgen+Mar%C3%ADa+%28IBVM%29+y+la+Congregaci%C3%B3n+de+Jes%C3%BAs+%28CJ%29+est%C3%A1n+presentes+en+las+Naciones+Unidas+%28ONU%29+para+promover+un+mundo+m%C3%A1s+humano%2C+justo+y+sostenible.%3C%2Fspan%3E+%E2%80%94+Declaraci%C3%B3n+de+misi%C3%B3n+de+la+ONG+IBVM+%2F+CJ&amp;url=https%3A%2F%2Fibvmunngo.org%2Fes%2Fwp-json%2Fwp%2Fv2%2Fpages%2F1912\" class=\"elementor-blockquote__tweet-button\" target=\"_blank\">\n\t\t\t\t\t\t\t\t\t\t\t\t\t\t\t<i aria-hidden=\"true\" class=\"fab fa-twitter\"><\/i>\t\t\t\t\t\t\t\t\t\t\t\t\t\t\t\t\t\t\t\t\t\t\t\t\t\t\t\t\t\t<span class=\"elementor-blockquote__tweet-label\">P\u00edo<\/span>\n\t\t\t\t\t\t\t\t\t\t\t\t\t<\/a>\n\t\t\t\t\t\t\t\t\t<\/div>\n\t\t\t\t\t<\/blockquote>\n\t\t\t\t\t\t<\/div>\n\t\t\t\t<\/div>\n\t\t\t\t\t<\/div>\n\t\t<\/div>\n\t\t\t\t\t<\/div>\n\t\t<\/section>\n\t\t\t\t<section class=\"elementor-section elementor-top-section elementor-element elementor-element-539b9486 elementor-section-boxed elementor-section-height-default elementor-section-height-default\" data-id=\"539b9486\" data-element_type=\"section\" data-e-type=\"section\">\n\t\t\t\t\t\t<div class=\"elementor-container elementor-column-gap-default\">\n\t\t\t\t\t<div class=\"elementor-column elementor-col-100 elementor-top-column elementor-element elementor-element-7b1ca4e4\" data-id=\"7b1ca4e4\" data-element_type=\"column\" data-e-type=\"column\">\n\t\t\t<div class=\"elementor-widget-wrap elementor-element-populated\">\n\t\t\t\t\t\t<div class=\"elementor-element elementor-element-1a48578 elementor-widget elementor-widget-text-editor\" data-id=\"1a48578\" data-element_type=\"widget\" data-e-type=\"widget\" data-widget_type=\"text-editor.default\">\n\t\t\t\t<div class=\"elementor-widget-container\">\n\t\t\t\t\t\t\t\t\t<h4>Nuestro prop\u00f3sito<\/h4><p class=\"p1\">Somos una organizaci\u00f3n religiosa que trabaja en colaboraci\u00f3n con otras organizaciones de la sociedad civil (OSC \/ ONG), agencias de la ONU y estados miembros para desafiar las injusticias y las estructuras injustas aportando los conocimientos de las personas con las que trabajamos y vivimos, especialmente los m\u00e1s marginados. , en la ONU. Nuestro enfoque est\u00e1 principalmente en Mujeres y Ni\u00f1as en el contexto del Desarrollo Social, Desarrollo Sostenible y Derechos Humanos.<\/p><p class=\"p1\">Los Objetivos de Desarrollo Sostenible (ODS) proporcionan un marco cohesivo para nuestro ministerio y centramos nuestras energ\u00edas en la educaci\u00f3n, la concienciaci\u00f3n y la promoci\u00f3n. Las \u00e1reas espec\u00edficas de participaci\u00f3n son:<\/p><ul><li>Equidad de g\u00e9nero<\/li><li>Eliminaci\u00f3n de la violencia de g\u00e9nero<\/li><li>Erradicaci\u00f3n de la pobreza<\/li><li>Acceso a educaci\u00f3n y salud de calidad<\/li><li>Eliminaci\u00f3n de la trata de personas<\/li><li>Cuidado del medio ambiente<\/li><li>Financiamiento para el desarrollo<\/li><\/ul><p class=\"p1\">Transformados por el Evangelio y guiados por la visi\u00f3n de nuestra fundadora Mary Ward, las Ense\u00f1anzas Sociales Cat\u00f3licas y nuestros valores fundamentales de Justicia, Verdad, Libertad, Sinceridad y Felicidad sustentan todo nuestro trabajo.<\/p><h4>Nuestras metas<\/h4><p class=\"p1\"><span style=\"color: #ff9900;\"><strong>Objetivo 1: Para fortalecer y mejorar la promoci\u00f3n y colaboraci\u00f3n de IBVM \/ CJ en la ONU a trav\u00e9s del estatus ECOSOC y DGC, nosotros:<\/strong><\/span><\/p><p class=\"p1\">1.1. Fortalecer nuestro impacto como miembro del ECOSOC llevando las preocupaciones y las voces de las personas con las que trabajamos y vivimos, especialmente los m\u00e1s marginados.<\/p><p class=\"p1\">1.2. Resalte la experiencia y los conocimientos sobre el terreno en nuestros temas prioritarios.<\/p><p class=\"p1\">1.3. Crear posibilidades para invitar y traer a personas, especialmente mujeres y ni\u00f1as, que se ven directamente afectadas, para hablar en eventos de la ONU.<\/p><p class=\"p1\">1.4. Tener membres\u00eda en los principales grupos, comit\u00e9s y coaliciones de ONG relevantes y colaborar con otras OSC \/ ONG para abogar \/ cabildear sobre preocupaciones y problemas compartidos.<\/p><p class=\"p1\"><span style=\"color: #ff9900;\"><strong>Objetivo 2: Fortalecer y mejorar la promoci\u00f3n y el compromiso de la red IBVM \/ CJ con\u00a0<\/strong><strong>Procesos de la ONU, nosotros:<\/strong><\/span><\/p><p class=\"p2\">2.1 Colaborar con los representantes provinciales de las Naciones Unidas y otras redes para involucrar a los miembros en la participaci\u00f3n en los procesos, conferencias, comisiones y actividades relacionadas de las Naciones Unidas.<\/p><p class=\"p2\">2.2 Invitar a los miembros de la red a que proporcionen conocimientos especializados, comentarios y experiencia sobre el terreno sobre cuestiones de importancia mundial y la implementaci\u00f3n nacional de los tratados, protocolos y acuerdos de las Naciones Unidas.<\/p><p class=\"p2\">2.3 Invitar y fomentar experiencias de inmersi\u00f3n para miembros y colegas de IBVM \/ CJ.<\/p><p class=\"p2\">2.4 Involucrar al liderazgo provincial para fortalecer y mejorar las estructuras de apoyo a nivel provincial \/ regional.<\/p><p class=\"p2\">2.5 Fomentar y ofrecer oportunidades para que la red de j\u00f3venes se involucre en los procesos y eventos de la ONU.<\/p><p class=\"p1\"><span style=\"color: #ff9900;\"><strong>Objetivo 3: Animar la red IBVM \/ CJ para promover y defender la sostenibilidad <\/strong><strong>Objetivos de Desarrollo (ODS) y Derechos Humanos (HR), vamos a:<\/strong><\/span><\/p><p class=\"p2\"><span class=\"s1\">3.1 <\/span>Anime a las redes globales IBVM \/ CJ de ministerios e intereses similares a asociarse y colaborar.<\/p><p class=\"p2\"><span class=\"s1\">3.2 <\/span>Fomentar las actividades de sensibilizaci\u00f3n y la promoci\u00f3n de los ODS y los derechos humanos por parte de los miembros y colaboradores de la red.<\/p><p class=\"p2\"><span class=\"s1\">3.3 <\/span>Capacitar, alentar y apoyar a la red para abogar a nivel local, nacional y mundial.<\/p><p class=\"p2\"><span class=\"s1\">3.4 <\/span>Desarrollar conexiones y asociaciones con las oficinas de Mary Ward JPIC y Mary Ward International sobre objetivos comunes identificados vinculados a los ODS y los recursos humanos.<\/p><p class=\"p1\"><span style=\"color: #ff9900;\"><strong>Objetivo 4: Comunicarnos con la red IBVM \/ CJ sobre el trabajo de las ONG de la ONU IBVM \/ CJ, <\/strong><strong>voluntad:<\/strong><\/span><\/p><p class=\"p2\">4.1. Crear y distribuir actualizaciones de la ONU para educar a las comunidades IBVM \/ CJ y la red global sobre el trabajo de la ONU y la contribuci\u00f3n de la red.<\/p><p class=\"p2\">4.2. Comparta estrat\u00e9gicamente informaci\u00f3n relevante de la ONU con la red.<\/p><p class=\"p2\">4.3. Mejorar un sistema de comunicaci\u00f3n m\u00faltiple optimizado para involucrar a todos los grupos de inter\u00e9s dentro de la red m\u00e1s amplia de IBVM \/ CJ con los procesos y actividades de la ONU.<\/p><p class=\"p2\">4.4. Alentar a los miembros y colaboradores a utilizar varias plataformas de comunicaci\u00f3n para educar, crear conciencia y promover dentro de los pa\u00edses.<\/p><p class=\"p2\"><span class=\"s1\">4.5. <\/span>Organice seminarios web sobre problemas globales y procesos de la ONU en colaboraci\u00f3n con los representantes provinciales de la ONU, Mary Ward JPIC y la red en general.<\/p>\t\t\t\t\t\t\t\t<\/div>\n\t\t\t\t<\/div>\n\t\t\t\t\t<\/div>\n\t\t<\/div>\n\t\t\t\t\t<\/div>\n\t\t<\/section>\n\t\t\t\t<\/div>","protected":false},"excerpt":{"rendered":"<p>The Institute of the Blessed Virgin Mary (IBVM) and the Congregation of Jesus (CJ) are present at the United Nations (UN) to promote a more humane, just and sustainable world. IBVM\/CJ NGO Mission Statement Tweet Our Purpose We are a faith-based organization working in collaboration with other civil society organizations (CSOs\/NGOs), UN agencies and member [&hellip;]<\/p>\n","protected":false},"author":11,"featured_media":125451,"parent":2720,"menu_order":0,"comment_status":"closed","ping_status":"closed","template":"","meta":{"footnotes":""},"class_list":["post-1912","page","type-page","status-publish","has-post-thumbnail","hentry"],"yoast_head":"<!-- This site is optimized with the Yoast SEO plugin v27.3 - https:\/\/yoast.com\/product\/yoast-seo-wordpress\/ -->\n<title>Our Mission - Institute of the Blessed Virgin Mary \u2013 Loreto<\/title>\n<meta name=\"robots\" content=\"index, follow, max-snippet:-1, max-image-preview:large, max-video-preview:-1\" \/>\n<link rel=\"canonical\" href=\"https:\/\/ibvmunngo.org\/es\/acerca-de\/estado-de-la-mision\/\" \/>\n<meta property=\"og:locale\" content=\"es_ES\" \/>\n<meta property=\"og:type\" content=\"article\" \/>\n<meta property=\"og:title\" content=\"Our Mission - Institute of the Blessed Virgin Mary \u2013 Loreto\" \/>\n<meta property=\"og:description\" content=\"The Institute of the Blessed Virgin Mary (IBVM) and the Congregation of Jesus (CJ) are present at the United Nations (UN) to promote a more humane, just and sustainable world. IBVM\/CJ NGO Mission Statement Tweet Our Purpose We are a faith-based organization working in collaboration with other civil society organizations (CSOs\/NGOs), UN agencies and member [&hellip;]\" \/>\n<meta property=\"og:url\" content=\"https:\/\/ibvmunngo.org\/es\/acerca-de\/estado-de-la-mision\/\" \/>\n<meta property=\"og:site_name\" content=\"Institute of the Blessed Virgin Mary \u2013 Loreto\" \/>\n<meta property=\"article:modified_time\" content=\"2024-10-27T03:53:15+00:00\" \/>\n<meta property=\"og:image\" content=\"https:\/\/ibvmunngo.org\/wp-content\/uploads\/2024\/10\/OurMission.png\" \/>\n\t<meta property=\"og:image:width\" content=\"900\" \/>\n\t<meta property=\"og:image:height\" content=\"400\" \/>\n\t<meta property=\"og:image:type\" content=\"image\/png\" \/>\n<meta name=\"twitter:card\" content=\"summary_large_image\" \/>\n<meta name=\"twitter:label1\" content=\"Tiempo de lectura\" \/>\n\t<meta name=\"twitter:data1\" content=\"3 minutos\" \/>\n<script type=\"application\/ld+json\" class=\"yoast-schema-graph\">{\"@context\":\"https:\\\/\\\/schema.org\",\"@graph\":[{\"@type\":\"WebPage\",\"@id\":\"https:\\\/\\\/ibvmunngo.org\\\/about\\\/mission-statement\\\/\",\"url\":\"https:\\\/\\\/ibvmunngo.org\\\/about\\\/mission-statement\\\/\",\"name\":\"Our Mission - Institute of the Blessed Virgin Mary \u2013 Loreto\",\"isPartOf\":{\"@id\":\"https:\\\/\\\/ibvmunngo.org\\\/es\\\/#website\"},\"primaryImageOfPage\":{\"@id\":\"https:\\\/\\\/ibvmunngo.org\\\/about\\\/mission-statement\\\/#primaryimage\"},\"image\":{\"@id\":\"https:\\\/\\\/ibvmunngo.org\\\/about\\\/mission-statement\\\/#primaryimage\"},\"thumbnailUrl\":\"https:\\\/\\\/ibvmunngo.org\\\/wp-content\\\/uploads\\\/2024\\\/10\\\/OurMission.png\",\"datePublished\":\"2019-05-03T19:14:53+00:00\",\"dateModified\":\"2024-10-27T03:53:15+00:00\",\"breadcrumb\":{\"@id\":\"https:\\\/\\\/ibvmunngo.org\\\/about\\\/mission-statement\\\/#breadcrumb\"},\"inLanguage\":\"es\",\"potentialAction\":[{\"@type\":\"ReadAction\",\"target\":[\"https:\\\/\\\/ibvmunngo.org\\\/about\\\/mission-statement\\\/\"]}]},{\"@type\":\"ImageObject\",\"inLanguage\":\"es\",\"@id\":\"https:\\\/\\\/ibvmunngo.org\\\/about\\\/mission-statement\\\/#primaryimage\",\"url\":\"https:\\\/\\\/ibvmunngo.org\\\/wp-content\\\/uploads\\\/2024\\\/10\\\/OurMission.png\",\"contentUrl\":\"https:\\\/\\\/ibvmunngo.org\\\/wp-content\\\/uploads\\\/2024\\\/10\\\/OurMission.png\",\"width\":900,\"height\":400},{\"@type\":\"BreadcrumbList\",\"@id\":\"https:\\\/\\\/ibvmunngo.org\\\/about\\\/mission-statement\\\/#breadcrumb\",\"itemListElement\":[{\"@type\":\"ListItem\",\"position\":1,\"name\":\"Home\",\"item\":\"https:\\\/\\\/ibvmunngo.org\\\/es\\\/\"},{\"@type\":\"ListItem\",\"position\":2,\"name\":\"About us\",\"item\":\"https:\\\/\\\/ibvmunngo.org\\\/about\\\/\"},{\"@type\":\"ListItem\",\"position\":3,\"name\":\"Our Mission\"}]},{\"@type\":\"WebSite\",\"@id\":\"https:\\\/\\\/ibvmunngo.org\\\/es\\\/#website\",\"url\":\"https:\\\/\\\/ibvmunngo.org\\\/es\\\/\",\"name\":\"Institute of the Blessed Virgin Mary \u2013 Loreto\",\"description\":\"NGO ASSOCIATED WITH ECOSOC AT THE UNITED NATIONS\",\"publisher\":{\"@id\":\"https:\\\/\\\/ibvmunngo.org\\\/es\\\/#organization\"},\"potentialAction\":[{\"@type\":\"SearchAction\",\"target\":{\"@type\":\"EntryPoint\",\"urlTemplate\":\"https:\\\/\\\/ibvmunngo.org\\\/es\\\/?s={search_term_string}\"},\"query-input\":{\"@type\":\"PropertyValueSpecification\",\"valueRequired\":true,\"valueName\":\"search_term_string\"}}],\"inLanguage\":\"es\"},{\"@type\":\"Organization\",\"@id\":\"https:\\\/\\\/ibvmunngo.org\\\/es\\\/#organization\",\"name\":\"Institute of the Blessed Virgin Mary \u2013 Loreto\",\"url\":\"https:\\\/\\\/ibvmunngo.org\\\/es\\\/\",\"logo\":{\"@type\":\"ImageObject\",\"inLanguage\":\"es\",\"@id\":\"https:\\\/\\\/ibvmunngo.org\\\/es\\\/#\\\/schema\\\/logo\\\/image\\\/\",\"url\":\"https:\\\/\\\/ibvmunngo.org\\\/wp-content\\\/uploads\\\/2020\\\/10\\\/Logo_IBVM_UN_1.png\",\"contentUrl\":\"https:\\\/\\\/ibvmunngo.org\\\/wp-content\\\/uploads\\\/2020\\\/10\\\/Logo_IBVM_UN_1.png\",\"width\":200,\"height\":144,\"caption\":\"Institute of the Blessed Virgin Mary \u2013 Loreto\"},\"image\":{\"@id\":\"https:\\\/\\\/ibvmunngo.org\\\/es\\\/#\\\/schema\\\/logo\\\/image\\\/\"}}]}<\/script>\n<!-- \/ Yoast SEO plugin. -->","yoast_head_json":{"title":"Nuestra Misi\u00f3n - Instituto de la Sant\u00edsima Virgen Mar\u00eda \u2013 Loreto","robots":{"index":"index","follow":"follow","max-snippet":"max-snippet:-1","max-image-preview":"max-image-preview:large","max-video-preview":"max-video-preview:-1"},"canonical":"https:\/\/ibvmunngo.org\/es\/acerca-de\/estado-de-la-mision\/","og_locale":"es_ES","og_type":"article","og_title":"Our Mission - Institute of the Blessed Virgin Mary \u2013 Loreto","og_description":"The Institute of the Blessed Virgin Mary (IBVM) and the Congregation of Jesus (CJ) are present at the United Nations (UN) to promote a more humane, just and sustainable world. IBVM\/CJ NGO Mission Statement Tweet Our Purpose We are a faith-based organization working in collaboration with other civil society organizations (CSOs\/NGOs), UN agencies and member [&hellip;]","og_url":"https:\/\/ibvmunngo.org\/es\/acerca-de\/estado-de-la-mision\/","og_site_name":"Institute of the Blessed Virgin Mary \u2013 Loreto","article_modified_time":"2024-10-27T03:53:15+00:00","og_image":[{"width":900,"height":400,"url":"https:\/\/ibvmunngo.org\/wp-content\/uploads\/2024\/10\/OurMission.png","type":"image\/png"}],"twitter_card":"summary_large_image","twitter_misc":{"Tiempo de lectura":"3 minutos"},"schema":{"@context":"https:\/\/schema.org","@graph":[{"@type":"WebPage","@id":"https:\/\/ibvmunngo.org\/about\/mission-statement\/","url":"https:\/\/ibvmunngo.org\/about\/mission-statement\/","name":"Nuestra Misi\u00f3n - Instituto de la Sant\u00edsima Virgen Mar\u00eda \u2013 Loreto","isPartOf":{"@id":"https:\/\/ibvmunngo.org\/es\/#website"},"primaryImageOfPage":{"@id":"https:\/\/ibvmunngo.org\/about\/mission-statement\/#primaryimage"},"image":{"@id":"https:\/\/ibvmunngo.org\/about\/mission-statement\/#primaryimage"},"thumbnailUrl":"https:\/\/ibvmunngo.org\/wp-content\/uploads\/2024\/10\/OurMission.png","datePublished":"2019-05-03T19:14:53+00:00","dateModified":"2024-10-27T03:53:15+00:00","breadcrumb":{"@id":"https:\/\/ibvmunngo.org\/about\/mission-statement\/#breadcrumb"},"inLanguage":"es","potentialAction":[{"@type":"ReadAction","target":["https:\/\/ibvmunngo.org\/about\/mission-statement\/"]}]},{"@type":"ImageObject","inLanguage":"es","@id":"https:\/\/ibvmunngo.org\/about\/mission-statement\/#primaryimage","url":"https:\/\/ibvmunngo.org\/wp-content\/uploads\/2024\/10\/OurMission.png","contentUrl":"https:\/\/ibvmunngo.org\/wp-content\/uploads\/2024\/10\/OurMission.png","width":900,"height":400},{"@type":"BreadcrumbList","@id":"https:\/\/ibvmunngo.org\/about\/mission-statement\/#breadcrumb","itemListElement":[{"@type":"ListItem","position":1,"name":"Home","item":"https:\/\/ibvmunngo.org\/es\/"},{"@type":"ListItem","position":2,"name":"About us","item":"https:\/\/ibvmunngo.org\/about\/"},{"@type":"ListItem","position":3,"name":"Our Mission"}]},{"@type":"WebSite","@id":"https:\/\/ibvmunngo.org\/es\/#website","url":"https:\/\/ibvmunngo.org\/es\/","name":"Instituto de la Sant\u00edsima Virgen Mar\u00eda - Loreto","description":"ONG ASOCIADA CON ECOSOC EN LAS NACIONES UNIDAS","publisher":{"@id":"https:\/\/ibvmunngo.org\/es\/#organization"},"potentialAction":[{"@type":"SearchAction","target":{"@type":"EntryPoint","urlTemplate":"https:\/\/ibvmunngo.org\/es\/?s={search_term_string}"},"query-input":{"@type":"PropertyValueSpecification","valueRequired":true,"valueName":"search_term_string"}}],"inLanguage":"es"},{"@type":"Organization","@id":"https:\/\/ibvmunngo.org\/es\/#organization","name":"Instituto de la Sant\u00edsima Virgen Mar\u00eda - Loreto","url":"https:\/\/ibvmunngo.org\/es\/","logo":{"@type":"ImageObject","inLanguage":"es","@id":"https:\/\/ibvmunngo.org\/es\/#\/schema\/logo\/image\/","url":"https:\/\/ibvmunngo.org\/wp-content\/uploads\/2020\/10\/Logo_IBVM_UN_1.png","contentUrl":"https:\/\/ibvmunngo.org\/wp-content\/uploads\/2020\/10\/Logo_IBVM_UN_1.png","width":200,"height":144,"caption":"Institute of the Blessed Virgin Mary \u2013 Loreto"},"image":{"@id":"https:\/\/ibvmunngo.org\/es\/#\/schema\/logo\/image\/"}}]}},"_links":{"self":[{"href":"https:\/\/ibvmunngo.org\/es\/wp-json\/wp\/v2\/pages\/1912","targetHints":{"allow":["GET"]}}],"collection":[{"href":"https:\/\/ibvmunngo.org\/es\/wp-json\/wp\/v2\/pages"}],"about":[{"href":"https:\/\/ibvmunngo.org\/es\/wp-json\/wp\/v2\/types\/page"}],"author":[{"embeddable":true,"href":"https:\/\/ibvmunngo.org\/es\/wp-json\/wp\/v2\/users\/11"}],"replies":[{"embeddable":true,"href":"https:\/\/ibvmunngo.org\/es\/wp-json\/wp\/v2\/comments?post=1912"}],"version-history":[{"count":1,"href":"https:\/\/ibvmunngo.org\/es\/wp-json\/wp\/v2\/pages\/1912\/revisions"}],"predecessor-version":[{"id":125452,"href":"https:\/\/ibvmunngo.org\/es\/wp-json\/wp\/v2\/pages\/1912\/revisions\/125452"}],"up":[{"embeddable":true,"href":"https:\/\/ibvmunngo.org\/es\/wp-json\/wp\/v2\/pages\/2720"}],"wp:featuredmedia":[{"embeddable":true,"href":"https:\/\/ibvmunngo.org\/es\/wp-json\/wp\/v2\/media\/125451"}],"wp:attachment":[{"href":"https:\/\/ibvmunngo.org\/es\/wp-json\/wp\/v2\/media?parent=1912"}],"curies":[{"name":"wp","href":"https:\/\/api.w.org\/{rel}","templated":true}]}}