{"id":2420,"date":"2019-05-29T15:08:43","date_gmt":"2019-05-29T15:08:43","guid":{"rendered":"http:\/\/ibvmunngo.org\/?page_id=2420"},"modified":"2019-05-29T15:08:43","modified_gmt":"2019-05-29T15:08:43","slug":"asuntos","status":"publish","type":"page","link":"https:\/\/ibvmunngo.org\/es\/asuntos\/","title":{"rendered":"Asuntos"},"content":{"rendered":"<p>\t\t\t\tHaga clic en cualquier tema para ver los \u00faltimos art\u00edculos, informes y declaraciones de IBVM. Alternativamente, puede mantenerse actualizado suscribi\u00e9ndose a nuestro bolet\u00edn en la parte inferior de la p\u00e1gina.<\/p>\n<ul>\n<li><a href=\"http:\/\/ibvmunngo.org\/es\/etiqueta\/ciudadania-global\/\">Ciudadania global<\/a><\/li>\n<li><a href=\"http:\/\/ibvmunngo.org\/es\/etiqueta\/women\/\">Las mujeres y las ni\u00f1as<\/a><\/li>\n<li><a href=\"http:\/\/ibvmunngo.org\/es\/etiqueta\/derechos-humanos\/\">Derechos humanos<\/a><\/li>\n<li><a href=\"http:\/\/ibvmunngo.org\/es\/etiqueta\/energia\/\">Energ\u00eda sostenible<\/a><\/li>\n<li><a href=\"http:\/\/ibvmunngo.org\/es\/etiqueta\/desarrollo-social\/\">Desarrollo Social<\/a><\/li>\n<li><a style=\"font-size: 1.125rem;\" href=\"http:\/\/ibvmunngo.org\/es\/etiqueta\/finance\/\">Financiaci\u00f3n para el desarrollo<\/a><\/li>\n<li><a href=\"http:\/\/ibvmunngo.org\/es\/etiqueta\/hlpf\/\">Foro Pol\u00edtico de Alto Nivel<\/a><\/li>\n<li><a style=\"font-size: 1.125rem;\" href=\"http:\/\/ibvmunngo.org\/es\/etiqueta\/medioambiente\/\">Medio Ambiente \/ Cambio Clim\u00e1tico<\/a><\/li>\n<li><a href=\"http:\/\/ibvmunngo.org\/es\/etiqueta\/salud\/\">Salud<\/a><\/li>\n<li><a href=\"http:\/\/ibvmunngo.org\/es\/etiqueta\/trata-de-personas\/\"><span style=\"font-size: 1.125rem;\">Trata de personas<\/span><\/a><\/li>\n<li><a href=\"http:\/\/ibvmunngo.org\/es\/etiqueta\/conciencia\/\">Sensibilizaci\u00f3n<\/a><\/li>\n<\/ul>","protected":false},"excerpt":{"rendered":"<p>Haga clic en cualquier tema para ver los \u00faltimos art\u00edculos, informes y declaraciones de IBVM. Alternativamente, puede mantenerse actualizado suscribi\u00e9ndose a nuestro bolet\u00edn en la parte inferior de la p\u00e1gina. Ciudadan\u00eda Global Mujeres y Ni\u00f1as Derechos Humanos Energ\u00eda Sostenible Desarrollo Social Financiamiento para el Desarrollo Foro Pol\u00edtico de Alto Nivel Medio Ambiente \/ Cambio Clim\u00e1tico Salud Trata de Personas Concientizaci\u00f3n<\/p>","protected":false},"author":11,"featured_media":0,"parent":0,"menu_order":0,"comment_status":"closed","ping_status":"closed","template":"","meta":{"footnotes":""},"class_list":["post-2420","page","type-page","status-publish","hentry"],"yoast_head":"<!-- This site is optimized with the Yoast SEO plugin v27.3 - https:\/\/yoast.com\/product\/yoast-seo-wordpress\/ -->\n<title>Issues - Institute of the Blessed Virgin Mary \u2013 Loreto<\/title>\n<meta name=\"robots\" content=\"index, follow, max-snippet:-1, max-image-preview:large, max-video-preview:-1\" \/>\n<link rel=\"canonical\" href=\"https:\/\/ibvmunngo.org\/es\/asuntos\/\" \/>\n<meta property=\"og:locale\" content=\"es_ES\" \/>\n<meta property=\"og:type\" content=\"article\" \/>\n<meta property=\"og:title\" content=\"Issues - Institute of the Blessed Virgin Mary \u2013 Loreto\" \/>\n<meta property=\"og:description\" content=\"Please click on any issue to see IBVM&#8217;s latest articles, reports and statements.&nbsp;Alternatively, you can keep updated by subscribing to our newsletter at the bottom of the page. Global Citizenship Women and Girls Human Rights Sustainable Energy Social Development Financing for Development High Level Political Forum Environment \/ Climate Change Health Human Trafficking Awareness Raising\" \/>\n<meta property=\"og:url\" content=\"https:\/\/ibvmunngo.org\/es\/asuntos\/\" \/>\n<meta property=\"og:site_name\" content=\"Institute of the Blessed Virgin Mary \u2013 Loreto\" \/>\n<meta name=\"twitter:card\" content=\"summary_large_image\" \/>\n<script type=\"application\/ld+json\" class=\"yoast-schema-graph\">{\"@context\":\"https:\\\/\\\/schema.org\",\"@graph\":[{\"@type\":\"WebPage\",\"@id\":\"https:\\\/\\\/ibvmunngo.org\\\/issues\\\/\",\"url\":\"https:\\\/\\\/ibvmunngo.org\\\/issues\\\/\",\"name\":\"Issues - Institute of the Blessed Virgin Mary \u2013 Loreto\",\"isPartOf\":{\"@id\":\"https:\\\/\\\/ibvmunngo.org\\\/es\\\/#website\"},\"datePublished\":\"2019-05-29T15:08:43+00:00\",\"breadcrumb\":{\"@id\":\"https:\\\/\\\/ibvmunngo.org\\\/issues\\\/#breadcrumb\"},\"inLanguage\":\"es\",\"potentialAction\":[{\"@type\":\"ReadAction\",\"target\":[\"https:\\\/\\\/ibvmunngo.org\\\/issues\\\/\"]}]},{\"@type\":\"BreadcrumbList\",\"@id\":\"https:\\\/\\\/ibvmunngo.org\\\/issues\\\/#breadcrumb\",\"itemListElement\":[{\"@type\":\"ListItem\",\"position\":1,\"name\":\"Home\",\"item\":\"https:\\\/\\\/ibvmunngo.org\\\/es\\\/\"},{\"@type\":\"ListItem\",\"position\":2,\"name\":\"Issues\"}]},{\"@type\":\"WebSite\",\"@id\":\"https:\\\/\\\/ibvmunngo.org\\\/es\\\/#website\",\"url\":\"https:\\\/\\\/ibvmunngo.org\\\/es\\\/\",\"name\":\"Institute of the Blessed Virgin Mary \u2013 Loreto\",\"description\":\"NGO ASSOCIATED WITH ECOSOC AT THE UNITED NATIONS\",\"publisher\":{\"@id\":\"https:\\\/\\\/ibvmunngo.org\\\/es\\\/#organization\"},\"potentialAction\":[{\"@type\":\"SearchAction\",\"target\":{\"@type\":\"EntryPoint\",\"urlTemplate\":\"https:\\\/\\\/ibvmunngo.org\\\/es\\\/?s={search_term_string}\"},\"query-input\":{\"@type\":\"PropertyValueSpecification\",\"valueRequired\":true,\"valueName\":\"search_term_string\"}}],\"inLanguage\":\"es\"},{\"@type\":\"Organization\",\"@id\":\"https:\\\/\\\/ibvmunngo.org\\\/es\\\/#organization\",\"name\":\"Institute of the Blessed Virgin Mary \u2013 Loreto\",\"url\":\"https:\\\/\\\/ibvmunngo.org\\\/es\\\/\",\"logo\":{\"@type\":\"ImageObject\",\"inLanguage\":\"es\",\"@id\":\"https:\\\/\\\/ibvmunngo.org\\\/es\\\/#\\\/schema\\\/logo\\\/image\\\/\",\"url\":\"https:\\\/\\\/ibvmunngo.org\\\/wp-content\\\/uploads\\\/2020\\\/10\\\/Logo_IBVM_UN_1.png\",\"contentUrl\":\"https:\\\/\\\/ibvmunngo.org\\\/wp-content\\\/uploads\\\/2020\\\/10\\\/Logo_IBVM_UN_1.png\",\"width\":200,\"height\":144,\"caption\":\"Institute of the Blessed Virgin Mary \u2013 Loreto\"},\"image\":{\"@id\":\"https:\\\/\\\/ibvmunngo.org\\\/es\\\/#\\\/schema\\\/logo\\\/image\\\/\"}}]}<\/script>\n<!-- \/ Yoast SEO plugin. -->","yoast_head_json":{"title":"Temas - Instituto de la Sant\u00edsima Virgen Mar\u00eda \u2013 Loreto","robots":{"index":"index","follow":"follow","max-snippet":"max-snippet:-1","max-image-preview":"max-image-preview:large","max-video-preview":"max-video-preview:-1"},"canonical":"https:\/\/ibvmunngo.org\/es\/asuntos\/","og_locale":"es_ES","og_type":"article","og_title":"Issues - Institute of the Blessed Virgin Mary \u2013 Loreto","og_description":"Please click on any issue to see IBVM&#8217;s latest articles, reports and statements.&nbsp;Alternatively, you can keep updated by subscribing to our newsletter at the bottom of the page. Global Citizenship Women and Girls Human Rights Sustainable Energy Social Development Financing for Development High Level Political Forum Environment \/ Climate Change Health Human Trafficking Awareness Raising","og_url":"https:\/\/ibvmunngo.org\/es\/asuntos\/","og_site_name":"Institute of the Blessed Virgin Mary \u2013 Loreto","twitter_card":"summary_large_image","schema":{"@context":"https:\/\/schema.org","@graph":[{"@type":"WebPage","@id":"https:\/\/ibvmunngo.org\/issues\/","url":"https:\/\/ibvmunngo.org\/issues\/","name":"Temas - Instituto de la Sant\u00edsima Virgen Mar\u00eda \u2013 Loreto","isPartOf":{"@id":"https:\/\/ibvmunngo.org\/es\/#website"},"datePublished":"2019-05-29T15:08:43+00:00","breadcrumb":{"@id":"https:\/\/ibvmunngo.org\/issues\/#breadcrumb"},"inLanguage":"es","potentialAction":[{"@type":"ReadAction","target":["https:\/\/ibvmunngo.org\/issues\/"]}]},{"@type":"BreadcrumbList","@id":"https:\/\/ibvmunngo.org\/issues\/#breadcrumb","itemListElement":[{"@type":"ListItem","position":1,"name":"Home","item":"https:\/\/ibvmunngo.org\/es\/"},{"@type":"ListItem","position":2,"name":"Issues"}]},{"@type":"WebSite","@id":"https:\/\/ibvmunngo.org\/es\/#website","url":"https:\/\/ibvmunngo.org\/es\/","name":"Instituto de la Sant\u00edsima Virgen Mar\u00eda - Loreto","description":"ONG ASOCIADA CON ECOSOC EN LAS NACIONES UNIDAS","publisher":{"@id":"https:\/\/ibvmunngo.org\/es\/#organization"},"potentialAction":[{"@type":"SearchAction","target":{"@type":"EntryPoint","urlTemplate":"https:\/\/ibvmunngo.org\/es\/?s={search_term_string}"},"query-input":{"@type":"PropertyValueSpecification","valueRequired":true,"valueName":"search_term_string"}}],"inLanguage":"es"},{"@type":"Organization","@id":"https:\/\/ibvmunngo.org\/es\/#organization","name":"Instituto de la Sant\u00edsima Virgen Mar\u00eda - Loreto","url":"https:\/\/ibvmunngo.org\/es\/","logo":{"@type":"ImageObject","inLanguage":"es","@id":"https:\/\/ibvmunngo.org\/es\/#\/schema\/logo\/image\/","url":"https:\/\/ibvmunngo.org\/wp-content\/uploads\/2020\/10\/Logo_IBVM_UN_1.png","contentUrl":"https:\/\/ibvmunngo.org\/wp-content\/uploads\/2020\/10\/Logo_IBVM_UN_1.png","width":200,"height":144,"caption":"Institute of the Blessed Virgin Mary \u2013 Loreto"},"image":{"@id":"https:\/\/ibvmunngo.org\/es\/#\/schema\/logo\/image\/"}}]}},"_links":{"self":[{"href":"https:\/\/ibvmunngo.org\/es\/wp-json\/wp\/v2\/pages\/2420","targetHints":{"allow":["GET"]}}],"collection":[{"href":"https:\/\/ibvmunngo.org\/es\/wp-json\/wp\/v2\/pages"}],"about":[{"href":"https:\/\/ibvmunngo.org\/es\/wp-json\/wp\/v2\/types\/page"}],"author":[{"embeddable":true,"href":"https:\/\/ibvmunngo.org\/es\/wp-json\/wp\/v2\/users\/11"}],"replies":[{"embeddable":true,"href":"https:\/\/ibvmunngo.org\/es\/wp-json\/wp\/v2\/comments?post=2420"}],"version-history":[{"count":0,"href":"https:\/\/ibvmunngo.org\/es\/wp-json\/wp\/v2\/pages\/2420\/revisions"}],"wp:attachment":[{"href":"https:\/\/ibvmunngo.org\/es\/wp-json\/wp\/v2\/media?parent=2420"}],"curies":[{"name":"wp","href":"https:\/\/api.w.org\/{rel}","templated":true}]}}