{"id":4075,"date":"2020-12-17T19:18:14","date_gmt":"2020-12-17T19:18:14","guid":{"rendered":"https:\/\/ibvmunngo.org\/?page_id=4075"},"modified":"2024-10-27T02:25:00","modified_gmt":"2024-10-27T02:25:00","slug":"estructura","status":"publish","type":"page","link":"https:\/\/ibvmunngo.org\/es\/acerca-de\/estructura\/","title":{"rendered":"Estructura"},"content":{"rendered":"<div data-elementor-type=\"wp-page\" data-elementor-id=\"4075\" class=\"elementor elementor-4075\" data-elementor-post-type=\"page\">\n\t\t\t\t\t\t<section class=\"elementor-section elementor-top-section elementor-element elementor-element-53b3b98 elementor-section-boxed elementor-section-height-default elementor-section-height-default\" data-id=\"53b3b98\" data-element_type=\"section\" data-e-type=\"section\">\n\t\t\t\t\t\t<div class=\"elementor-container elementor-column-gap-default\">\n\t\t\t\t\t<div class=\"elementor-column elementor-col-50 elementor-top-column elementor-element elementor-element-28ecf48\" data-id=\"28ecf48\" data-element_type=\"column\" data-e-type=\"column\">\n\t\t\t<div class=\"elementor-widget-wrap elementor-element-populated\">\n\t\t\t\t\t\t<div class=\"elementor-element elementor-element-d1c2383 elementor-widget elementor-widget-image\" data-id=\"d1c2383\" data-element_type=\"widget\" data-e-type=\"widget\" data-widget_type=\"image.default\">\n\t\t\t\t<div class=\"elementor-widget-container\">\n\t\t\t\t\t\t\t\t\t\t\t\t\t\t\t<img decoding=\"async\" src=\"https:\/\/ibvmunngo.org\/wp-content\/uploads\/elementor\/thumbs\/Janet-qty2dswhp029xdsyqsfbviewxiveek7etvs3r3b88g.jpg\" title=\"rbtmdn\" alt=\"rbtmdn\" loading=\"lazy\" \/>\t\t\t\t\t\t\t\t\t\t\t\t\t\t\t<\/div>\n\t\t\t\t<\/div>\n\t\t\t\t\t<\/div>\n\t\t<\/div>\n\t\t\t\t<div class=\"elementor-column elementor-col-50 elementor-top-column elementor-element elementor-element-2485e61\" data-id=\"2485e61\" data-element_type=\"column\" data-e-type=\"column\">\n\t\t\t<div class=\"elementor-widget-wrap elementor-element-populated\">\n\t\t\t\t\t\t<div class=\"elementor-element elementor-element-c1de422 elementor-widget elementor-widget-text-editor\" data-id=\"c1de422\" data-element_type=\"widget\" data-e-type=\"widget\" data-widget_type=\"text-editor.default\">\n\t\t\t\t<div class=\"elementor-widget-container\">\n\t\t\t\t\t\t\t\t\t<p style=\"caret-color: #000000; color: #000000;\"><strong style=\"font-family: var( --e-global-typography-text-font-family ), 'Artegra Sans', Sans-serif; font-size: 1rem;\">Sor Janet Palafox ibvm -\u00a0<\/strong><span style=\"font-family: var( --e-global-typography-text-font-family ), 'Artegra Sans', Sans-serif; font-size: 1rem;\">Representante de ONG<\/span><\/p><p style=\"caret-color: #000000; color: #000000;\">Janet pertenece al Instituto de la Sant\u00edsima Virgen Mar\u00eda (IBVM). Tiene una licenciatura en comunicaciones y desarrollo internacional y fue la Directora de Mary Ward Per\u00fa hasta 2018. Antes de mudarse a Per\u00fa, Janet fue la Coordinadora Diocesana de Caritas Australia para la Arquidi\u00f3cesis de Perth, responsable de involucrar y animar a las parroquias y escuelas para apoyar su trabajo global. Tambi\u00e9n trabaj\u00f3 para una organizaci\u00f3n ben\u00e9fica cat\u00f3lica rural, donde fue responsable de establecer asociaciones entre comunidades rurales y remotas y organizaciones locales para apoyar a los estudiantes y mejorar sus resultados educativos. Janet tiene m\u00e1s de 16 a\u00f1os de experiencia en defensa, concientizaci\u00f3n y desarrollo comunitario. Ha formado parte de varios comit\u00e9s y foros a nivel local, nacional e internacional.<\/p>\t\t\t\t\t\t\t\t<\/div>\n\t\t\t\t<\/div>\n\t\t\t\t\t<\/div>\n\t\t<\/div>\n\t\t\t\t\t<\/div>\n\t\t<\/section>\n\t\t\t\t<section class=\"elementor-section elementor-top-section elementor-element elementor-element-2f5ea29c elementor-section-boxed elementor-section-height-default elementor-section-height-default\" data-id=\"2f5ea29c\" data-element_type=\"section\" data-e-type=\"section\">\n\t\t\t\t\t\t<div class=\"elementor-container elementor-column-gap-default\">\n\t\t\t\t\t<div class=\"elementor-column elementor-col-100 elementor-top-column elementor-element elementor-element-2a17ff74\" data-id=\"2a17ff74\" data-element_type=\"column\" data-e-type=\"column\">\n\t\t\t<div class=\"elementor-widget-wrap elementor-element-populated\">\n\t\t\t\t\t\t<div class=\"elementor-element elementor-element-73a76eb elementor-widget elementor-widget-text-editor\" data-id=\"73a76eb\" data-element_type=\"widget\" data-e-type=\"widget\" data-widget_type=\"text-editor.default\">\n\t\t\t\t<div class=\"elementor-widget-container\">\n\t\t\t\t\t\t\t\t\t<p>Un internacional <strong>Comite de prevencion<\/strong> y una red de <strong>Representantes de la ONU de la provincia de IBVM \/ CJ<\/strong> Apoyar a los representantes de las ONG en su trabajo. Tambi\u00e9n existen otras redes formadas debido a su \u00e1rea de trabajo com\u00fan. Estas son las <strong>Red contra la trata de personas<\/strong>,<strong>\u00a0<\/strong>y <strong>Red de ciudadan\u00eda global (educaci\u00f3n)<\/strong>.<\/p><p>El Comit\u00e9 Asesor brinda asesoramiento, orientaci\u00f3n y supervisi\u00f3n de la estrategia y el plan de trabajo de la ONG. Los representantes de la ONU de la provincia de IBVM \/ CJ proporcionan el enlace fundamental para la comunicaci\u00f3n entre los representantes de ONG en Nueva York y toda la red de IBVM \/ CJ. Junto con las redes de inter\u00e9s com\u00fan, tambi\u00e9n proporcionan informaci\u00f3n fundamental desde el terreno que informa nuestra defensa en la ONU.<\/p><p>La corriente <strong>Comite de prevencion<\/strong> los miembros son:<\/p><ul><li>Mary-Eileen Donovan y #8211; Presidente (Canad\u00e1)<\/li><li>Aarya Jha (Defensora de la Juventud, Nepal)<\/li><li>Annette Haseneder (Alemania)<\/li><li>Carlota Gayo (Defensora de la Juventud, Espa\u00f1a)<\/li><li>Flora Anthony IBVM (India)<\/li><li>Gazmir Memaj (Albania)<\/li><li>Greg Rogers (Canad\u00e1)<\/li><li>Heidi Cerneka (Estados Unidos)<\/li><li>Pauline Macharia IBVM (Coordinadora JPIC de Mary Ward, Kenia)<\/li><li>Smitha Muthu CJ (Nepal)<\/li><\/ul><p><em>Imagen destacada: Lauren Grant (pasante), Janet Palafox ibvm (representante de ONG de la ONU), Cecilia O&#039;Dwyer ibvm (anterior representante de ONG de la ONU), Evanne Hunter ibvm (ex representante de ONG de la ONU), Mary-Eileen Donovan (presidenta del Comit\u00e9 Asesor ), Smitha Muthu cj (Representante Provincial de las Naciones Unidas para Nepal y miembro del Comit\u00e9 Asesor) y Marta Santos (Representante Provincial de las Naciones Unidas para Espa\u00f1a) asistiendo a la Comisi\u00f3n sobre la Condici\u00f3n Jur\u00eddica y Social de la Mujer en Nueva York en 2024.<\/em><\/p>\t\t\t\t\t\t\t\t<\/div>\n\t\t\t\t<\/div>\n\t\t\t\t\t<\/div>\n\t\t<\/div>\n\t\t\t\t\t<\/div>\n\t\t<\/section>\n\t\t\t\t<\/div>","protected":false},"excerpt":{"rendered":"<p>Sr Janet Palafox ibvm \u2013\u00a0NGO Representative Janet belongs to the Institute of the Blessed Virgin Mary (IBVM). She has a degree in communications and international development and was the Director of Mary Ward Peru until 2018. Before moving to Peru, Janet was the Caritas Australia Diocesan Coordinator for the Archdiocese of Perth, responsible for engaging [&hellip;]<\/p>\n","protected":false},"author":1,"featured_media":125433,"parent":2720,"menu_order":0,"comment_status":"closed","ping_status":"closed","template":"","meta":{"footnotes":""},"class_list":["post-4075","page","type-page","status-publish","has-post-thumbnail","hentry"],"yoast_head":"<!-- This site is optimized with the Yoast SEO plugin v27.3 - https:\/\/yoast.com\/product\/yoast-seo-wordpress\/ -->\n<title>Structure - Institute of the Blessed Virgin Mary \u2013 Loreto<\/title>\n<meta name=\"robots\" content=\"index, follow, max-snippet:-1, max-image-preview:large, max-video-preview:-1\" \/>\n<link rel=\"canonical\" href=\"https:\/\/ibvmunngo.org\/es\/acerca-de\/estructura\/\" \/>\n<meta property=\"og:locale\" content=\"es_ES\" \/>\n<meta property=\"og:type\" content=\"article\" \/>\n<meta property=\"og:title\" content=\"Structure - Institute of the Blessed Virgin Mary \u2013 Loreto\" \/>\n<meta property=\"og:description\" content=\"Sr Janet Palafox ibvm \u2013\u00a0NGO Representative Janet belongs to the Institute of the Blessed Virgin Mary (IBVM). She has a degree in communications and international development and was the Director of Mary Ward Peru until 2018. Before moving to Peru, Janet was the Caritas Australia Diocesan Coordinator for the Archdiocese of Perth, responsible for engaging [&hellip;]\" \/>\n<meta property=\"og:url\" content=\"https:\/\/ibvmunngo.org\/es\/acerca-de\/estructura\/\" \/>\n<meta property=\"og:site_name\" content=\"Institute of the Blessed Virgin Mary \u2013 Loreto\" \/>\n<meta property=\"article:modified_time\" content=\"2024-10-27T02:25:00+00:00\" \/>\n<meta property=\"og:image\" content=\"https:\/\/ibvmunngo.org\/wp-content\/uploads\/2024\/10\/Website-Front-Page-3.png\" \/>\n\t<meta property=\"og:image:width\" content=\"900\" \/>\n\t<meta property=\"og:image:height\" content=\"400\" \/>\n\t<meta property=\"og:image:type\" content=\"image\/png\" \/>\n<meta name=\"twitter:card\" content=\"summary_large_image\" \/>\n<meta name=\"twitter:label1\" content=\"Tiempo de lectura\" \/>\n\t<meta name=\"twitter:data1\" content=\"2 minutos\" \/>\n<script type=\"application\/ld+json\" class=\"yoast-schema-graph\">{\"@context\":\"https:\\\/\\\/schema.org\",\"@graph\":[{\"@type\":\"WebPage\",\"@id\":\"https:\\\/\\\/ibvmunngo.org\\\/about\\\/structure\\\/\",\"url\":\"https:\\\/\\\/ibvmunngo.org\\\/about\\\/structure\\\/\",\"name\":\"Structure - Institute of the Blessed Virgin Mary \u2013 Loreto\",\"isPartOf\":{\"@id\":\"https:\\\/\\\/ibvmunngo.org\\\/es\\\/#website\"},\"primaryImageOfPage\":{\"@id\":\"https:\\\/\\\/ibvmunngo.org\\\/about\\\/structure\\\/#primaryimage\"},\"image\":{\"@id\":\"https:\\\/\\\/ibvmunngo.org\\\/about\\\/structure\\\/#primaryimage\"},\"thumbnailUrl\":\"https:\\\/\\\/ibvmunngo.org\\\/wp-content\\\/uploads\\\/2024\\\/10\\\/Website-Front-Page-3.png\",\"datePublished\":\"2020-12-17T19:18:14+00:00\",\"dateModified\":\"2024-10-27T02:25:00+00:00\",\"breadcrumb\":{\"@id\":\"https:\\\/\\\/ibvmunngo.org\\\/about\\\/structure\\\/#breadcrumb\"},\"inLanguage\":\"es\",\"potentialAction\":[{\"@type\":\"ReadAction\",\"target\":[\"https:\\\/\\\/ibvmunngo.org\\\/about\\\/structure\\\/\"]}]},{\"@type\":\"ImageObject\",\"inLanguage\":\"es\",\"@id\":\"https:\\\/\\\/ibvmunngo.org\\\/about\\\/structure\\\/#primaryimage\",\"url\":\"https:\\\/\\\/ibvmunngo.org\\\/wp-content\\\/uploads\\\/2024\\\/10\\\/Website-Front-Page-3.png\",\"contentUrl\":\"https:\\\/\\\/ibvmunngo.org\\\/wp-content\\\/uploads\\\/2024\\\/10\\\/Website-Front-Page-3.png\",\"width\":900,\"height\":400},{\"@type\":\"BreadcrumbList\",\"@id\":\"https:\\\/\\\/ibvmunngo.org\\\/about\\\/structure\\\/#breadcrumb\",\"itemListElement\":[{\"@type\":\"ListItem\",\"position\":1,\"name\":\"Home\",\"item\":\"https:\\\/\\\/ibvmunngo.org\\\/es\\\/\"},{\"@type\":\"ListItem\",\"position\":2,\"name\":\"About us\",\"item\":\"https:\\\/\\\/ibvmunngo.org\\\/about\\\/\"},{\"@type\":\"ListItem\",\"position\":3,\"name\":\"Structure\"}]},{\"@type\":\"WebSite\",\"@id\":\"https:\\\/\\\/ibvmunngo.org\\\/es\\\/#website\",\"url\":\"https:\\\/\\\/ibvmunngo.org\\\/es\\\/\",\"name\":\"Institute of the Blessed Virgin Mary \u2013 Loreto\",\"description\":\"NGO ASSOCIATED WITH ECOSOC AT THE UNITED NATIONS\",\"publisher\":{\"@id\":\"https:\\\/\\\/ibvmunngo.org\\\/es\\\/#organization\"},\"potentialAction\":[{\"@type\":\"SearchAction\",\"target\":{\"@type\":\"EntryPoint\",\"urlTemplate\":\"https:\\\/\\\/ibvmunngo.org\\\/es\\\/?s={search_term_string}\"},\"query-input\":{\"@type\":\"PropertyValueSpecification\",\"valueRequired\":true,\"valueName\":\"search_term_string\"}}],\"inLanguage\":\"es\"},{\"@type\":\"Organization\",\"@id\":\"https:\\\/\\\/ibvmunngo.org\\\/es\\\/#organization\",\"name\":\"Institute of the Blessed Virgin Mary \u2013 Loreto\",\"url\":\"https:\\\/\\\/ibvmunngo.org\\\/es\\\/\",\"logo\":{\"@type\":\"ImageObject\",\"inLanguage\":\"es\",\"@id\":\"https:\\\/\\\/ibvmunngo.org\\\/es\\\/#\\\/schema\\\/logo\\\/image\\\/\",\"url\":\"https:\\\/\\\/ibvmunngo.org\\\/wp-content\\\/uploads\\\/2020\\\/10\\\/Logo_IBVM_UN_1.png\",\"contentUrl\":\"https:\\\/\\\/ibvmunngo.org\\\/wp-content\\\/uploads\\\/2020\\\/10\\\/Logo_IBVM_UN_1.png\",\"width\":200,\"height\":144,\"caption\":\"Institute of the Blessed Virgin Mary \u2013 Loreto\"},\"image\":{\"@id\":\"https:\\\/\\\/ibvmunngo.org\\\/es\\\/#\\\/schema\\\/logo\\\/image\\\/\"}}]}<\/script>\n<!-- \/ Yoast SEO plugin. -->","yoast_head_json":{"title":"Estructura - Instituto de la Sant\u00edsima Virgen Mar\u00eda \u2013 Loreto","robots":{"index":"index","follow":"follow","max-snippet":"max-snippet:-1","max-image-preview":"max-image-preview:large","max-video-preview":"max-video-preview:-1"},"canonical":"https:\/\/ibvmunngo.org\/es\/acerca-de\/estructura\/","og_locale":"es_ES","og_type":"article","og_title":"Structure - Institute of the Blessed Virgin Mary \u2013 Loreto","og_description":"Sr Janet Palafox ibvm \u2013\u00a0NGO Representative Janet belongs to the Institute of the Blessed Virgin Mary (IBVM). She has a degree in communications and international development and was the Director of Mary Ward Peru until 2018. Before moving to Peru, Janet was the Caritas Australia Diocesan Coordinator for the Archdiocese of Perth, responsible for engaging [&hellip;]","og_url":"https:\/\/ibvmunngo.org\/es\/acerca-de\/estructura\/","og_site_name":"Institute of the Blessed Virgin Mary \u2013 Loreto","article_modified_time":"2024-10-27T02:25:00+00:00","og_image":[{"width":900,"height":400,"url":"https:\/\/ibvmunngo.org\/wp-content\/uploads\/2024\/10\/Website-Front-Page-3.png","type":"image\/png"}],"twitter_card":"summary_large_image","twitter_misc":{"Tiempo de lectura":"2 minutos"},"schema":{"@context":"https:\/\/schema.org","@graph":[{"@type":"WebPage","@id":"https:\/\/ibvmunngo.org\/about\/structure\/","url":"https:\/\/ibvmunngo.org\/about\/structure\/","name":"Estructura - Instituto de la Sant\u00edsima Virgen Mar\u00eda \u2013 Loreto","isPartOf":{"@id":"https:\/\/ibvmunngo.org\/es\/#website"},"primaryImageOfPage":{"@id":"https:\/\/ibvmunngo.org\/about\/structure\/#primaryimage"},"image":{"@id":"https:\/\/ibvmunngo.org\/about\/structure\/#primaryimage"},"thumbnailUrl":"https:\/\/ibvmunngo.org\/wp-content\/uploads\/2024\/10\/Website-Front-Page-3.png","datePublished":"2020-12-17T19:18:14+00:00","dateModified":"2024-10-27T02:25:00+00:00","breadcrumb":{"@id":"https:\/\/ibvmunngo.org\/about\/structure\/#breadcrumb"},"inLanguage":"es","potentialAction":[{"@type":"ReadAction","target":["https:\/\/ibvmunngo.org\/about\/structure\/"]}]},{"@type":"ImageObject","inLanguage":"es","@id":"https:\/\/ibvmunngo.org\/about\/structure\/#primaryimage","url":"https:\/\/ibvmunngo.org\/wp-content\/uploads\/2024\/10\/Website-Front-Page-3.png","contentUrl":"https:\/\/ibvmunngo.org\/wp-content\/uploads\/2024\/10\/Website-Front-Page-3.png","width":900,"height":400},{"@type":"BreadcrumbList","@id":"https:\/\/ibvmunngo.org\/about\/structure\/#breadcrumb","itemListElement":[{"@type":"ListItem","position":1,"name":"Home","item":"https:\/\/ibvmunngo.org\/es\/"},{"@type":"ListItem","position":2,"name":"About us","item":"https:\/\/ibvmunngo.org\/about\/"},{"@type":"ListItem","position":3,"name":"Structure"}]},{"@type":"WebSite","@id":"https:\/\/ibvmunngo.org\/es\/#website","url":"https:\/\/ibvmunngo.org\/es\/","name":"Instituto de la Sant\u00edsima Virgen Mar\u00eda - Loreto","description":"ONG ASOCIADA CON ECOSOC EN LAS NACIONES UNIDAS","publisher":{"@id":"https:\/\/ibvmunngo.org\/es\/#organization"},"potentialAction":[{"@type":"SearchAction","target":{"@type":"EntryPoint","urlTemplate":"https:\/\/ibvmunngo.org\/es\/?s={search_term_string}"},"query-input":{"@type":"PropertyValueSpecification","valueRequired":true,"valueName":"search_term_string"}}],"inLanguage":"es"},{"@type":"Organization","@id":"https:\/\/ibvmunngo.org\/es\/#organization","name":"Instituto de la Sant\u00edsima Virgen Mar\u00eda - Loreto","url":"https:\/\/ibvmunngo.org\/es\/","logo":{"@type":"ImageObject","inLanguage":"es","@id":"https:\/\/ibvmunngo.org\/es\/#\/schema\/logo\/image\/","url":"https:\/\/ibvmunngo.org\/wp-content\/uploads\/2020\/10\/Logo_IBVM_UN_1.png","contentUrl":"https:\/\/ibvmunngo.org\/wp-content\/uploads\/2020\/10\/Logo_IBVM_UN_1.png","width":200,"height":144,"caption":"Institute of the Blessed Virgin Mary \u2013 Loreto"},"image":{"@id":"https:\/\/ibvmunngo.org\/es\/#\/schema\/logo\/image\/"}}]}},"_links":{"self":[{"href":"https:\/\/ibvmunngo.org\/es\/wp-json\/wp\/v2\/pages\/4075","targetHints":{"allow":["GET"]}}],"collection":[{"href":"https:\/\/ibvmunngo.org\/es\/wp-json\/wp\/v2\/pages"}],"about":[{"href":"https:\/\/ibvmunngo.org\/es\/wp-json\/wp\/v2\/types\/page"}],"author":[{"embeddable":true,"href":"https:\/\/ibvmunngo.org\/es\/wp-json\/wp\/v2\/users\/1"}],"replies":[{"embeddable":true,"href":"https:\/\/ibvmunngo.org\/es\/wp-json\/wp\/v2\/comments?post=4075"}],"version-history":[{"count":5,"href":"https:\/\/ibvmunngo.org\/es\/wp-json\/wp\/v2\/pages\/4075\/revisions"}],"predecessor-version":[{"id":125438,"href":"https:\/\/ibvmunngo.org\/es\/wp-json\/wp\/v2\/pages\/4075\/revisions\/125438"}],"up":[{"embeddable":true,"href":"https:\/\/ibvmunngo.org\/es\/wp-json\/wp\/v2\/pages\/2720"}],"wp:featuredmedia":[{"embeddable":true,"href":"https:\/\/ibvmunngo.org\/es\/wp-json\/wp\/v2\/media\/125433"}],"wp:attachment":[{"href":"https:\/\/ibvmunngo.org\/es\/wp-json\/wp\/v2\/media?parent=4075"}],"curies":[{"name":"wp","href":"https:\/\/api.w.org\/{rel}","templated":true}]}}