{"id":4842,"date":"2020-12-28T21:39:48","date_gmt":"2020-12-28T21:39:48","guid":{"rendered":"https:\/\/ibvmunngo.org\/?page_id=4842"},"modified":"2024-06-18T17:57:17","modified_gmt":"2024-06-18T17:57:17","slug":"colaboraciones","status":"publish","type":"page","link":"https:\/\/ibvmunngo.org\/es\/ibvm-cj-at-the-un\/colaboraciones\/","title":{"rendered":"Colaboraciones"},"content":{"rendered":"<div data-elementor-type=\"wp-page\" data-elementor-id=\"4842\" class=\"elementor elementor-4842\" data-elementor-post-type=\"page\">\n\t\t\t\t\t\t<section class=\"elementor-section elementor-top-section elementor-element elementor-element-76bf795e elementor-section-boxed elementor-section-height-default elementor-section-height-default\" data-id=\"76bf795e\" data-element_type=\"section\" data-e-type=\"section\">\n\t\t\t\t\t\t<div class=\"elementor-container elementor-column-gap-default\">\n\t\t\t\t\t<div class=\"elementor-column elementor-col-100 elementor-top-column elementor-element elementor-element-6bae1724\" data-id=\"6bae1724\" data-element_type=\"column\" data-e-type=\"column\">\n\t\t\t<div class=\"elementor-widget-wrap elementor-element-populated\">\n\t\t\t\t\t\t<div class=\"elementor-element elementor-element-e7da319 elementor-widget elementor-widget-heading\" data-id=\"e7da319\" data-element_type=\"widget\" data-e-type=\"widget\" data-widget_type=\"heading.default\">\n\t\t\t\t<div class=\"elementor-widget-container\">\n\t\t\t\t\t<h2 class=\"elementor-heading-title elementor-size-default\">Colaboraciones<\/h2>\t\t\t\t<\/div>\n\t\t\t\t<\/div>\n\t\t\t\t<div class=\"elementor-element elementor-element-4db0168b elementor-widget elementor-widget-text-editor\" data-id=\"4db0168b\" data-element_type=\"widget\" data-e-type=\"widget\" data-widget_type=\"text-editor.default\">\n\t\t\t\t<div class=\"elementor-widget-container\">\n\t\t\t\t\t\t\t\t\t<div class=\"elementor-element elementor-element-db233ba elementor-widget elementor-widget-theme-post-title elementor-page-title elementor-widget-heading\" data-id=\"db233ba\" data-element_type=\"widget\" data-widget_type=\"theme-post-title.default\"><p>Junto con nuestra red de colegas de ideas afines y otras ONG, generamos conciencia sobre nuestros temas prioritarios y defendemos en las Naciones Unidas (ONU). Nuestra incidencia se centra principalmente en los problemas que afectan a las mujeres y los ni\u00f1os, en particular la equidad de g\u00e9nero, la erradicaci\u00f3n de la pobreza, el acceso a una educaci\u00f3n y salud de calidad, la eliminaci\u00f3n de la violencia de g\u00e9nero y la trata de personas.<\/p><p class=\"elementor-widget-container\">Trabajamos con los siguientes Comit\u00e9s, Grupos Principales y de Trabajo de la sociedad civil:<\/p><\/div><ul><li>la <a href=\"http:\/\/www.ngosocdev.net\/\" target=\"_blank\" rel=\"noopener\"><strong>Comit\u00e9 de ONG sobre Desarrollo Sostenible (ONG CSocD)<\/strong><\/a> busca promover la integraci\u00f3n de las tres dimensiones del desarrollo sostenible: ambiental, econ\u00f3mica y social. Dentro del Comit\u00e9, el Grupo de Trabajo sobre la Integridad de la Tierra trabaja hacia una integraci\u00f3n armoniosa de los Derechos de la Tierra y los Derechos Humanos en el contexto m\u00e1s amplio del Desarrollo Sostenible.<\/li><li>la <a href=\"https:\/\/girlsrights.org\/\" target=\"_blank\" rel=\"noopener\"><strong>Grupo de trabajo sobre ni\u00f1as (WGG<\/strong><strong>)<\/strong><\/a> se dedica a promover los derechos humanos de las ni\u00f1as en todas las \u00e1reas y etapas de su vida, promoviendo la inclusi\u00f3n y el estatus de las ni\u00f1as y ayud\u00e1ndolas a desarrollar su m\u00e1ximo potencial.<\/li><li>la <strong><a href=\"http:\/\/www.ngosonffd.org\/\" target=\"_blank\" rel=\"noopener\">Comit\u00e9 de ONG sobre Financiamiento para el Desarrollo (NGO FpD)<\/a> <\/strong> aboga por una econom\u00eda mundial que sea ambiental y socialmente sostenible, \u00e9tica y centrada en las personas.<\/li><li><a href=\"https:\/\/ngo-migration.org\/\" target=\"_blank\" rel=\"noopener\"><strong>Comit\u00e9 de ONG sobre Migraci\u00f3n<\/strong><\/a> busca hacer justicia para los migrantes, refugiados, ap\u00e1tridas, desplazados internos y v\u00edctimas de trata. Su misi\u00f3n es fomentar la promoci\u00f3n y protecci\u00f3n de los migrantes y sus derechos humanos, de conformidad con la Carta de las Naciones Unidas.<\/li><li>la <a href=\"https:\/\/crimealliance.org\/\" target=\"_blank\" rel=\"noopener\"><strong>Alianza de ONG sobre Prevenci\u00f3n del Delito y Justicia Penal<\/strong><\/a> re\u00fane una amplia red de organizaciones de la sociedad civil que contribuyen al logro de la seguridad y la justicia para todos. Act\u00faa como una plataforma de intercambio de informaci\u00f3n, promoci\u00f3n y colaboraci\u00f3n que apoya la participaci\u00f3n informada de las ONG con la Oficina de las Naciones Unidas contra la Droga y el Delito (UNODC) y los estados miembros. Nuestro enfoque es asegurar la plena implementaci\u00f3n del Protocolo de Palermo (Protocolo para Prevenir, Reprimir y Sancionar la Trata de Personas, Especialmente Mujeres y Ni\u00f1os)<\/li><li>la <a href=\"https:\/\/www.ngomg.org\/\" target=\"_blank\" rel=\"noopener\"><strong>Grupo principal de ONG<\/strong><\/a> tiene la tarea de facilitar y mejorar la participaci\u00f3n de las organizaciones no gubernamentales en los procesos relacionados directa e indirectamente con el Foro Pol\u00edtico de Alto Nivel (FPAN).\u00a0<\/li><\/ul><h4><strong>Coalici\u00f3n de Religiosos por la Justicia (JCoR)<\/strong><\/h4><p>IBVM\/CJ NGO es miembro fundador de la Coalici\u00f3n de Religiosos por la Justicia (JCoR), una coalici\u00f3n de 19 organizaciones no gubernamentales (ONG) acreditadas por las Naciones Unidas dirigidas por religiosos cat\u00f3licos.<\/p><p>JCoR tiene como objetivo fortalecer la capacidad de los religiosos que trabajan en las bases y los que los representan en las Naciones Unidas para: defender a nivel internacional, nacional y regional a las personas que viven en la pobreza; abordar las causas fundamentales del desarrollo insostenible; y promover el desarrollo equitativo y basado en derechos mediante una implementaci\u00f3n justa de los ODS.<\/p><p>Para leer m\u00e1s sobre JCoR, haga clic en <a href=\"https:\/\/jcor2030.org\/\" target=\"_blank\" rel=\"noopener\"><strong><span style=\"color: #ef9a29;\">aqu\u00ed<\/span><\/strong>.<\/a><\/p>\t\t\t\t\t\t\t\t<\/div>\n\t\t\t\t<\/div>\n\t\t\t\t\t<\/div>\n\t\t<\/div>\n\t\t\t\t\t<\/div>\n\t\t<\/section>\n\t\t\t\t<\/div>","protected":false},"excerpt":{"rendered":"<p>Collaborations Together with our network of like-minded colleagues and other NGOs, we raise awareness of our priority issues and advocate at the United Nations (UN). Our advocacy is primarily focused on issues affecting women and children, particularly gender equity, eradication of poverty, access to quality education and health, elimination of gender violence, and trafficking of [&hellip;]<\/p>\n","protected":false},"author":6,"featured_media":4895,"parent":14500,"menu_order":5,"comment_status":"closed","ping_status":"closed","template":"","meta":{"footnotes":""},"class_list":["post-4842","page","type-page","status-publish","has-post-thumbnail","hentry"],"yoast_head":"<!-- This site is optimized with the Yoast SEO plugin v27.3 - https:\/\/yoast.com\/product\/yoast-seo-wordpress\/ -->\n<title>Collaborations - Institute of the Blessed Virgin Mary \u2013 Loreto<\/title>\n<meta name=\"robots\" content=\"index, follow, max-snippet:-1, max-image-preview:large, max-video-preview:-1\" \/>\n<link rel=\"canonical\" href=\"https:\/\/ibvmunngo.org\/es\/ibvm-cj-at-the-un\/colaboraciones\/\" \/>\n<meta property=\"og:locale\" content=\"es_ES\" \/>\n<meta property=\"og:type\" content=\"article\" \/>\n<meta property=\"og:title\" content=\"Collaborations - Institute of the Blessed Virgin Mary \u2013 Loreto\" \/>\n<meta property=\"og:description\" content=\"Collaborations Together with our network of like-minded colleagues and other NGOs, we raise awareness of our priority issues and advocate at the United Nations (UN). Our advocacy is primarily focused on issues affecting women and children, particularly gender equity, eradication of poverty, access to quality education and health, elimination of gender violence, and trafficking of [&hellip;]\" \/>\n<meta property=\"og:url\" content=\"https:\/\/ibvmunngo.org\/es\/ibvm-cj-at-the-un\/colaboraciones\/\" \/>\n<meta property=\"og:site_name\" content=\"Institute of the Blessed Virgin Mary \u2013 Loreto\" \/>\n<meta property=\"article:modified_time\" content=\"2024-06-18T17:57:17+00:00\" \/>\n<meta property=\"og:image\" content=\"https:\/\/ibvmunngo.org\/wp-content\/uploads\/2020\/12\/Collaboration.jpeg\" \/>\n\t<meta property=\"og:image:width\" content=\"900\" \/>\n\t<meta property=\"og:image:height\" content=\"400\" \/>\n\t<meta property=\"og:image:type\" content=\"image\/jpeg\" \/>\n<meta name=\"twitter:card\" content=\"summary_large_image\" \/>\n<meta name=\"twitter:label1\" content=\"Tiempo de lectura\" \/>\n\t<meta name=\"twitter:data1\" content=\"2 minutos\" \/>\n<script type=\"application\/ld+json\" class=\"yoast-schema-graph\">{\"@context\":\"https:\\\/\\\/schema.org\",\"@graph\":[{\"@type\":\"WebPage\",\"@id\":\"https:\\\/\\\/ibvmunngo.org\\\/de\\\/ibvm-cj-at-the-un\\\/kooperationen\\\/\",\"url\":\"https:\\\/\\\/ibvmunngo.org\\\/de\\\/ibvm-cj-at-the-un\\\/kooperationen\\\/\",\"name\":\"Collaborations - Institute of the Blessed Virgin Mary \u2013 Loreto\",\"isPartOf\":{\"@id\":\"https:\\\/\\\/ibvmunngo.org\\\/es\\\/#website\"},\"primaryImageOfPage\":{\"@id\":\"https:\\\/\\\/ibvmunngo.org\\\/de\\\/ibvm-cj-at-the-un\\\/kooperationen\\\/#primaryimage\"},\"image\":{\"@id\":\"https:\\\/\\\/ibvmunngo.org\\\/de\\\/ibvm-cj-at-the-un\\\/kooperationen\\\/#primaryimage\"},\"thumbnailUrl\":\"https:\\\/\\\/ibvmunngo.org\\\/wp-content\\\/uploads\\\/2020\\\/12\\\/Collaboration.jpeg\",\"datePublished\":\"2020-12-28T21:39:48+00:00\",\"dateModified\":\"2024-06-18T17:57:17+00:00\",\"breadcrumb\":{\"@id\":\"https:\\\/\\\/ibvmunngo.org\\\/de\\\/ibvm-cj-at-the-un\\\/kooperationen\\\/#breadcrumb\"},\"inLanguage\":\"es\",\"potentialAction\":[{\"@type\":\"ReadAction\",\"target\":[\"https:\\\/\\\/ibvmunngo.org\\\/de\\\/ibvm-cj-at-the-un\\\/kooperationen\\\/\"]}]},{\"@type\":\"ImageObject\",\"inLanguage\":\"es\",\"@id\":\"https:\\\/\\\/ibvmunngo.org\\\/de\\\/ibvm-cj-at-the-un\\\/kooperationen\\\/#primaryimage\",\"url\":\"https:\\\/\\\/ibvmunngo.org\\\/wp-content\\\/uploads\\\/2020\\\/12\\\/Collaboration.jpeg\",\"contentUrl\":\"https:\\\/\\\/ibvmunngo.org\\\/wp-content\\\/uploads\\\/2020\\\/12\\\/Collaboration.jpeg\",\"width\":900,\"height\":400},{\"@type\":\"BreadcrumbList\",\"@id\":\"https:\\\/\\\/ibvmunngo.org\\\/de\\\/ibvm-cj-at-the-un\\\/kooperationen\\\/#breadcrumb\",\"itemListElement\":[{\"@type\":\"ListItem\",\"position\":1,\"name\":\"Home\",\"item\":\"https:\\\/\\\/ibvmunngo.org\\\/es\\\/\"},{\"@type\":\"ListItem\",\"position\":2,\"name\":\"Privado: IBVM\\\/CJ at the UN\",\"item\":\"https:\\\/\\\/ibvmunngo.org\\\/es\\\/?page_id=14500\"},{\"@type\":\"ListItem\",\"position\":3,\"name\":\"Collaborations\"}]},{\"@type\":\"WebSite\",\"@id\":\"https:\\\/\\\/ibvmunngo.org\\\/es\\\/#website\",\"url\":\"https:\\\/\\\/ibvmunngo.org\\\/es\\\/\",\"name\":\"Institute of the Blessed Virgin Mary \u2013 Loreto\",\"description\":\"NGO ASSOCIATED WITH ECOSOC AT THE UNITED NATIONS\",\"publisher\":{\"@id\":\"https:\\\/\\\/ibvmunngo.org\\\/es\\\/#organization\"},\"potentialAction\":[{\"@type\":\"SearchAction\",\"target\":{\"@type\":\"EntryPoint\",\"urlTemplate\":\"https:\\\/\\\/ibvmunngo.org\\\/es\\\/?s={search_term_string}\"},\"query-input\":{\"@type\":\"PropertyValueSpecification\",\"valueRequired\":true,\"valueName\":\"search_term_string\"}}],\"inLanguage\":\"es\"},{\"@type\":\"Organization\",\"@id\":\"https:\\\/\\\/ibvmunngo.org\\\/es\\\/#organization\",\"name\":\"Institute of the Blessed Virgin Mary \u2013 Loreto\",\"url\":\"https:\\\/\\\/ibvmunngo.org\\\/es\\\/\",\"logo\":{\"@type\":\"ImageObject\",\"inLanguage\":\"es\",\"@id\":\"https:\\\/\\\/ibvmunngo.org\\\/es\\\/#\\\/schema\\\/logo\\\/image\\\/\",\"url\":\"https:\\\/\\\/ibvmunngo.org\\\/wp-content\\\/uploads\\\/2020\\\/10\\\/Logo_IBVM_UN_1.png\",\"contentUrl\":\"https:\\\/\\\/ibvmunngo.org\\\/wp-content\\\/uploads\\\/2020\\\/10\\\/Logo_IBVM_UN_1.png\",\"width\":200,\"height\":144,\"caption\":\"Institute of the Blessed Virgin Mary \u2013 Loreto\"},\"image\":{\"@id\":\"https:\\\/\\\/ibvmunngo.org\\\/es\\\/#\\\/schema\\\/logo\\\/image\\\/\"}}]}<\/script>\n<!-- \/ Yoast SEO plugin. -->","yoast_head_json":{"title":"Colaboraciones - Instituto de la Sant\u00edsima Virgen Mar\u00eda \u2013 Loreto","robots":{"index":"index","follow":"follow","max-snippet":"max-snippet:-1","max-image-preview":"max-image-preview:large","max-video-preview":"max-video-preview:-1"},"canonical":"https:\/\/ibvmunngo.org\/es\/ibvm-cj-at-the-un\/colaboraciones\/","og_locale":"es_ES","og_type":"article","og_title":"Collaborations - Institute of the Blessed Virgin Mary \u2013 Loreto","og_description":"Collaborations Together with our network of like-minded colleagues and other NGOs, we raise awareness of our priority issues and advocate at the United Nations (UN). Our advocacy is primarily focused on issues affecting women and children, particularly gender equity, eradication of poverty, access to quality education and health, elimination of gender violence, and trafficking of [&hellip;]","og_url":"https:\/\/ibvmunngo.org\/es\/ibvm-cj-at-the-un\/colaboraciones\/","og_site_name":"Institute of the Blessed Virgin Mary \u2013 Loreto","article_modified_time":"2024-06-18T17:57:17+00:00","og_image":[{"width":900,"height":400,"url":"https:\/\/ibvmunngo.org\/wp-content\/uploads\/2020\/12\/Collaboration.jpeg","type":"image\/jpeg"}],"twitter_card":"summary_large_image","twitter_misc":{"Tiempo de lectura":"2 minutos"},"schema":{"@context":"https:\/\/schema.org","@graph":[{"@type":"WebPage","@id":"https:\/\/ibvmunngo.org\/de\/ibvm-cj-at-the-un\/kooperationen\/","url":"https:\/\/ibvmunngo.org\/de\/ibvm-cj-at-the-un\/kooperationen\/","name":"Colaboraciones - Instituto de la Sant\u00edsima Virgen Mar\u00eda \u2013 Loreto","isPartOf":{"@id":"https:\/\/ibvmunngo.org\/es\/#website"},"primaryImageOfPage":{"@id":"https:\/\/ibvmunngo.org\/de\/ibvm-cj-at-the-un\/kooperationen\/#primaryimage"},"image":{"@id":"https:\/\/ibvmunngo.org\/de\/ibvm-cj-at-the-un\/kooperationen\/#primaryimage"},"thumbnailUrl":"https:\/\/ibvmunngo.org\/wp-content\/uploads\/2020\/12\/Collaboration.jpeg","datePublished":"2020-12-28T21:39:48+00:00","dateModified":"2024-06-18T17:57:17+00:00","breadcrumb":{"@id":"https:\/\/ibvmunngo.org\/de\/ibvm-cj-at-the-un\/kooperationen\/#breadcrumb"},"inLanguage":"es","potentialAction":[{"@type":"ReadAction","target":["https:\/\/ibvmunngo.org\/de\/ibvm-cj-at-the-un\/kooperationen\/"]}]},{"@type":"ImageObject","inLanguage":"es","@id":"https:\/\/ibvmunngo.org\/de\/ibvm-cj-at-the-un\/kooperationen\/#primaryimage","url":"https:\/\/ibvmunngo.org\/wp-content\/uploads\/2020\/12\/Collaboration.jpeg","contentUrl":"https:\/\/ibvmunngo.org\/wp-content\/uploads\/2020\/12\/Collaboration.jpeg","width":900,"height":400},{"@type":"BreadcrumbList","@id":"https:\/\/ibvmunngo.org\/de\/ibvm-cj-at-the-un\/kooperationen\/#breadcrumb","itemListElement":[{"@type":"ListItem","position":1,"name":"Home","item":"https:\/\/ibvmunngo.org\/es\/"},{"@type":"ListItem","position":2,"name":"Privado: IBVM\/CJ at the UN","item":"https:\/\/ibvmunngo.org\/es\/?page_id=14500"},{"@type":"ListItem","position":3,"name":"Collaborations"}]},{"@type":"WebSite","@id":"https:\/\/ibvmunngo.org\/es\/#website","url":"https:\/\/ibvmunngo.org\/es\/","name":"Instituto de la Sant\u00edsima Virgen Mar\u00eda - Loreto","description":"ONG ASOCIADA CON ECOSOC EN LAS NACIONES UNIDAS","publisher":{"@id":"https:\/\/ibvmunngo.org\/es\/#organization"},"potentialAction":[{"@type":"SearchAction","target":{"@type":"EntryPoint","urlTemplate":"https:\/\/ibvmunngo.org\/es\/?s={search_term_string}"},"query-input":{"@type":"PropertyValueSpecification","valueRequired":true,"valueName":"search_term_string"}}],"inLanguage":"es"},{"@type":"Organization","@id":"https:\/\/ibvmunngo.org\/es\/#organization","name":"Instituto de la Sant\u00edsima Virgen Mar\u00eda - Loreto","url":"https:\/\/ibvmunngo.org\/es\/","logo":{"@type":"ImageObject","inLanguage":"es","@id":"https:\/\/ibvmunngo.org\/es\/#\/schema\/logo\/image\/","url":"https:\/\/ibvmunngo.org\/wp-content\/uploads\/2020\/10\/Logo_IBVM_UN_1.png","contentUrl":"https:\/\/ibvmunngo.org\/wp-content\/uploads\/2020\/10\/Logo_IBVM_UN_1.png","width":200,"height":144,"caption":"Institute of the Blessed Virgin Mary \u2013 Loreto"},"image":{"@id":"https:\/\/ibvmunngo.org\/es\/#\/schema\/logo\/image\/"}}]}},"_links":{"self":[{"href":"https:\/\/ibvmunngo.org\/es\/wp-json\/wp\/v2\/pages\/4842","targetHints":{"allow":["GET"]}}],"collection":[{"href":"https:\/\/ibvmunngo.org\/es\/wp-json\/wp\/v2\/pages"}],"about":[{"href":"https:\/\/ibvmunngo.org\/es\/wp-json\/wp\/v2\/types\/page"}],"author":[{"embeddable":true,"href":"https:\/\/ibvmunngo.org\/es\/wp-json\/wp\/v2\/users\/6"}],"replies":[{"embeddable":true,"href":"https:\/\/ibvmunngo.org\/es\/wp-json\/wp\/v2\/comments?post=4842"}],"version-history":[{"count":5,"href":"https:\/\/ibvmunngo.org\/es\/wp-json\/wp\/v2\/pages\/4842\/revisions"}],"predecessor-version":[{"id":124958,"href":"https:\/\/ibvmunngo.org\/es\/wp-json\/wp\/v2\/pages\/4842\/revisions\/124958"}],"up":[{"embeddable":true,"href":"https:\/\/ibvmunngo.org\/es\/wp-json\/wp\/v2\/pages\/14500"}],"wp:featuredmedia":[{"embeddable":true,"href":"https:\/\/ibvmunngo.org\/es\/wp-json\/wp\/v2\/media\/4895"}],"wp:attachment":[{"href":"https:\/\/ibvmunngo.org\/es\/wp-json\/wp\/v2\/media?parent=4842"}],"curies":[{"name":"wp","href":"https:\/\/api.w.org\/{rel}","templated":true}]}}