{"id":56609,"date":"2021-09-26T05:47:19","date_gmt":"2021-09-26T05:47:19","guid":{"rendered":"https:\/\/ibvmunngo.org\/?page_id=56609"},"modified":"2021-09-27T01:31:31","modified_gmt":"2021-09-27T01:31:31","slug":"defensa-de-la-escuela","status":"publish","type":"page","link":"https:\/\/ibvmunngo.org\/es\/news-information\/campaigns\/defensa-de-la-escuela\/","title":{"rendered":"Defensa escolar"},"content":{"rendered":"<div data-elementor-type=\"wp-page\" data-elementor-id=\"56609\" class=\"elementor elementor-56609\" data-elementor-post-type=\"page\">\n\t\t\t\t\t\t<section class=\"elementor-section elementor-top-section elementor-element elementor-element-8c42208 elementor-section-boxed elementor-section-height-default elementor-section-height-default\" data-id=\"8c42208\" data-element_type=\"section\" data-e-type=\"section\">\n\t\t\t\t\t\t<div class=\"elementor-container elementor-column-gap-default\">\n\t\t\t\t\t<div class=\"elementor-column elementor-col-100 elementor-top-column elementor-element elementor-element-29fa7e5\" data-id=\"29fa7e5\" data-element_type=\"column\" data-e-type=\"column\">\n\t\t\t<div class=\"elementor-widget-wrap elementor-element-populated\">\n\t\t\t\t\t\t<div class=\"elementor-element elementor-element-1b6f7b7 elementor-widget elementor-widget-heading\" data-id=\"1b6f7b7\" data-element_type=\"widget\" data-e-type=\"widget\" data-widget_type=\"heading.default\">\n\t\t\t\t<div class=\"elementor-widget-container\">\n\t\t\t\t\t<h2 class=\"elementor-heading-title elementor-size-default\">Defensa escolar<\/h2>\t\t\t\t<\/div>\n\t\t\t\t<\/div>\n\t\t\t\t\t<\/div>\n\t\t<\/div>\n\t\t\t\t\t<\/div>\n\t\t<\/section>\n\t\t\t\t<section class=\"elementor-section elementor-top-section elementor-element elementor-element-9664df4 elementor-section-boxed elementor-section-height-default elementor-section-height-default\" data-id=\"9664df4\" data-element_type=\"section\" data-e-type=\"section\">\n\t\t\t\t\t\t<div class=\"elementor-container elementor-column-gap-default\">\n\t\t\t\t\t<div class=\"elementor-column elementor-col-100 elementor-top-column elementor-element elementor-element-9ff6e82\" data-id=\"9ff6e82\" data-element_type=\"column\" data-e-type=\"column\">\n\t\t\t<div class=\"elementor-widget-wrap elementor-element-populated\">\n\t\t\t\t\t\t<div class=\"elementor-element elementor-element-def607a elementor-widget elementor-widget-image\" data-id=\"def607a\" data-element_type=\"widget\" data-e-type=\"widget\" data-widget_type=\"image.default\">\n\t\t\t\t<div class=\"elementor-widget-container\">\n\t\t\t\t\t\t\t\t\t\t\t\t\t\t\t<img fetchpriority=\"high\" decoding=\"async\" width=\"800\" height=\"356\" src=\"https:\/\/ibvmunngo.org\/wp-content\/uploads\/2021\/09\/School-Advocacy.png\" class=\"attachment-large size-large wp-image-57183\" alt=\"\" srcset=\"https:\/\/ibvmunngo.org\/wp-content\/uploads\/2021\/09\/School-Advocacy.png 900w, https:\/\/ibvmunngo.org\/wp-content\/uploads\/2021\/09\/School-Advocacy-300x133.png 300w, https:\/\/ibvmunngo.org\/wp-content\/uploads\/2021\/09\/School-Advocacy-768x341.png 768w, https:\/\/ibvmunngo.org\/wp-content\/uploads\/2021\/09\/School-Advocacy-18x8.png 18w\" sizes=\"(max-width: 800px) 100vw, 800px\" \/>\t\t\t\t\t\t\t\t\t\t\t\t\t\t\t<\/div>\n\t\t\t\t<\/div>\n\t\t\t\t\t<\/div>\n\t\t<\/div>\n\t\t\t\t\t<\/div>\n\t\t<\/section>\n\t\t\t\t<section class=\"elementor-section elementor-top-section elementor-element elementor-element-975d115 elementor-section-boxed elementor-section-height-default elementor-section-height-default\" data-id=\"975d115\" data-element_type=\"section\" data-e-type=\"section\">\n\t\t\t\t\t\t<div class=\"elementor-container elementor-column-gap-default\">\n\t\t\t\t\t<div class=\"elementor-column elementor-col-100 elementor-top-column elementor-element elementor-element-c96d5d2\" data-id=\"c96d5d2\" data-element_type=\"column\" data-e-type=\"column\">\n\t\t\t<div class=\"elementor-widget-wrap elementor-element-populated\">\n\t\t\t\t\t\t<div class=\"elementor-element elementor-element-4109503 elementor-widget elementor-widget-text-editor\" data-id=\"4109503\" data-element_type=\"widget\" data-e-type=\"widget\" data-widget_type=\"text-editor.default\">\n\t\t\t\t<div class=\"elementor-widget-container\">\n\t\t\t\t\t\t\t\t\t<p>Las escuelas Mary Ward (IBVM \/ CJ) contribuyen a nuestro trabajo en la ONU educando y sensibilizando a sus estudiantes sobre cuestiones de justicia en su comunidad local y global.<\/p><p>Lea c\u00f3mo los estudiantes est\u00e1n aprendiendo y abogando por un mundo mejor, m\u00e1s humano y pac\u00edfico.<\/p><p><a href=\"https:\/\/ibvmunngo.org\/wp-content\/uploads\/2021\/09\/JPIC-Report-Loreto-South-Africa.pdf\">Loreto Sud\u00e1frica<\/a>\u00a0<\/p>\t\t\t\t\t\t\t\t<\/div>\n\t\t\t\t<\/div>\n\t\t\t\t\t<\/div>\n\t\t<\/div>\n\t\t\t\t\t<\/div>\n\t\t<\/section>\n\t\t\t\t<\/div>","protected":false},"excerpt":{"rendered":"<p>Defensa Escolar Las Escuelas Mary Ward (IBVM\/CJ) contribuyen a nuestro trabajo en las Naciones Unidas educando y concienciando a sus estudiantes sobre cuestiones de justicia en su comunidad local y global. Lea c\u00f3mo los estudiantes aprenden y abogan por un mundo mejor, m\u00e1s humano y pac\u00edfico. Loreto Sud\u00e1frica\u00a0<\/p>","protected":false},"author":6,"featured_media":0,"parent":54091,"menu_order":0,"comment_status":"closed","ping_status":"closed","template":"","meta":{"footnotes":""},"class_list":["post-56609","page","type-page","status-publish","hentry"],"yoast_head":"<!-- This site is optimized with the Yoast SEO plugin v27.3 - https:\/\/yoast.com\/product\/yoast-seo-wordpress\/ -->\n<title>School Advocacy - Institute of the Blessed Virgin Mary \u2013 Loreto<\/title>\n<meta name=\"robots\" content=\"index, follow, max-snippet:-1, max-image-preview:large, max-video-preview:-1\" \/>\n<link rel=\"canonical\" href=\"https:\/\/ibvmunngo.org\/es\/news-information\/campaigns\/defensa-de-la-escuela\/\" \/>\n<meta property=\"og:locale\" content=\"es_ES\" \/>\n<meta property=\"og:type\" content=\"article\" \/>\n<meta property=\"og:title\" content=\"School Advocacy - Institute of the Blessed Virgin Mary \u2013 Loreto\" \/>\n<meta property=\"og:description\" content=\"School Advocacy Mary Ward Schools (IBVM\/CJ) contribute to our work at the UN by educating and raising the awareness of their students on justice issues in their local and the global community. Read how students are learning and advocating for a better, more humane and peaceful world. Loreto South Africa\u00a0\" \/>\n<meta property=\"og:url\" content=\"https:\/\/ibvmunngo.org\/es\/news-information\/campaigns\/defensa-de-la-escuela\/\" \/>\n<meta property=\"og:site_name\" content=\"Institute of the Blessed Virgin Mary \u2013 Loreto\" \/>\n<meta property=\"article:modified_time\" content=\"2021-09-27T01:31:31+00:00\" \/>\n<meta property=\"og:image\" content=\"https:\/\/ibvmunngo.org\/wp-content\/uploads\/2021\/09\/School-Advocacy.png\" \/>\n<meta name=\"twitter:card\" content=\"summary_large_image\" \/>\n<script type=\"application\/ld+json\" class=\"yoast-schema-graph\">{\"@context\":\"https:\\\/\\\/schema.org\",\"@graph\":[{\"@type\":\"WebPage\",\"@id\":\"https:\\\/\\\/ibvmunngo.org\\\/es\\\/news-information\\\/campaigns\\\/defensa-de-la-escuela\\\/\",\"url\":\"https:\\\/\\\/ibvmunngo.org\\\/es\\\/news-information\\\/campaigns\\\/defensa-de-la-escuela\\\/\",\"name\":\"School Advocacy - Institute of the Blessed Virgin Mary \u2013 Loreto\",\"isPartOf\":{\"@id\":\"https:\\\/\\\/ibvmunngo.org\\\/es\\\/#website\"},\"primaryImageOfPage\":{\"@id\":\"https:\\\/\\\/ibvmunngo.org\\\/es\\\/news-information\\\/campaigns\\\/defensa-de-la-escuela\\\/#primaryimage\"},\"image\":{\"@id\":\"https:\\\/\\\/ibvmunngo.org\\\/es\\\/news-information\\\/campaigns\\\/defensa-de-la-escuela\\\/#primaryimage\"},\"thumbnailUrl\":\"https:\\\/\\\/ibvmunngo.org\\\/wp-content\\\/uploads\\\/2021\\\/09\\\/School-Advocacy.png\",\"datePublished\":\"2021-09-26T05:47:19+00:00\",\"dateModified\":\"2021-09-27T01:31:31+00:00\",\"breadcrumb\":{\"@id\":\"https:\\\/\\\/ibvmunngo.org\\\/es\\\/news-information\\\/campaigns\\\/defensa-de-la-escuela\\\/#breadcrumb\"},\"inLanguage\":\"es\",\"potentialAction\":[{\"@type\":\"ReadAction\",\"target\":[\"https:\\\/\\\/ibvmunngo.org\\\/es\\\/news-information\\\/campaigns\\\/defensa-de-la-escuela\\\/\"]}]},{\"@type\":\"ImageObject\",\"inLanguage\":\"es\",\"@id\":\"https:\\\/\\\/ibvmunngo.org\\\/es\\\/news-information\\\/campaigns\\\/defensa-de-la-escuela\\\/#primaryimage\",\"url\":\"https:\\\/\\\/ibvmunngo.org\\\/wp-content\\\/uploads\\\/2021\\\/09\\\/School-Advocacy.png\",\"contentUrl\":\"https:\\\/\\\/ibvmunngo.org\\\/wp-content\\\/uploads\\\/2021\\\/09\\\/School-Advocacy.png\"},{\"@type\":\"BreadcrumbList\",\"@id\":\"https:\\\/\\\/ibvmunngo.org\\\/es\\\/news-information\\\/campaigns\\\/defensa-de-la-escuela\\\/#breadcrumb\",\"itemListElement\":[{\"@type\":\"ListItem\",\"position\":1,\"name\":\"Home\",\"item\":\"https:\\\/\\\/ibvmunngo.org\\\/es\\\/\"},{\"@type\":\"ListItem\",\"position\":2,\"name\":\"Private: News &#038; Information\",\"item\":\"https:\\\/\\\/ibvmunngo.org\\\/?page_id=14522\"},{\"@type\":\"ListItem\",\"position\":3,\"name\":\"Private: Get Involved\",\"item\":\"https:\\\/\\\/ibvmunngo.org\\\/?page_id=54091\"},{\"@type\":\"ListItem\",\"position\":4,\"name\":\"School Advocacy\"}]},{\"@type\":\"WebSite\",\"@id\":\"https:\\\/\\\/ibvmunngo.org\\\/es\\\/#website\",\"url\":\"https:\\\/\\\/ibvmunngo.org\\\/es\\\/\",\"name\":\"Institute of the Blessed Virgin Mary \u2013 Loreto\",\"description\":\"NGO ASSOCIATED WITH ECOSOC AT THE UNITED NATIONS\",\"publisher\":{\"@id\":\"https:\\\/\\\/ibvmunngo.org\\\/es\\\/#organization\"},\"potentialAction\":[{\"@type\":\"SearchAction\",\"target\":{\"@type\":\"EntryPoint\",\"urlTemplate\":\"https:\\\/\\\/ibvmunngo.org\\\/es\\\/?s={search_term_string}\"},\"query-input\":{\"@type\":\"PropertyValueSpecification\",\"valueRequired\":true,\"valueName\":\"search_term_string\"}}],\"inLanguage\":\"es\"},{\"@type\":\"Organization\",\"@id\":\"https:\\\/\\\/ibvmunngo.org\\\/es\\\/#organization\",\"name\":\"Institute of the Blessed Virgin Mary \u2013 Loreto\",\"url\":\"https:\\\/\\\/ibvmunngo.org\\\/es\\\/\",\"logo\":{\"@type\":\"ImageObject\",\"inLanguage\":\"es\",\"@id\":\"https:\\\/\\\/ibvmunngo.org\\\/es\\\/#\\\/schema\\\/logo\\\/image\\\/\",\"url\":\"https:\\\/\\\/ibvmunngo.org\\\/wp-content\\\/uploads\\\/2020\\\/10\\\/Logo_IBVM_UN_1.png\",\"contentUrl\":\"https:\\\/\\\/ibvmunngo.org\\\/wp-content\\\/uploads\\\/2020\\\/10\\\/Logo_IBVM_UN_1.png\",\"width\":200,\"height\":144,\"caption\":\"Institute of the Blessed Virgin Mary \u2013 Loreto\"},\"image\":{\"@id\":\"https:\\\/\\\/ibvmunngo.org\\\/es\\\/#\\\/schema\\\/logo\\\/image\\\/\"}}]}<\/script>\n<!-- \/ Yoast SEO plugin. -->","yoast_head_json":{"title":"Defensa Escolar - Instituto de la Sant\u00edsima Virgen Mar\u00eda \u2013 Loreto","robots":{"index":"index","follow":"follow","max-snippet":"max-snippet:-1","max-image-preview":"max-image-preview:large","max-video-preview":"max-video-preview:-1"},"canonical":"https:\/\/ibvmunngo.org\/es\/news-information\/campaigns\/defensa-de-la-escuela\/","og_locale":"es_ES","og_type":"article","og_title":"School Advocacy - Institute of the Blessed Virgin Mary \u2013 Loreto","og_description":"School Advocacy Mary Ward Schools (IBVM\/CJ) contribute to our work at the UN by educating and raising the awareness of their students on justice issues in their local and the global community. Read how students are learning and advocating for a better, more humane and peaceful world. Loreto South Africa\u00a0","og_url":"https:\/\/ibvmunngo.org\/es\/news-information\/campaigns\/defensa-de-la-escuela\/","og_site_name":"Institute of the Blessed Virgin Mary \u2013 Loreto","article_modified_time":"2021-09-27T01:31:31+00:00","og_image":[{"url":"https:\/\/ibvmunngo.org\/wp-content\/uploads\/2021\/09\/School-Advocacy.png","type":"","width":"","height":""}],"twitter_card":"summary_large_image","schema":{"@context":"https:\/\/schema.org","@graph":[{"@type":"WebPage","@id":"https:\/\/ibvmunngo.org\/es\/news-information\/campaigns\/defensa-de-la-escuela\/","url":"https:\/\/ibvmunngo.org\/es\/news-information\/campaigns\/defensa-de-la-escuela\/","name":"Defensa Escolar - Instituto de la Sant\u00edsima Virgen Mar\u00eda \u2013 Loreto","isPartOf":{"@id":"https:\/\/ibvmunngo.org\/es\/#website"},"primaryImageOfPage":{"@id":"https:\/\/ibvmunngo.org\/es\/news-information\/campaigns\/defensa-de-la-escuela\/#primaryimage"},"image":{"@id":"https:\/\/ibvmunngo.org\/es\/news-information\/campaigns\/defensa-de-la-escuela\/#primaryimage"},"thumbnailUrl":"https:\/\/ibvmunngo.org\/wp-content\/uploads\/2021\/09\/School-Advocacy.png","datePublished":"2021-09-26T05:47:19+00:00","dateModified":"2021-09-27T01:31:31+00:00","breadcrumb":{"@id":"https:\/\/ibvmunngo.org\/es\/news-information\/campaigns\/defensa-de-la-escuela\/#breadcrumb"},"inLanguage":"es","potentialAction":[{"@type":"ReadAction","target":["https:\/\/ibvmunngo.org\/es\/news-information\/campaigns\/defensa-de-la-escuela\/"]}]},{"@type":"ImageObject","inLanguage":"es","@id":"https:\/\/ibvmunngo.org\/es\/news-information\/campaigns\/defensa-de-la-escuela\/#primaryimage","url":"https:\/\/ibvmunngo.org\/wp-content\/uploads\/2021\/09\/School-Advocacy.png","contentUrl":"https:\/\/ibvmunngo.org\/wp-content\/uploads\/2021\/09\/School-Advocacy.png"},{"@type":"BreadcrumbList","@id":"https:\/\/ibvmunngo.org\/es\/news-information\/campaigns\/defensa-de-la-escuela\/#breadcrumb","itemListElement":[{"@type":"ListItem","position":1,"name":"Home","item":"https:\/\/ibvmunngo.org\/es\/"},{"@type":"ListItem","position":2,"name":"Private: News &#038; Information","item":"https:\/\/ibvmunngo.org\/?page_id=14522"},{"@type":"ListItem","position":3,"name":"Private: Get Involved","item":"https:\/\/ibvmunngo.org\/?page_id=54091"},{"@type":"ListItem","position":4,"name":"School Advocacy"}]},{"@type":"WebSite","@id":"https:\/\/ibvmunngo.org\/es\/#website","url":"https:\/\/ibvmunngo.org\/es\/","name":"Instituto de la Sant\u00edsima Virgen Mar\u00eda - Loreto","description":"ONG ASOCIADA CON ECOSOC EN LAS NACIONES UNIDAS","publisher":{"@id":"https:\/\/ibvmunngo.org\/es\/#organization"},"potentialAction":[{"@type":"SearchAction","target":{"@type":"EntryPoint","urlTemplate":"https:\/\/ibvmunngo.org\/es\/?s={search_term_string}"},"query-input":{"@type":"PropertyValueSpecification","valueRequired":true,"valueName":"search_term_string"}}],"inLanguage":"es"},{"@type":"Organization","@id":"https:\/\/ibvmunngo.org\/es\/#organization","name":"Instituto de la Sant\u00edsima Virgen Mar\u00eda - Loreto","url":"https:\/\/ibvmunngo.org\/es\/","logo":{"@type":"ImageObject","inLanguage":"es","@id":"https:\/\/ibvmunngo.org\/es\/#\/schema\/logo\/image\/","url":"https:\/\/ibvmunngo.org\/wp-content\/uploads\/2020\/10\/Logo_IBVM_UN_1.png","contentUrl":"https:\/\/ibvmunngo.org\/wp-content\/uploads\/2020\/10\/Logo_IBVM_UN_1.png","width":200,"height":144,"caption":"Institute of the Blessed Virgin Mary \u2013 Loreto"},"image":{"@id":"https:\/\/ibvmunngo.org\/es\/#\/schema\/logo\/image\/"}}]}},"_links":{"self":[{"href":"https:\/\/ibvmunngo.org\/es\/wp-json\/wp\/v2\/pages\/56609","targetHints":{"allow":["GET"]}}],"collection":[{"href":"https:\/\/ibvmunngo.org\/es\/wp-json\/wp\/v2\/pages"}],"about":[{"href":"https:\/\/ibvmunngo.org\/es\/wp-json\/wp\/v2\/types\/page"}],"author":[{"embeddable":true,"href":"https:\/\/ibvmunngo.org\/es\/wp-json\/wp\/v2\/users\/6"}],"replies":[{"embeddable":true,"href":"https:\/\/ibvmunngo.org\/es\/wp-json\/wp\/v2\/comments?post=56609"}],"version-history":[{"count":0,"href":"https:\/\/ibvmunngo.org\/es\/wp-json\/wp\/v2\/pages\/56609\/revisions"}],"up":[{"embeddable":true,"href":"https:\/\/ibvmunngo.org\/es\/wp-json\/wp\/v2\/pages\/54091"}],"wp:attachment":[{"href":"https:\/\/ibvmunngo.org\/es\/wp-json\/wp\/v2\/media?parent=56609"}],"curies":[{"name":"wp","href":"https:\/\/api.w.org\/{rel}","templated":true}]}}