{"id":10046,"date":"2021-03-31T06:33:48","date_gmt":"2021-03-31T06:33:48","guid":{"rendered":"https:\/\/ibvmunngo.org\/?page_id=10046"},"modified":"2023-01-04T08:51:02","modified_gmt":"2023-01-04T08:51:02","slug":"odd-8-travail-decent-et-croissance-economique","status":"publish","type":"page","link":"https:\/\/ibvmunngo.org\/fr\/ibvm-cj-at-the-un\/objectifs-mondiaux-odd\/objectifs-de-developpement-durable-notre-contribution\/odd-8-travail-decent-et-croissance-economique\/","title":{"rendered":"ODD 8 Travail d\u00e9cent et croissance \u00e9conomique"},"content":{"rendered":"<div data-elementor-type=\"wp-page\" data-elementor-id=\"10046\" class=\"elementor elementor-10046\" data-elementor-post-type=\"page\">\n\t\t\t\t\t\t<section class=\"elementor-section elementor-top-section elementor-element elementor-element-ea968b7 elementor-section-boxed elementor-section-height-default elementor-section-height-default\" data-id=\"ea968b7\" data-element_type=\"section\" data-e-type=\"section\">\n\t\t\t\t\t\t<div class=\"elementor-container elementor-column-gap-default\">\n\t\t\t\t\t<div class=\"elementor-column elementor-col-100 elementor-top-column elementor-element elementor-element-afe8aeb\" data-id=\"afe8aeb\" data-element_type=\"column\" data-e-type=\"column\">\n\t\t\t<div class=\"elementor-widget-wrap elementor-element-populated\">\n\t\t\t\t\t\t<div class=\"elementor-element elementor-element-205da8c elementor-widget elementor-widget-heading\" data-id=\"205da8c\" data-element_type=\"widget\" data-e-type=\"widget\" data-widget_type=\"heading.default\">\n\t\t\t\t<div class=\"elementor-widget-container\">\n\t\t\t\t\t<h2 class=\"elementor-heading-title elementor-size-default\">Promouvoir une croissance \u00e9conomique soutenue, inclusive et durable, le plein emploi productif et un travail d\u00e9cent pour tous<\/h2>\t\t\t\t<\/div>\n\t\t\t\t<\/div>\n\t\t\t\t\t<\/div>\n\t\t<\/div>\n\t\t\t\t\t<\/div>\n\t\t<\/section>\n\t\t\t\t<section class=\"elementor-section elementor-top-section elementor-element elementor-element-83dedf0 elementor-section-boxed elementor-section-height-default elementor-section-height-default\" data-id=\"83dedf0\" data-element_type=\"section\" data-e-type=\"section\">\n\t\t\t\t\t\t<div class=\"elementor-container elementor-column-gap-default\">\n\t\t\t\t\t<div class=\"elementor-column elementor-col-100 elementor-top-column elementor-element elementor-element-9bddf92\" data-id=\"9bddf92\" data-element_type=\"column\" data-e-type=\"column\">\n\t\t\t<div class=\"elementor-widget-wrap elementor-element-populated\">\n\t\t\t\t\t\t<div class=\"elementor-element elementor-element-0728ac3 elementor-blockquote--skin-quotation elementor-blockquote--align-center elementor-blockquote--button-view-icon-text elementor-blockquote--button-skin-classic elementor-widget elementor-widget-blockquote\" data-id=\"0728ac3\" data-element_type=\"widget\" data-e-type=\"widget\" data-widget_type=\"blockquote.default\">\n\t\t\t\t<div class=\"elementor-widget-container\">\n\t\t\t\t\t\t\t<blockquote class=\"elementor-blockquote\">\n\t\t\t<p class=\"elementor-blockquote__content\">\n\t\t\t\tL\u2019objectif ne doit pas \u00eatre que le progr\u00e8s technologique remplace de plus en plus le travail humain, car cela serait pr\u00e9judiciable \u00e0 l\u2019humanit\u00e9. Le travail est une n\u00e9cessit\u00e9, une partie du sens de la vie sur cette terre, un chemin vers la croissance, le d\u00e9veloppement humain et l\u2019\u00e9panouissement personnel.\t\t\t<\/p>\n\t\t\t\t\t\t\t<div class=\"e-q-footer\">\n\t\t\t\t\t\t\t\t\t\t\t<cite class=\"elementor-blockquote__author\">Laudato Si, 128<\/cite>\n\t\t\t\t\t\t\t\t\t\t\t\t\t\t\t\t<a href=\"https:\/\/twitter.com\/intent\/tweet?text=El+objetivo+no+deber%C3%ADa+ser+que+el+progreso+tecnol%C3%B3gico+sustituya+cada+vez+m%C3%A1s+el+trabajo+humano%2C+ya+que+esto+ser%C3%ADa+perjudicial+para+la+humanidad.+El+trabajo+es+una+necesidad%2C+parte+del+sentido+de+la+vida+en+esta+tierra%2C+un+camino+hacia+el+crecimiento%2C+el+desarrollo+humano+y+la+realizaci%C3%B3n+personal.+%E2%80%94+Laudato+S%C3%AD%2C+128&amp;url=https%3A%2F%2Fibvmunngo.org%2Fes%2Fibvm-cj-at-the-un%2Fglobal-goals-sdgs%2Fsustainable-development-goals-our-contribution%2Fsdg-8-decent-work-and-economic-growth%2F\" class=\"elementor-blockquote__tweet-button\" target=\"_blank\">\n\t\t\t\t\t\t\t\t\t\t\t\t\t\t\t<i aria-hidden=\"true\" class=\"fab fa-twitter\"><\/i>\t\t\t\t\t\t\t\t\t\t\t\t\t\t\t\t\t\t\t\t\t\t\t\t\t\t\t\t\t\t<span class=\"elementor-blockquote__tweet-label\">Tweeter<\/span>\n\t\t\t\t\t\t\t\t\t\t\t\t\t<\/a>\n\t\t\t\t\t\t\t\t\t<\/div>\n\t\t\t\t\t<\/blockquote>\n\t\t\t\t\t\t<\/div>\n\t\t\t\t<\/div>\n\t\t\t\t\t<\/div>\n\t\t<\/div>\n\t\t\t\t\t<\/div>\n\t\t<\/section>\n\t\t\t\t<section class=\"elementor-section elementor-top-section elementor-element elementor-element-07b1710 elementor-section-boxed elementor-section-height-default elementor-section-height-default\" data-id=\"07b1710\" data-element_type=\"section\" data-e-type=\"section\">\n\t\t\t\t\t\t<div class=\"elementor-container elementor-column-gap-default\">\n\t\t\t\t\t<div class=\"elementor-column elementor-col-100 elementor-top-column elementor-element elementor-element-4a6841a\" data-id=\"4a6841a\" data-element_type=\"column\" data-e-type=\"column\">\n\t\t\t<div class=\"elementor-widget-wrap elementor-element-populated\">\n\t\t\t\t\t\t<div class=\"elementor-element elementor-element-7814d64 elementor-widget elementor-widget-text-editor\" data-id=\"7814d64\" data-element_type=\"widget\" data-e-type=\"widget\" data-widget_type=\"text-editor.default\">\n\t\t\t\t<div class=\"elementor-widget-container\">\n\t\t\t\t\t\t\t\t\t<h3>Cr\u00e9er ensemble de nouvelles possibilit\u00e9s<\/h3><p>La r\u00e9gion des \u00c9tats-Unis d&#039;IBVM a cr\u00e9\u00e9 le Mary Ward Center dans le sud de Chicago en 1999. Il vise \u00e0 r\u00e9pondre aux besoins linguistiques des immigrants hispaniques locaux. Leur mission n&#039;est pas seulement d&#039;offrir des opportunit\u00e9s \u00e9ducatives, mais aussi d&#039;accueillir chaque \u00e9tudiant et de cheminer avec lui pour atteindre son v\u00e9ritable potentiel.<\/p><p>Le Centre offre des opportunit\u00e9s de d\u00e9veloppement \u00e9ducatif gr\u00e2ce \u00e0 un tutorat en lecture, \u00e9criture, grammaire, \u00e9coute et expression orale, une formation de base en informatique et des activit\u00e9s de croissance spirituelle et d&#039;enrichissement personnel. Les services sont fournis \u00e0 la fois dans un cadre individuel et dans des contextes d&#039;apprentissage en petits groupes. Ces cours am\u00e9liorent leur confiance dans leurs comp\u00e9tences en communication et ouvrent de plus grandes opportunit\u00e9s d&#039;emploi.<\/p><p>En savoir plus sur le travail du Mary Ward Center <a href=\"https:\/\/ibvm.us\/about-us\/our-ministries\/mary-ward-center\/about-mwc\/\">ICI<\/a>.<\/p>\t\t\t\t\t\t\t\t<\/div>\n\t\t\t\t<\/div>\n\t\t\t\t\t<\/div>\n\t\t<\/div>\n\t\t\t\t\t<\/div>\n\t\t<\/section>\n\t\t\t\t<\/div>","protected":false},"excerpt":{"rendered":"<p>Promote sustained, inclusive and sustainable economic growth, full and productive employment and decent work for all The goal should not be that technological progress increasingly replace human work, for this would be detrimental to humanity. Work is a necessity, part of the meaning of life on this earth, a path to growth, human development and [&hellip;]<\/p>\n","protected":false},"author":6,"featured_media":10136,"parent":6998,"menu_order":0,"comment_status":"closed","ping_status":"closed","template":"","meta":{"footnotes":""},"class_list":["post-10046","page","type-page","status-publish","has-post-thumbnail","hentry"],"yoast_head":"<!-- This site is optimized with the Yoast SEO plugin v27.3 - https:\/\/yoast.com\/product\/yoast-seo-wordpress\/ -->\n<title>SDG 8 Decent Work and Economic Growth - Institute of the Blessed Virgin Mary \u2013 Loreto<\/title>\n<meta name=\"robots\" content=\"index, follow, max-snippet:-1, max-image-preview:large, max-video-preview:-1\" \/>\n<link rel=\"canonical\" href=\"https:\/\/ibvmunngo.org\/fr\/ibvm-cj-at-the-un\/objectifs-mondiaux-odd\/objectifs-de-developpement-durable-notre-contribution\/odd-8-travail-decent-et-croissance-economique\/\" \/>\n<meta property=\"og:locale\" content=\"fr_FR\" \/>\n<meta property=\"og:type\" content=\"article\" \/>\n<meta property=\"og:title\" content=\"SDG 8 Decent Work and Economic Growth - Institute of the Blessed Virgin Mary \u2013 Loreto\" \/>\n<meta property=\"og:description\" content=\"Promote sustained, inclusive and sustainable economic growth, full and productive employment and decent work for all The goal should not be that technological progress increasingly replace human work, for this would be detrimental to humanity. Work is a necessity, part of the meaning of life on this earth, a path to growth, human development and [&hellip;]\" \/>\n<meta property=\"og:url\" content=\"https:\/\/ibvmunngo.org\/fr\/ibvm-cj-at-the-un\/objectifs-mondiaux-odd\/objectifs-de-developpement-durable-notre-contribution\/odd-8-travail-decent-et-croissance-economique\/\" \/>\n<meta property=\"og:site_name\" content=\"Institute of the Blessed Virgin Mary \u2013 Loreto\" \/>\n<meta property=\"article:modified_time\" content=\"2023-01-04T08:51:02+00:00\" \/>\n<meta property=\"og:image\" content=\"https:\/\/ibvmunngo.org\/wp-content\/uploads\/2021\/03\/Decent-Work-and-Economic-Growth-.png\" \/>\n\t<meta property=\"og:image:width\" content=\"900\" \/>\n\t<meta property=\"og:image:height\" content=\"400\" \/>\n\t<meta property=\"og:image:type\" content=\"image\/png\" \/>\n<meta name=\"twitter:card\" content=\"summary_large_image\" \/>\n<meta name=\"twitter:label1\" content=\"Dur\u00e9e de lecture estim\u00e9e\" \/>\n\t<meta name=\"twitter:data1\" content=\"1 minute\" \/>\n<script type=\"application\/ld+json\" class=\"yoast-schema-graph\">{\"@context\":\"https:\\\/\\\/schema.org\",\"@graph\":[{\"@type\":\"WebPage\",\"@id\":\"https:\\\/\\\/ibvmunngo.org\\\/ibvm-cj-at-the-un\\\/global-goals-sdgs\\\/sustainable-development-goals-our-contribution\\\/sdg-8-decent-work-and-economic-growth\\\/\",\"url\":\"https:\\\/\\\/ibvmunngo.org\\\/ibvm-cj-at-the-un\\\/global-goals-sdgs\\\/sustainable-development-goals-our-contribution\\\/sdg-8-decent-work-and-economic-growth\\\/\",\"name\":\"SDG 8 Decent Work and Economic Growth - Institute of the Blessed Virgin Mary \u2013 Loreto\",\"isPartOf\":{\"@id\":\"https:\\\/\\\/ibvmunngo.org\\\/es\\\/#website\"},\"primaryImageOfPage\":{\"@id\":\"https:\\\/\\\/ibvmunngo.org\\\/ibvm-cj-at-the-un\\\/global-goals-sdgs\\\/sustainable-development-goals-our-contribution\\\/sdg-8-decent-work-and-economic-growth\\\/#primaryimage\"},\"image\":{\"@id\":\"https:\\\/\\\/ibvmunngo.org\\\/ibvm-cj-at-the-un\\\/global-goals-sdgs\\\/sustainable-development-goals-our-contribution\\\/sdg-8-decent-work-and-economic-growth\\\/#primaryimage\"},\"thumbnailUrl\":\"https:\\\/\\\/ibvmunngo.org\\\/wp-content\\\/uploads\\\/2021\\\/03\\\/Decent-Work-and-Economic-Growth-.png\",\"datePublished\":\"2021-03-31T06:33:48+00:00\",\"dateModified\":\"2023-01-04T08:51:02+00:00\",\"breadcrumb\":{\"@id\":\"https:\\\/\\\/ibvmunngo.org\\\/ibvm-cj-at-the-un\\\/global-goals-sdgs\\\/sustainable-development-goals-our-contribution\\\/sdg-8-decent-work-and-economic-growth\\\/#breadcrumb\"},\"inLanguage\":\"fr-FR\",\"potentialAction\":[{\"@type\":\"ReadAction\",\"target\":[\"https:\\\/\\\/ibvmunngo.org\\\/ibvm-cj-at-the-un\\\/global-goals-sdgs\\\/sustainable-development-goals-our-contribution\\\/sdg-8-decent-work-and-economic-growth\\\/\"]}]},{\"@type\":\"ImageObject\",\"inLanguage\":\"fr-FR\",\"@id\":\"https:\\\/\\\/ibvmunngo.org\\\/ibvm-cj-at-the-un\\\/global-goals-sdgs\\\/sustainable-development-goals-our-contribution\\\/sdg-8-decent-work-and-economic-growth\\\/#primaryimage\",\"url\":\"https:\\\/\\\/ibvmunngo.org\\\/wp-content\\\/uploads\\\/2021\\\/03\\\/Decent-Work-and-Economic-Growth-.png\",\"contentUrl\":\"https:\\\/\\\/ibvmunngo.org\\\/wp-content\\\/uploads\\\/2021\\\/03\\\/Decent-Work-and-Economic-Growth-.png\",\"width\":900,\"height\":400},{\"@type\":\"BreadcrumbList\",\"@id\":\"https:\\\/\\\/ibvmunngo.org\\\/ibvm-cj-at-the-un\\\/global-goals-sdgs\\\/sustainable-development-goals-our-contribution\\\/sdg-8-decent-work-and-economic-growth\\\/#breadcrumb\",\"itemListElement\":[{\"@type\":\"ListItem\",\"position\":1,\"name\":\"Home\",\"item\":\"https:\\\/\\\/ibvmunngo.org\\\/es\\\/\"},{\"@type\":\"ListItem\",\"position\":2,\"name\":\"Privado: IBVM\\\/CJ at the UN\",\"item\":\"https:\\\/\\\/ibvmunngo.org\\\/es\\\/?page_id=14500\"},{\"@type\":\"ListItem\",\"position\":3,\"name\":\"Sustainable Development Goals\",\"item\":\"https:\\\/\\\/ibvmunngo.org\\\/es\\\/ibvm-cj-at-the-un\\\/objetivos-globales-osds\\\/\"},{\"@type\":\"ListItem\",\"position\":4,\"name\":\"Our Contribution\",\"item\":\"https:\\\/\\\/ibvmunngo.org\\\/ibvm-cj-at-the-un\\\/global-goals-sdgs\\\/sustainable-development-goals-our-contribution\\\/\"},{\"@type\":\"ListItem\",\"position\":5,\"name\":\"SDG 8 Decent Work and Economic Growth\"}]},{\"@type\":\"WebSite\",\"@id\":\"https:\\\/\\\/ibvmunngo.org\\\/es\\\/#website\",\"url\":\"https:\\\/\\\/ibvmunngo.org\\\/es\\\/\",\"name\":\"Institute of the Blessed Virgin Mary \u2013 Loreto\",\"description\":\"NGO ASSOCIATED WITH ECOSOC AT THE UNITED NATIONS\",\"publisher\":{\"@id\":\"https:\\\/\\\/ibvmunngo.org\\\/es\\\/#organization\"},\"potentialAction\":[{\"@type\":\"SearchAction\",\"target\":{\"@type\":\"EntryPoint\",\"urlTemplate\":\"https:\\\/\\\/ibvmunngo.org\\\/es\\\/?s={search_term_string}\"},\"query-input\":{\"@type\":\"PropertyValueSpecification\",\"valueRequired\":true,\"valueName\":\"search_term_string\"}}],\"inLanguage\":\"fr-FR\"},{\"@type\":\"Organization\",\"@id\":\"https:\\\/\\\/ibvmunngo.org\\\/es\\\/#organization\",\"name\":\"Institute of the Blessed Virgin Mary \u2013 Loreto\",\"url\":\"https:\\\/\\\/ibvmunngo.org\\\/es\\\/\",\"logo\":{\"@type\":\"ImageObject\",\"inLanguage\":\"fr-FR\",\"@id\":\"https:\\\/\\\/ibvmunngo.org\\\/es\\\/#\\\/schema\\\/logo\\\/image\\\/\",\"url\":\"https:\\\/\\\/ibvmunngo.org\\\/wp-content\\\/uploads\\\/2020\\\/10\\\/Logo_IBVM_UN_1.png\",\"contentUrl\":\"https:\\\/\\\/ibvmunngo.org\\\/wp-content\\\/uploads\\\/2020\\\/10\\\/Logo_IBVM_UN_1.png\",\"width\":200,\"height\":144,\"caption\":\"Institute of the Blessed Virgin Mary \u2013 Loreto\"},\"image\":{\"@id\":\"https:\\\/\\\/ibvmunngo.org\\\/es\\\/#\\\/schema\\\/logo\\\/image\\\/\"}}]}<\/script>\n<!-- \/ Yoast SEO plugin. -->","yoast_head_json":{"title":"ODD 8 Travail d\u00e9cent et croissance \u00e9conomique - Institut de la Bienheureuse Vierge Marie \u2013 Loreto","robots":{"index":"index","follow":"follow","max-snippet":"max-snippet:-1","max-image-preview":"max-image-preview:large","max-video-preview":"max-video-preview:-1"},"canonical":"https:\/\/ibvmunngo.org\/fr\/ibvm-cj-at-the-un\/objectifs-mondiaux-odd\/objectifs-de-developpement-durable-notre-contribution\/odd-8-travail-decent-et-croissance-economique\/","og_locale":"fr_FR","og_type":"article","og_title":"SDG 8 Decent Work and Economic Growth - Institute of the Blessed Virgin Mary \u2013 Loreto","og_description":"Promote sustained, inclusive and sustainable economic growth, full and productive employment and decent work for all The goal should not be that technological progress increasingly replace human work, for this would be detrimental to humanity. Work is a necessity, part of the meaning of life on this earth, a path to growth, human development and [&hellip;]","og_url":"https:\/\/ibvmunngo.org\/fr\/ibvm-cj-at-the-un\/objectifs-mondiaux-odd\/objectifs-de-developpement-durable-notre-contribution\/odd-8-travail-decent-et-croissance-economique\/","og_site_name":"Institute of the Blessed Virgin Mary \u2013 Loreto","article_modified_time":"2023-01-04T08:51:02+00:00","og_image":[{"width":900,"height":400,"url":"https:\/\/ibvmunngo.org\/wp-content\/uploads\/2021\/03\/Decent-Work-and-Economic-Growth-.png","type":"image\/png"}],"twitter_card":"summary_large_image","twitter_misc":{"Dur\u00e9e de lecture estim\u00e9e":"1 minute"},"schema":{"@context":"https:\/\/schema.org","@graph":[{"@type":"WebPage","@id":"https:\/\/ibvmunngo.org\/ibvm-cj-at-the-un\/global-goals-sdgs\/sustainable-development-goals-our-contribution\/sdg-8-decent-work-and-economic-growth\/","url":"https:\/\/ibvmunngo.org\/ibvm-cj-at-the-un\/global-goals-sdgs\/sustainable-development-goals-our-contribution\/sdg-8-decent-work-and-economic-growth\/","name":"ODD 8 Travail d\u00e9cent et croissance \u00e9conomique - Institut de la Bienheureuse Vierge Marie \u2013 Loreto","isPartOf":{"@id":"https:\/\/ibvmunngo.org\/es\/#website"},"primaryImageOfPage":{"@id":"https:\/\/ibvmunngo.org\/ibvm-cj-at-the-un\/global-goals-sdgs\/sustainable-development-goals-our-contribution\/sdg-8-decent-work-and-economic-growth\/#primaryimage"},"image":{"@id":"https:\/\/ibvmunngo.org\/ibvm-cj-at-the-un\/global-goals-sdgs\/sustainable-development-goals-our-contribution\/sdg-8-decent-work-and-economic-growth\/#primaryimage"},"thumbnailUrl":"https:\/\/ibvmunngo.org\/wp-content\/uploads\/2021\/03\/Decent-Work-and-Economic-Growth-.png","datePublished":"2021-03-31T06:33:48+00:00","dateModified":"2023-01-04T08:51:02+00:00","breadcrumb":{"@id":"https:\/\/ibvmunngo.org\/ibvm-cj-at-the-un\/global-goals-sdgs\/sustainable-development-goals-our-contribution\/sdg-8-decent-work-and-economic-growth\/#breadcrumb"},"inLanguage":"fr-FR","potentialAction":[{"@type":"ReadAction","target":["https:\/\/ibvmunngo.org\/ibvm-cj-at-the-un\/global-goals-sdgs\/sustainable-development-goals-our-contribution\/sdg-8-decent-work-and-economic-growth\/"]}]},{"@type":"ImageObject","inLanguage":"fr-FR","@id":"https:\/\/ibvmunngo.org\/ibvm-cj-at-the-un\/global-goals-sdgs\/sustainable-development-goals-our-contribution\/sdg-8-decent-work-and-economic-growth\/#primaryimage","url":"https:\/\/ibvmunngo.org\/wp-content\/uploads\/2021\/03\/Decent-Work-and-Economic-Growth-.png","contentUrl":"https:\/\/ibvmunngo.org\/wp-content\/uploads\/2021\/03\/Decent-Work-and-Economic-Growth-.png","width":900,"height":400},{"@type":"BreadcrumbList","@id":"https:\/\/ibvmunngo.org\/ibvm-cj-at-the-un\/global-goals-sdgs\/sustainable-development-goals-our-contribution\/sdg-8-decent-work-and-economic-growth\/#breadcrumb","itemListElement":[{"@type":"ListItem","position":1,"name":"Home","item":"https:\/\/ibvmunngo.org\/es\/"},{"@type":"ListItem","position":2,"name":"Privado: IBVM\/CJ at the UN","item":"https:\/\/ibvmunngo.org\/es\/?page_id=14500"},{"@type":"ListItem","position":3,"name":"Sustainable Development Goals","item":"https:\/\/ibvmunngo.org\/es\/ibvm-cj-at-the-un\/objetivos-globales-osds\/"},{"@type":"ListItem","position":4,"name":"Our Contribution","item":"https:\/\/ibvmunngo.org\/ibvm-cj-at-the-un\/global-goals-sdgs\/sustainable-development-goals-our-contribution\/"},{"@type":"ListItem","position":5,"name":"SDG 8 Decent Work and Economic Growth"}]},{"@type":"WebSite","@id":"https:\/\/ibvmunngo.org\/es\/#website","url":"https:\/\/ibvmunngo.org\/es\/","name":"Institut de la Bienheureuse Vierge Marie \u2013 Lorette","description":"ONG ASSOCIEE A L&#039;ECOSOC AUX NATIONS UNIES","publisher":{"@id":"https:\/\/ibvmunngo.org\/es\/#organization"},"potentialAction":[{"@type":"SearchAction","target":{"@type":"EntryPoint","urlTemplate":"https:\/\/ibvmunngo.org\/es\/?s={search_term_string}"},"query-input":{"@type":"PropertyValueSpecification","valueRequired":true,"valueName":"search_term_string"}}],"inLanguage":"fr-FR"},{"@type":"Organization","@id":"https:\/\/ibvmunngo.org\/es\/#organization","name":"Institut de la Bienheureuse Vierge Marie \u2013 Lorette","url":"https:\/\/ibvmunngo.org\/es\/","logo":{"@type":"ImageObject","inLanguage":"fr-FR","@id":"https:\/\/ibvmunngo.org\/es\/#\/schema\/logo\/image\/","url":"https:\/\/ibvmunngo.org\/wp-content\/uploads\/2020\/10\/Logo_IBVM_UN_1.png","contentUrl":"https:\/\/ibvmunngo.org\/wp-content\/uploads\/2020\/10\/Logo_IBVM_UN_1.png","width":200,"height":144,"caption":"Institute of the Blessed Virgin Mary \u2013 Loreto"},"image":{"@id":"https:\/\/ibvmunngo.org\/es\/#\/schema\/logo\/image\/"}}]}},"_links":{"self":[{"href":"https:\/\/ibvmunngo.org\/fr\/wp-json\/wp\/v2\/pages\/10046","targetHints":{"allow":["GET"]}}],"collection":[{"href":"https:\/\/ibvmunngo.org\/fr\/wp-json\/wp\/v2\/pages"}],"about":[{"href":"https:\/\/ibvmunngo.org\/fr\/wp-json\/wp\/v2\/types\/page"}],"author":[{"embeddable":true,"href":"https:\/\/ibvmunngo.org\/fr\/wp-json\/wp\/v2\/users\/6"}],"replies":[{"embeddable":true,"href":"https:\/\/ibvmunngo.org\/fr\/wp-json\/wp\/v2\/comments?post=10046"}],"version-history":[{"count":0,"href":"https:\/\/ibvmunngo.org\/fr\/wp-json\/wp\/v2\/pages\/10046\/revisions"}],"up":[{"embeddable":true,"href":"https:\/\/ibvmunngo.org\/fr\/wp-json\/wp\/v2\/pages\/6998"}],"wp:featuredmedia":[{"embeddable":true,"href":"https:\/\/ibvmunngo.org\/fr\/wp-json\/wp\/v2\/media\/10136"}],"wp:attachment":[{"href":"https:\/\/ibvmunngo.org\/fr\/wp-json\/wp\/v2\/media?parent=10046"}],"curies":[{"name":"wp","href":"https:\/\/api.w.org\/{rel}","templated":true}]}}