{"id":1570,"date":"2017-08-23T18:41:54","date_gmt":"2017-08-23T18:41:54","guid":{"rendered":"http:\/\/ibvmunngo.org\/?page_id=1570"},"modified":"2017-08-23T18:41:54","modified_gmt":"2017-08-23T18:41:54","slug":"a-propos-des-nations-unies-2","status":"publish","type":"page","link":"https:\/\/ibvmunngo.org\/fr\/a-propos-des-nations-unies-2\/","title":{"rendered":"\u00c0 propos de l&#039;ONU"},"content":{"rendered":"<p>\t\t\t\t<span style=\"font-size: large;\"><a href=\"http:\/\/www.un.org\/en\/about-un\/\">\u00c0 propos des Nations Unies&nbsp;<\/a><\/span><\/p>\n<p><span style=\"font-size: large;\"><a href=\"http:\/\/www.un.org\/en\/sections\/what-we-do\/\">Ce que fait l&#039;ONU&nbsp;<\/a><\/span><\/p>\n<p><span style=\"font-size: large;\"><a href=\"http:\/\/www.un.org\/en\/sections\/what-we-do\/\">Les objectifs de d\u00e9veloppement durable<\/a><\/span><\/p>\n<p><span style=\"font-size: large;\"><a href=\"https:\/\/www.una.org.uk\/get-involved\/learn-and-teach\/un-matters-teaching-pack\">Pourquoi l&#039;ONU est importante&nbsp;<\/a><\/span><\/p>\n<p><span style=\"font-size: large;\"><a href=\"http:\/\/bestdelegate.com\/3-resources-for-teaching-the-united-nations-successes-and-failures\/\">Enseigner les succ\u00e8s et les \u00e9checs de l\u2019ONU&nbsp;<\/a><\/span><\/p>\n<p><span style=\"font-size: large;\"><a href=\"http:\/\/www.ctaun.org\/\">Enseigner l&#039;ONU dans les \u00e9coles&nbsp;<\/a><\/span><\/p>\n<p><span style=\"font-size: large;\"><a href=\"http:\/\/www.unesco.org\/new\/en\/education\/themes\/leading-the-international-agenda\/human-rights-education\/advocacy\/\">\u00c9ducation et d\u00e9fense des droits de l\u2019homme&nbsp;<\/a><\/span><\/p>\n<p><strong>CLIPS VID\u00c9O UTILES EXPLIQUANT LES NATIONS UNIES<\/strong><\/p>\n<p><strong><iframe src=\"https:\/\/www.youtube.com\/embed\/tlmYtJiUK00\" width=\"560\" height=\"315\" frameborder=\"0\" allowfullscreen=\"allowfullscreen\"><\/iframe><\/strong><br \/>\n<strong> <iframe src=\"https:\/\/www.youtube.com\/embed\/FTykHVuXPUg\" width=\"560\" height=\"315\" frameborder=\"0\" allowfullscreen=\"allowfullscreen\"><\/iframe><\/strong><br \/>\n<strong> <iframe src=\"https:\/\/www.youtube.com\/embed\/C1H3wpBIzSk\" width=\"560\" height=\"315\" frameborder=\"0\" allowfullscreen=\"allowfullscreen\"><\/iframe><\/strong><br \/>\n<strong> <iframe src=\"https:\/\/www.youtube.com\/embed\/o08ykAqLOxk\" width=\"560\" height=\"315\" frameborder=\"0\" allowfullscreen=\"allowfullscreen\"><\/iframe><\/strong>\t\t<\/p>","protected":false},"excerpt":{"rendered":"<p>\u00c0 propos des Nations Unies Ce que fait l&#039;ONU Les objectifs de d\u00e9veloppement durable Pourquoi l&#039;ONU est importante Enseigner les succ\u00e8s et les \u00e9checs de l&#039;ONU Enseigner l&#039;ONU dans les \u00e9coles \u00c9ducation aux droits de l&#039;homme et plaidoyer CLIPS VID\u00c9O UTILES EXPLIQUANT LES NATIONS UNIES<\/p>","protected":false},"author":11,"featured_media":0,"parent":0,"menu_order":0,"comment_status":"open","ping_status":"open","template":"","meta":{"footnotes":""},"class_list":["post-1570","page","type-page","status-publish","hentry"],"yoast_head":"<!-- This site is optimized with the Yoast SEO plugin v27.3 - https:\/\/yoast.com\/product\/yoast-seo-wordpress\/ -->\n<title>About the UN - Institute of the Blessed Virgin Mary \u2013 Loreto<\/title>\n<meta name=\"robots\" content=\"index, follow, max-snippet:-1, max-image-preview:large, max-video-preview:-1\" \/>\n<link rel=\"canonical\" href=\"https:\/\/ibvmunngo.org\/fr\/a-propos-des-nations-unies-2\/\" \/>\n<meta property=\"og:locale\" content=\"fr_FR\" \/>\n<meta property=\"og:type\" content=\"article\" \/>\n<meta property=\"og:title\" content=\"About the UN - Institute of the Blessed Virgin Mary \u2013 Loreto\" \/>\n<meta property=\"og:description\" content=\"About the United Nations&nbsp; What the UN does&nbsp; The Sustainable Development Goals Why the UN Matters&nbsp; Teaching the successes and failures of the UN&nbsp; Teaching about the UN in schools&nbsp; Human Rights Education and Advocacy&nbsp; USEFUL VIDEO CLIPS EXPLAINING THE UNITED NATIONS\" \/>\n<meta property=\"og:url\" content=\"https:\/\/ibvmunngo.org\/fr\/a-propos-des-nations-unies-2\/\" \/>\n<meta property=\"og:site_name\" content=\"Institute of the Blessed Virgin Mary \u2013 Loreto\" \/>\n<meta name=\"twitter:card\" content=\"summary_large_image\" \/>\n<script type=\"application\/ld+json\" class=\"yoast-schema-graph\">{\"@context\":\"https:\\\/\\\/schema.org\",\"@graph\":[{\"@type\":\"WebPage\",\"@id\":\"https:\\\/\\\/ibvmunngo.org\\\/about-the-united-nations\\\/\",\"url\":\"https:\\\/\\\/ibvmunngo.org\\\/about-the-united-nations\\\/\",\"name\":\"About the UN - Institute of the Blessed Virgin Mary \u2013 Loreto\",\"isPartOf\":{\"@id\":\"https:\\\/\\\/ibvmunngo.org\\\/es\\\/#website\"},\"datePublished\":\"2017-08-23T18:41:54+00:00\",\"breadcrumb\":{\"@id\":\"https:\\\/\\\/ibvmunngo.org\\\/about-the-united-nations\\\/#breadcrumb\"},\"inLanguage\":\"fr-FR\",\"potentialAction\":[{\"@type\":\"ReadAction\",\"target\":[\"https:\\\/\\\/ibvmunngo.org\\\/about-the-united-nations\\\/\"]}]},{\"@type\":\"BreadcrumbList\",\"@id\":\"https:\\\/\\\/ibvmunngo.org\\\/about-the-united-nations\\\/#breadcrumb\",\"itemListElement\":[{\"@type\":\"ListItem\",\"position\":1,\"name\":\"Home\",\"item\":\"https:\\\/\\\/ibvmunngo.org\\\/es\\\/\"},{\"@type\":\"ListItem\",\"position\":2,\"name\":\"About the UN\"}]},{\"@type\":\"WebSite\",\"@id\":\"https:\\\/\\\/ibvmunngo.org\\\/es\\\/#website\",\"url\":\"https:\\\/\\\/ibvmunngo.org\\\/es\\\/\",\"name\":\"Institute of the Blessed Virgin Mary \u2013 Loreto\",\"description\":\"NGO ASSOCIATED WITH ECOSOC AT THE UNITED NATIONS\",\"publisher\":{\"@id\":\"https:\\\/\\\/ibvmunngo.org\\\/es\\\/#organization\"},\"potentialAction\":[{\"@type\":\"SearchAction\",\"target\":{\"@type\":\"EntryPoint\",\"urlTemplate\":\"https:\\\/\\\/ibvmunngo.org\\\/es\\\/?s={search_term_string}\"},\"query-input\":{\"@type\":\"PropertyValueSpecification\",\"valueRequired\":true,\"valueName\":\"search_term_string\"}}],\"inLanguage\":\"fr-FR\"},{\"@type\":\"Organization\",\"@id\":\"https:\\\/\\\/ibvmunngo.org\\\/es\\\/#organization\",\"name\":\"Institute of the Blessed Virgin Mary \u2013 Loreto\",\"url\":\"https:\\\/\\\/ibvmunngo.org\\\/es\\\/\",\"logo\":{\"@type\":\"ImageObject\",\"inLanguage\":\"fr-FR\",\"@id\":\"https:\\\/\\\/ibvmunngo.org\\\/es\\\/#\\\/schema\\\/logo\\\/image\\\/\",\"url\":\"https:\\\/\\\/ibvmunngo.org\\\/wp-content\\\/uploads\\\/2020\\\/10\\\/Logo_IBVM_UN_1.png\",\"contentUrl\":\"https:\\\/\\\/ibvmunngo.org\\\/wp-content\\\/uploads\\\/2020\\\/10\\\/Logo_IBVM_UN_1.png\",\"width\":200,\"height\":144,\"caption\":\"Institute of the Blessed Virgin Mary \u2013 Loreto\"},\"image\":{\"@id\":\"https:\\\/\\\/ibvmunngo.org\\\/es\\\/#\\\/schema\\\/logo\\\/image\\\/\"}}]}<\/script>\n<!-- \/ Yoast SEO plugin. -->","yoast_head_json":{"title":"\u00c0 propos de l&#039;ONU - Institut de la Bienheureuse Vierge Marie \u2013 Loreto","robots":{"index":"index","follow":"follow","max-snippet":"max-snippet:-1","max-image-preview":"max-image-preview:large","max-video-preview":"max-video-preview:-1"},"canonical":"https:\/\/ibvmunngo.org\/fr\/a-propos-des-nations-unies-2\/","og_locale":"fr_FR","og_type":"article","og_title":"About the UN - Institute of the Blessed Virgin Mary \u2013 Loreto","og_description":"About the United Nations&nbsp; What the UN does&nbsp; The Sustainable Development Goals Why the UN Matters&nbsp; Teaching the successes and failures of the UN&nbsp; Teaching about the UN in schools&nbsp; Human Rights Education and Advocacy&nbsp; USEFUL VIDEO CLIPS EXPLAINING THE UNITED NATIONS","og_url":"https:\/\/ibvmunngo.org\/fr\/a-propos-des-nations-unies-2\/","og_site_name":"Institute of the Blessed Virgin Mary \u2013 Loreto","twitter_card":"summary_large_image","schema":{"@context":"https:\/\/schema.org","@graph":[{"@type":"WebPage","@id":"https:\/\/ibvmunngo.org\/about-the-united-nations\/","url":"https:\/\/ibvmunngo.org\/about-the-united-nations\/","name":"\u00c0 propos de l&#039;ONU - Institut de la Bienheureuse Vierge Marie \u2013 Loreto","isPartOf":{"@id":"https:\/\/ibvmunngo.org\/es\/#website"},"datePublished":"2017-08-23T18:41:54+00:00","breadcrumb":{"@id":"https:\/\/ibvmunngo.org\/about-the-united-nations\/#breadcrumb"},"inLanguage":"fr-FR","potentialAction":[{"@type":"ReadAction","target":["https:\/\/ibvmunngo.org\/about-the-united-nations\/"]}]},{"@type":"BreadcrumbList","@id":"https:\/\/ibvmunngo.org\/about-the-united-nations\/#breadcrumb","itemListElement":[{"@type":"ListItem","position":1,"name":"Home","item":"https:\/\/ibvmunngo.org\/es\/"},{"@type":"ListItem","position":2,"name":"About the UN"}]},{"@type":"WebSite","@id":"https:\/\/ibvmunngo.org\/es\/#website","url":"https:\/\/ibvmunngo.org\/es\/","name":"Institut de la Bienheureuse Vierge Marie \u2013 Lorette","description":"ONG ASSOCIEE A L&#039;ECOSOC AUX NATIONS UNIES","publisher":{"@id":"https:\/\/ibvmunngo.org\/es\/#organization"},"potentialAction":[{"@type":"SearchAction","target":{"@type":"EntryPoint","urlTemplate":"https:\/\/ibvmunngo.org\/es\/?s={search_term_string}"},"query-input":{"@type":"PropertyValueSpecification","valueRequired":true,"valueName":"search_term_string"}}],"inLanguage":"fr-FR"},{"@type":"Organization","@id":"https:\/\/ibvmunngo.org\/es\/#organization","name":"Institut de la Bienheureuse Vierge Marie \u2013 Lorette","url":"https:\/\/ibvmunngo.org\/es\/","logo":{"@type":"ImageObject","inLanguage":"fr-FR","@id":"https:\/\/ibvmunngo.org\/es\/#\/schema\/logo\/image\/","url":"https:\/\/ibvmunngo.org\/wp-content\/uploads\/2020\/10\/Logo_IBVM_UN_1.png","contentUrl":"https:\/\/ibvmunngo.org\/wp-content\/uploads\/2020\/10\/Logo_IBVM_UN_1.png","width":200,"height":144,"caption":"Institute of the Blessed Virgin Mary \u2013 Loreto"},"image":{"@id":"https:\/\/ibvmunngo.org\/es\/#\/schema\/logo\/image\/"}}]}},"_links":{"self":[{"href":"https:\/\/ibvmunngo.org\/fr\/wp-json\/wp\/v2\/pages\/1570","targetHints":{"allow":["GET"]}}],"collection":[{"href":"https:\/\/ibvmunngo.org\/fr\/wp-json\/wp\/v2\/pages"}],"about":[{"href":"https:\/\/ibvmunngo.org\/fr\/wp-json\/wp\/v2\/types\/page"}],"author":[{"embeddable":true,"href":"https:\/\/ibvmunngo.org\/fr\/wp-json\/wp\/v2\/users\/11"}],"replies":[{"embeddable":true,"href":"https:\/\/ibvmunngo.org\/fr\/wp-json\/wp\/v2\/comments?post=1570"}],"version-history":[{"count":0,"href":"https:\/\/ibvmunngo.org\/fr\/wp-json\/wp\/v2\/pages\/1570\/revisions"}],"wp:attachment":[{"href":"https:\/\/ibvmunngo.org\/fr\/wp-json\/wp\/v2\/media?parent=1570"}],"curies":[{"name":"wp","href":"https:\/\/api.w.org\/{rel}","templated":true}]}}