{"id":1912,"date":"2019-05-03T19:14:53","date_gmt":"2019-05-03T19:14:53","guid":{"rendered":"http:\/\/ibvmunngo.org\/?page_id=1912"},"modified":"2024-10-27T03:53:15","modified_gmt":"2024-10-27T03:53:15","slug":"enonce-de-mission","status":"publish","type":"page","link":"https:\/\/ibvmunngo.org\/fr\/a-propos\/enonce-de-mission\/","title":{"rendered":"Notre mission"},"content":{"rendered":"<div data-elementor-type=\"wp-page\" data-elementor-id=\"1912\" class=\"elementor elementor-1912\" data-elementor-post-type=\"page\">\n\t\t\t\t\t\t<section class=\"elementor-section elementor-top-section elementor-element elementor-element-134ed79 elementor-section-boxed elementor-section-height-default elementor-section-height-default\" data-id=\"134ed79\" data-element_type=\"section\" data-e-type=\"section\">\n\t\t\t\t\t\t<div class=\"elementor-container elementor-column-gap-default\">\n\t\t\t\t\t<div class=\"elementor-column elementor-col-100 elementor-top-column elementor-element elementor-element-07d17db\" data-id=\"07d17db\" data-element_type=\"column\" data-e-type=\"column\">\n\t\t\t<div class=\"elementor-widget-wrap elementor-element-populated\">\n\t\t\t\t\t\t<div class=\"elementor-element elementor-element-64e3a0f elementor-blockquote--skin-quotation elementor-blockquote--align-center elementor-blockquote--button-view-icon-text elementor-blockquote--button-skin-classic elementor-widget elementor-widget-blockquote\" data-id=\"64e3a0f\" data-element_type=\"widget\" data-e-type=\"widget\" data-widget_type=\"blockquote.default\">\n\t\t\t\t<div class=\"elementor-widget-container\">\n\t\t\t\t\t\t\t<blockquote class=\"elementor-blockquote\">\n\t\t\t<p class=\"elementor-blockquote__content\">\n\t\t\t\t<span style=\"white-space: normal\">L&#039;Institut de la Bienheureuse Vierge Marie (IBVM) et la Congr\u00e9gation de J\u00e9sus (CJ) sont pr\u00e9sents aux Nations Unies (ONU) pour promouvoir un monde plus humain, plus juste et plus durable.<\/span>\t\t\t<\/p>\n\t\t\t\t\t\t\t<div class=\"e-q-footer\">\n\t\t\t\t\t\t\t\t\t\t\t<cite class=\"elementor-blockquote__author\">D\u00e9claration de mission de l&#039;ONG IBVM\/CJ<\/cite>\n\t\t\t\t\t\t\t\t\t\t\t\t\t\t\t\t<a href=\"https:\/\/twitter.com\/intent\/tweet?text=%3Cspan+style%3D%22caret-color%3A+rgb%28239%2C+154%2C+41%29%3B+color%3A+rgb%28239%2C+154%2C+41%29%3B+white-space%3A+normal%3B%22%3EL%26%23039%3BInstitut+de+la+Bienheureuse+Vierge+Marie+%28IBVM%29+et+la+Congr%C3%A9gation+de+J%C3%A9sus+%28CJ%29+sont+pr%C3%A9sents+aux+Nations+Unies+%28ONU%29+pour+promouvoir+un+monde+plus+humain%2C+plus+juste+et+plus+durable.%3C%2Fspan%3E+%E2%80%94+D%C3%A9claration+de+mission+de+l%26%23039%3BONG+IBVM%2FCJ&amp;url=https%3A%2F%2Fibvmunngo.org%2Ffr%2Fwp-json%2Fwp%2Fv2%2Fpages%2F1912\" class=\"elementor-blockquote__tweet-button\" target=\"_blank\">\n\t\t\t\t\t\t\t\t\t\t\t\t\t\t\t<i aria-hidden=\"true\" class=\"fab fa-twitter\"><\/i>\t\t\t\t\t\t\t\t\t\t\t\t\t\t\t\t\t\t\t\t\t\t\t\t\t\t\t\t\t\t<span class=\"elementor-blockquote__tweet-label\">Tweeter<\/span>\n\t\t\t\t\t\t\t\t\t\t\t\t\t<\/a>\n\t\t\t\t\t\t\t\t\t<\/div>\n\t\t\t\t\t<\/blockquote>\n\t\t\t\t\t\t<\/div>\n\t\t\t\t<\/div>\n\t\t\t\t\t<\/div>\n\t\t<\/div>\n\t\t\t\t\t<\/div>\n\t\t<\/section>\n\t\t\t\t<section class=\"elementor-section elementor-top-section elementor-element elementor-element-539b9486 elementor-section-boxed elementor-section-height-default elementor-section-height-default\" data-id=\"539b9486\" data-element_type=\"section\" data-e-type=\"section\">\n\t\t\t\t\t\t<div class=\"elementor-container elementor-column-gap-default\">\n\t\t\t\t\t<div class=\"elementor-column elementor-col-100 elementor-top-column elementor-element elementor-element-7b1ca4e4\" data-id=\"7b1ca4e4\" data-element_type=\"column\" data-e-type=\"column\">\n\t\t\t<div class=\"elementor-widget-wrap elementor-element-populated\">\n\t\t\t\t\t\t<div class=\"elementor-element elementor-element-1a48578 elementor-widget elementor-widget-text-editor\" data-id=\"1a48578\" data-element_type=\"widget\" data-e-type=\"widget\" data-widget_type=\"text-editor.default\">\n\t\t\t\t<div class=\"elementor-widget-container\">\n\t\t\t\t\t\t\t\t\t<h4>Notre but<\/h4><p class=\"p1\">Nous sommes une organisation confessionnelle travaillant en collaboration avec d&#039;autres organisations de la soci\u00e9t\u00e9 civile (OSC\/ONG), des agences des Nations Unies et des \u00c9tats membres pour lutter contre les injustices et les structures injustes en apportant les id\u00e9es des personnes avec lesquelles nous travaillons et vivons, en particulier les plus marginalis\u00e9es. , \u00e0 l&#039;ONU. Nous nous concentrons principalement sur les femmes et les filles dans le contexte du d\u00e9veloppement social, du d\u00e9veloppement durable et des droits de l&#039;homme.<\/p><p class=\"p1\">Les objectifs de d\u00e9veloppement durable (ODD) fournissent un cadre coh\u00e9rent pour notre minist\u00e8re et nous concentrons nos \u00e9nergies sur l&#039;\u00e9ducation, la sensibilisation et le plaidoyer. Les domaines d&#039;intervention sp\u00e9cifiques sont :<\/p><ul><li>L&#039;\u00e9galit\u00e9 des sexes<\/li><li>\u00c9limination de la violence de genre<\/li><li>\u00c9limination de la pauvret\u00e9<\/li><li>Acc\u00e8s \u00e0 une \u00e9ducation et \u00e0 une sant\u00e9 de qualit\u00e9<\/li><li>\u00c9limination de la traite des personnes<\/li><li>Prendre soin de l&#039;environnement<\/li><li>Financement du d\u00e9veloppement<\/li><\/ul><p class=\"p1\">Transform\u00e9s par l&#039;\u00c9vangile et guid\u00e9s par la vision de notre fondatrice Mary Ward, les enseignements sociaux catholiques et nos valeurs fondamentales de justice, de v\u00e9rit\u00e9, de libert\u00e9, de sinc\u00e9rit\u00e9 et de f\u00e9licit\u00e9 sous-tendent tout notre travail.<\/p><h4>Nos buts<\/h4><p class=\"p1\"><span style=\"color: #ff9900;\"><strong>Objectif 1 : Pour renforcer et am\u00e9liorer le plaidoyer et la collaboration de l&#039;IBVM\/CJ aux Nations Unies par le biais de l&#039;ECOSOC et du statut de DGC, nous allons :<\/strong><\/span><\/p><p class=\"p1\">1.1. Renforcer notre impact en tant que membre de l&#039;ECOSOC en apportant les pr\u00e9occupations et les voix des personnes avec lesquelles nous travaillons et vivons, en particulier les plus marginalis\u00e9es.<\/p><p class=\"p1\">1.2. Mettre en valeur l&#039;exp\u00e9rience et l&#039;expertise de terrain sur nos enjeux prioritaires.<\/p><p class=\"p1\">1.3. Cr\u00e9er des possibilit\u00e9s d&#039;inviter et d&#039;amener des personnes, en particulier des femmes et des filles, qui sont directement concern\u00e9es, \u00e0 prendre la parole lors d&#039;\u00e9v\u00e9nements de l&#039;ONU.<\/p><p class=\"p1\">1.4. \u00catre membre des principaux groupes, comit\u00e9s et coalitions d&#039;ONG pertinents et collaborer avec d&#039;autres OSC\/ONG pour plaider\/faire du lobbying sur des pr\u00e9occupations et des probl\u00e8mes communs.<\/p><p class=\"p1\"><span style=\"color: #ff9900;\"><strong>Objectif 2 : Renforcer et am\u00e9liorer le plaidoyer et l&#039;engagement du r\u00e9seau IBVM\/CJ avec\u00a0<\/strong><strong>processus de l&#039;ONU, nous allons\u00a0:<\/strong><\/span><\/p><p class=\"p2\">2.1 Collaborer avec les repr\u00e9sentants provinciaux de l&#039;ONU et d&#039;autres r\u00e9seaux pour inciter les membres \u00e0 participer aux processus, conf\u00e9rences, commissions et activit\u00e9s connexes des Nations Unies.<\/p><p class=\"p2\">2.2 Inviter les membres du r\u00e9seau \u00e0 fournir une expertise, des commentaires et une exp\u00e9rience sur le terrain des questions d&#039;importance mondiale et de la mise en \u0153uvre nationale des trait\u00e9s, protocoles et accords des Nations Unies.<\/p><p class=\"p2\">2.3 Inviter et encourager des exp\u00e9riences d&#039;immersion pour les membres et coll\u00e8gues de l&#039;IBVM\/CJ.<\/p><p class=\"p2\">2.4 Engager le leadership provincial pour renforcer et am\u00e9liorer les structures de soutien au niveau provincial\/r\u00e9gional.<\/p><p class=\"p2\">2.5 Encourager et offrir aux r\u00e9seaux de jeunes des opportunit\u00e9s de s&#039;engager dans les processus et \u00e9v\u00e9nements des Nations Unies.<\/p><p class=\"p1\"><span style=\"color: #ff9900;\"><strong>Objectif 3 : Animer le r\u00e9seau IBVM\/CJ pour promouvoir et plaider en faveur du d\u00e9veloppement durable <\/strong><strong>Objectifs de d\u00e9veloppement (ODD) et droits de l&#039;homme (HR), nous allons\u00a0:<\/strong><\/span><\/p><p class=\"p2\"><span class=\"s1\">3.1 <\/span>Encourager les r\u00e9seaux mondiaux IBVM\/CJ de minist\u00e8res et d&#039;int\u00e9r\u00eats similaires \u00e0 s&#039;associer et \u00e0 collaborer.<\/p><p class=\"p2\"><span class=\"s1\">3.2 <\/span>Encourager les activit\u00e9s de sensibilisation et de plaidoyer sur les ODD et les questions de RH par les membres et collaborateurs du r\u00e9seau.<\/p><p class=\"p2\"><span class=\"s1\">3.3 <\/span>Former, encourager et soutenir le r\u00e9seau pour plaider localement, nationalement et mondialement.<\/p><p class=\"p2\"><span class=\"s1\">3.4 <\/span>D\u00e9velopper des liens et des partenariats avec les bureaux Mary Ward JPIC et Mary Ward International sur des objectifs communs identifi\u00e9s li\u00e9s aux ODD et aux RH.<\/p><p class=\"p1\"><span style=\"color: #ff9900;\"><strong>Objectif 4 : Pour communiquer avec le r\u00e9seau IBVM\/CJ sur le travail de l&#039;IBVM\/CJ UN ONG, nous <\/strong><strong>volont\u00e9:<\/strong><\/span><\/p><p class=\"p2\">4.1. Cr\u00e9er et distribuer des mises \u00e0 jour de l&#039;ONU pour informer les communaut\u00e9s IBVM\/CJ et le r\u00e9seau mondial sur le travail de l&#039;ONU et la contribution du r\u00e9seau.<\/p><p class=\"p2\">4.2. Partager strat\u00e9giquement les informations pertinentes de l&#039;ONU avec le r\u00e9seau.<\/p><p class=\"p2\">4.3. Am\u00e9liorer un syst\u00e8me de communication multiple rationalis\u00e9 pour impliquer tous les groupes d&#039;int\u00e9r\u00eat au sein du r\u00e9seau IBVM\/CJ plus large avec les processus et activit\u00e9s de l&#039;ONU.<\/p><p class=\"p2\">4.4. Encourager les membres et les collaborateurs \u00e0 utiliser diverses plateformes de communication pour \u00e9duquer, sensibiliser et plaider au sein des pays.<\/p><p class=\"p2\"><span class=\"s1\">4.5. <\/span>Organiser des webinaires sur les probl\u00e8mes mondiaux et les processus des Nations Unies en collaboration avec les repr\u00e9sentants provinciaux des Nations Unies, Mary Ward JPIC et le r\u00e9seau plus large.<\/p>\t\t\t\t\t\t\t\t<\/div>\n\t\t\t\t<\/div>\n\t\t\t\t\t<\/div>\n\t\t<\/div>\n\t\t\t\t\t<\/div>\n\t\t<\/section>\n\t\t\t\t<\/div>","protected":false},"excerpt":{"rendered":"<p>The Institute of the Blessed Virgin Mary (IBVM) and the Congregation of Jesus (CJ) are present at the United Nations (UN) to promote a more humane, just and sustainable world. IBVM\/CJ NGO Mission Statement Tweet Our Purpose We are a faith-based organization working in collaboration with other civil society organizations (CSOs\/NGOs), UN agencies and member [&hellip;]<\/p>\n","protected":false},"author":11,"featured_media":125451,"parent":2720,"menu_order":0,"comment_status":"closed","ping_status":"closed","template":"","meta":{"footnotes":""},"class_list":["post-1912","page","type-page","status-publish","has-post-thumbnail","hentry"],"yoast_head":"<!-- This site is optimized with the Yoast SEO plugin v27.3 - https:\/\/yoast.com\/product\/yoast-seo-wordpress\/ -->\n<title>Our Mission - Institute of the Blessed Virgin Mary \u2013 Loreto<\/title>\n<meta name=\"robots\" content=\"index, follow, max-snippet:-1, max-image-preview:large, max-video-preview:-1\" \/>\n<link rel=\"canonical\" href=\"https:\/\/ibvmunngo.org\/fr\/a-propos\/enonce-de-mission\/\" \/>\n<meta property=\"og:locale\" content=\"fr_FR\" \/>\n<meta property=\"og:type\" content=\"article\" \/>\n<meta property=\"og:title\" content=\"Our Mission - Institute of the Blessed Virgin Mary \u2013 Loreto\" \/>\n<meta property=\"og:description\" content=\"The Institute of the Blessed Virgin Mary (IBVM) and the Congregation of Jesus (CJ) are present at the United Nations (UN) to promote a more humane, just and sustainable world. IBVM\/CJ NGO Mission Statement Tweet Our Purpose We are a faith-based organization working in collaboration with other civil society organizations (CSOs\/NGOs), UN agencies and member [&hellip;]\" \/>\n<meta property=\"og:url\" content=\"https:\/\/ibvmunngo.org\/fr\/a-propos\/enonce-de-mission\/\" \/>\n<meta property=\"og:site_name\" content=\"Institute of the Blessed Virgin Mary \u2013 Loreto\" \/>\n<meta property=\"article:modified_time\" content=\"2024-10-27T03:53:15+00:00\" \/>\n<meta property=\"og:image\" content=\"https:\/\/ibvmunngo.org\/wp-content\/uploads\/2024\/10\/OurMission.png\" \/>\n\t<meta property=\"og:image:width\" content=\"900\" \/>\n\t<meta property=\"og:image:height\" content=\"400\" \/>\n\t<meta property=\"og:image:type\" content=\"image\/png\" \/>\n<meta name=\"twitter:card\" content=\"summary_large_image\" \/>\n<meta name=\"twitter:label1\" content=\"Dur\u00e9e de lecture estim\u00e9e\" \/>\n\t<meta name=\"twitter:data1\" content=\"3 minutes\" \/>\n<script type=\"application\/ld+json\" class=\"yoast-schema-graph\">{\"@context\":\"https:\\\/\\\/schema.org\",\"@graph\":[{\"@type\":\"WebPage\",\"@id\":\"https:\\\/\\\/ibvmunngo.org\\\/about\\\/mission-statement\\\/\",\"url\":\"https:\\\/\\\/ibvmunngo.org\\\/about\\\/mission-statement\\\/\",\"name\":\"Our Mission - Institute of the Blessed Virgin Mary \u2013 Loreto\",\"isPartOf\":{\"@id\":\"https:\\\/\\\/ibvmunngo.org\\\/es\\\/#website\"},\"primaryImageOfPage\":{\"@id\":\"https:\\\/\\\/ibvmunngo.org\\\/about\\\/mission-statement\\\/#primaryimage\"},\"image\":{\"@id\":\"https:\\\/\\\/ibvmunngo.org\\\/about\\\/mission-statement\\\/#primaryimage\"},\"thumbnailUrl\":\"https:\\\/\\\/ibvmunngo.org\\\/wp-content\\\/uploads\\\/2024\\\/10\\\/OurMission.png\",\"datePublished\":\"2019-05-03T19:14:53+00:00\",\"dateModified\":\"2024-10-27T03:53:15+00:00\",\"breadcrumb\":{\"@id\":\"https:\\\/\\\/ibvmunngo.org\\\/about\\\/mission-statement\\\/#breadcrumb\"},\"inLanguage\":\"fr-FR\",\"potentialAction\":[{\"@type\":\"ReadAction\",\"target\":[\"https:\\\/\\\/ibvmunngo.org\\\/about\\\/mission-statement\\\/\"]}]},{\"@type\":\"ImageObject\",\"inLanguage\":\"fr-FR\",\"@id\":\"https:\\\/\\\/ibvmunngo.org\\\/about\\\/mission-statement\\\/#primaryimage\",\"url\":\"https:\\\/\\\/ibvmunngo.org\\\/wp-content\\\/uploads\\\/2024\\\/10\\\/OurMission.png\",\"contentUrl\":\"https:\\\/\\\/ibvmunngo.org\\\/wp-content\\\/uploads\\\/2024\\\/10\\\/OurMission.png\",\"width\":900,\"height\":400},{\"@type\":\"BreadcrumbList\",\"@id\":\"https:\\\/\\\/ibvmunngo.org\\\/about\\\/mission-statement\\\/#breadcrumb\",\"itemListElement\":[{\"@type\":\"ListItem\",\"position\":1,\"name\":\"Home\",\"item\":\"https:\\\/\\\/ibvmunngo.org\\\/es\\\/\"},{\"@type\":\"ListItem\",\"position\":2,\"name\":\"About us\",\"item\":\"https:\\\/\\\/ibvmunngo.org\\\/about\\\/\"},{\"@type\":\"ListItem\",\"position\":3,\"name\":\"Our Mission\"}]},{\"@type\":\"WebSite\",\"@id\":\"https:\\\/\\\/ibvmunngo.org\\\/es\\\/#website\",\"url\":\"https:\\\/\\\/ibvmunngo.org\\\/es\\\/\",\"name\":\"Institute of the Blessed Virgin Mary \u2013 Loreto\",\"description\":\"NGO ASSOCIATED WITH ECOSOC AT THE UNITED NATIONS\",\"publisher\":{\"@id\":\"https:\\\/\\\/ibvmunngo.org\\\/es\\\/#organization\"},\"potentialAction\":[{\"@type\":\"SearchAction\",\"target\":{\"@type\":\"EntryPoint\",\"urlTemplate\":\"https:\\\/\\\/ibvmunngo.org\\\/es\\\/?s={search_term_string}\"},\"query-input\":{\"@type\":\"PropertyValueSpecification\",\"valueRequired\":true,\"valueName\":\"search_term_string\"}}],\"inLanguage\":\"fr-FR\"},{\"@type\":\"Organization\",\"@id\":\"https:\\\/\\\/ibvmunngo.org\\\/es\\\/#organization\",\"name\":\"Institute of the Blessed Virgin Mary \u2013 Loreto\",\"url\":\"https:\\\/\\\/ibvmunngo.org\\\/es\\\/\",\"logo\":{\"@type\":\"ImageObject\",\"inLanguage\":\"fr-FR\",\"@id\":\"https:\\\/\\\/ibvmunngo.org\\\/es\\\/#\\\/schema\\\/logo\\\/image\\\/\",\"url\":\"https:\\\/\\\/ibvmunngo.org\\\/wp-content\\\/uploads\\\/2020\\\/10\\\/Logo_IBVM_UN_1.png\",\"contentUrl\":\"https:\\\/\\\/ibvmunngo.org\\\/wp-content\\\/uploads\\\/2020\\\/10\\\/Logo_IBVM_UN_1.png\",\"width\":200,\"height\":144,\"caption\":\"Institute of the Blessed Virgin Mary \u2013 Loreto\"},\"image\":{\"@id\":\"https:\\\/\\\/ibvmunngo.org\\\/es\\\/#\\\/schema\\\/logo\\\/image\\\/\"}}]}<\/script>\n<!-- \/ Yoast SEO plugin. -->","yoast_head_json":{"title":"Notre Mission - Institut de la Bienheureuse Vierge Marie \u2013 Loreto","robots":{"index":"index","follow":"follow","max-snippet":"max-snippet:-1","max-image-preview":"max-image-preview:large","max-video-preview":"max-video-preview:-1"},"canonical":"https:\/\/ibvmunngo.org\/fr\/a-propos\/enonce-de-mission\/","og_locale":"fr_FR","og_type":"article","og_title":"Our Mission - Institute of the Blessed Virgin Mary \u2013 Loreto","og_description":"The Institute of the Blessed Virgin Mary (IBVM) and the Congregation of Jesus (CJ) are present at the United Nations (UN) to promote a more humane, just and sustainable world. IBVM\/CJ NGO Mission Statement Tweet Our Purpose We are a faith-based organization working in collaboration with other civil society organizations (CSOs\/NGOs), UN agencies and member [&hellip;]","og_url":"https:\/\/ibvmunngo.org\/fr\/a-propos\/enonce-de-mission\/","og_site_name":"Institute of the Blessed Virgin Mary \u2013 Loreto","article_modified_time":"2024-10-27T03:53:15+00:00","og_image":[{"width":900,"height":400,"url":"https:\/\/ibvmunngo.org\/wp-content\/uploads\/2024\/10\/OurMission.png","type":"image\/png"}],"twitter_card":"summary_large_image","twitter_misc":{"Dur\u00e9e de lecture estim\u00e9e":"3 minutes"},"schema":{"@context":"https:\/\/schema.org","@graph":[{"@type":"WebPage","@id":"https:\/\/ibvmunngo.org\/about\/mission-statement\/","url":"https:\/\/ibvmunngo.org\/about\/mission-statement\/","name":"Notre Mission - Institut de la Bienheureuse Vierge Marie \u2013 Loreto","isPartOf":{"@id":"https:\/\/ibvmunngo.org\/es\/#website"},"primaryImageOfPage":{"@id":"https:\/\/ibvmunngo.org\/about\/mission-statement\/#primaryimage"},"image":{"@id":"https:\/\/ibvmunngo.org\/about\/mission-statement\/#primaryimage"},"thumbnailUrl":"https:\/\/ibvmunngo.org\/wp-content\/uploads\/2024\/10\/OurMission.png","datePublished":"2019-05-03T19:14:53+00:00","dateModified":"2024-10-27T03:53:15+00:00","breadcrumb":{"@id":"https:\/\/ibvmunngo.org\/about\/mission-statement\/#breadcrumb"},"inLanguage":"fr-FR","potentialAction":[{"@type":"ReadAction","target":["https:\/\/ibvmunngo.org\/about\/mission-statement\/"]}]},{"@type":"ImageObject","inLanguage":"fr-FR","@id":"https:\/\/ibvmunngo.org\/about\/mission-statement\/#primaryimage","url":"https:\/\/ibvmunngo.org\/wp-content\/uploads\/2024\/10\/OurMission.png","contentUrl":"https:\/\/ibvmunngo.org\/wp-content\/uploads\/2024\/10\/OurMission.png","width":900,"height":400},{"@type":"BreadcrumbList","@id":"https:\/\/ibvmunngo.org\/about\/mission-statement\/#breadcrumb","itemListElement":[{"@type":"ListItem","position":1,"name":"Home","item":"https:\/\/ibvmunngo.org\/es\/"},{"@type":"ListItem","position":2,"name":"About us","item":"https:\/\/ibvmunngo.org\/about\/"},{"@type":"ListItem","position":3,"name":"Our Mission"}]},{"@type":"WebSite","@id":"https:\/\/ibvmunngo.org\/es\/#website","url":"https:\/\/ibvmunngo.org\/es\/","name":"Institut de la Bienheureuse Vierge Marie \u2013 Lorette","description":"ONG ASSOCIEE A L&#039;ECOSOC AUX NATIONS UNIES","publisher":{"@id":"https:\/\/ibvmunngo.org\/es\/#organization"},"potentialAction":[{"@type":"SearchAction","target":{"@type":"EntryPoint","urlTemplate":"https:\/\/ibvmunngo.org\/es\/?s={search_term_string}"},"query-input":{"@type":"PropertyValueSpecification","valueRequired":true,"valueName":"search_term_string"}}],"inLanguage":"fr-FR"},{"@type":"Organization","@id":"https:\/\/ibvmunngo.org\/es\/#organization","name":"Institut de la Bienheureuse Vierge Marie \u2013 Lorette","url":"https:\/\/ibvmunngo.org\/es\/","logo":{"@type":"ImageObject","inLanguage":"fr-FR","@id":"https:\/\/ibvmunngo.org\/es\/#\/schema\/logo\/image\/","url":"https:\/\/ibvmunngo.org\/wp-content\/uploads\/2020\/10\/Logo_IBVM_UN_1.png","contentUrl":"https:\/\/ibvmunngo.org\/wp-content\/uploads\/2020\/10\/Logo_IBVM_UN_1.png","width":200,"height":144,"caption":"Institute of the Blessed Virgin Mary \u2013 Loreto"},"image":{"@id":"https:\/\/ibvmunngo.org\/es\/#\/schema\/logo\/image\/"}}]}},"_links":{"self":[{"href":"https:\/\/ibvmunngo.org\/fr\/wp-json\/wp\/v2\/pages\/1912","targetHints":{"allow":["GET"]}}],"collection":[{"href":"https:\/\/ibvmunngo.org\/fr\/wp-json\/wp\/v2\/pages"}],"about":[{"href":"https:\/\/ibvmunngo.org\/fr\/wp-json\/wp\/v2\/types\/page"}],"author":[{"embeddable":true,"href":"https:\/\/ibvmunngo.org\/fr\/wp-json\/wp\/v2\/users\/11"}],"replies":[{"embeddable":true,"href":"https:\/\/ibvmunngo.org\/fr\/wp-json\/wp\/v2\/comments?post=1912"}],"version-history":[{"count":1,"href":"https:\/\/ibvmunngo.org\/fr\/wp-json\/wp\/v2\/pages\/1912\/revisions"}],"predecessor-version":[{"id":125452,"href":"https:\/\/ibvmunngo.org\/fr\/wp-json\/wp\/v2\/pages\/1912\/revisions\/125452"}],"up":[{"embeddable":true,"href":"https:\/\/ibvmunngo.org\/fr\/wp-json\/wp\/v2\/pages\/2720"}],"wp:featuredmedia":[{"embeddable":true,"href":"https:\/\/ibvmunngo.org\/fr\/wp-json\/wp\/v2\/media\/125451"}],"wp:attachment":[{"href":"https:\/\/ibvmunngo.org\/fr\/wp-json\/wp\/v2\/media?parent=1912"}],"curies":[{"name":"wp","href":"https:\/\/api.w.org\/{rel}","templated":true}]}}