{"id":2033,"date":"2019-05-23T17:29:23","date_gmt":"2019-05-23T17:29:23","guid":{"rendered":"http:\/\/ibvmunngo.org\/?page_id=2033"},"modified":"2021-08-29T07:23:57","modified_gmt":"2021-08-29T07:23:57","slug":"plaidoyer","status":"publish","type":"page","link":"https:\/\/ibvmunngo.org\/fr\/a-propos\/plaidoyer\/","title":{"rendered":"Plaidoyer"},"content":{"rendered":"<div data-elementor-type=\"wp-page\" data-elementor-id=\"2033\" class=\"elementor elementor-2033\" data-elementor-post-type=\"page\">\n\t\t\t\t\t\t<section class=\"elementor-section elementor-top-section elementor-element elementor-element-48bf6611 elementor-section-boxed elementor-section-height-default elementor-section-height-default\" data-id=\"48bf6611\" data-element_type=\"section\" data-e-type=\"section\">\n\t\t\t\t\t\t<div class=\"elementor-container elementor-column-gap-default\">\n\t\t\t\t\t<div class=\"elementor-column elementor-col-100 elementor-top-column elementor-element elementor-element-58b66057\" data-id=\"58b66057\" data-element_type=\"column\" data-e-type=\"column\">\n\t\t\t<div class=\"elementor-widget-wrap elementor-element-populated\">\n\t\t\t\t\t\t<div class=\"elementor-element elementor-element-67a97105 elementor-widget elementor-widget-text-editor\" data-id=\"67a97105\" data-element_type=\"widget\" data-e-type=\"widget\" data-widget_type=\"text-editor.default\">\n\t\t\t\t<div class=\"elementor-widget-container\">\n\t\t\t\t\t\t\t\t\t<p>Les membres de l&#039;IBVM et du CJ jouent un r\u00f4le actif au sein de la soci\u00e9t\u00e9 civile travaillant avec les Nations Unies (ONU) \u00e0 New York. En tant qu&#039;associ\u00e9s du D\u00e9partement des communications mondiales (DGC) et disposant d&#039;un statut consultatif sp\u00e9cial aupr\u00e8s du Conseil \u00e9conomique et social (ECOSOC), nous assistons aux s\u00e9ances d&#039;information organis\u00e9es par la DGC et l&#039;ECOSOC et participons aux conf\u00e9rences et sessions annuelles. Nous organisons des ateliers et organisons des \u00e9v\u00e9nements lors des conf\u00e9rences annuelles de la DGC et de l&#039;ECOSOC o\u00f9 nous r\u00e9unissons des membres, des coll\u00e8gues et des personnes ayant une exp\u00e9rience et une expertise dans des domaines sp\u00e9cifiques du d\u00e9veloppement social et durable. De la m\u00eame mani\u00e8re, la voix et l&#039;exp\u00e9rience des personnes vivant dans des situations marginalis\u00e9es contribuent \u00e0 notre travail pour un monde juste et durable.<\/p><p>Notre travail \u00e0 l&#039;ONU est plus efficace s&#039;il est \u00e9clair\u00e9 par les exp\u00e9riences des personnes sur le terrain. Les <strong>Repr\u00e9sentants IBVM\/CJ Province ONU<\/strong> servir de personnes de contact pour leurs provinces et fournir des liens essentiels pour la communication entre les repr\u00e9sentants \u00e0 New York et l&#039;ensemble du r\u00e9seau IBVM\/CJ.<\/p><p>Avec le <strong>R\u00e9seau de lutte contre la traite des \u00eatres humains IBVM\/CJ<\/strong>, <strong>R\u00e9seau d&#039;Am\u00e9rique latine et des Cara\u00efbes (LAC)<\/strong> et <strong>R\u00e9seau de citoyennet\u00e9 mondiale<\/strong>, ils \u00e9clairent le travail de plaidoyer de l&#039;ONG IBVM aupr\u00e8s de l&#039;ONU. Ces r\u00e9seaux se composent de membres de l&#039;IBVM\/CJ et de coll\u00e8gues qui : travaillent sur le terrain pour \u00e9radiquer la traite des \u00eatres humains, soutiennent les survivants de ce crime, vivent et exercent leur minist\u00e8re dans l&#039;ALC et \u00e9duquent dans nos \u00e9coles dans plus de 40 pays.<\/p><p><span style=\"font-family: var( --e-global-typography-text-font-family ), 'Artegra Sans', Sans-serif; font-size: 1rem; text-align: justify;\">En savoir plus sur l&#039;histoire de l&#039;IBVM, ses repr\u00e9sentants et l&#039;impact qu&#039;ils ont eu pendant 10 ans aux Nations Unies<\/span><a style=\"font-family: var( --e-global-typography-text-font-family ), 'Artegra Sans', Sans-serif; font-size: 1rem; text-align: justify;\" href=\"https:\/\/ibvmunngo.org\/wp-content\/uploads\/2021\/08\/IBVM-NGO-Ten-Years-at-the-United-Nations.pdf\">\u00a0ici<\/a><span style=\"font-family: var( --e-global-typography-text-font-family ), 'Artegra Sans', Sans-serif; font-size: 1rem; text-align: justify;\">.<\/span><\/p>\t\t\t\t\t\t\t\t<\/div>\n\t\t\t\t<\/div>\n\t\t\t\t\t<\/div>\n\t\t<\/div>\n\t\t\t\t\t<\/div>\n\t\t<\/section>\n\t\t\t\t<section class=\"elementor-section elementor-top-section elementor-element elementor-element-fae1ef9 elementor-section-boxed elementor-section-height-default elementor-section-height-default\" data-id=\"fae1ef9\" data-element_type=\"section\" data-e-type=\"section\">\n\t\t\t\t\t\t<div class=\"elementor-container elementor-column-gap-default\">\n\t\t\t\t\t<div class=\"elementor-column elementor-col-100 elementor-top-column elementor-element elementor-element-b40b07c\" data-id=\"b40b07c\" data-element_type=\"column\" data-e-type=\"column\">\n\t\t\t<div class=\"elementor-widget-wrap elementor-element-populated\">\n\t\t\t\t\t\t<div class=\"elementor-element elementor-element-205dc71 elementor-widget elementor-widget-text-editor\" data-id=\"205dc71\" data-element_type=\"widget\" data-e-type=\"widget\" data-widget_type=\"text-editor.default\">\n\t\t\t\t<div class=\"elementor-widget-container\">\n\t\t\t\t\t\t\t\t\t<h3>\u00catre impliqu\u00e9!<\/h3><p>En savoir plus sur nos campagnes IBVM\/CJ UN en cours <a href=\"https:\/\/ibvmunngo.org\/fr\/news-information\/campaign-alerts\/ibvm-cj-un-campagnes\/\" target=\"_blank\" rel=\"noopener\">ici<\/a>.<\/p><p>En savoir plus sur les campagnes de l&#039;ONU <a href=\"https:\/\/ibvmunngo.org\/fr\/news-information\/campaign-alerts\/des-campagnes\/\" target=\"_blank\" rel=\"noopener\">ici<\/a>.<\/p><p><em>Image vedette : Christina Zha (Mary Ward Centre Toronto) et Genevieve Pinnington (ancienne stagiaire au bureau des ONG des Nations Unies).<\/em><\/p>\t\t\t\t\t\t\t\t<\/div>\n\t\t\t\t<\/div>\n\t\t\t\t\t<\/div>\n\t\t<\/div>\n\t\t\t\t\t<\/div>\n\t\t<\/section>\n\t\t\t\t<\/div>","protected":false},"excerpt":{"rendered":"<p>Members of the IBVM and CJ play an active role as part of Civil Society working with the United Nations (UN) in New York. As associates of the Department of Global Communications (DGC) and having a Special Consultative Status to the Economic and Social Council (ECOSOC) we attend the Briefings held by the DGC and [&hellip;]<\/p>\n","protected":false},"author":11,"featured_media":4898,"parent":2720,"menu_order":0,"comment_status":"closed","ping_status":"closed","template":"","meta":{"footnotes":""},"class_list":["post-2033","page","type-page","status-publish","has-post-thumbnail","hentry"],"yoast_head":"<!-- This site is optimized with the Yoast SEO plugin v27.3 - https:\/\/yoast.com\/product\/yoast-seo-wordpress\/ -->\n<title>Advocacy - Institute of the Blessed Virgin Mary \u2013 Loreto<\/title>\n<meta name=\"robots\" content=\"index, follow, max-snippet:-1, max-image-preview:large, max-video-preview:-1\" \/>\n<link rel=\"canonical\" href=\"https:\/\/ibvmunngo.org\/fr\/a-propos\/plaidoyer\/\" \/>\n<meta property=\"og:locale\" content=\"fr_FR\" \/>\n<meta property=\"og:type\" content=\"article\" \/>\n<meta property=\"og:title\" content=\"Advocacy - Institute of the Blessed Virgin Mary \u2013 Loreto\" \/>\n<meta property=\"og:description\" content=\"Members of the IBVM and CJ play an active role as part of Civil Society working with the United Nations (UN) in New York. As associates of the Department of Global Communications (DGC) and having a Special Consultative Status to the Economic and Social Council (ECOSOC) we attend the Briefings held by the DGC and [&hellip;]\" \/>\n<meta property=\"og:url\" content=\"https:\/\/ibvmunngo.org\/fr\/a-propos\/plaidoyer\/\" \/>\n<meta property=\"og:site_name\" content=\"Institute of the Blessed Virgin Mary \u2013 Loreto\" \/>\n<meta property=\"article:modified_time\" content=\"2021-08-29T07:23:57+00:00\" \/>\n<meta property=\"og:image\" content=\"https:\/\/ibvmunngo.org\/wp-content\/uploads\/2020\/12\/Advocacy.jpg\" \/>\n\t<meta property=\"og:image:width\" content=\"900\" \/>\n\t<meta property=\"og:image:height\" content=\"400\" \/>\n\t<meta property=\"og:image:type\" content=\"image\/jpeg\" \/>\n<meta name=\"twitter:card\" content=\"summary_large_image\" \/>\n<meta name=\"twitter:label1\" content=\"Dur\u00e9e de lecture estim\u00e9e\" \/>\n\t<meta name=\"twitter:data1\" content=\"1 minute\" \/>\n<script type=\"application\/ld+json\" class=\"yoast-schema-graph\">{\"@context\":\"https:\\\/\\\/schema.org\",\"@graph\":[{\"@type\":\"WebPage\",\"@id\":\"https:\\\/\\\/ibvmunngo.org\\\/about\\\/advocacy\\\/\",\"url\":\"https:\\\/\\\/ibvmunngo.org\\\/about\\\/advocacy\\\/\",\"name\":\"Advocacy - Institute of the Blessed Virgin Mary \u2013 Loreto\",\"isPartOf\":{\"@id\":\"https:\\\/\\\/ibvmunngo.org\\\/es\\\/#website\"},\"primaryImageOfPage\":{\"@id\":\"https:\\\/\\\/ibvmunngo.org\\\/about\\\/advocacy\\\/#primaryimage\"},\"image\":{\"@id\":\"https:\\\/\\\/ibvmunngo.org\\\/about\\\/advocacy\\\/#primaryimage\"},\"thumbnailUrl\":\"https:\\\/\\\/ibvmunngo.org\\\/wp-content\\\/uploads\\\/2020\\\/12\\\/Advocacy.jpg\",\"datePublished\":\"2019-05-23T17:29:23+00:00\",\"dateModified\":\"2021-08-29T07:23:57+00:00\",\"breadcrumb\":{\"@id\":\"https:\\\/\\\/ibvmunngo.org\\\/about\\\/advocacy\\\/#breadcrumb\"},\"inLanguage\":\"fr-FR\",\"potentialAction\":[{\"@type\":\"ReadAction\",\"target\":[\"https:\\\/\\\/ibvmunngo.org\\\/about\\\/advocacy\\\/\"]}]},{\"@type\":\"ImageObject\",\"inLanguage\":\"fr-FR\",\"@id\":\"https:\\\/\\\/ibvmunngo.org\\\/about\\\/advocacy\\\/#primaryimage\",\"url\":\"https:\\\/\\\/ibvmunngo.org\\\/wp-content\\\/uploads\\\/2020\\\/12\\\/Advocacy.jpg\",\"contentUrl\":\"https:\\\/\\\/ibvmunngo.org\\\/wp-content\\\/uploads\\\/2020\\\/12\\\/Advocacy.jpg\",\"width\":900,\"height\":400},{\"@type\":\"BreadcrumbList\",\"@id\":\"https:\\\/\\\/ibvmunngo.org\\\/about\\\/advocacy\\\/#breadcrumb\",\"itemListElement\":[{\"@type\":\"ListItem\",\"position\":1,\"name\":\"Home\",\"item\":\"https:\\\/\\\/ibvmunngo.org\\\/es\\\/\"},{\"@type\":\"ListItem\",\"position\":2,\"name\":\"About us\",\"item\":\"https:\\\/\\\/ibvmunngo.org\\\/about\\\/\"},{\"@type\":\"ListItem\",\"position\":3,\"name\":\"Advocacy\"}]},{\"@type\":\"WebSite\",\"@id\":\"https:\\\/\\\/ibvmunngo.org\\\/es\\\/#website\",\"url\":\"https:\\\/\\\/ibvmunngo.org\\\/es\\\/\",\"name\":\"Institute of the Blessed Virgin Mary \u2013 Loreto\",\"description\":\"NGO ASSOCIATED WITH ECOSOC AT THE UNITED NATIONS\",\"publisher\":{\"@id\":\"https:\\\/\\\/ibvmunngo.org\\\/es\\\/#organization\"},\"potentialAction\":[{\"@type\":\"SearchAction\",\"target\":{\"@type\":\"EntryPoint\",\"urlTemplate\":\"https:\\\/\\\/ibvmunngo.org\\\/es\\\/?s={search_term_string}\"},\"query-input\":{\"@type\":\"PropertyValueSpecification\",\"valueRequired\":true,\"valueName\":\"search_term_string\"}}],\"inLanguage\":\"fr-FR\"},{\"@type\":\"Organization\",\"@id\":\"https:\\\/\\\/ibvmunngo.org\\\/es\\\/#organization\",\"name\":\"Institute of the Blessed Virgin Mary \u2013 Loreto\",\"url\":\"https:\\\/\\\/ibvmunngo.org\\\/es\\\/\",\"logo\":{\"@type\":\"ImageObject\",\"inLanguage\":\"fr-FR\",\"@id\":\"https:\\\/\\\/ibvmunngo.org\\\/es\\\/#\\\/schema\\\/logo\\\/image\\\/\",\"url\":\"https:\\\/\\\/ibvmunngo.org\\\/wp-content\\\/uploads\\\/2020\\\/10\\\/Logo_IBVM_UN_1.png\",\"contentUrl\":\"https:\\\/\\\/ibvmunngo.org\\\/wp-content\\\/uploads\\\/2020\\\/10\\\/Logo_IBVM_UN_1.png\",\"width\":200,\"height\":144,\"caption\":\"Institute of the Blessed Virgin Mary \u2013 Loreto\"},\"image\":{\"@id\":\"https:\\\/\\\/ibvmunngo.org\\\/es\\\/#\\\/schema\\\/logo\\\/image\\\/\"}}]}<\/script>\n<!-- \/ Yoast SEO plugin. -->","yoast_head_json":{"title":"Plaidoyer - Institut de la Bienheureuse Vierge Marie \u2013 Loreto","robots":{"index":"index","follow":"follow","max-snippet":"max-snippet:-1","max-image-preview":"max-image-preview:large","max-video-preview":"max-video-preview:-1"},"canonical":"https:\/\/ibvmunngo.org\/fr\/a-propos\/plaidoyer\/","og_locale":"fr_FR","og_type":"article","og_title":"Advocacy - Institute of the Blessed Virgin Mary \u2013 Loreto","og_description":"Members of the IBVM and CJ play an active role as part of Civil Society working with the United Nations (UN) in New York. As associates of the Department of Global Communications (DGC) and having a Special Consultative Status to the Economic and Social Council (ECOSOC) we attend the Briefings held by the DGC and [&hellip;]","og_url":"https:\/\/ibvmunngo.org\/fr\/a-propos\/plaidoyer\/","og_site_name":"Institute of the Blessed Virgin Mary \u2013 Loreto","article_modified_time":"2021-08-29T07:23:57+00:00","og_image":[{"width":900,"height":400,"url":"https:\/\/ibvmunngo.org\/wp-content\/uploads\/2020\/12\/Advocacy.jpg","type":"image\/jpeg"}],"twitter_card":"summary_large_image","twitter_misc":{"Dur\u00e9e de lecture estim\u00e9e":"1 minute"},"schema":{"@context":"https:\/\/schema.org","@graph":[{"@type":"WebPage","@id":"https:\/\/ibvmunngo.org\/about\/advocacy\/","url":"https:\/\/ibvmunngo.org\/about\/advocacy\/","name":"Plaidoyer - Institut de la Bienheureuse Vierge Marie \u2013 Loreto","isPartOf":{"@id":"https:\/\/ibvmunngo.org\/es\/#website"},"primaryImageOfPage":{"@id":"https:\/\/ibvmunngo.org\/about\/advocacy\/#primaryimage"},"image":{"@id":"https:\/\/ibvmunngo.org\/about\/advocacy\/#primaryimage"},"thumbnailUrl":"https:\/\/ibvmunngo.org\/wp-content\/uploads\/2020\/12\/Advocacy.jpg","datePublished":"2019-05-23T17:29:23+00:00","dateModified":"2021-08-29T07:23:57+00:00","breadcrumb":{"@id":"https:\/\/ibvmunngo.org\/about\/advocacy\/#breadcrumb"},"inLanguage":"fr-FR","potentialAction":[{"@type":"ReadAction","target":["https:\/\/ibvmunngo.org\/about\/advocacy\/"]}]},{"@type":"ImageObject","inLanguage":"fr-FR","@id":"https:\/\/ibvmunngo.org\/about\/advocacy\/#primaryimage","url":"https:\/\/ibvmunngo.org\/wp-content\/uploads\/2020\/12\/Advocacy.jpg","contentUrl":"https:\/\/ibvmunngo.org\/wp-content\/uploads\/2020\/12\/Advocacy.jpg","width":900,"height":400},{"@type":"BreadcrumbList","@id":"https:\/\/ibvmunngo.org\/about\/advocacy\/#breadcrumb","itemListElement":[{"@type":"ListItem","position":1,"name":"Home","item":"https:\/\/ibvmunngo.org\/es\/"},{"@type":"ListItem","position":2,"name":"About us","item":"https:\/\/ibvmunngo.org\/about\/"},{"@type":"ListItem","position":3,"name":"Advocacy"}]},{"@type":"WebSite","@id":"https:\/\/ibvmunngo.org\/es\/#website","url":"https:\/\/ibvmunngo.org\/es\/","name":"Institut de la Bienheureuse Vierge Marie \u2013 Lorette","description":"ONG ASSOCIEE A L&#039;ECOSOC AUX NATIONS UNIES","publisher":{"@id":"https:\/\/ibvmunngo.org\/es\/#organization"},"potentialAction":[{"@type":"SearchAction","target":{"@type":"EntryPoint","urlTemplate":"https:\/\/ibvmunngo.org\/es\/?s={search_term_string}"},"query-input":{"@type":"PropertyValueSpecification","valueRequired":true,"valueName":"search_term_string"}}],"inLanguage":"fr-FR"},{"@type":"Organization","@id":"https:\/\/ibvmunngo.org\/es\/#organization","name":"Institut de la Bienheureuse Vierge Marie \u2013 Lorette","url":"https:\/\/ibvmunngo.org\/es\/","logo":{"@type":"ImageObject","inLanguage":"fr-FR","@id":"https:\/\/ibvmunngo.org\/es\/#\/schema\/logo\/image\/","url":"https:\/\/ibvmunngo.org\/wp-content\/uploads\/2020\/10\/Logo_IBVM_UN_1.png","contentUrl":"https:\/\/ibvmunngo.org\/wp-content\/uploads\/2020\/10\/Logo_IBVM_UN_1.png","width":200,"height":144,"caption":"Institute of the Blessed Virgin Mary \u2013 Loreto"},"image":{"@id":"https:\/\/ibvmunngo.org\/es\/#\/schema\/logo\/image\/"}}]}},"_links":{"self":[{"href":"https:\/\/ibvmunngo.org\/fr\/wp-json\/wp\/v2\/pages\/2033","targetHints":{"allow":["GET"]}}],"collection":[{"href":"https:\/\/ibvmunngo.org\/fr\/wp-json\/wp\/v2\/pages"}],"about":[{"href":"https:\/\/ibvmunngo.org\/fr\/wp-json\/wp\/v2\/types\/page"}],"author":[{"embeddable":true,"href":"https:\/\/ibvmunngo.org\/fr\/wp-json\/wp\/v2\/users\/11"}],"replies":[{"embeddable":true,"href":"https:\/\/ibvmunngo.org\/fr\/wp-json\/wp\/v2\/comments?post=2033"}],"version-history":[{"count":0,"href":"https:\/\/ibvmunngo.org\/fr\/wp-json\/wp\/v2\/pages\/2033\/revisions"}],"up":[{"embeddable":true,"href":"https:\/\/ibvmunngo.org\/fr\/wp-json\/wp\/v2\/pages\/2720"}],"wp:featuredmedia":[{"embeddable":true,"href":"https:\/\/ibvmunngo.org\/fr\/wp-json\/wp\/v2\/media\/4898"}],"wp:attachment":[{"href":"https:\/\/ibvmunngo.org\/fr\/wp-json\/wp\/v2\/media?parent=2033"}],"curies":[{"name":"wp","href":"https:\/\/api.w.org\/{rel}","templated":true}]}}