{"id":2049,"date":"2019-05-23T17:47:59","date_gmt":"2019-05-23T17:47:59","guid":{"rendered":"http:\/\/ibvmunngo.org\/?page_id=2049"},"modified":"2021-08-26T01:18:32","modified_gmt":"2021-08-26T01:18:32","slug":"qui-nous-sommes","status":"publish","type":"page","link":"https:\/\/ibvmunngo.org\/fr\/a-propos\/qui-nous-sommes\/","title":{"rendered":"Qui nous sommes"},"content":{"rendered":"<div data-elementor-type=\"wp-page\" data-elementor-id=\"2049\" class=\"elementor elementor-2049\" data-elementor-post-type=\"page\">\n\t\t\t\t\t\t<section class=\"elementor-section elementor-top-section elementor-element elementor-element-029ce9c elementor-section-boxed elementor-section-height-default elementor-section-height-default\" data-id=\"029ce9c\" data-element_type=\"section\" data-e-type=\"section\">\n\t\t\t\t\t\t<div class=\"elementor-container elementor-column-gap-default\">\n\t\t\t\t\t<div class=\"elementor-column elementor-col-100 elementor-top-column elementor-element elementor-element-b360aee\" data-id=\"b360aee\" data-element_type=\"column\" data-e-type=\"column\">\n\t\t\t<div class=\"elementor-widget-wrap elementor-element-populated\">\n\t\t\t\t\t\t<div class=\"elementor-element elementor-element-8517167 elementor-widget elementor-widget-text-editor\" data-id=\"8517167\" data-element_type=\"widget\" data-e-type=\"widget\" data-widget_type=\"text-editor.default\">\n\t\t\t\t<div class=\"elementor-widget-container\">\n\t\t\t\t\t\t\t\t\t<p style=\"caret-color: #000000; color: #000000;\">L&#039;Institut de la Bienheureuse Vierge Marie (IBVM) est une congr\u00e9gation internationale de religieuses catholiques. Elle a ouvert le bureau de l&#039;Institut de la Bienheureuse Vierge Marie \u2013 G\u00e9n\u00e9ralat de Lorette (ONG IBVM) \u00e0 New York en septembre 2003, apr\u00e8s avoir re\u00e7u le statut d&#039;associ\u00e9 aupr\u00e8s de la\u00a0<a href=\"https:\/\/www.un.org\/en\/department-global-communications\">D\u00e9partement des communications mondiales<\/a>\u00a0(anciennement D\u00e9partement de l&#039;information) des Nations Unies. En 2015, l&#039;ONG IBVM a obtenu le statut consultatif sp\u00e9cial aupr\u00e8s de la\u00a0<a href=\"https:\/\/www.un.org\/ecosoc\/en\/home\">Conseil \u00e9conomique et social des Nations Unies<\/a>\u00a0(ECOSOC).<\/p><p style=\"caret-color: #000000; color: #000000;\">En octobre 2017, l&#039;ONG IBVM a commenc\u00e9 \u00e0 collaborer avec la Congr\u00e9gation de J\u00e9sus (CJ), l&#039;autre branche de l&#039;institut fond\u00e9 par Mary Ward. L&#039;ONG IBVM \u00e0 l&#039;ONU repr\u00e9sente les int\u00e9r\u00eats du r\u00e9seau mondial IBVM\/CJ, y compris ses membres sur six continents, ses associ\u00e9s, les \u00e9tudiants actuels, les enseignants, les parents, les communaut\u00e9s et plus d&#039;un million d&#039;anciens \u00e9l\u00e8ves de nos \u00e9coles IBVM\/CJ.<\/p><p style=\"caret-color: #000000; color: #000000;\">Le r\u00e9seau mondial IBVM\/CJ est pr\u00e9sent aux Nations Unies o\u00f9 la voix de la soci\u00e9t\u00e9 civile rev\u00eat une importance croissante dans les d\u00e9cisions multilat\u00e9rales visant \u00e0 encourager la communaut\u00e9 humaine \u00e0 une collaboration pacifique et respectueuse d&#039;une mani\u00e8re qui profite \u00e0 tous et \u00e0 notre plan\u00e8te.<\/p><p style=\"caret-color: #000000; color: #000000;\"><strong>Plus d&#039;information:<\/strong><\/p><p style=\"caret-color: #000000; color: #000000;\"><a href=\"https:\/\/www.ibvm.org\/\">L&#039;Institut de la Bienheureuse Vierge Marie (IBVM)<\/a><\/p><p style=\"caret-color: #000000; color: #000000;\"><a href=\"https:\/\/www.congregatiojesu.org\">Congr\u00e9gation de J\u00e9sus (CJ)<\/a><\/p><p><em>Image vedette : Cecilia O&#8217;Dwyer ibvm, Cynthia Mathew cj et Janet Palafox ibvm.<\/em><\/p>\t\t\t\t\t\t\t\t<\/div>\n\t\t\t\t<\/div>\n\t\t\t\t\t<\/div>\n\t\t<\/div>\n\t\t\t\t\t<\/div>\n\t\t<\/section>\n\t\t\t\t<\/div>","protected":false},"excerpt":{"rendered":"<p>The Institute of the Blessed Virgin Mary (IBVM) is an international congregation of Catholic Women Religious. It opened\u00a0the Institute of the Blessed Virgin Mary \u2013 Loreto Generalate (IBVM NGO) office in New York in September 2003, having received Associate Status with the\u00a0Department of Global Communications\u00a0(previously Department of Public Information) of the United Nations. In 2015 [&hellip;]<\/p>\n","protected":false},"author":11,"featured_media":4857,"parent":2720,"menu_order":0,"comment_status":"closed","ping_status":"closed","template":"","meta":{"footnotes":""},"class_list":["post-2049","page","type-page","status-publish","has-post-thumbnail","hentry"],"yoast_head":"<!-- This site is optimized with the Yoast SEO plugin v27.3 - https:\/\/yoast.com\/product\/yoast-seo-wordpress\/ -->\n<title>Who We Are - Institute of the Blessed Virgin Mary \u2013 Loreto<\/title>\n<meta name=\"robots\" content=\"index, follow, max-snippet:-1, max-image-preview:large, max-video-preview:-1\" \/>\n<link rel=\"canonical\" href=\"https:\/\/ibvmunngo.org\/fr\/a-propos\/qui-nous-sommes\/\" \/>\n<meta property=\"og:locale\" content=\"fr_FR\" \/>\n<meta property=\"og:type\" content=\"article\" \/>\n<meta property=\"og:title\" content=\"Who We Are - Institute of the Blessed Virgin Mary \u2013 Loreto\" \/>\n<meta property=\"og:description\" content=\"The Institute of the Blessed Virgin Mary (IBVM) is an international congregation of Catholic Women Religious. It opened\u00a0the Institute of the Blessed Virgin Mary \u2013 Loreto Generalate (IBVM NGO) office in New York in September 2003, having received Associate Status with the\u00a0Department of Global Communications\u00a0(previously Department of Public Information) of the United Nations. In 2015 [&hellip;]\" \/>\n<meta property=\"og:url\" content=\"https:\/\/ibvmunngo.org\/fr\/a-propos\/qui-nous-sommes\/\" \/>\n<meta property=\"og:site_name\" content=\"Institute of the Blessed Virgin Mary \u2013 Loreto\" \/>\n<meta property=\"article:modified_time\" content=\"2021-08-26T01:18:32+00:00\" \/>\n<meta property=\"og:image\" content=\"https:\/\/ibvmunngo.org\/wp-content\/uploads\/2020\/12\/who-we-are-2.jpg\" \/>\n\t<meta property=\"og:image:width\" content=\"900\" \/>\n\t<meta property=\"og:image:height\" content=\"400\" \/>\n\t<meta property=\"og:image:type\" content=\"image\/jpeg\" \/>\n<meta name=\"twitter:card\" content=\"summary_large_image\" \/>\n<meta name=\"twitter:label1\" content=\"Dur\u00e9e de lecture estim\u00e9e\" \/>\n\t<meta name=\"twitter:data1\" content=\"1 minute\" \/>\n<script type=\"application\/ld+json\" class=\"yoast-schema-graph\">{\"@context\":\"https:\\\/\\\/schema.org\",\"@graph\":[{\"@type\":\"WebPage\",\"@id\":\"https:\\\/\\\/ibvmunngo.org\\\/about\\\/who-we-are\\\/\",\"url\":\"https:\\\/\\\/ibvmunngo.org\\\/about\\\/who-we-are\\\/\",\"name\":\"Who We Are - Institute of the Blessed Virgin Mary \u2013 Loreto\",\"isPartOf\":{\"@id\":\"https:\\\/\\\/ibvmunngo.org\\\/es\\\/#website\"},\"primaryImageOfPage\":{\"@id\":\"https:\\\/\\\/ibvmunngo.org\\\/about\\\/who-we-are\\\/#primaryimage\"},\"image\":{\"@id\":\"https:\\\/\\\/ibvmunngo.org\\\/about\\\/who-we-are\\\/#primaryimage\"},\"thumbnailUrl\":\"https:\\\/\\\/ibvmunngo.org\\\/wp-content\\\/uploads\\\/2020\\\/12\\\/who-we-are-2.jpg\",\"datePublished\":\"2019-05-23T17:47:59+00:00\",\"dateModified\":\"2021-08-26T01:18:32+00:00\",\"breadcrumb\":{\"@id\":\"https:\\\/\\\/ibvmunngo.org\\\/about\\\/who-we-are\\\/#breadcrumb\"},\"inLanguage\":\"fr-FR\",\"potentialAction\":[{\"@type\":\"ReadAction\",\"target\":[\"https:\\\/\\\/ibvmunngo.org\\\/about\\\/who-we-are\\\/\"]}]},{\"@type\":\"ImageObject\",\"inLanguage\":\"fr-FR\",\"@id\":\"https:\\\/\\\/ibvmunngo.org\\\/about\\\/who-we-are\\\/#primaryimage\",\"url\":\"https:\\\/\\\/ibvmunngo.org\\\/wp-content\\\/uploads\\\/2020\\\/12\\\/who-we-are-2.jpg\",\"contentUrl\":\"https:\\\/\\\/ibvmunngo.org\\\/wp-content\\\/uploads\\\/2020\\\/12\\\/who-we-are-2.jpg\",\"width\":900,\"height\":400},{\"@type\":\"BreadcrumbList\",\"@id\":\"https:\\\/\\\/ibvmunngo.org\\\/about\\\/who-we-are\\\/#breadcrumb\",\"itemListElement\":[{\"@type\":\"ListItem\",\"position\":1,\"name\":\"Home\",\"item\":\"https:\\\/\\\/ibvmunngo.org\\\/es\\\/\"},{\"@type\":\"ListItem\",\"position\":2,\"name\":\"About us\",\"item\":\"https:\\\/\\\/ibvmunngo.org\\\/about\\\/\"},{\"@type\":\"ListItem\",\"position\":3,\"name\":\"Who We Are\"}]},{\"@type\":\"WebSite\",\"@id\":\"https:\\\/\\\/ibvmunngo.org\\\/es\\\/#website\",\"url\":\"https:\\\/\\\/ibvmunngo.org\\\/es\\\/\",\"name\":\"Institute of the Blessed Virgin Mary \u2013 Loreto\",\"description\":\"NGO ASSOCIATED WITH ECOSOC AT THE UNITED NATIONS\",\"publisher\":{\"@id\":\"https:\\\/\\\/ibvmunngo.org\\\/es\\\/#organization\"},\"potentialAction\":[{\"@type\":\"SearchAction\",\"target\":{\"@type\":\"EntryPoint\",\"urlTemplate\":\"https:\\\/\\\/ibvmunngo.org\\\/es\\\/?s={search_term_string}\"},\"query-input\":{\"@type\":\"PropertyValueSpecification\",\"valueRequired\":true,\"valueName\":\"search_term_string\"}}],\"inLanguage\":\"fr-FR\"},{\"@type\":\"Organization\",\"@id\":\"https:\\\/\\\/ibvmunngo.org\\\/es\\\/#organization\",\"name\":\"Institute of the Blessed Virgin Mary \u2013 Loreto\",\"url\":\"https:\\\/\\\/ibvmunngo.org\\\/es\\\/\",\"logo\":{\"@type\":\"ImageObject\",\"inLanguage\":\"fr-FR\",\"@id\":\"https:\\\/\\\/ibvmunngo.org\\\/es\\\/#\\\/schema\\\/logo\\\/image\\\/\",\"url\":\"https:\\\/\\\/ibvmunngo.org\\\/wp-content\\\/uploads\\\/2020\\\/10\\\/Logo_IBVM_UN_1.png\",\"contentUrl\":\"https:\\\/\\\/ibvmunngo.org\\\/wp-content\\\/uploads\\\/2020\\\/10\\\/Logo_IBVM_UN_1.png\",\"width\":200,\"height\":144,\"caption\":\"Institute of the Blessed Virgin Mary \u2013 Loreto\"},\"image\":{\"@id\":\"https:\\\/\\\/ibvmunngo.org\\\/es\\\/#\\\/schema\\\/logo\\\/image\\\/\"}}]}<\/script>\n<!-- \/ Yoast SEO plugin. -->","yoast_head_json":{"title":"Qui nous sommes - Institut de la Bienheureuse Vierge Marie \u2013 Loreto","robots":{"index":"index","follow":"follow","max-snippet":"max-snippet:-1","max-image-preview":"max-image-preview:large","max-video-preview":"max-video-preview:-1"},"canonical":"https:\/\/ibvmunngo.org\/fr\/a-propos\/qui-nous-sommes\/","og_locale":"fr_FR","og_type":"article","og_title":"Who We Are - Institute of the Blessed Virgin Mary \u2013 Loreto","og_description":"The Institute of the Blessed Virgin Mary (IBVM) is an international congregation of Catholic Women Religious. It opened\u00a0the Institute of the Blessed Virgin Mary \u2013 Loreto Generalate (IBVM NGO) office in New York in September 2003, having received Associate Status with the\u00a0Department of Global Communications\u00a0(previously Department of Public Information) of the United Nations. In 2015 [&hellip;]","og_url":"https:\/\/ibvmunngo.org\/fr\/a-propos\/qui-nous-sommes\/","og_site_name":"Institute of the Blessed Virgin Mary \u2013 Loreto","article_modified_time":"2021-08-26T01:18:32+00:00","og_image":[{"width":900,"height":400,"url":"https:\/\/ibvmunngo.org\/wp-content\/uploads\/2020\/12\/who-we-are-2.jpg","type":"image\/jpeg"}],"twitter_card":"summary_large_image","twitter_misc":{"Dur\u00e9e de lecture estim\u00e9e":"1 minute"},"schema":{"@context":"https:\/\/schema.org","@graph":[{"@type":"WebPage","@id":"https:\/\/ibvmunngo.org\/about\/who-we-are\/","url":"https:\/\/ibvmunngo.org\/about\/who-we-are\/","name":"Qui nous sommes - Institut de la Bienheureuse Vierge Marie \u2013 Loreto","isPartOf":{"@id":"https:\/\/ibvmunngo.org\/es\/#website"},"primaryImageOfPage":{"@id":"https:\/\/ibvmunngo.org\/about\/who-we-are\/#primaryimage"},"image":{"@id":"https:\/\/ibvmunngo.org\/about\/who-we-are\/#primaryimage"},"thumbnailUrl":"https:\/\/ibvmunngo.org\/wp-content\/uploads\/2020\/12\/who-we-are-2.jpg","datePublished":"2019-05-23T17:47:59+00:00","dateModified":"2021-08-26T01:18:32+00:00","breadcrumb":{"@id":"https:\/\/ibvmunngo.org\/about\/who-we-are\/#breadcrumb"},"inLanguage":"fr-FR","potentialAction":[{"@type":"ReadAction","target":["https:\/\/ibvmunngo.org\/about\/who-we-are\/"]}]},{"@type":"ImageObject","inLanguage":"fr-FR","@id":"https:\/\/ibvmunngo.org\/about\/who-we-are\/#primaryimage","url":"https:\/\/ibvmunngo.org\/wp-content\/uploads\/2020\/12\/who-we-are-2.jpg","contentUrl":"https:\/\/ibvmunngo.org\/wp-content\/uploads\/2020\/12\/who-we-are-2.jpg","width":900,"height":400},{"@type":"BreadcrumbList","@id":"https:\/\/ibvmunngo.org\/about\/who-we-are\/#breadcrumb","itemListElement":[{"@type":"ListItem","position":1,"name":"Home","item":"https:\/\/ibvmunngo.org\/es\/"},{"@type":"ListItem","position":2,"name":"About us","item":"https:\/\/ibvmunngo.org\/about\/"},{"@type":"ListItem","position":3,"name":"Who We Are"}]},{"@type":"WebSite","@id":"https:\/\/ibvmunngo.org\/es\/#website","url":"https:\/\/ibvmunngo.org\/es\/","name":"Institut de la Bienheureuse Vierge Marie \u2013 Lorette","description":"ONG ASSOCIEE A L&#039;ECOSOC AUX NATIONS UNIES","publisher":{"@id":"https:\/\/ibvmunngo.org\/es\/#organization"},"potentialAction":[{"@type":"SearchAction","target":{"@type":"EntryPoint","urlTemplate":"https:\/\/ibvmunngo.org\/es\/?s={search_term_string}"},"query-input":{"@type":"PropertyValueSpecification","valueRequired":true,"valueName":"search_term_string"}}],"inLanguage":"fr-FR"},{"@type":"Organization","@id":"https:\/\/ibvmunngo.org\/es\/#organization","name":"Institut de la Bienheureuse Vierge Marie \u2013 Lorette","url":"https:\/\/ibvmunngo.org\/es\/","logo":{"@type":"ImageObject","inLanguage":"fr-FR","@id":"https:\/\/ibvmunngo.org\/es\/#\/schema\/logo\/image\/","url":"https:\/\/ibvmunngo.org\/wp-content\/uploads\/2020\/10\/Logo_IBVM_UN_1.png","contentUrl":"https:\/\/ibvmunngo.org\/wp-content\/uploads\/2020\/10\/Logo_IBVM_UN_1.png","width":200,"height":144,"caption":"Institute of the Blessed Virgin Mary \u2013 Loreto"},"image":{"@id":"https:\/\/ibvmunngo.org\/es\/#\/schema\/logo\/image\/"}}]}},"_links":{"self":[{"href":"https:\/\/ibvmunngo.org\/fr\/wp-json\/wp\/v2\/pages\/2049","targetHints":{"allow":["GET"]}}],"collection":[{"href":"https:\/\/ibvmunngo.org\/fr\/wp-json\/wp\/v2\/pages"}],"about":[{"href":"https:\/\/ibvmunngo.org\/fr\/wp-json\/wp\/v2\/types\/page"}],"author":[{"embeddable":true,"href":"https:\/\/ibvmunngo.org\/fr\/wp-json\/wp\/v2\/users\/11"}],"replies":[{"embeddable":true,"href":"https:\/\/ibvmunngo.org\/fr\/wp-json\/wp\/v2\/comments?post=2049"}],"version-history":[{"count":0,"href":"https:\/\/ibvmunngo.org\/fr\/wp-json\/wp\/v2\/pages\/2049\/revisions"}],"up":[{"embeddable":true,"href":"https:\/\/ibvmunngo.org\/fr\/wp-json\/wp\/v2\/pages\/2720"}],"wp:featuredmedia":[{"embeddable":true,"href":"https:\/\/ibvmunngo.org\/fr\/wp-json\/wp\/v2\/media\/4857"}],"wp:attachment":[{"href":"https:\/\/ibvmunngo.org\/fr\/wp-json\/wp\/v2\/media?parent=2049"}],"curies":[{"name":"wp","href":"https:\/\/api.w.org\/{rel}","templated":true}]}}