{"id":2055,"date":"2019-05-23T17:52:07","date_gmt":"2019-05-23T17:52:07","guid":{"rendered":"http:\/\/ibvmunngo.org\/?page_id=2055"},"modified":"2024-10-27T02:02:23","modified_gmt":"2024-10-27T02:02:23","slug":"des-stages","status":"publish","type":"page","link":"https:\/\/ibvmunngo.org\/fr\/a-propos\/des-stages\/","title":{"rendered":"Stages IBVM UN"},"content":{"rendered":"<div data-elementor-type=\"wp-page\" data-elementor-id=\"2055\" class=\"elementor elementor-2055\" data-elementor-post-type=\"page\">\n\t\t\t\t\t\t<section class=\"elementor-section elementor-top-section elementor-element elementor-element-fb7afaf elementor-section-boxed elementor-section-height-default elementor-section-height-default\" data-id=\"fb7afaf\" data-element_type=\"section\" data-e-type=\"section\">\n\t\t\t\t\t\t<div class=\"elementor-container elementor-column-gap-default\">\n\t\t\t\t\t<div class=\"elementor-column elementor-col-100 elementor-top-column elementor-element elementor-element-167d881\" data-id=\"167d881\" data-element_type=\"column\" data-e-type=\"column\">\n\t\t\t<div class=\"elementor-widget-wrap elementor-element-populated\">\n\t\t\t\t\t\t<div class=\"elementor-element elementor-element-34f88db9 elementor-widget elementor-widget-text-editor\" data-id=\"34f88db9\" data-element_type=\"widget\" data-e-type=\"widget\" data-widget_type=\"text-editor.default\">\n\t\t\t\t<div class=\"elementor-widget-container\">\n\t\t\t\t\t\t\t\t\t<p>L&#039;ONG IBVM\/CJ offre depuis longtemps des opportunit\u00e9s de stage ou de volontariat \u00e0 ceux qui souhaitent travailler dans la sph\u00e8re de la soci\u00e9t\u00e9 civile.<\/p><p><a href=\"\/fr\/comment-cest-un-stage-aux-nations-unies\/\">Comment se passe un stage aux Nations Unies ?<\/a><\/p><p>Regardez nos stagiaires\/volontaires parler de leur exp\u00e9rience de collaboration avec nous aux Nations Unies.<\/p><p>Lauren Grant nous raconte sa journ\u00e9e lors du Forum politique de haut niveau. Regardez sa vid\u00e9o <a href=\"https:\/\/youtu.be\/2P8ctBysJog?si=D2l7MLZ3hV1mWvxD\">ici<\/a>.\u00a0<\/p><p>Regarder <strong><a href=\"https:\/\/www.youtube.com\/watch?v=9QSs0r2zaw0\" target=\"_blank\" rel=\"noopener\">ici<\/a><\/strong> pour un aper\u00e7u de l&#039;exp\u00e9rience de stage. Aggy est une ancienne stagiaire de l&#039;ONG IBVM\/CJ aux Nations Unies (ONU). Dans cette vid\u00e9o, elle r\u00e9pond \u00e0 des questions sur son exp\u00e9rience lors de l&#039;Assembl\u00e9e d&#039;\u00e9t\u00e9 des jeunes \u00e0 l&#039;ONU \u00e0 New York.<\/p><p>Le verrouillage de la pand\u00e9mie a fait en sorte que la plupart des travaux et des \u00e9v\u00e9nements \u00e0 l&#039;ONU se sont d\u00e9roul\u00e9s en ligne. Cela a permis \u00e0 notre bureau d&#039;ONG de tester Virtual Internship. Charlotte Jones et Aislinn Healey partagent leur exp\u00e9rience en tant que deux des quatre premiers stagiaires virtuels de l&#039;IBVM\/CJ ONG. Plus pr\u00e9cis\u00e9ment, ils expliquent pourquoi ils se sont impliqu\u00e9s dans le stage, quel travail ils ont entrepris et comment ils ont trouv\u00e9 le stage virtuel. Regarde-les <a href=\"https:\/\/www.youtube.com\/watch?v=KuGLUuRNzwo\" target=\"_blank\" rel=\"noopener\"><strong>ici<\/strong><\/a>.<\/p><p>Nous encourageons les \u00e9tudiants de Mary Ward, pass\u00e9s ou pr\u00e9sents, \u00e0 r\u00e9fl\u00e9chir \u00e0 la mani\u00e8re dont ils aimeraient contribuer au Programme de d\u00e9veloppement durable \u00e0 l&#039;horizon 2030. Si vous \u00eates int\u00e9ress\u00e9 par un stage ou un volontariat au sein de l&#039;ONG IBVM\/CJ \u00e0 l&#039;ONU, n&#039;h\u00e9sitez pas \u00e0 envoyer un email exprimant votre int\u00e9r\u00eat \u00e0 <a href=\"mailto:unngo@mary-ward.org\">unngo@mary-ward.org<\/a>.<\/p><p><em style=\"font-family: var( --e-global-typography-text-font-family ), 'Artegra Sans', Sans-serif; font-size: 1rem; font-weight: var( --e-global-typography-text-font-weight );\">Image principale : Lauren Grant et Lucia Mascorella <\/em><em style=\"font-family: var( --e-global-typography-text-font-family ), 'Artegra Sans', Sans-serif; font-size: 1rem; font-weight: var( --e-global-typography-text-font-weight );\">(Stagiaire ONG IBVM\/CJ) participant au Sommet des droits de l&#039;homme en 2024.<\/em><\/p>\t\t\t\t\t\t\t\t<\/div>\n\t\t\t\t<\/div>\n\t\t\t\t\t<\/div>\n\t\t<\/div>\n\t\t\t\t\t<\/div>\n\t\t<\/section>\n\t\t\t\t<\/div>","protected":false},"excerpt":{"rendered":"<p>The IBVM\/CJ NGO has a great history of offering interning or volunteering opportunities to those who are interested in working in the civil society sphere. What is it like interning at the United Nations? Watch our interns\/volunteers speak about their experience collaborating with us at the United Nations. Lauren Grant shares what her day looks [&hellip;]<\/p>\n","protected":false},"author":11,"featured_media":125423,"parent":2720,"menu_order":0,"comment_status":"closed","ping_status":"closed","template":"","meta":{"footnotes":""},"class_list":["post-2055","page","type-page","status-publish","has-post-thumbnail","hentry"],"yoast_head":"<!-- This site is optimized with the Yoast SEO plugin v27.3 - https:\/\/yoast.com\/product\/yoast-seo-wordpress\/ -->\n<title>IBVM UN Internships - Institute of the Blessed Virgin Mary \u2013 Loreto<\/title>\n<meta name=\"robots\" content=\"index, follow, max-snippet:-1, max-image-preview:large, max-video-preview:-1\" \/>\n<link rel=\"canonical\" href=\"https:\/\/ibvmunngo.org\/fr\/a-propos\/des-stages\/\" \/>\n<meta property=\"og:locale\" content=\"fr_FR\" \/>\n<meta property=\"og:type\" content=\"article\" \/>\n<meta property=\"og:title\" content=\"IBVM UN Internships - Institute of the Blessed Virgin Mary \u2013 Loreto\" \/>\n<meta property=\"og:description\" content=\"The IBVM\/CJ NGO has a great history of offering interning or volunteering opportunities to those who are interested in working in the civil society sphere. What is it like interning at the United Nations? Watch our interns\/volunteers speak about their experience collaborating with us at the United Nations. Lauren Grant shares what her day looks [&hellip;]\" \/>\n<meta property=\"og:url\" content=\"https:\/\/ibvmunngo.org\/fr\/a-propos\/des-stages\/\" \/>\n<meta property=\"og:site_name\" content=\"Institute of the Blessed Virgin Mary \u2013 Loreto\" \/>\n<meta property=\"article:modified_time\" content=\"2024-10-27T02:02:23+00:00\" \/>\n<meta property=\"og:image\" content=\"https:\/\/ibvmunngo.org\/wp-content\/uploads\/2024\/10\/Website-Front-Page-2.png\" \/>\n\t<meta property=\"og:image:width\" content=\"900\" \/>\n\t<meta property=\"og:image:height\" content=\"400\" \/>\n\t<meta property=\"og:image:type\" content=\"image\/png\" \/>\n<meta name=\"twitter:card\" content=\"summary_large_image\" \/>\n<meta name=\"twitter:label1\" content=\"Dur\u00e9e de lecture estim\u00e9e\" \/>\n\t<meta name=\"twitter:data1\" content=\"2 minutes\" \/>\n<script type=\"application\/ld+json\" class=\"yoast-schema-graph\">{\"@context\":\"https:\\\/\\\/schema.org\",\"@graph\":[{\"@type\":\"WebPage\",\"@id\":\"https:\\\/\\\/ibvmunngo.org\\\/about\\\/internships\\\/\",\"url\":\"https:\\\/\\\/ibvmunngo.org\\\/about\\\/internships\\\/\",\"name\":\"IBVM UN Internships - Institute of the Blessed Virgin Mary \u2013 Loreto\",\"isPartOf\":{\"@id\":\"https:\\\/\\\/ibvmunngo.org\\\/es\\\/#website\"},\"primaryImageOfPage\":{\"@id\":\"https:\\\/\\\/ibvmunngo.org\\\/about\\\/internships\\\/#primaryimage\"},\"image\":{\"@id\":\"https:\\\/\\\/ibvmunngo.org\\\/about\\\/internships\\\/#primaryimage\"},\"thumbnailUrl\":\"https:\\\/\\\/ibvmunngo.org\\\/wp-content\\\/uploads\\\/2024\\\/10\\\/Website-Front-Page-2.png\",\"datePublished\":\"2019-05-23T17:52:07+00:00\",\"dateModified\":\"2024-10-27T02:02:23+00:00\",\"breadcrumb\":{\"@id\":\"https:\\\/\\\/ibvmunngo.org\\\/about\\\/internships\\\/#breadcrumb\"},\"inLanguage\":\"fr-FR\",\"potentialAction\":[{\"@type\":\"ReadAction\",\"target\":[\"https:\\\/\\\/ibvmunngo.org\\\/about\\\/internships\\\/\"]}]},{\"@type\":\"ImageObject\",\"inLanguage\":\"fr-FR\",\"@id\":\"https:\\\/\\\/ibvmunngo.org\\\/about\\\/internships\\\/#primaryimage\",\"url\":\"https:\\\/\\\/ibvmunngo.org\\\/wp-content\\\/uploads\\\/2024\\\/10\\\/Website-Front-Page-2.png\",\"contentUrl\":\"https:\\\/\\\/ibvmunngo.org\\\/wp-content\\\/uploads\\\/2024\\\/10\\\/Website-Front-Page-2.png\",\"width\":900,\"height\":400},{\"@type\":\"BreadcrumbList\",\"@id\":\"https:\\\/\\\/ibvmunngo.org\\\/about\\\/internships\\\/#breadcrumb\",\"itemListElement\":[{\"@type\":\"ListItem\",\"position\":1,\"name\":\"Home\",\"item\":\"https:\\\/\\\/ibvmunngo.org\\\/es\\\/\"},{\"@type\":\"ListItem\",\"position\":2,\"name\":\"About us\",\"item\":\"https:\\\/\\\/ibvmunngo.org\\\/about\\\/\"},{\"@type\":\"ListItem\",\"position\":3,\"name\":\"IBVM UN Internships\"}]},{\"@type\":\"WebSite\",\"@id\":\"https:\\\/\\\/ibvmunngo.org\\\/es\\\/#website\",\"url\":\"https:\\\/\\\/ibvmunngo.org\\\/es\\\/\",\"name\":\"Institute of the Blessed Virgin Mary \u2013 Loreto\",\"description\":\"NGO ASSOCIATED WITH ECOSOC AT THE UNITED NATIONS\",\"publisher\":{\"@id\":\"https:\\\/\\\/ibvmunngo.org\\\/es\\\/#organization\"},\"potentialAction\":[{\"@type\":\"SearchAction\",\"target\":{\"@type\":\"EntryPoint\",\"urlTemplate\":\"https:\\\/\\\/ibvmunngo.org\\\/es\\\/?s={search_term_string}\"},\"query-input\":{\"@type\":\"PropertyValueSpecification\",\"valueRequired\":true,\"valueName\":\"search_term_string\"}}],\"inLanguage\":\"fr-FR\"},{\"@type\":\"Organization\",\"@id\":\"https:\\\/\\\/ibvmunngo.org\\\/es\\\/#organization\",\"name\":\"Institute of the Blessed Virgin Mary \u2013 Loreto\",\"url\":\"https:\\\/\\\/ibvmunngo.org\\\/es\\\/\",\"logo\":{\"@type\":\"ImageObject\",\"inLanguage\":\"fr-FR\",\"@id\":\"https:\\\/\\\/ibvmunngo.org\\\/es\\\/#\\\/schema\\\/logo\\\/image\\\/\",\"url\":\"https:\\\/\\\/ibvmunngo.org\\\/wp-content\\\/uploads\\\/2020\\\/10\\\/Logo_IBVM_UN_1.png\",\"contentUrl\":\"https:\\\/\\\/ibvmunngo.org\\\/wp-content\\\/uploads\\\/2020\\\/10\\\/Logo_IBVM_UN_1.png\",\"width\":200,\"height\":144,\"caption\":\"Institute of the Blessed Virgin Mary \u2013 Loreto\"},\"image\":{\"@id\":\"https:\\\/\\\/ibvmunngo.org\\\/es\\\/#\\\/schema\\\/logo\\\/image\\\/\"}}]}<\/script>\n<!-- \/ Yoast SEO plugin. -->","yoast_head_json":{"title":"Stages IBVM ONU - Institut de la Bienheureuse Vierge Marie \u2013 Loreto","robots":{"index":"index","follow":"follow","max-snippet":"max-snippet:-1","max-image-preview":"max-image-preview:large","max-video-preview":"max-video-preview:-1"},"canonical":"https:\/\/ibvmunngo.org\/fr\/a-propos\/des-stages\/","og_locale":"fr_FR","og_type":"article","og_title":"IBVM UN Internships - Institute of the Blessed Virgin Mary \u2013 Loreto","og_description":"The IBVM\/CJ NGO has a great history of offering interning or volunteering opportunities to those who are interested in working in the civil society sphere. What is it like interning at the United Nations? Watch our interns\/volunteers speak about their experience collaborating with us at the United Nations. Lauren Grant shares what her day looks [&hellip;]","og_url":"https:\/\/ibvmunngo.org\/fr\/a-propos\/des-stages\/","og_site_name":"Institute of the Blessed Virgin Mary \u2013 Loreto","article_modified_time":"2024-10-27T02:02:23+00:00","og_image":[{"width":900,"height":400,"url":"https:\/\/ibvmunngo.org\/wp-content\/uploads\/2024\/10\/Website-Front-Page-2.png","type":"image\/png"}],"twitter_card":"summary_large_image","twitter_misc":{"Dur\u00e9e de lecture estim\u00e9e":"2 minutes"},"schema":{"@context":"https:\/\/schema.org","@graph":[{"@type":"WebPage","@id":"https:\/\/ibvmunngo.org\/about\/internships\/","url":"https:\/\/ibvmunngo.org\/about\/internships\/","name":"Stages IBVM ONU - Institut de la Bienheureuse Vierge Marie \u2013 Loreto","isPartOf":{"@id":"https:\/\/ibvmunngo.org\/es\/#website"},"primaryImageOfPage":{"@id":"https:\/\/ibvmunngo.org\/about\/internships\/#primaryimage"},"image":{"@id":"https:\/\/ibvmunngo.org\/about\/internships\/#primaryimage"},"thumbnailUrl":"https:\/\/ibvmunngo.org\/wp-content\/uploads\/2024\/10\/Website-Front-Page-2.png","datePublished":"2019-05-23T17:52:07+00:00","dateModified":"2024-10-27T02:02:23+00:00","breadcrumb":{"@id":"https:\/\/ibvmunngo.org\/about\/internships\/#breadcrumb"},"inLanguage":"fr-FR","potentialAction":[{"@type":"ReadAction","target":["https:\/\/ibvmunngo.org\/about\/internships\/"]}]},{"@type":"ImageObject","inLanguage":"fr-FR","@id":"https:\/\/ibvmunngo.org\/about\/internships\/#primaryimage","url":"https:\/\/ibvmunngo.org\/wp-content\/uploads\/2024\/10\/Website-Front-Page-2.png","contentUrl":"https:\/\/ibvmunngo.org\/wp-content\/uploads\/2024\/10\/Website-Front-Page-2.png","width":900,"height":400},{"@type":"BreadcrumbList","@id":"https:\/\/ibvmunngo.org\/about\/internships\/#breadcrumb","itemListElement":[{"@type":"ListItem","position":1,"name":"Home","item":"https:\/\/ibvmunngo.org\/es\/"},{"@type":"ListItem","position":2,"name":"About us","item":"https:\/\/ibvmunngo.org\/about\/"},{"@type":"ListItem","position":3,"name":"IBVM UN Internships"}]},{"@type":"WebSite","@id":"https:\/\/ibvmunngo.org\/es\/#website","url":"https:\/\/ibvmunngo.org\/es\/","name":"Institut de la Bienheureuse Vierge Marie \u2013 Lorette","description":"ONG ASSOCIEE A L&#039;ECOSOC AUX NATIONS UNIES","publisher":{"@id":"https:\/\/ibvmunngo.org\/es\/#organization"},"potentialAction":[{"@type":"SearchAction","target":{"@type":"EntryPoint","urlTemplate":"https:\/\/ibvmunngo.org\/es\/?s={search_term_string}"},"query-input":{"@type":"PropertyValueSpecification","valueRequired":true,"valueName":"search_term_string"}}],"inLanguage":"fr-FR"},{"@type":"Organization","@id":"https:\/\/ibvmunngo.org\/es\/#organization","name":"Institut de la Bienheureuse Vierge Marie \u2013 Lorette","url":"https:\/\/ibvmunngo.org\/es\/","logo":{"@type":"ImageObject","inLanguage":"fr-FR","@id":"https:\/\/ibvmunngo.org\/es\/#\/schema\/logo\/image\/","url":"https:\/\/ibvmunngo.org\/wp-content\/uploads\/2020\/10\/Logo_IBVM_UN_1.png","contentUrl":"https:\/\/ibvmunngo.org\/wp-content\/uploads\/2020\/10\/Logo_IBVM_UN_1.png","width":200,"height":144,"caption":"Institute of the Blessed Virgin Mary \u2013 Loreto"},"image":{"@id":"https:\/\/ibvmunngo.org\/es\/#\/schema\/logo\/image\/"}}]}},"_links":{"self":[{"href":"https:\/\/ibvmunngo.org\/fr\/wp-json\/wp\/v2\/pages\/2055","targetHints":{"allow":["GET"]}}],"collection":[{"href":"https:\/\/ibvmunngo.org\/fr\/wp-json\/wp\/v2\/pages"}],"about":[{"href":"https:\/\/ibvmunngo.org\/fr\/wp-json\/wp\/v2\/types\/page"}],"author":[{"embeddable":true,"href":"https:\/\/ibvmunngo.org\/fr\/wp-json\/wp\/v2\/users\/11"}],"replies":[{"embeddable":true,"href":"https:\/\/ibvmunngo.org\/fr\/wp-json\/wp\/v2\/comments?post=2055"}],"version-history":[{"count":5,"href":"https:\/\/ibvmunngo.org\/fr\/wp-json\/wp\/v2\/pages\/2055\/revisions"}],"predecessor-version":[{"id":125432,"href":"https:\/\/ibvmunngo.org\/fr\/wp-json\/wp\/v2\/pages\/2055\/revisions\/125432"}],"up":[{"embeddable":true,"href":"https:\/\/ibvmunngo.org\/fr\/wp-json\/wp\/v2\/pages\/2720"}],"wp:featuredmedia":[{"embeddable":true,"href":"https:\/\/ibvmunngo.org\/fr\/wp-json\/wp\/v2\/media\/125423"}],"wp:attachment":[{"href":"https:\/\/ibvmunngo.org\/fr\/wp-json\/wp\/v2\/media?parent=2055"}],"curies":[{"name":"wp","href":"https:\/\/api.w.org\/{rel}","templated":true}]}}