{"id":2066,"date":"2019-05-23T17:58:45","date_gmt":"2019-05-23T17:58:45","guid":{"rendered":"http:\/\/ibvmunngo.org\/?page_id=2066"},"modified":"2021-08-12T22:10:17","modified_gmt":"2021-08-12T22:10:17","slug":"bulletin","status":"publish","type":"page","link":"https:\/\/ibvmunngo.org\/fr\/statements-publications\/bulletin\/","title":{"rendered":"Bulletin"},"content":{"rendered":"<div data-elementor-type=\"wp-page\" data-elementor-id=\"2066\" class=\"elementor elementor-2066\" data-elementor-post-type=\"page\">\n\t\t\t\t\t\t<section class=\"elementor-section elementor-top-section elementor-element elementor-element-3f9240ad elementor-section-boxed elementor-section-height-default elementor-section-height-default\" data-id=\"3f9240ad\" data-element_type=\"section\" data-e-type=\"section\">\n\t\t\t\t\t\t<div class=\"elementor-container elementor-column-gap-default\">\n\t\t\t\t\t<div class=\"elementor-column elementor-col-100 elementor-top-column elementor-element elementor-element-23cca42c\" data-id=\"23cca42c\" data-element_type=\"column\" data-e-type=\"column\">\n\t\t\t<div class=\"elementor-widget-wrap elementor-element-populated\">\n\t\t\t\t\t\t<section class=\"elementor-section elementor-inner-section elementor-element elementor-element-6d30263 elementor-section-boxed elementor-section-height-default elementor-section-height-default\" data-id=\"6d30263\" data-element_type=\"section\" data-e-type=\"section\">\n\t\t\t\t\t\t<div class=\"elementor-container elementor-column-gap-default\">\n\t\t\t\t\t<div class=\"elementor-column elementor-col-50 elementor-inner-column elementor-element elementor-element-12ba6a9\" data-id=\"12ba6a9\" data-element_type=\"column\" data-e-type=\"column\">\n\t\t\t<div class=\"elementor-widget-wrap elementor-element-populated\">\n\t\t\t\t\t\t<div class=\"elementor-element elementor-element-7a6fb1b elementor-widget elementor-widget-text-editor\" data-id=\"7a6fb1b\" data-element_type=\"widget\" data-e-type=\"widget\" data-widget_type=\"text-editor.default\">\n\t\t\t\t<div class=\"elementor-widget-container\">\n\t\t\t\t\t\t\t\t\t<div><h3><strong style=\"color: #333333; font-family: var( --e-global-typography-text-font-family ), 'Artegra Sans', Sans-serif; font-size: 1rem;\">Restez \u00e0 jour avec les derni\u00e8res nouvelles du bureau des ONG IBVM\/CJ UN.<\/strong><\/h3><p>Chaque trimestre, le bureau des ONG de l&#039;ONU IBVM\/CJ publie un bulletin \u00e9lectronique en ligne contenant des nouvelles et des informations sur notre travail \u00e0 l&#039;ONU, la contribution de notre r\u00e9seau et les mises \u00e0 jour de l&#039;ONU.<\/p><p>Veuillez utiliser le formulaire pour vous inscrire. Nous appr\u00e9cions vos commentaires &#8211; s&#039;il vous pla\u00eet envoyer un courriel <a href=\"mailto:ibvmunngo@gmail.com\">ibvmunngo@gmail.com<\/a> avec vos questions ou commentaires. Lire la derni\u00e8re mise \u00e0 jour de l&#039;ONU\u00a0<a href=\"http:\/\/createsend.com\/t\/t-A675EBEBD47695572540EF23F30FEDED\">ici<\/a>.\u00a0<\/p><\/div>\t\t\t\t\t\t\t\t<\/div>\n\t\t\t\t<\/div>\n\t\t\t\t\t<\/div>\n\t\t<\/div>\n\t\t\t\t<div class=\"elementor-column elementor-col-50 elementor-inner-column elementor-element elementor-element-17c24b7\" data-id=\"17c24b7\" data-element_type=\"column\" data-e-type=\"column\">\n\t\t\t<div class=\"elementor-widget-wrap elementor-element-populated\">\n\t\t\t\t\t\t<div class=\"elementor-element elementor-element-a309d8f elementor-widget elementor-widget-text-editor\" data-id=\"a309d8f\" data-element_type=\"widget\" data-e-type=\"widget\" data-widget_type=\"text-editor.default\">\n\t\t\t\t<div class=\"elementor-widget-container\">\n\t\t\t\t\t\t\t\t\t<h3>S&#039;ABONNER<\/h3>\n<form id=\"subForm\" class=\"js-cm-form\" action=\"https:\/\/www.createsend.com\/t\/subscribeerror?description=\" method=\"post\" data-id=\"2BE4EF332AA2E32596E38B640E905619CA64981FD95E8EBC92575E3C9B14FD52B8B442B6D14A4FC04D02F7680D057DFDCDC7358EB524010DC61F472760C5313C\">\n<div>\n<div><label>E-mail <\/label><input id=\"fieldEmail\" class=\"js-cm-email-input qa-input-email\" autocomplete=\"Email\" maxlength=\"200\" name=\"cm-yuujldr-yuujldr\" required=\"\" type=\"email\" aria-label=\"E-mail\" \/><\/div>\n<div><label>Nom <\/label><input id=\"fieldName\" maxlength=\"200\" name=\"cm-name\" required=\"\" type=\"text\" aria-label=\"Nom\" \/><\/div>\n<div style=\"margin: 0 0 7px 0;\"><input name=\"GDPR\" required=\"\" type=\"checkbox\" value=\"1\" \/> Je souhaite m&#039;abonner aux mises \u00e0 jour de l&#039;IBVM\/CJ<\/div>\n<\/div>\n<button class=\"elementor-button elementor-animation-shrink empty-button\" style=\"background-color: #0d0a6f !important; color: #fff;\" type=\"submit\">S&#039;abonner<\/button>\n\n<\/form><script type=\"text\/javascript\" src=\"https:\/\/js.createsend1.com\/javascript\/copypastesubscribeformlogic.js\"><\/script>\t\t\t\t\t\t\t\t<\/div>\n\t\t\t\t<\/div>\n\t\t\t\t\t<\/div>\n\t\t<\/div>\n\t\t\t\t\t<\/div>\n\t\t<\/section>\n\t\t\t\t\t<\/div>\n\t\t<\/div>\n\t\t\t\t\t<\/div>\n\t\t<\/section>\n\t\t\t\t<\/div>","protected":false},"excerpt":{"rendered":"<p>Stay up to date with the latest news from the IBVM\/CJ UN NGO office. Every quarter\u00a0the IBVM\/CJ UN NGO\u00a0office publishes an online e-newsletter\u00a0containing news and information about\u202four work at the UN, our network&#8217;s contribution and UN updates. Please use the form to subscribe. We welcome your\u202ffeedback &#8211; please email ibvmunngo@gmail.com with\u202fyour questions or comments.\u00a0Read the\u00a0latest\u00a0UN [&hellip;]<\/p>\n","protected":false},"author":11,"featured_media":16751,"parent":14518,"menu_order":0,"comment_status":"closed","ping_status":"closed","template":"","meta":{"footnotes":""},"class_list":["post-2066","page","type-page","status-publish","has-post-thumbnail","hentry"],"yoast_head":"<!-- This site is optimized with the Yoast SEO plugin v27.3 - https:\/\/yoast.com\/product\/yoast-seo-wordpress\/ -->\n<title>Newsletter - Institute of the Blessed Virgin Mary \u2013 Loreto<\/title>\n<meta name=\"robots\" content=\"index, follow, max-snippet:-1, max-image-preview:large, max-video-preview:-1\" \/>\n<link rel=\"canonical\" href=\"https:\/\/ibvmunngo.org\/fr\/statements-publications\/bulletin\/\" \/>\n<meta property=\"og:locale\" content=\"fr_FR\" \/>\n<meta property=\"og:type\" content=\"article\" \/>\n<meta property=\"og:title\" content=\"Newsletter - Institute of the Blessed Virgin Mary \u2013 Loreto\" \/>\n<meta property=\"og:description\" content=\"Stay up to date with the latest news from the IBVM\/CJ UN NGO office. Every quarter\u00a0the IBVM\/CJ UN NGO\u00a0office publishes an online e-newsletter\u00a0containing news and information about\u202four work at the UN, our network&#8217;s contribution and UN updates. Please use the form to subscribe. We welcome your\u202ffeedback &#8211; please email ibvmunngo@gmail.com with\u202fyour questions or comments.\u00a0Read the\u00a0latest\u00a0UN [&hellip;]\" \/>\n<meta property=\"og:url\" content=\"https:\/\/ibvmunngo.org\/fr\/statements-publications\/bulletin\/\" \/>\n<meta property=\"og:site_name\" content=\"Institute of the Blessed Virgin Mary \u2013 Loreto\" \/>\n<meta property=\"article:modified_time\" content=\"2021-08-12T22:10:17+00:00\" \/>\n<meta property=\"og:image\" content=\"https:\/\/ibvmunngo.org\/wp-content\/uploads\/2021\/06\/Untitled-design-16.png\" \/>\n\t<meta property=\"og:image:width\" content=\"900\" \/>\n\t<meta property=\"og:image:height\" content=\"400\" \/>\n\t<meta property=\"og:image:type\" content=\"image\/png\" \/>\n<meta name=\"twitter:card\" content=\"summary_large_image\" \/>\n<script type=\"application\/ld+json\" class=\"yoast-schema-graph\">{\"@context\":\"https:\\\/\\\/schema.org\",\"@graph\":[{\"@type\":\"WebPage\",\"@id\":\"https:\\\/\\\/ibvmunngo.org\\\/es\\\/statements-publications\\\/boletin-informativo\\\/\",\"url\":\"https:\\\/\\\/ibvmunngo.org\\\/es\\\/statements-publications\\\/boletin-informativo\\\/\",\"name\":\"Newsletter - Institute of the Blessed Virgin Mary \u2013 Loreto\",\"isPartOf\":{\"@id\":\"https:\\\/\\\/ibvmunngo.org\\\/es\\\/#website\"},\"primaryImageOfPage\":{\"@id\":\"https:\\\/\\\/ibvmunngo.org\\\/es\\\/statements-publications\\\/boletin-informativo\\\/#primaryimage\"},\"image\":{\"@id\":\"https:\\\/\\\/ibvmunngo.org\\\/es\\\/statements-publications\\\/boletin-informativo\\\/#primaryimage\"},\"thumbnailUrl\":\"https:\\\/\\\/ibvmunngo.org\\\/wp-content\\\/uploads\\\/2021\\\/06\\\/Untitled-design-16.png\",\"datePublished\":\"2019-05-23T17:58:45+00:00\",\"dateModified\":\"2021-08-12T22:10:17+00:00\",\"breadcrumb\":{\"@id\":\"https:\\\/\\\/ibvmunngo.org\\\/es\\\/statements-publications\\\/boletin-informativo\\\/#breadcrumb\"},\"inLanguage\":\"fr-FR\",\"potentialAction\":[{\"@type\":\"ReadAction\",\"target\":[\"https:\\\/\\\/ibvmunngo.org\\\/es\\\/statements-publications\\\/boletin-informativo\\\/\"]}]},{\"@type\":\"ImageObject\",\"inLanguage\":\"fr-FR\",\"@id\":\"https:\\\/\\\/ibvmunngo.org\\\/es\\\/statements-publications\\\/boletin-informativo\\\/#primaryimage\",\"url\":\"https:\\\/\\\/ibvmunngo.org\\\/wp-content\\\/uploads\\\/2021\\\/06\\\/Untitled-design-16.png\",\"contentUrl\":\"https:\\\/\\\/ibvmunngo.org\\\/wp-content\\\/uploads\\\/2021\\\/06\\\/Untitled-design-16.png\",\"width\":900,\"height\":400},{\"@type\":\"BreadcrumbList\",\"@id\":\"https:\\\/\\\/ibvmunngo.org\\\/es\\\/statements-publications\\\/boletin-informativo\\\/#breadcrumb\",\"itemListElement\":[{\"@type\":\"ListItem\",\"position\":1,\"name\":\"Home\",\"item\":\"https:\\\/\\\/ibvmunngo.org\\\/es\\\/\"},{\"@type\":\"ListItem\",\"position\":2,\"name\":\"Private: Statements &#038; Publications\",\"item\":\"https:\\\/\\\/ibvmunngo.org\\\/?page_id=14518\"},{\"@type\":\"ListItem\",\"position\":3,\"name\":\"Newsletter\"}]},{\"@type\":\"WebSite\",\"@id\":\"https:\\\/\\\/ibvmunngo.org\\\/es\\\/#website\",\"url\":\"https:\\\/\\\/ibvmunngo.org\\\/es\\\/\",\"name\":\"Institute of the Blessed Virgin Mary \u2013 Loreto\",\"description\":\"NGO ASSOCIATED WITH ECOSOC AT THE UNITED NATIONS\",\"publisher\":{\"@id\":\"https:\\\/\\\/ibvmunngo.org\\\/es\\\/#organization\"},\"potentialAction\":[{\"@type\":\"SearchAction\",\"target\":{\"@type\":\"EntryPoint\",\"urlTemplate\":\"https:\\\/\\\/ibvmunngo.org\\\/es\\\/?s={search_term_string}\"},\"query-input\":{\"@type\":\"PropertyValueSpecification\",\"valueRequired\":true,\"valueName\":\"search_term_string\"}}],\"inLanguage\":\"fr-FR\"},{\"@type\":\"Organization\",\"@id\":\"https:\\\/\\\/ibvmunngo.org\\\/es\\\/#organization\",\"name\":\"Institute of the Blessed Virgin Mary \u2013 Loreto\",\"url\":\"https:\\\/\\\/ibvmunngo.org\\\/es\\\/\",\"logo\":{\"@type\":\"ImageObject\",\"inLanguage\":\"fr-FR\",\"@id\":\"https:\\\/\\\/ibvmunngo.org\\\/es\\\/#\\\/schema\\\/logo\\\/image\\\/\",\"url\":\"https:\\\/\\\/ibvmunngo.org\\\/wp-content\\\/uploads\\\/2020\\\/10\\\/Logo_IBVM_UN_1.png\",\"contentUrl\":\"https:\\\/\\\/ibvmunngo.org\\\/wp-content\\\/uploads\\\/2020\\\/10\\\/Logo_IBVM_UN_1.png\",\"width\":200,\"height\":144,\"caption\":\"Institute of the Blessed Virgin Mary \u2013 Loreto\"},\"image\":{\"@id\":\"https:\\\/\\\/ibvmunngo.org\\\/es\\\/#\\\/schema\\\/logo\\\/image\\\/\"}}]}<\/script>\n<!-- \/ Yoast SEO plugin. -->","yoast_head_json":{"title":"Newsletter - Institut de la Bienheureuse Vierge Marie \u2013 Loreto","robots":{"index":"index","follow":"follow","max-snippet":"max-snippet:-1","max-image-preview":"max-image-preview:large","max-video-preview":"max-video-preview:-1"},"canonical":"https:\/\/ibvmunngo.org\/fr\/statements-publications\/bulletin\/","og_locale":"fr_FR","og_type":"article","og_title":"Newsletter - Institute of the Blessed Virgin Mary \u2013 Loreto","og_description":"Stay up to date with the latest news from the IBVM\/CJ UN NGO office. Every quarter\u00a0the IBVM\/CJ UN NGO\u00a0office publishes an online e-newsletter\u00a0containing news and information about\u202four work at the UN, our network&#8217;s contribution and UN updates. Please use the form to subscribe. We welcome your\u202ffeedback &#8211; please email ibvmunngo@gmail.com with\u202fyour questions or comments.\u00a0Read the\u00a0latest\u00a0UN [&hellip;]","og_url":"https:\/\/ibvmunngo.org\/fr\/statements-publications\/bulletin\/","og_site_name":"Institute of the Blessed Virgin Mary \u2013 Loreto","article_modified_time":"2021-08-12T22:10:17+00:00","og_image":[{"width":900,"height":400,"url":"https:\/\/ibvmunngo.org\/wp-content\/uploads\/2021\/06\/Untitled-design-16.png","type":"image\/png"}],"twitter_card":"summary_large_image","schema":{"@context":"https:\/\/schema.org","@graph":[{"@type":"WebPage","@id":"https:\/\/ibvmunngo.org\/es\/statements-publications\/boletin-informativo\/","url":"https:\/\/ibvmunngo.org\/es\/statements-publications\/boletin-informativo\/","name":"Newsletter - Institut de la Bienheureuse Vierge Marie \u2013 Loreto","isPartOf":{"@id":"https:\/\/ibvmunngo.org\/es\/#website"},"primaryImageOfPage":{"@id":"https:\/\/ibvmunngo.org\/es\/statements-publications\/boletin-informativo\/#primaryimage"},"image":{"@id":"https:\/\/ibvmunngo.org\/es\/statements-publications\/boletin-informativo\/#primaryimage"},"thumbnailUrl":"https:\/\/ibvmunngo.org\/wp-content\/uploads\/2021\/06\/Untitled-design-16.png","datePublished":"2019-05-23T17:58:45+00:00","dateModified":"2021-08-12T22:10:17+00:00","breadcrumb":{"@id":"https:\/\/ibvmunngo.org\/es\/statements-publications\/boletin-informativo\/#breadcrumb"},"inLanguage":"fr-FR","potentialAction":[{"@type":"ReadAction","target":["https:\/\/ibvmunngo.org\/es\/statements-publications\/boletin-informativo\/"]}]},{"@type":"ImageObject","inLanguage":"fr-FR","@id":"https:\/\/ibvmunngo.org\/es\/statements-publications\/boletin-informativo\/#primaryimage","url":"https:\/\/ibvmunngo.org\/wp-content\/uploads\/2021\/06\/Untitled-design-16.png","contentUrl":"https:\/\/ibvmunngo.org\/wp-content\/uploads\/2021\/06\/Untitled-design-16.png","width":900,"height":400},{"@type":"BreadcrumbList","@id":"https:\/\/ibvmunngo.org\/es\/statements-publications\/boletin-informativo\/#breadcrumb","itemListElement":[{"@type":"ListItem","position":1,"name":"Home","item":"https:\/\/ibvmunngo.org\/es\/"},{"@type":"ListItem","position":2,"name":"Private: Statements &#038; Publications","item":"https:\/\/ibvmunngo.org\/?page_id=14518"},{"@type":"ListItem","position":3,"name":"Newsletter"}]},{"@type":"WebSite","@id":"https:\/\/ibvmunngo.org\/es\/#website","url":"https:\/\/ibvmunngo.org\/es\/","name":"Institut de la Bienheureuse Vierge Marie \u2013 Lorette","description":"ONG ASSOCIEE A L&#039;ECOSOC AUX NATIONS UNIES","publisher":{"@id":"https:\/\/ibvmunngo.org\/es\/#organization"},"potentialAction":[{"@type":"SearchAction","target":{"@type":"EntryPoint","urlTemplate":"https:\/\/ibvmunngo.org\/es\/?s={search_term_string}"},"query-input":{"@type":"PropertyValueSpecification","valueRequired":true,"valueName":"search_term_string"}}],"inLanguage":"fr-FR"},{"@type":"Organization","@id":"https:\/\/ibvmunngo.org\/es\/#organization","name":"Institut de la Bienheureuse Vierge Marie \u2013 Lorette","url":"https:\/\/ibvmunngo.org\/es\/","logo":{"@type":"ImageObject","inLanguage":"fr-FR","@id":"https:\/\/ibvmunngo.org\/es\/#\/schema\/logo\/image\/","url":"https:\/\/ibvmunngo.org\/wp-content\/uploads\/2020\/10\/Logo_IBVM_UN_1.png","contentUrl":"https:\/\/ibvmunngo.org\/wp-content\/uploads\/2020\/10\/Logo_IBVM_UN_1.png","width":200,"height":144,"caption":"Institute of the Blessed Virgin Mary \u2013 Loreto"},"image":{"@id":"https:\/\/ibvmunngo.org\/es\/#\/schema\/logo\/image\/"}}]}},"_links":{"self":[{"href":"https:\/\/ibvmunngo.org\/fr\/wp-json\/wp\/v2\/pages\/2066","targetHints":{"allow":["GET"]}}],"collection":[{"href":"https:\/\/ibvmunngo.org\/fr\/wp-json\/wp\/v2\/pages"}],"about":[{"href":"https:\/\/ibvmunngo.org\/fr\/wp-json\/wp\/v2\/types\/page"}],"author":[{"embeddable":true,"href":"https:\/\/ibvmunngo.org\/fr\/wp-json\/wp\/v2\/users\/11"}],"replies":[{"embeddable":true,"href":"https:\/\/ibvmunngo.org\/fr\/wp-json\/wp\/v2\/comments?post=2066"}],"version-history":[{"count":0,"href":"https:\/\/ibvmunngo.org\/fr\/wp-json\/wp\/v2\/pages\/2066\/revisions"}],"up":[{"embeddable":true,"href":"https:\/\/ibvmunngo.org\/fr\/wp-json\/wp\/v2\/pages\/14518"}],"wp:featuredmedia":[{"embeddable":true,"href":"https:\/\/ibvmunngo.org\/fr\/wp-json\/wp\/v2\/media\/16751"}],"wp:attachment":[{"href":"https:\/\/ibvmunngo.org\/fr\/wp-json\/wp\/v2\/media?parent=2066"}],"curies":[{"name":"wp","href":"https:\/\/api.w.org\/{rel}","templated":true}]}}