{"id":4075,"date":"2020-12-17T19:18:14","date_gmt":"2020-12-17T19:18:14","guid":{"rendered":"https:\/\/ibvmunngo.org\/?page_id=4075"},"modified":"2024-10-27T02:25:00","modified_gmt":"2024-10-27T02:25:00","slug":"structure","status":"publish","type":"page","link":"https:\/\/ibvmunngo.org\/fr\/a-propos\/structure\/","title":{"rendered":"Structure"},"content":{"rendered":"<div data-elementor-type=\"wp-page\" data-elementor-id=\"4075\" class=\"elementor elementor-4075\" data-elementor-post-type=\"page\">\n\t\t\t\t\t\t<section class=\"elementor-section elementor-top-section elementor-element elementor-element-53b3b98 elementor-section-boxed elementor-section-height-default elementor-section-height-default\" data-id=\"53b3b98\" data-element_type=\"section\" data-e-type=\"section\">\n\t\t\t\t\t\t<div class=\"elementor-container elementor-column-gap-default\">\n\t\t\t\t\t<div class=\"elementor-column elementor-col-50 elementor-top-column elementor-element elementor-element-28ecf48\" data-id=\"28ecf48\" data-element_type=\"column\" data-e-type=\"column\">\n\t\t\t<div class=\"elementor-widget-wrap elementor-element-populated\">\n\t\t\t\t\t\t<div class=\"elementor-element elementor-element-d1c2383 elementor-widget elementor-widget-image\" data-id=\"d1c2383\" data-element_type=\"widget\" data-e-type=\"widget\" data-widget_type=\"image.default\">\n\t\t\t\t<div class=\"elementor-widget-container\">\n\t\t\t\t\t\t\t\t\t\t\t\t\t\t\t<img decoding=\"async\" src=\"https:\/\/ibvmunngo.org\/wp-content\/uploads\/elementor\/thumbs\/Janet-qty2dswhp029xdsyqsfbviewxiveek7etvs3r3b88g.jpg\" title=\"rbtmdn\" alt=\"rbtmdn\" loading=\"lazy\" \/>\t\t\t\t\t\t\t\t\t\t\t\t\t\t\t<\/div>\n\t\t\t\t<\/div>\n\t\t\t\t\t<\/div>\n\t\t<\/div>\n\t\t\t\t<div class=\"elementor-column elementor-col-50 elementor-top-column elementor-element elementor-element-2485e61\" data-id=\"2485e61\" data-element_type=\"column\" data-e-type=\"column\">\n\t\t\t<div class=\"elementor-widget-wrap elementor-element-populated\">\n\t\t\t\t\t\t<div class=\"elementor-element elementor-element-c1de422 elementor-widget elementor-widget-text-editor\" data-id=\"c1de422\" data-element_type=\"widget\" data-e-type=\"widget\" data-widget_type=\"text-editor.default\">\n\t\t\t\t<div class=\"elementor-widget-container\">\n\t\t\t\t\t\t\t\t\t<p style=\"caret-color: #000000; color: #000000;\"><strong style=\"font-family: var( --e-global-typography-text-font-family ), 'Artegra Sans', Sans-serif; font-size: 1rem;\">Sr Janet Palafox ibvm \u2013\u00a0<\/strong><span style=\"font-family: var( --e-global-typography-text-font-family ), 'Artegra Sans', Sans-serif; font-size: 1rem;\">Repr\u00e9sentant d&#039;ONG<\/span><\/p><p style=\"caret-color: #000000; color: #000000;\">Janet appartient \u00e0 l&#039;Institut de la Bienheureuse Vierge Marie (IBVM). Elle est dipl\u00f4m\u00e9e en communication et d\u00e9veloppement international et a \u00e9t\u00e9 directrice de Mary Ward P\u00e9rou jusqu&#039;en 2018. Avant de d\u00e9m\u00e9nager au P\u00e9rou, Janet \u00e9tait la coordinatrice dioc\u00e9saine de Caritas Australie pour l&#039;archidioc\u00e8se de Perth, charg\u00e9e d&#039;engager et d&#039;animer les paroisses et les \u00e9coles pour soutenir leur travail mondial. Elle a \u00e9galement travaill\u00e9 pour une organisation caritative catholique rurale, o\u00f9 elle \u00e9tait responsable de la cr\u00e9ation de partenariats entre les communaut\u00e9s rurales et \u00e9loign\u00e9es et les organisations locales pour soutenir les \u00e9tudiants et am\u00e9liorer leurs r\u00e9sultats scolaires. Janet a plus de 16 ans d&#039;exp\u00e9rience dans le plaidoyer, la sensibilisation et le d\u00e9veloppement communautaire. Elle a si\u00e9g\u00e9 \u00e0 divers comit\u00e9s et forums aux niveaux local, national et international.<\/p>\t\t\t\t\t\t\t\t<\/div>\n\t\t\t\t<\/div>\n\t\t\t\t\t<\/div>\n\t\t<\/div>\n\t\t\t\t\t<\/div>\n\t\t<\/section>\n\t\t\t\t<section class=\"elementor-section elementor-top-section elementor-element elementor-element-2f5ea29c elementor-section-boxed elementor-section-height-default elementor-section-height-default\" data-id=\"2f5ea29c\" data-element_type=\"section\" data-e-type=\"section\">\n\t\t\t\t\t\t<div class=\"elementor-container elementor-column-gap-default\">\n\t\t\t\t\t<div class=\"elementor-column elementor-col-100 elementor-top-column elementor-element elementor-element-2a17ff74\" data-id=\"2a17ff74\" data-element_type=\"column\" data-e-type=\"column\">\n\t\t\t<div class=\"elementor-widget-wrap elementor-element-populated\">\n\t\t\t\t\t\t<div class=\"elementor-element elementor-element-73a76eb elementor-widget elementor-widget-text-editor\" data-id=\"73a76eb\" data-element_type=\"widget\" data-e-type=\"widget\" data-widget_type=\"text-editor.default\">\n\t\t\t\t<div class=\"elementor-widget-container\">\n\t\t\t\t\t\t\t\t\t<p>Un international <strong>Comit\u00e9 consultatif<\/strong> et un r\u00e9seau de <strong>Repr\u00e9sentants de l&#039;ONU de la province IBVM\/CJ<\/strong> soutenir les repr\u00e9sentants des ONG dans leur travail. Il existe \u00e9galement d&#039;autres r\u00e9seaux form\u00e9s en raison de leur domaine de travail commun. Il s&#039;agit des <strong>R\u00e9seau de lutte contre la traite des \u00eatres humains<\/strong>,<strong>\u00a0<\/strong>et <strong>R\u00e9seau de citoyennet\u00e9 mondiale (\u00e9ducation)<\/strong>.<\/p><p>Le Comit\u00e9 consultatif fournit des conseils, des orientations et une supervision de la strat\u00e9gie et du plan de travail de l&#039;ONG. Les repr\u00e9sentants de l&#039;ONU de la province IBVM\/CJ fournissent le lien essentiel pour la communication entre les repr\u00e9sentants des ONG \u00e0 New York et l&#039;ensemble du r\u00e9seau IBVM\/CJ. Avec les r\u00e9seaux d&#039;int\u00e9r\u00eat commun, ils fournissent \u00e9galement des informations critiques du terrain qui informent notre plaidoyer \u00e0 l&#039;ONU.<\/p><p>Le courant <strong>Comit\u00e9 consultatif<\/strong> les membres sont :<\/p><ul><li>Mary-Eileen Donovan &#8211; Pr\u00e9sident (Canada)<\/li><li>Aarya Jha (D\u00e9fenseuse de la jeunesse, N\u00e9pal)<\/li><li>Annette Haseneder (Allemagne)<\/li><li>Carlota Gayo (D\u00e9fenseuse de la jeunesse, Espagne)<\/li><li>Flora Anthony IBVM (Inde)<\/li><li>Gazmir Memaj (Albanie)<\/li><li>Greg Rogers (Canada)<\/li><li>Heidi Cerneka (\u00c9tats-Unis)<\/li><li>Pauline Macharia IBVM (Mary Ward Coordinatrice JPIC, Kenya)<\/li><li>Smitha Muthu CJ (N\u00e9pal)<\/li><\/ul><p><em>Image vedette\u00a0: Lauren Grant (stagiaire), Janet Palafox ibvm (repr\u00e9sentante des ONG de l&#039;ONU), Cecilia O&#039;Dwyer ibvm (ancienne repr\u00e9sentante des ONG de l&#039;ONU), Evanne Hunter ibvm (ancienne repr\u00e9sentante des ONG de l&#039;ONU), Mary-Eileen Donovan (pr\u00e9sidente du comit\u00e9 consultatif ), Smitha Muthu cj (Repr\u00e9sentante provinciale des Nations Unies pour le N\u00e9pal et membre du Comit\u00e9 consultatif) et Marta Santos (Repr\u00e9sentante provinciale des Nations Unies pour l&#039;Espagne) participant \u00e0 la Commission sur la condition de la femme \u00e0 New York en 2024.<\/em><\/p>\t\t\t\t\t\t\t\t<\/div>\n\t\t\t\t<\/div>\n\t\t\t\t\t<\/div>\n\t\t<\/div>\n\t\t\t\t\t<\/div>\n\t\t<\/section>\n\t\t\t\t<\/div>","protected":false},"excerpt":{"rendered":"<p>Sr Janet Palafox ibvm \u2013\u00a0NGO Representative Janet belongs to the Institute of the Blessed Virgin Mary (IBVM). She has a degree in communications and international development and was the Director of Mary Ward Peru until 2018. Before moving to Peru, Janet was the Caritas Australia Diocesan Coordinator for the Archdiocese of Perth, responsible for engaging [&hellip;]<\/p>\n","protected":false},"author":1,"featured_media":125433,"parent":2720,"menu_order":0,"comment_status":"closed","ping_status":"closed","template":"","meta":{"footnotes":""},"class_list":["post-4075","page","type-page","status-publish","has-post-thumbnail","hentry"],"yoast_head":"<!-- This site is optimized with the Yoast SEO plugin v27.3 - https:\/\/yoast.com\/product\/yoast-seo-wordpress\/ -->\n<title>Structure - Institute of the Blessed Virgin Mary \u2013 Loreto<\/title>\n<meta name=\"robots\" content=\"index, follow, max-snippet:-1, max-image-preview:large, max-video-preview:-1\" \/>\n<link rel=\"canonical\" href=\"https:\/\/ibvmunngo.org\/fr\/a-propos\/structure\/\" \/>\n<meta property=\"og:locale\" content=\"fr_FR\" \/>\n<meta property=\"og:type\" content=\"article\" \/>\n<meta property=\"og:title\" content=\"Structure - Institute of the Blessed Virgin Mary \u2013 Loreto\" \/>\n<meta property=\"og:description\" content=\"Sr Janet Palafox ibvm \u2013\u00a0NGO Representative Janet belongs to the Institute of the Blessed Virgin Mary (IBVM). She has a degree in communications and international development and was the Director of Mary Ward Peru until 2018. Before moving to Peru, Janet was the Caritas Australia Diocesan Coordinator for the Archdiocese of Perth, responsible for engaging [&hellip;]\" \/>\n<meta property=\"og:url\" content=\"https:\/\/ibvmunngo.org\/fr\/a-propos\/structure\/\" \/>\n<meta property=\"og:site_name\" content=\"Institute of the Blessed Virgin Mary \u2013 Loreto\" \/>\n<meta property=\"article:modified_time\" content=\"2024-10-27T02:25:00+00:00\" \/>\n<meta property=\"og:image\" content=\"https:\/\/ibvmunngo.org\/wp-content\/uploads\/2024\/10\/Website-Front-Page-3.png\" \/>\n\t<meta property=\"og:image:width\" content=\"900\" \/>\n\t<meta property=\"og:image:height\" content=\"400\" \/>\n\t<meta property=\"og:image:type\" content=\"image\/png\" \/>\n<meta name=\"twitter:card\" content=\"summary_large_image\" \/>\n<meta name=\"twitter:label1\" content=\"Dur\u00e9e de lecture estim\u00e9e\" \/>\n\t<meta name=\"twitter:data1\" content=\"2 minutes\" \/>\n<script type=\"application\/ld+json\" class=\"yoast-schema-graph\">{\"@context\":\"https:\\\/\\\/schema.org\",\"@graph\":[{\"@type\":\"WebPage\",\"@id\":\"https:\\\/\\\/ibvmunngo.org\\\/about\\\/structure\\\/\",\"url\":\"https:\\\/\\\/ibvmunngo.org\\\/about\\\/structure\\\/\",\"name\":\"Structure - Institute of the Blessed Virgin Mary \u2013 Loreto\",\"isPartOf\":{\"@id\":\"https:\\\/\\\/ibvmunngo.org\\\/es\\\/#website\"},\"primaryImageOfPage\":{\"@id\":\"https:\\\/\\\/ibvmunngo.org\\\/about\\\/structure\\\/#primaryimage\"},\"image\":{\"@id\":\"https:\\\/\\\/ibvmunngo.org\\\/about\\\/structure\\\/#primaryimage\"},\"thumbnailUrl\":\"https:\\\/\\\/ibvmunngo.org\\\/wp-content\\\/uploads\\\/2024\\\/10\\\/Website-Front-Page-3.png\",\"datePublished\":\"2020-12-17T19:18:14+00:00\",\"dateModified\":\"2024-10-27T02:25:00+00:00\",\"breadcrumb\":{\"@id\":\"https:\\\/\\\/ibvmunngo.org\\\/about\\\/structure\\\/#breadcrumb\"},\"inLanguage\":\"fr-FR\",\"potentialAction\":[{\"@type\":\"ReadAction\",\"target\":[\"https:\\\/\\\/ibvmunngo.org\\\/about\\\/structure\\\/\"]}]},{\"@type\":\"ImageObject\",\"inLanguage\":\"fr-FR\",\"@id\":\"https:\\\/\\\/ibvmunngo.org\\\/about\\\/structure\\\/#primaryimage\",\"url\":\"https:\\\/\\\/ibvmunngo.org\\\/wp-content\\\/uploads\\\/2024\\\/10\\\/Website-Front-Page-3.png\",\"contentUrl\":\"https:\\\/\\\/ibvmunngo.org\\\/wp-content\\\/uploads\\\/2024\\\/10\\\/Website-Front-Page-3.png\",\"width\":900,\"height\":400},{\"@type\":\"BreadcrumbList\",\"@id\":\"https:\\\/\\\/ibvmunngo.org\\\/about\\\/structure\\\/#breadcrumb\",\"itemListElement\":[{\"@type\":\"ListItem\",\"position\":1,\"name\":\"Home\",\"item\":\"https:\\\/\\\/ibvmunngo.org\\\/es\\\/\"},{\"@type\":\"ListItem\",\"position\":2,\"name\":\"About us\",\"item\":\"https:\\\/\\\/ibvmunngo.org\\\/about\\\/\"},{\"@type\":\"ListItem\",\"position\":3,\"name\":\"Structure\"}]},{\"@type\":\"WebSite\",\"@id\":\"https:\\\/\\\/ibvmunngo.org\\\/es\\\/#website\",\"url\":\"https:\\\/\\\/ibvmunngo.org\\\/es\\\/\",\"name\":\"Institute of the Blessed Virgin Mary \u2013 Loreto\",\"description\":\"NGO ASSOCIATED WITH ECOSOC AT THE UNITED NATIONS\",\"publisher\":{\"@id\":\"https:\\\/\\\/ibvmunngo.org\\\/es\\\/#organization\"},\"potentialAction\":[{\"@type\":\"SearchAction\",\"target\":{\"@type\":\"EntryPoint\",\"urlTemplate\":\"https:\\\/\\\/ibvmunngo.org\\\/es\\\/?s={search_term_string}\"},\"query-input\":{\"@type\":\"PropertyValueSpecification\",\"valueRequired\":true,\"valueName\":\"search_term_string\"}}],\"inLanguage\":\"fr-FR\"},{\"@type\":\"Organization\",\"@id\":\"https:\\\/\\\/ibvmunngo.org\\\/es\\\/#organization\",\"name\":\"Institute of the Blessed Virgin Mary \u2013 Loreto\",\"url\":\"https:\\\/\\\/ibvmunngo.org\\\/es\\\/\",\"logo\":{\"@type\":\"ImageObject\",\"inLanguage\":\"fr-FR\",\"@id\":\"https:\\\/\\\/ibvmunngo.org\\\/es\\\/#\\\/schema\\\/logo\\\/image\\\/\",\"url\":\"https:\\\/\\\/ibvmunngo.org\\\/wp-content\\\/uploads\\\/2020\\\/10\\\/Logo_IBVM_UN_1.png\",\"contentUrl\":\"https:\\\/\\\/ibvmunngo.org\\\/wp-content\\\/uploads\\\/2020\\\/10\\\/Logo_IBVM_UN_1.png\",\"width\":200,\"height\":144,\"caption\":\"Institute of the Blessed Virgin Mary \u2013 Loreto\"},\"image\":{\"@id\":\"https:\\\/\\\/ibvmunngo.org\\\/es\\\/#\\\/schema\\\/logo\\\/image\\\/\"}}]}<\/script>\n<!-- \/ Yoast SEO plugin. -->","yoast_head_json":{"title":"Structure - Institut de la Bienheureuse Vierge Marie \u2013 Loreto","robots":{"index":"index","follow":"follow","max-snippet":"max-snippet:-1","max-image-preview":"max-image-preview:large","max-video-preview":"max-video-preview:-1"},"canonical":"https:\/\/ibvmunngo.org\/fr\/a-propos\/structure\/","og_locale":"fr_FR","og_type":"article","og_title":"Structure - Institute of the Blessed Virgin Mary \u2013 Loreto","og_description":"Sr Janet Palafox ibvm \u2013\u00a0NGO Representative Janet belongs to the Institute of the Blessed Virgin Mary (IBVM). She has a degree in communications and international development and was the Director of Mary Ward Peru until 2018. Before moving to Peru, Janet was the Caritas Australia Diocesan Coordinator for the Archdiocese of Perth, responsible for engaging [&hellip;]","og_url":"https:\/\/ibvmunngo.org\/fr\/a-propos\/structure\/","og_site_name":"Institute of the Blessed Virgin Mary \u2013 Loreto","article_modified_time":"2024-10-27T02:25:00+00:00","og_image":[{"width":900,"height":400,"url":"https:\/\/ibvmunngo.org\/wp-content\/uploads\/2024\/10\/Website-Front-Page-3.png","type":"image\/png"}],"twitter_card":"summary_large_image","twitter_misc":{"Dur\u00e9e de lecture estim\u00e9e":"2 minutes"},"schema":{"@context":"https:\/\/schema.org","@graph":[{"@type":"WebPage","@id":"https:\/\/ibvmunngo.org\/about\/structure\/","url":"https:\/\/ibvmunngo.org\/about\/structure\/","name":"Structure - Institut de la Bienheureuse Vierge Marie \u2013 Loreto","isPartOf":{"@id":"https:\/\/ibvmunngo.org\/es\/#website"},"primaryImageOfPage":{"@id":"https:\/\/ibvmunngo.org\/about\/structure\/#primaryimage"},"image":{"@id":"https:\/\/ibvmunngo.org\/about\/structure\/#primaryimage"},"thumbnailUrl":"https:\/\/ibvmunngo.org\/wp-content\/uploads\/2024\/10\/Website-Front-Page-3.png","datePublished":"2020-12-17T19:18:14+00:00","dateModified":"2024-10-27T02:25:00+00:00","breadcrumb":{"@id":"https:\/\/ibvmunngo.org\/about\/structure\/#breadcrumb"},"inLanguage":"fr-FR","potentialAction":[{"@type":"ReadAction","target":["https:\/\/ibvmunngo.org\/about\/structure\/"]}]},{"@type":"ImageObject","inLanguage":"fr-FR","@id":"https:\/\/ibvmunngo.org\/about\/structure\/#primaryimage","url":"https:\/\/ibvmunngo.org\/wp-content\/uploads\/2024\/10\/Website-Front-Page-3.png","contentUrl":"https:\/\/ibvmunngo.org\/wp-content\/uploads\/2024\/10\/Website-Front-Page-3.png","width":900,"height":400},{"@type":"BreadcrumbList","@id":"https:\/\/ibvmunngo.org\/about\/structure\/#breadcrumb","itemListElement":[{"@type":"ListItem","position":1,"name":"Home","item":"https:\/\/ibvmunngo.org\/es\/"},{"@type":"ListItem","position":2,"name":"About us","item":"https:\/\/ibvmunngo.org\/about\/"},{"@type":"ListItem","position":3,"name":"Structure"}]},{"@type":"WebSite","@id":"https:\/\/ibvmunngo.org\/es\/#website","url":"https:\/\/ibvmunngo.org\/es\/","name":"Institut de la Bienheureuse Vierge Marie \u2013 Lorette","description":"ONG ASSOCIEE A L&#039;ECOSOC AUX NATIONS UNIES","publisher":{"@id":"https:\/\/ibvmunngo.org\/es\/#organization"},"potentialAction":[{"@type":"SearchAction","target":{"@type":"EntryPoint","urlTemplate":"https:\/\/ibvmunngo.org\/es\/?s={search_term_string}"},"query-input":{"@type":"PropertyValueSpecification","valueRequired":true,"valueName":"search_term_string"}}],"inLanguage":"fr-FR"},{"@type":"Organization","@id":"https:\/\/ibvmunngo.org\/es\/#organization","name":"Institut de la Bienheureuse Vierge Marie \u2013 Lorette","url":"https:\/\/ibvmunngo.org\/es\/","logo":{"@type":"ImageObject","inLanguage":"fr-FR","@id":"https:\/\/ibvmunngo.org\/es\/#\/schema\/logo\/image\/","url":"https:\/\/ibvmunngo.org\/wp-content\/uploads\/2020\/10\/Logo_IBVM_UN_1.png","contentUrl":"https:\/\/ibvmunngo.org\/wp-content\/uploads\/2020\/10\/Logo_IBVM_UN_1.png","width":200,"height":144,"caption":"Institute of the Blessed Virgin Mary \u2013 Loreto"},"image":{"@id":"https:\/\/ibvmunngo.org\/es\/#\/schema\/logo\/image\/"}}]}},"_links":{"self":[{"href":"https:\/\/ibvmunngo.org\/fr\/wp-json\/wp\/v2\/pages\/4075","targetHints":{"allow":["GET"]}}],"collection":[{"href":"https:\/\/ibvmunngo.org\/fr\/wp-json\/wp\/v2\/pages"}],"about":[{"href":"https:\/\/ibvmunngo.org\/fr\/wp-json\/wp\/v2\/types\/page"}],"author":[{"embeddable":true,"href":"https:\/\/ibvmunngo.org\/fr\/wp-json\/wp\/v2\/users\/1"}],"replies":[{"embeddable":true,"href":"https:\/\/ibvmunngo.org\/fr\/wp-json\/wp\/v2\/comments?post=4075"}],"version-history":[{"count":5,"href":"https:\/\/ibvmunngo.org\/fr\/wp-json\/wp\/v2\/pages\/4075\/revisions"}],"predecessor-version":[{"id":125438,"href":"https:\/\/ibvmunngo.org\/fr\/wp-json\/wp\/v2\/pages\/4075\/revisions\/125438"}],"up":[{"embeddable":true,"href":"https:\/\/ibvmunngo.org\/fr\/wp-json\/wp\/v2\/pages\/2720"}],"wp:featuredmedia":[{"embeddable":true,"href":"https:\/\/ibvmunngo.org\/fr\/wp-json\/wp\/v2\/media\/125433"}],"wp:attachment":[{"href":"https:\/\/ibvmunngo.org\/fr\/wp-json\/wp\/v2\/media?parent=4075"}],"curies":[{"name":"wp","href":"https:\/\/api.w.org\/{rel}","templated":true}]}}