{"id":4842,"date":"2020-12-28T21:39:48","date_gmt":"2020-12-28T21:39:48","guid":{"rendered":"https:\/\/ibvmunngo.org\/?page_id=4842"},"modified":"2024-06-18T17:57:17","modified_gmt":"2024-06-18T17:57:17","slug":"collaborations","status":"publish","type":"page","link":"https:\/\/ibvmunngo.org\/fr\/ibvm-cj-at-the-un\/collaborations\/","title":{"rendered":"Collaborations"},"content":{"rendered":"<div data-elementor-type=\"wp-page\" data-elementor-id=\"4842\" class=\"elementor elementor-4842\" data-elementor-post-type=\"page\">\n\t\t\t\t\t\t<section class=\"elementor-section elementor-top-section elementor-element elementor-element-76bf795e elementor-section-boxed elementor-section-height-default elementor-section-height-default\" data-id=\"76bf795e\" data-element_type=\"section\" data-e-type=\"section\">\n\t\t\t\t\t\t<div class=\"elementor-container elementor-column-gap-default\">\n\t\t\t\t\t<div class=\"elementor-column elementor-col-100 elementor-top-column elementor-element elementor-element-6bae1724\" data-id=\"6bae1724\" data-element_type=\"column\" data-e-type=\"column\">\n\t\t\t<div class=\"elementor-widget-wrap elementor-element-populated\">\n\t\t\t\t\t\t<div class=\"elementor-element elementor-element-e7da319 elementor-widget elementor-widget-heading\" data-id=\"e7da319\" data-element_type=\"widget\" data-e-type=\"widget\" data-widget_type=\"heading.default\">\n\t\t\t\t<div class=\"elementor-widget-container\">\n\t\t\t\t\t<h2 class=\"elementor-heading-title elementor-size-default\">Collaborations<\/h2>\t\t\t\t<\/div>\n\t\t\t\t<\/div>\n\t\t\t\t<div class=\"elementor-element elementor-element-4db0168b elementor-widget elementor-widget-text-editor\" data-id=\"4db0168b\" data-element_type=\"widget\" data-e-type=\"widget\" data-widget_type=\"text-editor.default\">\n\t\t\t\t<div class=\"elementor-widget-container\">\n\t\t\t\t\t\t\t\t\t<div class=\"elementor-element elementor-element-db233ba elementor-widget elementor-widget-theme-post-title elementor-page-title elementor-widget-heading\" data-id=\"db233ba\" data-element_type=\"widget\" data-widget_type=\"theme-post-title.default\"><p>Avec notre r\u00e9seau de coll\u00e8gues partageant les m\u00eames id\u00e9es et d&#039;autres ONG, nous sensibilisons \u00e0 nos probl\u00e8mes prioritaires et d\u00e9fendons les int\u00e9r\u00eats des Nations Unies (ONU). Notre plaidoyer est principalement ax\u00e9 sur les questions affectant les femmes et les enfants, en particulier l&#039;\u00e9quit\u00e9 entre les sexes, l&#039;\u00e9radication de la pauvret\u00e9, l&#039;acc\u00e8s \u00e0 une \u00e9ducation et \u00e0 une sant\u00e9 de qualit\u00e9, l&#039;\u00e9limination de la violence sexiste et la traite des personnes.<\/p><p class=\"elementor-widget-container\">Nous travaillons avec les comit\u00e9s, grands groupes et groupes de travail suivants de la soci\u00e9t\u00e9 civile :<\/p><\/div><ul><li>Les <a href=\"http:\/\/www.ngosocdev.net\/\" target=\"_blank\" rel=\"noopener\"><strong>Comit\u00e9 des ONG sur le d\u00e9veloppement durable (ONG CSocD)<\/strong><\/a> cherche \u00e0 favoriser l&#039;int\u00e9gration des trois dimensions du d\u00e9veloppement durable : environnementale, \u00e9conomique et sociale. Au sein du Comit\u00e9, le Groupe de Travail sur l&#039;Int\u00e9grit\u00e9 de la Terre travaille \u00e0 une int\u00e9gration harmonieuse des Droits de la Terre et des Droits de l&#039;Homme dans le contexte plus large du D\u00e9veloppement Durable.<\/li><li>Les <a href=\"https:\/\/girlsrights.org\/\" target=\"_blank\" rel=\"noopener\"><strong>Groupe de travail sur les filles (WGG<\/strong><strong>)<\/strong><\/a> se consacre \u00e0 la promotion des droits humains des petites filles dans tous les domaines et \u00e0 toutes les \u00e9tapes de leur vie, en faisant progresser l&#039;inclusion et le statut des filles et en les aidant \u00e0 d\u00e9velopper leur plein potentiel.<\/li><li>Les <strong><a href=\"http:\/\/www.ngosonffd.org\/\" target=\"_blank\" rel=\"noopener\">Comit\u00e9 des ONG sur le financement du d\u00e9veloppement (ONG FfD)<\/a> <\/strong> plaide en faveur d&#039;une \u00e9conomie mondiale qui soit \u00e9cologiquement et socialement durable, \u00e9thique et centr\u00e9e sur l&#039;\u00eatre humain.<\/li><li><a href=\"https:\/\/ngo-migration.org\/\" target=\"_blank\" rel=\"noopener\"><strong>Comit\u00e9 des ONG sur les migrations<\/strong><\/a> cherche \u00e0 rendre justice aux migrants, aux r\u00e9fugi\u00e9s, aux apatrides, aux personnes d\u00e9plac\u00e9es \u00e0 l\u2019int\u00e9rieur du pays et aux victimes de la traite. Leur mission est d&#039;encourager la promotion et la protection des migrants et de leurs droits humains, conform\u00e9ment \u00e0 la Charte des Nations Unies.<\/li><li>Les <a href=\"https:\/\/crimealliance.org\/\" target=\"_blank\" rel=\"noopener\"><strong>Alliance des ONG pour la pr\u00e9vention du crime et la justice p\u00e9nale<\/strong><\/a> rassemble un vaste r\u00e9seau d\u2019organisations de la soci\u00e9t\u00e9 civile contribuant \u00e0 la r\u00e9alisation de la s\u00e9curit\u00e9 et de la justice pour tous. Il agit comme une plateforme de partage d&#039;informations, de plaidoyer et de collaboration soutenant un engagement \u00e9clair\u00e9 des ONG aupr\u00e8s de l&#039;Office des Nations Unies contre la drogue et le crime (ONUDC) et des \u00c9tats membres. Notre objectif est d&#039;assurer la pleine mise en \u0153uvre du Protocole de Palerme (Protocole visant \u00e0 pr\u00e9venir, r\u00e9primer et punir la traite des personnes, en particulier des femmes et des enfants).<\/li><li>Les <a href=\"https:\/\/www.ngomg.org\/\" target=\"_blank\" rel=\"noopener\"><strong>Grand groupe des ONG<\/strong><\/a> est charg\u00e9 de faciliter et de renforcer l&#039;engagement des organisations non gouvernementales dans les processus directement et indirectement li\u00e9s au Forum politique de haut niveau (HLPF).\u00a0<\/li><\/ul><h4><strong>Coalition pour la justice des religieux (JCoR)<\/strong><\/h4><p>L&#039;ONG IBVM\/CJ est membre fondateur de la Justice Coalition of Religious (JCoR), une coalition de 19 organisations non gouvernementales (ONG) accr\u00e9dit\u00e9es par l&#039;ONU et dirig\u00e9es par des religieux catholiques.<\/p><p>JCoR vise \u00e0 renforcer la capacit\u00e9 des religieux travaillant \u00e0 la base et de ceux qui les repr\u00e9sentent aux Nations Unies \u00e0 : plaider aux niveaux international, national et r\u00e9gional pour les personnes vivant dans la pauvret\u00e9 ; s&#039;attaquer aux causes profondes du d\u00e9veloppement non durable; et promouvoir un d\u00e9veloppement \u00e9quitable et fond\u00e9 sur les droits via une mise en \u0153uvre juste des ODD.<\/p><p>Pour en savoir plus sur JCoR, cliquez sur <a href=\"https:\/\/jcor2030.org\/\" target=\"_blank\" rel=\"noopener\"><strong><span style=\"color: #ef9a29;\">ici<\/span><\/strong>.<\/a><\/p>\t\t\t\t\t\t\t\t<\/div>\n\t\t\t\t<\/div>\n\t\t\t\t\t<\/div>\n\t\t<\/div>\n\t\t\t\t\t<\/div>\n\t\t<\/section>\n\t\t\t\t<\/div>","protected":false},"excerpt":{"rendered":"<p>Collaborations Together with our network of like-minded colleagues and other NGOs, we raise awareness of our priority issues and advocate at the United Nations (UN). Our advocacy is primarily focused on issues affecting women and children, particularly gender equity, eradication of poverty, access to quality education and health, elimination of gender violence, and trafficking of [&hellip;]<\/p>\n","protected":false},"author":6,"featured_media":4895,"parent":14500,"menu_order":5,"comment_status":"closed","ping_status":"closed","template":"","meta":{"footnotes":""},"class_list":["post-4842","page","type-page","status-publish","has-post-thumbnail","hentry"],"yoast_head":"<!-- This site is optimized with the Yoast SEO plugin v27.3 - https:\/\/yoast.com\/product\/yoast-seo-wordpress\/ -->\n<title>Collaborations - Institute of the Blessed Virgin Mary \u2013 Loreto<\/title>\n<meta name=\"robots\" content=\"index, follow, max-snippet:-1, max-image-preview:large, max-video-preview:-1\" \/>\n<link rel=\"canonical\" href=\"https:\/\/ibvmunngo.org\/fr\/ibvm-cj-at-the-un\/collaborations\/\" \/>\n<meta property=\"og:locale\" content=\"fr_FR\" \/>\n<meta property=\"og:type\" content=\"article\" \/>\n<meta property=\"og:title\" content=\"Collaborations - Institute of the Blessed Virgin Mary \u2013 Loreto\" \/>\n<meta property=\"og:description\" content=\"Collaborations Together with our network of like-minded colleagues and other NGOs, we raise awareness of our priority issues and advocate at the United Nations (UN). Our advocacy is primarily focused on issues affecting women and children, particularly gender equity, eradication of poverty, access to quality education and health, elimination of gender violence, and trafficking of [&hellip;]\" \/>\n<meta property=\"og:url\" content=\"https:\/\/ibvmunngo.org\/fr\/ibvm-cj-at-the-un\/collaborations\/\" \/>\n<meta property=\"og:site_name\" content=\"Institute of the Blessed Virgin Mary \u2013 Loreto\" \/>\n<meta property=\"article:modified_time\" content=\"2024-06-18T17:57:17+00:00\" \/>\n<meta property=\"og:image\" content=\"https:\/\/ibvmunngo.org\/wp-content\/uploads\/2020\/12\/Collaboration.jpeg\" \/>\n\t<meta property=\"og:image:width\" content=\"900\" \/>\n\t<meta property=\"og:image:height\" content=\"400\" \/>\n\t<meta property=\"og:image:type\" content=\"image\/jpeg\" \/>\n<meta name=\"twitter:card\" content=\"summary_large_image\" \/>\n<meta name=\"twitter:label1\" content=\"Dur\u00e9e de lecture estim\u00e9e\" \/>\n\t<meta name=\"twitter:data1\" content=\"2 minutes\" \/>\n<script type=\"application\/ld+json\" class=\"yoast-schema-graph\">{\"@context\":\"https:\\\/\\\/schema.org\",\"@graph\":[{\"@type\":\"WebPage\",\"@id\":\"https:\\\/\\\/ibvmunngo.org\\\/de\\\/ibvm-cj-at-the-un\\\/kooperationen\\\/\",\"url\":\"https:\\\/\\\/ibvmunngo.org\\\/de\\\/ibvm-cj-at-the-un\\\/kooperationen\\\/\",\"name\":\"Collaborations - Institute of the Blessed Virgin Mary \u2013 Loreto\",\"isPartOf\":{\"@id\":\"https:\\\/\\\/ibvmunngo.org\\\/es\\\/#website\"},\"primaryImageOfPage\":{\"@id\":\"https:\\\/\\\/ibvmunngo.org\\\/de\\\/ibvm-cj-at-the-un\\\/kooperationen\\\/#primaryimage\"},\"image\":{\"@id\":\"https:\\\/\\\/ibvmunngo.org\\\/de\\\/ibvm-cj-at-the-un\\\/kooperationen\\\/#primaryimage\"},\"thumbnailUrl\":\"https:\\\/\\\/ibvmunngo.org\\\/wp-content\\\/uploads\\\/2020\\\/12\\\/Collaboration.jpeg\",\"datePublished\":\"2020-12-28T21:39:48+00:00\",\"dateModified\":\"2024-06-18T17:57:17+00:00\",\"breadcrumb\":{\"@id\":\"https:\\\/\\\/ibvmunngo.org\\\/de\\\/ibvm-cj-at-the-un\\\/kooperationen\\\/#breadcrumb\"},\"inLanguage\":\"fr-FR\",\"potentialAction\":[{\"@type\":\"ReadAction\",\"target\":[\"https:\\\/\\\/ibvmunngo.org\\\/de\\\/ibvm-cj-at-the-un\\\/kooperationen\\\/\"]}]},{\"@type\":\"ImageObject\",\"inLanguage\":\"fr-FR\",\"@id\":\"https:\\\/\\\/ibvmunngo.org\\\/de\\\/ibvm-cj-at-the-un\\\/kooperationen\\\/#primaryimage\",\"url\":\"https:\\\/\\\/ibvmunngo.org\\\/wp-content\\\/uploads\\\/2020\\\/12\\\/Collaboration.jpeg\",\"contentUrl\":\"https:\\\/\\\/ibvmunngo.org\\\/wp-content\\\/uploads\\\/2020\\\/12\\\/Collaboration.jpeg\",\"width\":900,\"height\":400},{\"@type\":\"BreadcrumbList\",\"@id\":\"https:\\\/\\\/ibvmunngo.org\\\/de\\\/ibvm-cj-at-the-un\\\/kooperationen\\\/#breadcrumb\",\"itemListElement\":[{\"@type\":\"ListItem\",\"position\":1,\"name\":\"Home\",\"item\":\"https:\\\/\\\/ibvmunngo.org\\\/es\\\/\"},{\"@type\":\"ListItem\",\"position\":2,\"name\":\"Privado: IBVM\\\/CJ at the UN\",\"item\":\"https:\\\/\\\/ibvmunngo.org\\\/es\\\/?page_id=14500\"},{\"@type\":\"ListItem\",\"position\":3,\"name\":\"Collaborations\"}]},{\"@type\":\"WebSite\",\"@id\":\"https:\\\/\\\/ibvmunngo.org\\\/es\\\/#website\",\"url\":\"https:\\\/\\\/ibvmunngo.org\\\/es\\\/\",\"name\":\"Institute of the Blessed Virgin Mary \u2013 Loreto\",\"description\":\"NGO ASSOCIATED WITH ECOSOC AT THE UNITED NATIONS\",\"publisher\":{\"@id\":\"https:\\\/\\\/ibvmunngo.org\\\/es\\\/#organization\"},\"potentialAction\":[{\"@type\":\"SearchAction\",\"target\":{\"@type\":\"EntryPoint\",\"urlTemplate\":\"https:\\\/\\\/ibvmunngo.org\\\/es\\\/?s={search_term_string}\"},\"query-input\":{\"@type\":\"PropertyValueSpecification\",\"valueRequired\":true,\"valueName\":\"search_term_string\"}}],\"inLanguage\":\"fr-FR\"},{\"@type\":\"Organization\",\"@id\":\"https:\\\/\\\/ibvmunngo.org\\\/es\\\/#organization\",\"name\":\"Institute of the Blessed Virgin Mary \u2013 Loreto\",\"url\":\"https:\\\/\\\/ibvmunngo.org\\\/es\\\/\",\"logo\":{\"@type\":\"ImageObject\",\"inLanguage\":\"fr-FR\",\"@id\":\"https:\\\/\\\/ibvmunngo.org\\\/es\\\/#\\\/schema\\\/logo\\\/image\\\/\",\"url\":\"https:\\\/\\\/ibvmunngo.org\\\/wp-content\\\/uploads\\\/2020\\\/10\\\/Logo_IBVM_UN_1.png\",\"contentUrl\":\"https:\\\/\\\/ibvmunngo.org\\\/wp-content\\\/uploads\\\/2020\\\/10\\\/Logo_IBVM_UN_1.png\",\"width\":200,\"height\":144,\"caption\":\"Institute of the Blessed Virgin Mary \u2013 Loreto\"},\"image\":{\"@id\":\"https:\\\/\\\/ibvmunngo.org\\\/es\\\/#\\\/schema\\\/logo\\\/image\\\/\"}}]}<\/script>\n<!-- \/ Yoast SEO plugin. -->","yoast_head_json":{"title":"Collaborations - Institut de la Bienheureuse Vierge Marie \u2013 Loreto","robots":{"index":"index","follow":"follow","max-snippet":"max-snippet:-1","max-image-preview":"max-image-preview:large","max-video-preview":"max-video-preview:-1"},"canonical":"https:\/\/ibvmunngo.org\/fr\/ibvm-cj-at-the-un\/collaborations\/","og_locale":"fr_FR","og_type":"article","og_title":"Collaborations - Institute of the Blessed Virgin Mary \u2013 Loreto","og_description":"Collaborations Together with our network of like-minded colleagues and other NGOs, we raise awareness of our priority issues and advocate at the United Nations (UN). Our advocacy is primarily focused on issues affecting women and children, particularly gender equity, eradication of poverty, access to quality education and health, elimination of gender violence, and trafficking of [&hellip;]","og_url":"https:\/\/ibvmunngo.org\/fr\/ibvm-cj-at-the-un\/collaborations\/","og_site_name":"Institute of the Blessed Virgin Mary \u2013 Loreto","article_modified_time":"2024-06-18T17:57:17+00:00","og_image":[{"width":900,"height":400,"url":"https:\/\/ibvmunngo.org\/wp-content\/uploads\/2020\/12\/Collaboration.jpeg","type":"image\/jpeg"}],"twitter_card":"summary_large_image","twitter_misc":{"Dur\u00e9e de lecture estim\u00e9e":"2 minutes"},"schema":{"@context":"https:\/\/schema.org","@graph":[{"@type":"WebPage","@id":"https:\/\/ibvmunngo.org\/de\/ibvm-cj-at-the-un\/kooperationen\/","url":"https:\/\/ibvmunngo.org\/de\/ibvm-cj-at-the-un\/kooperationen\/","name":"Collaborations - Institut de la Bienheureuse Vierge Marie \u2013 Loreto","isPartOf":{"@id":"https:\/\/ibvmunngo.org\/es\/#website"},"primaryImageOfPage":{"@id":"https:\/\/ibvmunngo.org\/de\/ibvm-cj-at-the-un\/kooperationen\/#primaryimage"},"image":{"@id":"https:\/\/ibvmunngo.org\/de\/ibvm-cj-at-the-un\/kooperationen\/#primaryimage"},"thumbnailUrl":"https:\/\/ibvmunngo.org\/wp-content\/uploads\/2020\/12\/Collaboration.jpeg","datePublished":"2020-12-28T21:39:48+00:00","dateModified":"2024-06-18T17:57:17+00:00","breadcrumb":{"@id":"https:\/\/ibvmunngo.org\/de\/ibvm-cj-at-the-un\/kooperationen\/#breadcrumb"},"inLanguage":"fr-FR","potentialAction":[{"@type":"ReadAction","target":["https:\/\/ibvmunngo.org\/de\/ibvm-cj-at-the-un\/kooperationen\/"]}]},{"@type":"ImageObject","inLanguage":"fr-FR","@id":"https:\/\/ibvmunngo.org\/de\/ibvm-cj-at-the-un\/kooperationen\/#primaryimage","url":"https:\/\/ibvmunngo.org\/wp-content\/uploads\/2020\/12\/Collaboration.jpeg","contentUrl":"https:\/\/ibvmunngo.org\/wp-content\/uploads\/2020\/12\/Collaboration.jpeg","width":900,"height":400},{"@type":"BreadcrumbList","@id":"https:\/\/ibvmunngo.org\/de\/ibvm-cj-at-the-un\/kooperationen\/#breadcrumb","itemListElement":[{"@type":"ListItem","position":1,"name":"Home","item":"https:\/\/ibvmunngo.org\/es\/"},{"@type":"ListItem","position":2,"name":"Privado: IBVM\/CJ at the UN","item":"https:\/\/ibvmunngo.org\/es\/?page_id=14500"},{"@type":"ListItem","position":3,"name":"Collaborations"}]},{"@type":"WebSite","@id":"https:\/\/ibvmunngo.org\/es\/#website","url":"https:\/\/ibvmunngo.org\/es\/","name":"Institut de la Bienheureuse Vierge Marie \u2013 Lorette","description":"ONG ASSOCIEE A L&#039;ECOSOC AUX NATIONS UNIES","publisher":{"@id":"https:\/\/ibvmunngo.org\/es\/#organization"},"potentialAction":[{"@type":"SearchAction","target":{"@type":"EntryPoint","urlTemplate":"https:\/\/ibvmunngo.org\/es\/?s={search_term_string}"},"query-input":{"@type":"PropertyValueSpecification","valueRequired":true,"valueName":"search_term_string"}}],"inLanguage":"fr-FR"},{"@type":"Organization","@id":"https:\/\/ibvmunngo.org\/es\/#organization","name":"Institut de la Bienheureuse Vierge Marie \u2013 Lorette","url":"https:\/\/ibvmunngo.org\/es\/","logo":{"@type":"ImageObject","inLanguage":"fr-FR","@id":"https:\/\/ibvmunngo.org\/es\/#\/schema\/logo\/image\/","url":"https:\/\/ibvmunngo.org\/wp-content\/uploads\/2020\/10\/Logo_IBVM_UN_1.png","contentUrl":"https:\/\/ibvmunngo.org\/wp-content\/uploads\/2020\/10\/Logo_IBVM_UN_1.png","width":200,"height":144,"caption":"Institute of the Blessed Virgin Mary \u2013 Loreto"},"image":{"@id":"https:\/\/ibvmunngo.org\/es\/#\/schema\/logo\/image\/"}}]}},"_links":{"self":[{"href":"https:\/\/ibvmunngo.org\/fr\/wp-json\/wp\/v2\/pages\/4842","targetHints":{"allow":["GET"]}}],"collection":[{"href":"https:\/\/ibvmunngo.org\/fr\/wp-json\/wp\/v2\/pages"}],"about":[{"href":"https:\/\/ibvmunngo.org\/fr\/wp-json\/wp\/v2\/types\/page"}],"author":[{"embeddable":true,"href":"https:\/\/ibvmunngo.org\/fr\/wp-json\/wp\/v2\/users\/6"}],"replies":[{"embeddable":true,"href":"https:\/\/ibvmunngo.org\/fr\/wp-json\/wp\/v2\/comments?post=4842"}],"version-history":[{"count":5,"href":"https:\/\/ibvmunngo.org\/fr\/wp-json\/wp\/v2\/pages\/4842\/revisions"}],"predecessor-version":[{"id":124958,"href":"https:\/\/ibvmunngo.org\/fr\/wp-json\/wp\/v2\/pages\/4842\/revisions\/124958"}],"up":[{"embeddable":true,"href":"https:\/\/ibvmunngo.org\/fr\/wp-json\/wp\/v2\/pages\/14500"}],"wp:featuredmedia":[{"embeddable":true,"href":"https:\/\/ibvmunngo.org\/fr\/wp-json\/wp\/v2\/media\/4895"}],"wp:attachment":[{"href":"https:\/\/ibvmunngo.org\/fr\/wp-json\/wp\/v2\/media?parent=4842"}],"curies":[{"name":"wp","href":"https:\/\/api.w.org\/{rel}","templated":true}]}}