{"id":10054,"date":"2021-03-31T06:34:49","date_gmt":"2021-03-31T06:34:49","guid":{"rendered":"https:\/\/ibvmunngo.org\/?page_id=10054"},"modified":"2021-07-28T11:33:36","modified_gmt":"2021-07-28T11:33:36","slug":"ods-9-inovacao-e-infraestrutura-da-industria","status":"publish","type":"page","link":"https:\/\/ibvmunngo.org\/pt\/ibvm-cj-at-the-un\/objetivos-globais-ods\/objetivos-de-desenvolvimento-sustentavel-nossa-contribuicao\/ods-9-inovacao-e-infraestrutura-da-industria\/","title":{"rendered":"ODS 9 Ind\u00fastria, Inova\u00e7\u00e3o e Infraestrutura"},"content":{"rendered":"<div data-elementor-type=\"wp-page\" data-elementor-id=\"10054\" class=\"elementor elementor-10054\" data-elementor-post-type=\"page\">\n\t\t\t\t\t\t<section class=\"elementor-section elementor-top-section elementor-element elementor-element-5a2782f elementor-section-boxed elementor-section-height-default elementor-section-height-default\" data-id=\"5a2782f\" data-element_type=\"section\" data-e-type=\"section\">\n\t\t\t\t\t\t<div class=\"elementor-container elementor-column-gap-default\">\n\t\t\t\t\t<div class=\"elementor-column elementor-col-100 elementor-top-column elementor-element elementor-element-122b948\" data-id=\"122b948\" data-element_type=\"column\" data-e-type=\"column\">\n\t\t\t<div class=\"elementor-widget-wrap elementor-element-populated\">\n\t\t\t\t\t\t<div class=\"elementor-element elementor-element-3988dec elementor-widget elementor-widget-heading\" data-id=\"3988dec\" data-element_type=\"widget\" data-e-type=\"widget\" data-widget_type=\"heading.default\">\n\t\t\t\t<div class=\"elementor-widget-container\">\n\t\t\t\t\t<h2 class=\"elementor-heading-title elementor-size-default\">Construir infraestruturas resilientes, promover a industrializa\u00e7\u00e3o inclusiva e sustent\u00e1vel e fomentar a inova\u00e7\u00e3o<\/h2>\t\t\t\t<\/div>\n\t\t\t\t<\/div>\n\t\t\t\t\t<\/div>\n\t\t<\/div>\n\t\t\t\t\t<\/div>\n\t\t<\/section>\n\t\t\t\t<section class=\"elementor-section elementor-top-section elementor-element elementor-element-01c3947 elementor-section-boxed elementor-section-height-default elementor-section-height-default\" data-id=\"01c3947\" data-element_type=\"section\" data-e-type=\"section\">\n\t\t\t\t\t\t<div class=\"elementor-container elementor-column-gap-default\">\n\t\t\t\t\t<div class=\"elementor-column elementor-col-100 elementor-top-column elementor-element elementor-element-74d609f\" data-id=\"74d609f\" data-element_type=\"column\" data-e-type=\"column\">\n\t\t\t<div class=\"elementor-widget-wrap elementor-element-populated\">\n\t\t\t\t\t\t<div class=\"elementor-element elementor-element-73c3640 elementor-blockquote--skin-quotation elementor-blockquote--align-center elementor-blockquote--button-view-icon-text elementor-blockquote--button-skin-classic elementor-widget elementor-widget-blockquote\" data-id=\"73c3640\" data-element_type=\"widget\" data-e-type=\"widget\" data-widget_type=\"blockquote.default\">\n\t\t\t\t<div class=\"elementor-widget-container\">\n\t\t\t\t\t\t\t<blockquote class=\"elementor-blockquote\">\n\t\t\t<p class=\"elementor-blockquote__content\">\n\t\t\t\tEstas incluiriam favorecer formas de produ\u00e7\u00e3o industrial com m\u00e1xima efici\u00eancia energ\u00e9tica e menor utiliza\u00e7\u00e3o de mat\u00e9rias-primas, retirar do mercado produtos menos eficientes em termos energ\u00e9ticos ou mais poluentes, melhorar os sistemas de transporte e incentivar a constru\u00e7\u00e3o e repara\u00e7\u00e3o de edif\u00edcios destinados a reduzir a sua energia. consumo e n\u00edveis de polui\u00e7\u00e3o. \t\t\t<\/p>\n\t\t\t\t\t\t\t<div class=\"e-q-footer\">\n\t\t\t\t\t\t\t\t\t\t\t<cite class=\"elementor-blockquote__author\">Laudato Si, 180<\/cite>\n\t\t\t\t\t\t\t\t\t\t\t\t\t\t\t\t<a href=\"https:\/\/twitter.com\/intent\/tweet?text=Estos+incluir%C3%ADan+favorecer+formas+de+producci%C3%B3n+industrial+con+m%C3%A1xima+eficiencia+energ%C3%A9tica+y+menor+uso+de+materias+primas%2C+retirar+del+mercado+productos+menos+eficientes+energ%C3%A9ticamente+o+m%C3%A1s+contaminantes%2C+mejorar+los+sistemas+de+transporte+y+fomentar+la+construcci%C3%B3n+y+reparaci%C3%B3n+de+edificios+con+el+objetivo+de+reducir+su+energ%C3%ADa.+consumo+y+niveles+de+contaminaci%C3%B3n.+%E2%80%94+Laudato+Si%2C+180&amp;url=https%3A%2F%2Fibvmunngo.org%2Fes%2Fibvm-cj-at-the-un%2Fglobal-goals-sdgs%2Fsustainable-development-goals-our-contribution%2Fsdg-9-industry-innovation-and-infrastructure%2F\" class=\"elementor-blockquote__tweet-button\" target=\"_blank\">\n\t\t\t\t\t\t\t\t\t\t\t\t\t\t\t<i aria-hidden=\"true\" class=\"fab fa-twitter\"><\/i>\t\t\t\t\t\t\t\t\t\t\t\t\t\t\t\t\t\t\t\t\t\t\t\t\t\t\t\t\t\t<span class=\"elementor-blockquote__tweet-label\">Tuitar<\/span>\n\t\t\t\t\t\t\t\t\t\t\t\t\t<\/a>\n\t\t\t\t\t\t\t\t\t<\/div>\n\t\t\t\t\t<\/blockquote>\n\t\t\t\t\t\t<\/div>\n\t\t\t\t<\/div>\n\t\t\t\t\t<\/div>\n\t\t<\/div>\n\t\t\t\t\t<\/div>\n\t\t<\/section>\n\t\t\t\t<section class=\"elementor-section elementor-top-section elementor-element elementor-element-83311c8 elementor-section-boxed elementor-section-height-default elementor-section-height-default\" data-id=\"83311c8\" data-element_type=\"section\" data-e-type=\"section\">\n\t\t\t\t\t\t<div class=\"elementor-container elementor-column-gap-default\">\n\t\t\t\t\t<div class=\"elementor-column elementor-col-100 elementor-top-column elementor-element elementor-element-b0d4daa\" data-id=\"b0d4daa\" data-element_type=\"column\" data-e-type=\"column\">\n\t\t\t<div class=\"elementor-widget-wrap elementor-element-populated\">\n\t\t\t\t\t\t<div class=\"elementor-element elementor-element-b2a79ab elementor-widget elementor-widget-text-editor\" data-id=\"b2a79ab\" data-element_type=\"widget\" data-e-type=\"widget\" data-widget_type=\"text-editor.default\">\n\t\t\t\t<div class=\"elementor-widget-container\">\n\t\t\t\t\t\t\t\t\t<p>.<\/p>\t\t\t\t\t\t\t\t<\/div>\n\t\t\t\t<\/div>\n\t\t\t\t\t<\/div>\n\t\t<\/div>\n\t\t\t\t\t<\/div>\n\t\t<\/section>\n\t\t\t\t<\/div>","protected":false},"excerpt":{"rendered":"<p>Build resilient infrastructure, promote inclusive and sustainable industrialization and foster innovation These would include favouring forms of industrial production with maximum energy efficiency and diminished use of raw materials, removing from the market products which are less energy efficient or more polluting, improving transport systems, and encouraging the construction and repair of buildings aimed at [&hellip;]<\/p>\n","protected":false},"author":6,"featured_media":10139,"parent":6998,"menu_order":0,"comment_status":"closed","ping_status":"closed","template":"","meta":{"footnotes":""},"class_list":["post-10054","page","type-page","status-publish","has-post-thumbnail","hentry"],"yoast_head":"<!-- This site is optimized with the Yoast SEO plugin v27.3 - https:\/\/yoast.com\/product\/yoast-seo-wordpress\/ -->\n<title>SDG 9 Industry, Innovation and Infrastructure - Institute of the Blessed Virgin Mary \u2013 Loreto<\/title>\n<meta name=\"robots\" content=\"index, follow, max-snippet:-1, max-image-preview:large, max-video-preview:-1\" \/>\n<link rel=\"canonical\" href=\"https:\/\/ibvmunngo.org\/pt\/ibvm-cj-at-the-un\/objetivos-globais-ods\/objetivos-de-desenvolvimento-sustentavel-nossa-contribuicao\/ods-9-inovacao-e-infraestrutura-da-industria\/\" \/>\n<meta property=\"og:locale\" content=\"pt_BR\" \/>\n<meta property=\"og:type\" content=\"article\" \/>\n<meta property=\"og:title\" content=\"SDG 9 Industry, Innovation and Infrastructure - Institute of the Blessed Virgin Mary \u2013 Loreto\" \/>\n<meta property=\"og:description\" content=\"Build resilient infrastructure, promote inclusive and sustainable industrialization and foster innovation These would include favouring forms of industrial production with maximum energy efficiency and diminished use of raw materials, removing from the market products which are less energy efficient or more polluting, improving transport systems, and encouraging the construction and repair of buildings aimed at [&hellip;]\" \/>\n<meta property=\"og:url\" content=\"https:\/\/ibvmunngo.org\/pt\/ibvm-cj-at-the-un\/objetivos-globais-ods\/objetivos-de-desenvolvimento-sustentavel-nossa-contribuicao\/ods-9-inovacao-e-infraestrutura-da-industria\/\" \/>\n<meta property=\"og:site_name\" content=\"Institute of the Blessed Virgin Mary \u2013 Loreto\" \/>\n<meta property=\"article:modified_time\" content=\"2021-07-28T11:33:36+00:00\" \/>\n<meta property=\"og:image\" content=\"https:\/\/ibvmunngo.org\/wp-content\/uploads\/2021\/03\/Industry-Innovation-and-Infrastructure.png\" \/>\n\t<meta property=\"og:image:width\" content=\"900\" \/>\n\t<meta property=\"og:image:height\" content=\"400\" \/>\n\t<meta property=\"og:image:type\" content=\"image\/png\" \/>\n<meta name=\"twitter:card\" content=\"summary_large_image\" \/>\n<script type=\"application\/ld+json\" class=\"yoast-schema-graph\">{\"@context\":\"https:\\\/\\\/schema.org\",\"@graph\":[{\"@type\":\"WebPage\",\"@id\":\"https:\\\/\\\/ibvmunngo.org\\\/ibvm-cj-at-the-un\\\/global-goals-sdgs\\\/sustainable-development-goals-our-contribution\\\/sdg-9-industry-innovation-and-infrastructure\\\/\",\"url\":\"https:\\\/\\\/ibvmunngo.org\\\/ibvm-cj-at-the-un\\\/global-goals-sdgs\\\/sustainable-development-goals-our-contribution\\\/sdg-9-industry-innovation-and-infrastructure\\\/\",\"name\":\"SDG 9 Industry, Innovation and Infrastructure - Institute of the Blessed Virgin Mary \u2013 Loreto\",\"isPartOf\":{\"@id\":\"https:\\\/\\\/ibvmunngo.org\\\/es\\\/#website\"},\"primaryImageOfPage\":{\"@id\":\"https:\\\/\\\/ibvmunngo.org\\\/ibvm-cj-at-the-un\\\/global-goals-sdgs\\\/sustainable-development-goals-our-contribution\\\/sdg-9-industry-innovation-and-infrastructure\\\/#primaryimage\"},\"image\":{\"@id\":\"https:\\\/\\\/ibvmunngo.org\\\/ibvm-cj-at-the-un\\\/global-goals-sdgs\\\/sustainable-development-goals-our-contribution\\\/sdg-9-industry-innovation-and-infrastructure\\\/#primaryimage\"},\"thumbnailUrl\":\"https:\\\/\\\/ibvmunngo.org\\\/wp-content\\\/uploads\\\/2021\\\/03\\\/Industry-Innovation-and-Infrastructure.png\",\"datePublished\":\"2021-03-31T06:34:49+00:00\",\"dateModified\":\"2021-07-28T11:33:36+00:00\",\"breadcrumb\":{\"@id\":\"https:\\\/\\\/ibvmunngo.org\\\/ibvm-cj-at-the-un\\\/global-goals-sdgs\\\/sustainable-development-goals-our-contribution\\\/sdg-9-industry-innovation-and-infrastructure\\\/#breadcrumb\"},\"inLanguage\":\"pt-BR\",\"potentialAction\":[{\"@type\":\"ReadAction\",\"target\":[\"https:\\\/\\\/ibvmunngo.org\\\/ibvm-cj-at-the-un\\\/global-goals-sdgs\\\/sustainable-development-goals-our-contribution\\\/sdg-9-industry-innovation-and-infrastructure\\\/\"]}]},{\"@type\":\"ImageObject\",\"inLanguage\":\"pt-BR\",\"@id\":\"https:\\\/\\\/ibvmunngo.org\\\/ibvm-cj-at-the-un\\\/global-goals-sdgs\\\/sustainable-development-goals-our-contribution\\\/sdg-9-industry-innovation-and-infrastructure\\\/#primaryimage\",\"url\":\"https:\\\/\\\/ibvmunngo.org\\\/wp-content\\\/uploads\\\/2021\\\/03\\\/Industry-Innovation-and-Infrastructure.png\",\"contentUrl\":\"https:\\\/\\\/ibvmunngo.org\\\/wp-content\\\/uploads\\\/2021\\\/03\\\/Industry-Innovation-and-Infrastructure.png\",\"width\":900,\"height\":400},{\"@type\":\"BreadcrumbList\",\"@id\":\"https:\\\/\\\/ibvmunngo.org\\\/ibvm-cj-at-the-un\\\/global-goals-sdgs\\\/sustainable-development-goals-our-contribution\\\/sdg-9-industry-innovation-and-infrastructure\\\/#breadcrumb\",\"itemListElement\":[{\"@type\":\"ListItem\",\"position\":1,\"name\":\"Home\",\"item\":\"https:\\\/\\\/ibvmunngo.org\\\/es\\\/\"},{\"@type\":\"ListItem\",\"position\":2,\"name\":\"Privado: IBVM\\\/CJ at the UN\",\"item\":\"https:\\\/\\\/ibvmunngo.org\\\/es\\\/?page_id=14500\"},{\"@type\":\"ListItem\",\"position\":3,\"name\":\"Sustainable Development Goals\",\"item\":\"https:\\\/\\\/ibvmunngo.org\\\/es\\\/ibvm-cj-at-the-un\\\/objetivos-globales-osds\\\/\"},{\"@type\":\"ListItem\",\"position\":4,\"name\":\"Our Contribution\",\"item\":\"https:\\\/\\\/ibvmunngo.org\\\/ibvm-cj-at-the-un\\\/global-goals-sdgs\\\/sustainable-development-goals-our-contribution\\\/\"},{\"@type\":\"ListItem\",\"position\":5,\"name\":\"SDG 9 Industry, Innovation and Infrastructure\"}]},{\"@type\":\"WebSite\",\"@id\":\"https:\\\/\\\/ibvmunngo.org\\\/es\\\/#website\",\"url\":\"https:\\\/\\\/ibvmunngo.org\\\/es\\\/\",\"name\":\"Institute of the Blessed Virgin Mary \u2013 Loreto\",\"description\":\"NGO ASSOCIATED WITH ECOSOC AT THE UNITED NATIONS\",\"publisher\":{\"@id\":\"https:\\\/\\\/ibvmunngo.org\\\/es\\\/#organization\"},\"potentialAction\":[{\"@type\":\"SearchAction\",\"target\":{\"@type\":\"EntryPoint\",\"urlTemplate\":\"https:\\\/\\\/ibvmunngo.org\\\/es\\\/?s={search_term_string}\"},\"query-input\":{\"@type\":\"PropertyValueSpecification\",\"valueRequired\":true,\"valueName\":\"search_term_string\"}}],\"inLanguage\":\"pt-BR\"},{\"@type\":\"Organization\",\"@id\":\"https:\\\/\\\/ibvmunngo.org\\\/es\\\/#organization\",\"name\":\"Institute of the Blessed Virgin Mary \u2013 Loreto\",\"url\":\"https:\\\/\\\/ibvmunngo.org\\\/es\\\/\",\"logo\":{\"@type\":\"ImageObject\",\"inLanguage\":\"pt-BR\",\"@id\":\"https:\\\/\\\/ibvmunngo.org\\\/es\\\/#\\\/schema\\\/logo\\\/image\\\/\",\"url\":\"https:\\\/\\\/ibvmunngo.org\\\/wp-content\\\/uploads\\\/2020\\\/10\\\/Logo_IBVM_UN_1.png\",\"contentUrl\":\"https:\\\/\\\/ibvmunngo.org\\\/wp-content\\\/uploads\\\/2020\\\/10\\\/Logo_IBVM_UN_1.png\",\"width\":200,\"height\":144,\"caption\":\"Institute of the Blessed Virgin Mary \u2013 Loreto\"},\"image\":{\"@id\":\"https:\\\/\\\/ibvmunngo.org\\\/es\\\/#\\\/schema\\\/logo\\\/image\\\/\"}}]}<\/script>\n<!-- \/ Yoast SEO plugin. -->","yoast_head_json":{"title":"ODS 9 Ind\u00fastria, Inova\u00e7\u00e3o e Infraestrutura - Instituto da Sant\u00edssima Virgem Maria \u2013 Loreto","robots":{"index":"index","follow":"follow","max-snippet":"max-snippet:-1","max-image-preview":"max-image-preview:large","max-video-preview":"max-video-preview:-1"},"canonical":"https:\/\/ibvmunngo.org\/pt\/ibvm-cj-at-the-un\/objetivos-globais-ods\/objetivos-de-desenvolvimento-sustentavel-nossa-contribuicao\/ods-9-inovacao-e-infraestrutura-da-industria\/","og_locale":"pt_BR","og_type":"article","og_title":"SDG 9 Industry, Innovation and Infrastructure - Institute of the Blessed Virgin Mary \u2013 Loreto","og_description":"Build resilient infrastructure, promote inclusive and sustainable industrialization and foster innovation These would include favouring forms of industrial production with maximum energy efficiency and diminished use of raw materials, removing from the market products which are less energy efficient or more polluting, improving transport systems, and encouraging the construction and repair of buildings aimed at [&hellip;]","og_url":"https:\/\/ibvmunngo.org\/pt\/ibvm-cj-at-the-un\/objetivos-globais-ods\/objetivos-de-desenvolvimento-sustentavel-nossa-contribuicao\/ods-9-inovacao-e-infraestrutura-da-industria\/","og_site_name":"Institute of the Blessed Virgin Mary \u2013 Loreto","article_modified_time":"2021-07-28T11:33:36+00:00","og_image":[{"width":900,"height":400,"url":"https:\/\/ibvmunngo.org\/wp-content\/uploads\/2021\/03\/Industry-Innovation-and-Infrastructure.png","type":"image\/png"}],"twitter_card":"summary_large_image","schema":{"@context":"https:\/\/schema.org","@graph":[{"@type":"WebPage","@id":"https:\/\/ibvmunngo.org\/ibvm-cj-at-the-un\/global-goals-sdgs\/sustainable-development-goals-our-contribution\/sdg-9-industry-innovation-and-infrastructure\/","url":"https:\/\/ibvmunngo.org\/ibvm-cj-at-the-un\/global-goals-sdgs\/sustainable-development-goals-our-contribution\/sdg-9-industry-innovation-and-infrastructure\/","name":"ODS 9 Ind\u00fastria, Inova\u00e7\u00e3o e Infraestrutura - Instituto da Sant\u00edssima Virgem Maria \u2013 Loreto","isPartOf":{"@id":"https:\/\/ibvmunngo.org\/es\/#website"},"primaryImageOfPage":{"@id":"https:\/\/ibvmunngo.org\/ibvm-cj-at-the-un\/global-goals-sdgs\/sustainable-development-goals-our-contribution\/sdg-9-industry-innovation-and-infrastructure\/#primaryimage"},"image":{"@id":"https:\/\/ibvmunngo.org\/ibvm-cj-at-the-un\/global-goals-sdgs\/sustainable-development-goals-our-contribution\/sdg-9-industry-innovation-and-infrastructure\/#primaryimage"},"thumbnailUrl":"https:\/\/ibvmunngo.org\/wp-content\/uploads\/2021\/03\/Industry-Innovation-and-Infrastructure.png","datePublished":"2021-03-31T06:34:49+00:00","dateModified":"2021-07-28T11:33:36+00:00","breadcrumb":{"@id":"https:\/\/ibvmunngo.org\/ibvm-cj-at-the-un\/global-goals-sdgs\/sustainable-development-goals-our-contribution\/sdg-9-industry-innovation-and-infrastructure\/#breadcrumb"},"inLanguage":"pt-BR","potentialAction":[{"@type":"ReadAction","target":["https:\/\/ibvmunngo.org\/ibvm-cj-at-the-un\/global-goals-sdgs\/sustainable-development-goals-our-contribution\/sdg-9-industry-innovation-and-infrastructure\/"]}]},{"@type":"ImageObject","inLanguage":"pt-BR","@id":"https:\/\/ibvmunngo.org\/ibvm-cj-at-the-un\/global-goals-sdgs\/sustainable-development-goals-our-contribution\/sdg-9-industry-innovation-and-infrastructure\/#primaryimage","url":"https:\/\/ibvmunngo.org\/wp-content\/uploads\/2021\/03\/Industry-Innovation-and-Infrastructure.png","contentUrl":"https:\/\/ibvmunngo.org\/wp-content\/uploads\/2021\/03\/Industry-Innovation-and-Infrastructure.png","width":900,"height":400},{"@type":"BreadcrumbList","@id":"https:\/\/ibvmunngo.org\/ibvm-cj-at-the-un\/global-goals-sdgs\/sustainable-development-goals-our-contribution\/sdg-9-industry-innovation-and-infrastructure\/#breadcrumb","itemListElement":[{"@type":"ListItem","position":1,"name":"Home","item":"https:\/\/ibvmunngo.org\/es\/"},{"@type":"ListItem","position":2,"name":"Privado: IBVM\/CJ at the UN","item":"https:\/\/ibvmunngo.org\/es\/?page_id=14500"},{"@type":"ListItem","position":3,"name":"Sustainable Development Goals","item":"https:\/\/ibvmunngo.org\/es\/ibvm-cj-at-the-un\/objetivos-globales-osds\/"},{"@type":"ListItem","position":4,"name":"Our Contribution","item":"https:\/\/ibvmunngo.org\/ibvm-cj-at-the-un\/global-goals-sdgs\/sustainable-development-goals-our-contribution\/"},{"@type":"ListItem","position":5,"name":"SDG 9 Industry, Innovation and Infrastructure"}]},{"@type":"WebSite","@id":"https:\/\/ibvmunngo.org\/es\/#website","url":"https:\/\/ibvmunngo.org\/es\/","name":"Instituto da Bem-Aventurada Virgem Maria \u2013 Loreto","description":"ONG ASSOCIADA AO ECOSOC NAS NA\u00c7\u00d5ES UNIDAS","publisher":{"@id":"https:\/\/ibvmunngo.org\/es\/#organization"},"potentialAction":[{"@type":"SearchAction","target":{"@type":"EntryPoint","urlTemplate":"https:\/\/ibvmunngo.org\/es\/?s={search_term_string}"},"query-input":{"@type":"PropertyValueSpecification","valueRequired":true,"valueName":"search_term_string"}}],"inLanguage":"pt-BR"},{"@type":"Organization","@id":"https:\/\/ibvmunngo.org\/es\/#organization","name":"Instituto da Bem-Aventurada Virgem Maria \u2013 Loreto","url":"https:\/\/ibvmunngo.org\/es\/","logo":{"@type":"ImageObject","inLanguage":"pt-BR","@id":"https:\/\/ibvmunngo.org\/es\/#\/schema\/logo\/image\/","url":"https:\/\/ibvmunngo.org\/wp-content\/uploads\/2020\/10\/Logo_IBVM_UN_1.png","contentUrl":"https:\/\/ibvmunngo.org\/wp-content\/uploads\/2020\/10\/Logo_IBVM_UN_1.png","width":200,"height":144,"caption":"Institute of the Blessed Virgin Mary \u2013 Loreto"},"image":{"@id":"https:\/\/ibvmunngo.org\/es\/#\/schema\/logo\/image\/"}}]}},"_links":{"self":[{"href":"https:\/\/ibvmunngo.org\/pt\/wp-json\/wp\/v2\/pages\/10054","targetHints":{"allow":["GET"]}}],"collection":[{"href":"https:\/\/ibvmunngo.org\/pt\/wp-json\/wp\/v2\/pages"}],"about":[{"href":"https:\/\/ibvmunngo.org\/pt\/wp-json\/wp\/v2\/types\/page"}],"author":[{"embeddable":true,"href":"https:\/\/ibvmunngo.org\/pt\/wp-json\/wp\/v2\/users\/6"}],"replies":[{"embeddable":true,"href":"https:\/\/ibvmunngo.org\/pt\/wp-json\/wp\/v2\/comments?post=10054"}],"version-history":[{"count":0,"href":"https:\/\/ibvmunngo.org\/pt\/wp-json\/wp\/v2\/pages\/10054\/revisions"}],"up":[{"embeddable":true,"href":"https:\/\/ibvmunngo.org\/pt\/wp-json\/wp\/v2\/pages\/6998"}],"wp:featuredmedia":[{"embeddable":true,"href":"https:\/\/ibvmunngo.org\/pt\/wp-json\/wp\/v2\/media\/10139"}],"wp:attachment":[{"href":"https:\/\/ibvmunngo.org\/pt\/wp-json\/wp\/v2\/media?parent=10054"}],"curies":[{"name":"wp","href":"https:\/\/api.w.org\/{rel}","templated":true}]}}