{"id":10096,"date":"2021-03-31T06:43:58","date_gmt":"2021-03-31T06:43:58","guid":{"rendered":"https:\/\/ibvmunngo.org\/?page_id=10096"},"modified":"2021-08-25T05:45:04","modified_gmt":"2021-08-25T05:45:04","slug":"ods-14-vida-abaixo-da-agua","status":"publish","type":"page","link":"https:\/\/ibvmunngo.org\/pt\/ibvm-cj-at-the-un\/objetivos-globais-ods\/objetivos-de-desenvolvimento-sustentavel-nossa-contribuicao\/ods-14-vida-abaixo-da-agua\/","title":{"rendered":"ODS 14: Vida Submarina"},"content":{"rendered":"<div data-elementor-type=\"wp-page\" data-elementor-id=\"10096\" class=\"elementor elementor-10096\" data-elementor-post-type=\"page\">\n\t\t\t\t\t\t<section class=\"elementor-section elementor-top-section elementor-element elementor-element-924ae33 elementor-section-boxed elementor-section-height-default elementor-section-height-default\" data-id=\"924ae33\" data-element_type=\"section\" data-e-type=\"section\">\n\t\t\t\t\t\t<div class=\"elementor-container elementor-column-gap-default\">\n\t\t\t\t\t<div class=\"elementor-column elementor-col-100 elementor-top-column elementor-element elementor-element-0aa24f3\" data-id=\"0aa24f3\" data-element_type=\"column\" data-e-type=\"column\">\n\t\t\t<div class=\"elementor-widget-wrap elementor-element-populated\">\n\t\t\t\t\t\t<div class=\"elementor-element elementor-element-130eadb elementor-widget elementor-widget-heading\" data-id=\"130eadb\" data-element_type=\"widget\" data-e-type=\"widget\" data-widget_type=\"heading.default\">\n\t\t\t\t<div class=\"elementor-widget-container\">\n\t\t\t\t\t<h2 class=\"elementor-heading-title elementor-size-default\">Conservar e utilizar de forma sustent\u00e1vel os oceanos, mares e recursos marinhos para o desenvolvimento sustent\u00e1vel<\/h2>\t\t\t\t<\/div>\n\t\t\t\t<\/div>\n\t\t\t\t\t<\/div>\n\t\t<\/div>\n\t\t\t\t\t<\/div>\n\t\t<\/section>\n\t\t\t\t<section class=\"elementor-section elementor-top-section elementor-element elementor-element-772e330 elementor-section-boxed elementor-section-height-default elementor-section-height-default\" data-id=\"772e330\" data-element_type=\"section\" data-e-type=\"section\">\n\t\t\t\t\t\t<div class=\"elementor-container elementor-column-gap-default\">\n\t\t\t\t\t<div class=\"elementor-column elementor-col-100 elementor-top-column elementor-element elementor-element-2449513\" data-id=\"2449513\" data-element_type=\"column\" data-e-type=\"column\">\n\t\t\t<div class=\"elementor-widget-wrap elementor-element-populated\">\n\t\t\t\t\t\t<div class=\"elementor-element elementor-element-2b8068f elementor-blockquote--skin-quotation elementor-blockquote--align-center elementor-blockquote--button-view-icon-text elementor-blockquote--button-skin-classic elementor-widget elementor-widget-blockquote\" data-id=\"2b8068f\" data-element_type=\"widget\" data-e-type=\"widget\" data-widget_type=\"blockquote.default\">\n\t\t\t\t<div class=\"elementor-widget-container\">\n\t\t\t\t\t\t\t<blockquote class=\"elementor-blockquote\">\n\t\t\t<p class=\"elementor-blockquote__content\">\n\t\t\t\tAl\u00e9m disso, a vida marinha nos rios, lagos, mares e oceanos, que alimenta grande parte da popula\u00e7\u00e3o mundial, \u00e9 afectada pela pesca descontrolada, levando a um esgotamento dr\u00e1stico de certas esp\u00e9cies. ... O problema crescente dos res\u00edduos marinhos e a protec\u00e7\u00e3o dos mares abertos representam desafios particulares. O que \u00e9 necess\u00e1rio \u00e9 um acordo sobre sistemas de governa\u00e7\u00e3o para toda a gama dos chamados \u201cbens comuns globais\u201d.\t\t\t<\/p>\n\t\t\t\t\t\t\t<div class=\"e-q-footer\">\n\t\t\t\t\t\t\t\t\t\t\t<cite class=\"elementor-blockquote__author\">Laudato Si, 40; 174<\/cite>\n\t\t\t\t\t\t\t\t\t\t\t\t\t\t\t\t<a href=\"https:\/\/twitter.com\/intent\/tweet?text=Dar%C3%BCber+hinaus+wird+das+Leben+in+Fl%C3%BCssen%2C+Seen%2C+Meeren+und+Ozeanen%2C+das+einen+Gro%C3%9Fteil+der+Weltbev%C3%B6lkerung+ern%C3%A4hrt%2C+durch+unkontrollierte+Fischerei+beeintr%C3%A4chtigt%2C+was+zu+einer+drastischen+Dezimierung+bestimmter+Arten+f%C3%BChrt.+...+Das+wachsende+Problem+der+Meeresabf%C3%A4lle+und+der+Schutz+der+offenen+Meere+stellen+besondere+Herausforderungen+dar.+Was+wir+brauchen%2C+ist+eine+Einigung+%C3%BCber+Governance-Systeme+f%C3%BCr+die+gesamte+Bandbreite+der+sogenannten+%E2%80%9Eglobalen+Gemeing%C3%BCter%E2%80%9C.+%E2%80%94+Laudato+Si%2C+40%3B+174&amp;url=https%3A%2F%2Fibvmunngo.org%2Fde%2Fibvm-cj-at-the-un%2Fglobal-goals-sdgs%2Fsustainable-development-goals-our-contribution%2Fsdg-14-life-below-water%2F\" class=\"elementor-blockquote__tweet-button\" target=\"_blank\">\n\t\t\t\t\t\t\t\t\t\t\t\t\t\t\t<i aria-hidden=\"true\" class=\"fab fa-twitter\"><\/i>\t\t\t\t\t\t\t\t\t\t\t\t\t\t\t\t\t\t\t\t\t\t\t\t\t\t\t\t\t\t<span class=\"elementor-blockquote__tweet-label\">Tuitar<\/span>\n\t\t\t\t\t\t\t\t\t\t\t\t\t<\/a>\n\t\t\t\t\t\t\t\t\t<\/div>\n\t\t\t\t\t<\/blockquote>\n\t\t\t\t\t\t<\/div>\n\t\t\t\t<\/div>\n\t\t\t\t\t<\/div>\n\t\t<\/div>\n\t\t\t\t\t<\/div>\n\t\t<\/section>\n\t\t\t\t<section class=\"elementor-section elementor-top-section elementor-element elementor-element-9dee5bb elementor-section-boxed elementor-section-height-default elementor-section-height-default\" data-id=\"9dee5bb\" data-element_type=\"section\" data-e-type=\"section\">\n\t\t\t\t\t\t<div class=\"elementor-container elementor-column-gap-default\">\n\t\t\t\t\t<div class=\"elementor-column elementor-col-100 elementor-top-column elementor-element elementor-element-d2c6165\" data-id=\"d2c6165\" data-element_type=\"column\" data-e-type=\"column\">\n\t\t\t<div class=\"elementor-widget-wrap elementor-element-populated\">\n\t\t\t\t\t\t\t<\/div>\n\t\t<\/div>\n\t\t\t\t\t<\/div>\n\t\t<\/section>\n\t\t\t\t<section class=\"elementor-section elementor-top-section elementor-element elementor-element-6c67d46 elementor-section-boxed elementor-section-height-default elementor-section-height-default\" data-id=\"6c67d46\" data-element_type=\"section\" data-e-type=\"section\">\n\t\t\t\t\t\t<div class=\"elementor-container elementor-column-gap-default\">\n\t\t\t\t\t<div class=\"elementor-column elementor-col-100 elementor-top-column elementor-element elementor-element-9f249f5\" data-id=\"9f249f5\" data-element_type=\"column\" data-e-type=\"column\">\n\t\t\t<div class=\"elementor-widget-wrap elementor-element-populated\">\n\t\t\t\t\t\t<div class=\"elementor-element elementor-element-40fd1a9 elementor-widget elementor-widget-text-editor\" data-id=\"40fd1a9\" data-element_type=\"widget\" data-e-type=\"widget\" data-widget_type=\"text-editor.default\">\n\t\t\t\t<div class=\"elementor-widget-container\">\n\t\t\t\t\t\t\t\t\t<h3>Manguezais Saud\u00e1veis, \u00c1guas Saud\u00e1veis<\/h3><p>Os mangais desempenham um papel importante na regi\u00e3o costeira das Maur\u00edcias, fornecendo abrigo para peixes juvenis, caranguejos e outras formas de vida marinha. Os mangais saud\u00e1veis s\u00e3o vitais, uma vez que muitas popula\u00e7\u00f5es costeiras dependem da pesca para ganhar a vida. Os membros e mentores do Loreto College Curepipe Go Green replantaram e limparam manguezais em Riviere Noire com a ajuda de Pascal Laroulette.<\/p><p>Consulte Mais informa\u00e7\u00e3o <a href=\"https:\/\/ibvmunngo.org\/wp-content\/uploads\/2021\/07\/Water.pdf\" target=\"_blank\" rel=\"noopener\"><strong>aqui<\/strong>.<\/a><\/p>\t\t\t\t\t\t\t\t<\/div>\n\t\t\t\t<\/div>\n\t\t\t\t\t<\/div>\n\t\t<\/div>\n\t\t\t\t\t<\/div>\n\t\t<\/section>\n\t\t\t\t<\/div>","protected":false},"excerpt":{"rendered":"<p>Conserve and sustainably use the oceans, seas and marine resources for sustainable development What is more, marine life in rivers, lakes, seas and oceans, which feeds a great part of the world\u2019s population, is affected by uncontrolled fishing, leading to a drastic depletion of certain species. &#8230; The growing problem of marine waste and the [&hellip;]<\/p>\n","protected":false},"author":6,"featured_media":10140,"parent":6998,"menu_order":0,"comment_status":"closed","ping_status":"closed","template":"","meta":{"footnotes":""},"class_list":["post-10096","page","type-page","status-publish","has-post-thumbnail","hentry"],"yoast_head":"<!-- This site is optimized with the Yoast SEO plugin v27.3 - https:\/\/yoast.com\/product\/yoast-seo-wordpress\/ -->\n<title>SDG 14 Life Below Water - Institute of the Blessed Virgin Mary \u2013 Loreto<\/title>\n<meta name=\"robots\" content=\"index, follow, max-snippet:-1, max-image-preview:large, max-video-preview:-1\" \/>\n<link rel=\"canonical\" href=\"https:\/\/ibvmunngo.org\/pt\/ibvm-cj-at-the-un\/objetivos-globais-ods\/objetivos-de-desenvolvimento-sustentavel-nossa-contribuicao\/ods-14-vida-abaixo-da-agua\/\" \/>\n<meta property=\"og:locale\" content=\"pt_BR\" \/>\n<meta property=\"og:type\" content=\"article\" \/>\n<meta property=\"og:title\" content=\"SDG 14 Life Below Water - Institute of the Blessed Virgin Mary \u2013 Loreto\" \/>\n<meta property=\"og:description\" content=\"Conserve and sustainably use the oceans, seas and marine resources for sustainable development What is more, marine life in rivers, lakes, seas and oceans, which feeds a great part of the world\u2019s population, is affected by uncontrolled fishing, leading to a drastic depletion of certain species. &#8230; The growing problem of marine waste and the [&hellip;]\" \/>\n<meta property=\"og:url\" content=\"https:\/\/ibvmunngo.org\/pt\/ibvm-cj-at-the-un\/objetivos-globais-ods\/objetivos-de-desenvolvimento-sustentavel-nossa-contribuicao\/ods-14-vida-abaixo-da-agua\/\" \/>\n<meta property=\"og:site_name\" content=\"Institute of the Blessed Virgin Mary \u2013 Loreto\" \/>\n<meta property=\"article:modified_time\" content=\"2021-08-25T05:45:04+00:00\" \/>\n<meta property=\"og:image\" content=\"https:\/\/ibvmunngo.org\/wp-content\/uploads\/2021\/03\/Life-Below-Water.png\" \/>\n\t<meta property=\"og:image:width\" content=\"900\" \/>\n\t<meta property=\"og:image:height\" content=\"400\" \/>\n\t<meta property=\"og:image:type\" content=\"image\/png\" \/>\n<meta name=\"twitter:card\" content=\"summary_large_image\" \/>\n<meta name=\"twitter:label1\" content=\"Est. tempo de leitura\" \/>\n\t<meta name=\"twitter:data1\" content=\"1 minuto\" \/>\n<script type=\"application\/ld+json\" class=\"yoast-schema-graph\">{\"@context\":\"https:\\\/\\\/schema.org\",\"@graph\":[{\"@type\":\"WebPage\",\"@id\":\"https:\\\/\\\/ibvmunngo.org\\\/ibvm-cj-at-the-un\\\/global-goals-sdgs\\\/sustainable-development-goals-our-contribution\\\/sdg-14-life-below-water\\\/\",\"url\":\"https:\\\/\\\/ibvmunngo.org\\\/ibvm-cj-at-the-un\\\/global-goals-sdgs\\\/sustainable-development-goals-our-contribution\\\/sdg-14-life-below-water\\\/\",\"name\":\"SDG 14 Life Below Water - Institute of the Blessed Virgin Mary \u2013 Loreto\",\"isPartOf\":{\"@id\":\"https:\\\/\\\/ibvmunngo.org\\\/es\\\/#website\"},\"primaryImageOfPage\":{\"@id\":\"https:\\\/\\\/ibvmunngo.org\\\/ibvm-cj-at-the-un\\\/global-goals-sdgs\\\/sustainable-development-goals-our-contribution\\\/sdg-14-life-below-water\\\/#primaryimage\"},\"image\":{\"@id\":\"https:\\\/\\\/ibvmunngo.org\\\/ibvm-cj-at-the-un\\\/global-goals-sdgs\\\/sustainable-development-goals-our-contribution\\\/sdg-14-life-below-water\\\/#primaryimage\"},\"thumbnailUrl\":\"https:\\\/\\\/ibvmunngo.org\\\/wp-content\\\/uploads\\\/2021\\\/03\\\/Life-Below-Water.png\",\"datePublished\":\"2021-03-31T06:43:58+00:00\",\"dateModified\":\"2021-08-25T05:45:04+00:00\",\"breadcrumb\":{\"@id\":\"https:\\\/\\\/ibvmunngo.org\\\/ibvm-cj-at-the-un\\\/global-goals-sdgs\\\/sustainable-development-goals-our-contribution\\\/sdg-14-life-below-water\\\/#breadcrumb\"},\"inLanguage\":\"pt-BR\",\"potentialAction\":[{\"@type\":\"ReadAction\",\"target\":[\"https:\\\/\\\/ibvmunngo.org\\\/ibvm-cj-at-the-un\\\/global-goals-sdgs\\\/sustainable-development-goals-our-contribution\\\/sdg-14-life-below-water\\\/\"]}]},{\"@type\":\"ImageObject\",\"inLanguage\":\"pt-BR\",\"@id\":\"https:\\\/\\\/ibvmunngo.org\\\/ibvm-cj-at-the-un\\\/global-goals-sdgs\\\/sustainable-development-goals-our-contribution\\\/sdg-14-life-below-water\\\/#primaryimage\",\"url\":\"https:\\\/\\\/ibvmunngo.org\\\/wp-content\\\/uploads\\\/2021\\\/03\\\/Life-Below-Water.png\",\"contentUrl\":\"https:\\\/\\\/ibvmunngo.org\\\/wp-content\\\/uploads\\\/2021\\\/03\\\/Life-Below-Water.png\",\"width\":900,\"height\":400},{\"@type\":\"BreadcrumbList\",\"@id\":\"https:\\\/\\\/ibvmunngo.org\\\/ibvm-cj-at-the-un\\\/global-goals-sdgs\\\/sustainable-development-goals-our-contribution\\\/sdg-14-life-below-water\\\/#breadcrumb\",\"itemListElement\":[{\"@type\":\"ListItem\",\"position\":1,\"name\":\"Home\",\"item\":\"https:\\\/\\\/ibvmunngo.org\\\/es\\\/\"},{\"@type\":\"ListItem\",\"position\":2,\"name\":\"Privado: IBVM\\\/CJ at the UN\",\"item\":\"https:\\\/\\\/ibvmunngo.org\\\/es\\\/?page_id=14500\"},{\"@type\":\"ListItem\",\"position\":3,\"name\":\"Sustainable Development Goals\",\"item\":\"https:\\\/\\\/ibvmunngo.org\\\/es\\\/ibvm-cj-at-the-un\\\/objetivos-globales-osds\\\/\"},{\"@type\":\"ListItem\",\"position\":4,\"name\":\"Our Contribution\",\"item\":\"https:\\\/\\\/ibvmunngo.org\\\/ibvm-cj-at-the-un\\\/global-goals-sdgs\\\/sustainable-development-goals-our-contribution\\\/\"},{\"@type\":\"ListItem\",\"position\":5,\"name\":\"SDG 14 Life Below Water\"}]},{\"@type\":\"WebSite\",\"@id\":\"https:\\\/\\\/ibvmunngo.org\\\/es\\\/#website\",\"url\":\"https:\\\/\\\/ibvmunngo.org\\\/es\\\/\",\"name\":\"Institute of the Blessed Virgin Mary \u2013 Loreto\",\"description\":\"NGO ASSOCIATED WITH ECOSOC AT THE UNITED NATIONS\",\"publisher\":{\"@id\":\"https:\\\/\\\/ibvmunngo.org\\\/es\\\/#organization\"},\"potentialAction\":[{\"@type\":\"SearchAction\",\"target\":{\"@type\":\"EntryPoint\",\"urlTemplate\":\"https:\\\/\\\/ibvmunngo.org\\\/es\\\/?s={search_term_string}\"},\"query-input\":{\"@type\":\"PropertyValueSpecification\",\"valueRequired\":true,\"valueName\":\"search_term_string\"}}],\"inLanguage\":\"pt-BR\"},{\"@type\":\"Organization\",\"@id\":\"https:\\\/\\\/ibvmunngo.org\\\/es\\\/#organization\",\"name\":\"Institute of the Blessed Virgin Mary \u2013 Loreto\",\"url\":\"https:\\\/\\\/ibvmunngo.org\\\/es\\\/\",\"logo\":{\"@type\":\"ImageObject\",\"inLanguage\":\"pt-BR\",\"@id\":\"https:\\\/\\\/ibvmunngo.org\\\/es\\\/#\\\/schema\\\/logo\\\/image\\\/\",\"url\":\"https:\\\/\\\/ibvmunngo.org\\\/wp-content\\\/uploads\\\/2020\\\/10\\\/Logo_IBVM_UN_1.png\",\"contentUrl\":\"https:\\\/\\\/ibvmunngo.org\\\/wp-content\\\/uploads\\\/2020\\\/10\\\/Logo_IBVM_UN_1.png\",\"width\":200,\"height\":144,\"caption\":\"Institute of the Blessed Virgin Mary \u2013 Loreto\"},\"image\":{\"@id\":\"https:\\\/\\\/ibvmunngo.org\\\/es\\\/#\\\/schema\\\/logo\\\/image\\\/\"}}]}<\/script>\n<!-- \/ Yoast SEO plugin. -->","yoast_head_json":{"title":"ODS 14 Vida Submarina - Instituto da Bem-Aventurada Virgem Maria \u2013 Loreto","robots":{"index":"index","follow":"follow","max-snippet":"max-snippet:-1","max-image-preview":"max-image-preview:large","max-video-preview":"max-video-preview:-1"},"canonical":"https:\/\/ibvmunngo.org\/pt\/ibvm-cj-at-the-un\/objetivos-globais-ods\/objetivos-de-desenvolvimento-sustentavel-nossa-contribuicao\/ods-14-vida-abaixo-da-agua\/","og_locale":"pt_BR","og_type":"article","og_title":"SDG 14 Life Below Water - Institute of the Blessed Virgin Mary \u2013 Loreto","og_description":"Conserve and sustainably use the oceans, seas and marine resources for sustainable development What is more, marine life in rivers, lakes, seas and oceans, which feeds a great part of the world\u2019s population, is affected by uncontrolled fishing, leading to a drastic depletion of certain species. &#8230; The growing problem of marine waste and the [&hellip;]","og_url":"https:\/\/ibvmunngo.org\/pt\/ibvm-cj-at-the-un\/objetivos-globais-ods\/objetivos-de-desenvolvimento-sustentavel-nossa-contribuicao\/ods-14-vida-abaixo-da-agua\/","og_site_name":"Institute of the Blessed Virgin Mary \u2013 Loreto","article_modified_time":"2021-08-25T05:45:04+00:00","og_image":[{"width":900,"height":400,"url":"https:\/\/ibvmunngo.org\/wp-content\/uploads\/2021\/03\/Life-Below-Water.png","type":"image\/png"}],"twitter_card":"summary_large_image","twitter_misc":{"Est. tempo de leitura":"1 minuto"},"schema":{"@context":"https:\/\/schema.org","@graph":[{"@type":"WebPage","@id":"https:\/\/ibvmunngo.org\/ibvm-cj-at-the-un\/global-goals-sdgs\/sustainable-development-goals-our-contribution\/sdg-14-life-below-water\/","url":"https:\/\/ibvmunngo.org\/ibvm-cj-at-the-un\/global-goals-sdgs\/sustainable-development-goals-our-contribution\/sdg-14-life-below-water\/","name":"ODS 14 Vida Submarina - Instituto da Bem-Aventurada Virgem Maria \u2013 Loreto","isPartOf":{"@id":"https:\/\/ibvmunngo.org\/es\/#website"},"primaryImageOfPage":{"@id":"https:\/\/ibvmunngo.org\/ibvm-cj-at-the-un\/global-goals-sdgs\/sustainable-development-goals-our-contribution\/sdg-14-life-below-water\/#primaryimage"},"image":{"@id":"https:\/\/ibvmunngo.org\/ibvm-cj-at-the-un\/global-goals-sdgs\/sustainable-development-goals-our-contribution\/sdg-14-life-below-water\/#primaryimage"},"thumbnailUrl":"https:\/\/ibvmunngo.org\/wp-content\/uploads\/2021\/03\/Life-Below-Water.png","datePublished":"2021-03-31T06:43:58+00:00","dateModified":"2021-08-25T05:45:04+00:00","breadcrumb":{"@id":"https:\/\/ibvmunngo.org\/ibvm-cj-at-the-un\/global-goals-sdgs\/sustainable-development-goals-our-contribution\/sdg-14-life-below-water\/#breadcrumb"},"inLanguage":"pt-BR","potentialAction":[{"@type":"ReadAction","target":["https:\/\/ibvmunngo.org\/ibvm-cj-at-the-un\/global-goals-sdgs\/sustainable-development-goals-our-contribution\/sdg-14-life-below-water\/"]}]},{"@type":"ImageObject","inLanguage":"pt-BR","@id":"https:\/\/ibvmunngo.org\/ibvm-cj-at-the-un\/global-goals-sdgs\/sustainable-development-goals-our-contribution\/sdg-14-life-below-water\/#primaryimage","url":"https:\/\/ibvmunngo.org\/wp-content\/uploads\/2021\/03\/Life-Below-Water.png","contentUrl":"https:\/\/ibvmunngo.org\/wp-content\/uploads\/2021\/03\/Life-Below-Water.png","width":900,"height":400},{"@type":"BreadcrumbList","@id":"https:\/\/ibvmunngo.org\/ibvm-cj-at-the-un\/global-goals-sdgs\/sustainable-development-goals-our-contribution\/sdg-14-life-below-water\/#breadcrumb","itemListElement":[{"@type":"ListItem","position":1,"name":"Home","item":"https:\/\/ibvmunngo.org\/es\/"},{"@type":"ListItem","position":2,"name":"Privado: IBVM\/CJ at the UN","item":"https:\/\/ibvmunngo.org\/es\/?page_id=14500"},{"@type":"ListItem","position":3,"name":"Sustainable Development Goals","item":"https:\/\/ibvmunngo.org\/es\/ibvm-cj-at-the-un\/objetivos-globales-osds\/"},{"@type":"ListItem","position":4,"name":"Our Contribution","item":"https:\/\/ibvmunngo.org\/ibvm-cj-at-the-un\/global-goals-sdgs\/sustainable-development-goals-our-contribution\/"},{"@type":"ListItem","position":5,"name":"SDG 14 Life Below Water"}]},{"@type":"WebSite","@id":"https:\/\/ibvmunngo.org\/es\/#website","url":"https:\/\/ibvmunngo.org\/es\/","name":"Instituto da Bem-Aventurada Virgem Maria \u2013 Loreto","description":"ONG ASSOCIADA AO ECOSOC NAS NA\u00c7\u00d5ES UNIDAS","publisher":{"@id":"https:\/\/ibvmunngo.org\/es\/#organization"},"potentialAction":[{"@type":"SearchAction","target":{"@type":"EntryPoint","urlTemplate":"https:\/\/ibvmunngo.org\/es\/?s={search_term_string}"},"query-input":{"@type":"PropertyValueSpecification","valueRequired":true,"valueName":"search_term_string"}}],"inLanguage":"pt-BR"},{"@type":"Organization","@id":"https:\/\/ibvmunngo.org\/es\/#organization","name":"Instituto da Bem-Aventurada Virgem Maria \u2013 Loreto","url":"https:\/\/ibvmunngo.org\/es\/","logo":{"@type":"ImageObject","inLanguage":"pt-BR","@id":"https:\/\/ibvmunngo.org\/es\/#\/schema\/logo\/image\/","url":"https:\/\/ibvmunngo.org\/wp-content\/uploads\/2020\/10\/Logo_IBVM_UN_1.png","contentUrl":"https:\/\/ibvmunngo.org\/wp-content\/uploads\/2020\/10\/Logo_IBVM_UN_1.png","width":200,"height":144,"caption":"Institute of the Blessed Virgin Mary \u2013 Loreto"},"image":{"@id":"https:\/\/ibvmunngo.org\/es\/#\/schema\/logo\/image\/"}}]}},"_links":{"self":[{"href":"https:\/\/ibvmunngo.org\/pt\/wp-json\/wp\/v2\/pages\/10096","targetHints":{"allow":["GET"]}}],"collection":[{"href":"https:\/\/ibvmunngo.org\/pt\/wp-json\/wp\/v2\/pages"}],"about":[{"href":"https:\/\/ibvmunngo.org\/pt\/wp-json\/wp\/v2\/types\/page"}],"author":[{"embeddable":true,"href":"https:\/\/ibvmunngo.org\/pt\/wp-json\/wp\/v2\/users\/6"}],"replies":[{"embeddable":true,"href":"https:\/\/ibvmunngo.org\/pt\/wp-json\/wp\/v2\/comments?post=10096"}],"version-history":[{"count":0,"href":"https:\/\/ibvmunngo.org\/pt\/wp-json\/wp\/v2\/pages\/10096\/revisions"}],"up":[{"embeddable":true,"href":"https:\/\/ibvmunngo.org\/pt\/wp-json\/wp\/v2\/pages\/6998"}],"wp:featuredmedia":[{"embeddable":true,"href":"https:\/\/ibvmunngo.org\/pt\/wp-json\/wp\/v2\/media\/10140"}],"wp:attachment":[{"href":"https:\/\/ibvmunngo.org\/pt\/wp-json\/wp\/v2\/media?parent=10096"}],"curies":[{"name":"wp","href":"https:\/\/api.w.org\/{rel}","templated":true}]}}