{"id":10122,"date":"2021-03-31T06:47:43","date_gmt":"2021-03-31T06:47:43","guid":{"rendered":"https:\/\/ibvmunngo.org\/?page_id=10122"},"modified":"2021-09-23T05:40:39","modified_gmt":"2021-09-23T05:40:39","slug":"ods-17-parcerias-para-os-objetivos","status":"publish","type":"page","link":"https:\/\/ibvmunngo.org\/pt\/ibvm-cj-at-the-un\/objetivos-globais-ods\/objetivos-de-desenvolvimento-sustentavel-nossa-contribuicao\/ods-17-parcerias-para-os-objetivos\/","title":{"rendered":"ODS 17 Parcerias para os Objetivos"},"content":{"rendered":"<div data-elementor-type=\"wp-page\" data-elementor-id=\"10122\" class=\"elementor elementor-10122\" data-elementor-post-type=\"page\">\n\t\t\t\t\t\t<section class=\"elementor-section elementor-top-section elementor-element elementor-element-a4270a2 elementor-section-boxed elementor-section-height-default elementor-section-height-default\" data-id=\"a4270a2\" data-element_type=\"section\" data-e-type=\"section\">\n\t\t\t\t\t\t<div class=\"elementor-container elementor-column-gap-default\">\n\t\t\t\t\t<div class=\"elementor-column elementor-col-100 elementor-top-column elementor-element elementor-element-510f24d\" data-id=\"510f24d\" data-element_type=\"column\" data-e-type=\"column\">\n\t\t\t<div class=\"elementor-widget-wrap elementor-element-populated\">\n\t\t\t\t\t\t<div class=\"elementor-element elementor-element-87a8254 elementor-widget elementor-widget-heading\" data-id=\"87a8254\" data-element_type=\"widget\" data-e-type=\"widget\" data-widget_type=\"heading.default\">\n\t\t\t\t<div class=\"elementor-widget-container\">\n\t\t\t\t\t<h2 class=\"elementor-heading-title elementor-size-default\">Fortalecer os meios de implementa\u00e7\u00e3o e revitalizar a parceria global para o desenvolvimento sustent\u00e1vel<\/h2>\t\t\t\t<\/div>\n\t\t\t\t<\/div>\n\t\t\t\t\t<\/div>\n\t\t<\/div>\n\t\t\t\t\t<\/div>\n\t\t<\/section>\n\t\t\t\t<section class=\"elementor-section elementor-top-section elementor-element elementor-element-05d606d elementor-section-boxed elementor-section-height-default elementor-section-height-default\" data-id=\"05d606d\" data-element_type=\"section\" data-e-type=\"section\">\n\t\t\t\t\t\t<div class=\"elementor-container elementor-column-gap-default\">\n\t\t\t\t\t<div class=\"elementor-column elementor-col-100 elementor-top-column elementor-element elementor-element-e46679e\" data-id=\"e46679e\" data-element_type=\"column\" data-e-type=\"column\">\n\t\t\t<div class=\"elementor-widget-wrap elementor-element-populated\">\n\t\t\t\t\t\t<div class=\"elementor-element elementor-element-da26e07 elementor-blockquote--skin-quotation elementor-blockquote--align-center elementor-blockquote--button-view-icon-text elementor-blockquote--button-skin-classic elementor-widget elementor-widget-blockquote\" data-id=\"da26e07\" data-element_type=\"widget\" data-e-type=\"widget\" data-widget_type=\"blockquote.default\">\n\t\t\t\t<div class=\"elementor-widget-container\">\n\t\t\t\t\t\t\t<blockquote class=\"elementor-blockquote\">\n\t\t\t<p class=\"elementor-blockquote__content\">\n\t\t\t\tTodos n\u00f3s podemos cooperar como instrumentos de Deus no cuidado de toda a cria\u00e7\u00e3o, cada um de acordo com a sua cultura, experi\u00eancia, envolvimentos e talentos. ... As estrat\u00e9gias para uma solu\u00e7\u00e3o exigem uma abordagem integrada para combater a pobreza, restaurar a dignidade dos exclu\u00eddos e, ao mesmo tempo, proteger a natureza.\t\t\t<\/p>\n\t\t\t\t\t\t\t<div class=\"e-q-footer\">\n\t\t\t\t\t\t\t\t\t\t\t<cite class=\"elementor-blockquote__author\">Laudato Si, 14; 139<\/cite>\n\t\t\t\t\t\t\t\t\t\t\t\t\t\t\t\t<a href=\"https:\/\/twitter.com\/intent\/tweet?text=Todos+podemos+cooperar+como+instrumentos+de+Dios+para+el+cuidado+de+toda+la+creaci%C3%B3n%2C+cada+uno+seg%C3%BAn+su+propia+cultura%2C+experiencia%2C+implicaciones+y+talentos.+...+Las+estrategias+de+soluci%C3%B3n+exigen+un+enfoque+integrado+para+combatir+la+pobreza%2C+devolver+la+dignidad+a+los+excluidos+y%2C+al+mismo+tiempo%2C+proteger+la+naturaleza.+%E2%80%94+Laudato+Si%2C+14%3B+139&amp;url=https%3A%2F%2Fibvmunngo.org%2Fes%2Fibvm-cj-at-the-un%2Fglobal-goals-sdgs%2Fsustainable-development-goals-our-contribution%2Fsdg-17-partnerships-for-the-goals%2F\" class=\"elementor-blockquote__tweet-button\" target=\"_blank\">\n\t\t\t\t\t\t\t\t\t\t\t\t\t\t\t<i aria-hidden=\"true\" class=\"fab fa-twitter\"><\/i>\t\t\t\t\t\t\t\t\t\t\t\t\t\t\t\t\t\t\t\t\t\t\t\t\t\t\t\t\t\t<span class=\"elementor-blockquote__tweet-label\">Tuitar<\/span>\n\t\t\t\t\t\t\t\t\t\t\t\t\t<\/a>\n\t\t\t\t\t\t\t\t\t<\/div>\n\t\t\t\t\t<\/blockquote>\n\t\t\t\t\t\t<\/div>\n\t\t\t\t<\/div>\n\t\t\t\t\t<\/div>\n\t\t<\/div>\n\t\t\t\t\t<\/div>\n\t\t<\/section>\n\t\t\t\t<section class=\"elementor-section elementor-top-section elementor-element elementor-element-b199891 elementor-section-boxed elementor-section-height-default elementor-section-height-default\" data-id=\"b199891\" data-element_type=\"section\" data-e-type=\"section\">\n\t\t\t\t\t\t<div class=\"elementor-container elementor-column-gap-default\">\n\t\t\t\t\t<div class=\"elementor-column elementor-col-100 elementor-top-column elementor-element elementor-element-e9e9768\" data-id=\"e9e9768\" data-element_type=\"column\" data-e-type=\"column\">\n\t\t\t<div class=\"elementor-widget-wrap elementor-element-populated\">\n\t\t\t\t\t\t<div class=\"elementor-element elementor-element-931effe elementor-widget elementor-widget-text-editor\" data-id=\"931effe\" data-element_type=\"widget\" data-e-type=\"widget\" data-widget_type=\"text-editor.default\">\n\t\t\t\t<div class=\"elementor-widget-container\">\n\t\t\t\t\t\t\t\t\t<h3>Fam\u00edlia Global Mary Ward Trabalhando Juntas pelos ODS<\/h3><p>As quest\u00f5es do com\u00e9rcio justo, da distribui\u00e7\u00e3o econ\u00f3mica, da imigra\u00e7\u00e3o, do tr\u00e1fico de seres humanos, da pobreza e da crise clim\u00e1tica s\u00e3o desafios modernos que exigem esfor\u00e7os concertados de todos. A nossa rede global de membros, estudantes, professores, funcion\u00e1rios e associados est\u00e1 a trabalhar em conjunto e em colabora\u00e7\u00e3o com organiza\u00e7\u00f5es com ideias semelhantes para um mundo mais humano, justo e sustent\u00e1vel.<\/p><p>Saiba mais em\u00a0<a href=\"https:\/\/www.marywardjpic.org\/\" target=\"_blank\" rel=\"noopener\"><strong>Escrit\u00f3rio JPIC de Mary Ward<\/strong><\/a> local na rede Internet.<\/p>\t\t\t\t\t\t\t\t<\/div>\n\t\t\t\t<\/div>\n\t\t\t\t\t<\/div>\n\t\t<\/div>\n\t\t\t\t\t<\/div>\n\t\t<\/section>\n\t\t\t\t<section class=\"elementor-section elementor-top-section elementor-element elementor-element-f555a49 elementor-section-boxed elementor-section-height-default elementor-section-height-default\" data-id=\"f555a49\" data-element_type=\"section\" data-e-type=\"section\">\n\t\t\t\t\t\t<div class=\"elementor-container elementor-column-gap-default\">\n\t\t\t\t\t<div class=\"elementor-column elementor-col-100 elementor-top-column elementor-element elementor-element-9a58970\" data-id=\"9a58970\" data-element_type=\"column\" data-e-type=\"column\">\n\t\t\t<div class=\"elementor-widget-wrap elementor-element-populated\">\n\t\t\t\t\t\t<div class=\"elementor-element elementor-element-7972ca2 elementor-widget elementor-widget-text-editor\" data-id=\"7972ca2\" data-element_type=\"widget\" data-e-type=\"widget\" data-widget_type=\"text-editor.default\">\n\t\t\t\t<div class=\"elementor-widget-container\">\n\t\t\t\t\t\t\t\t\t<h3>Parceria para o Desenvolvimento Sustent\u00e1vel<\/h3><p>As Irm\u00e3s IBVM Loreto que trabalham com outras organiza\u00e7\u00f5es de caridade partilham como as suas comunidades foram afetadas pela Covid 19. Trabalhando em colabora\u00e7\u00e3o com membros da comunidade, grupos e organiza\u00e7\u00f5es locais e internacionais, as pessoas foram apoiadas durante este per\u00edodo mais dif\u00edcil.<\/p><p>Leia suas hist\u00f3rias <a href=\"https:\/\/ibvmunngo.org\/wp-content\/uploads\/2021\/09\/SDG-IBVM-Partnerships-3.pdf\">aqui<\/a>.\u00a0<\/p>\t\t\t\t\t\t\t\t<\/div>\n\t\t\t\t<\/div>\n\t\t\t\t\t<\/div>\n\t\t<\/div>\n\t\t\t\t\t<\/div>\n\t\t<\/section>\n\t\t\t\t<section class=\"elementor-section elementor-top-section elementor-element elementor-element-cf69105 elementor-section-boxed elementor-section-height-default elementor-section-height-default\" data-id=\"cf69105\" data-element_type=\"section\" data-e-type=\"section\">\n\t\t\t\t\t\t<div class=\"elementor-container elementor-column-gap-default\">\n\t\t\t\t\t<div class=\"elementor-column elementor-col-100 elementor-top-column elementor-element elementor-element-2fe4033\" data-id=\"2fe4033\" data-element_type=\"column\" data-e-type=\"column\">\n\t\t\t<div class=\"elementor-widget-wrap elementor-element-populated\">\n\t\t\t\t\t\t<div class=\"elementor-element elementor-element-c3be144 elementor-widget elementor-widget-text-editor\" data-id=\"c3be144\" data-element_type=\"widget\" data-e-type=\"widget\" data-widget_type=\"text-editor.default\">\n\t\t\t\t<div class=\"elementor-widget-container\">\n\t\t\t\t\t\t\t\t\t<p><i>Imagem de destaque: &#8216;A Regra de Ouro&#8217; (tamb\u00e9m conhecido como Do Unto Others) por Norman Rockwell. Capturado pela Irm\u00e3 Janet Palafox ibvm nas Na\u00e7\u00f5es Unidas, sede em Nova York.<\/i><\/p>\t\t\t\t\t\t\t\t<\/div>\n\t\t\t\t<\/div>\n\t\t\t\t\t<\/div>\n\t\t<\/div>\n\t\t\t\t\t<\/div>\n\t\t<\/section>\n\t\t\t\t<\/div>","protected":false},"excerpt":{"rendered":"<p>Strengthen the means of implementation and revitalize the global partnership for sustainable development All of us can cooperate as instruments of God for the care of all creation, each according to his or her own culture, experience, involvements and talents. &#8230; Strategies for a solution demand an integrated approach to combating poverty, restoring dignity to [&hellip;]<\/p>\n","protected":false},"author":6,"featured_media":17746,"parent":6998,"menu_order":0,"comment_status":"closed","ping_status":"closed","template":"","meta":{"footnotes":""},"class_list":["post-10122","page","type-page","status-publish","has-post-thumbnail","hentry"],"yoast_head":"<!-- This site is optimized with the Yoast SEO plugin v27.3 - https:\/\/yoast.com\/product\/yoast-seo-wordpress\/ -->\n<title>SDG 17 Partnerships for the Goals - Institute of the Blessed Virgin Mary \u2013 Loreto<\/title>\n<meta name=\"robots\" content=\"index, follow, max-snippet:-1, max-image-preview:large, max-video-preview:-1\" \/>\n<link rel=\"canonical\" href=\"https:\/\/ibvmunngo.org\/pt\/ibvm-cj-at-the-un\/objetivos-globais-ods\/objetivos-de-desenvolvimento-sustentavel-nossa-contribuicao\/ods-17-parcerias-para-os-objetivos\/\" \/>\n<meta property=\"og:locale\" content=\"pt_BR\" \/>\n<meta property=\"og:type\" content=\"article\" \/>\n<meta property=\"og:title\" content=\"SDG 17 Partnerships for the Goals - Institute of the Blessed Virgin Mary \u2013 Loreto\" \/>\n<meta property=\"og:description\" content=\"Strengthen the means of implementation and revitalize the global partnership for sustainable development All of us can cooperate as instruments of God for the care of all creation, each according to his or her own culture, experience, involvements and talents. &#8230; Strategies for a solution demand an integrated approach to combating poverty, restoring dignity to [&hellip;]\" \/>\n<meta property=\"og:url\" content=\"https:\/\/ibvmunngo.org\/pt\/ibvm-cj-at-the-un\/objetivos-globais-ods\/objetivos-de-desenvolvimento-sustentavel-nossa-contribuicao\/ods-17-parcerias-para-os-objetivos\/\" \/>\n<meta property=\"og:site_name\" content=\"Institute of the Blessed Virgin Mary \u2013 Loreto\" \/>\n<meta property=\"article:modified_time\" content=\"2021-09-23T05:40:39+00:00\" \/>\n<meta property=\"og:image\" content=\"https:\/\/ibvmunngo.org\/wp-content\/uploads\/2021\/07\/Web-Banner-Photos-2.png\" \/>\n\t<meta property=\"og:image:width\" content=\"900\" \/>\n\t<meta property=\"og:image:height\" content=\"400\" \/>\n\t<meta property=\"og:image:type\" content=\"image\/png\" \/>\n<meta name=\"twitter:card\" content=\"summary_large_image\" \/>\n<meta name=\"twitter:label1\" content=\"Est. tempo de leitura\" \/>\n\t<meta name=\"twitter:data1\" content=\"1 minuto\" \/>\n<script type=\"application\/ld+json\" class=\"yoast-schema-graph\">{\"@context\":\"https:\\\/\\\/schema.org\",\"@graph\":[{\"@type\":\"WebPage\",\"@id\":\"https:\\\/\\\/ibvmunngo.org\\\/ibvm-cj-at-the-un\\\/global-goals-sdgs\\\/sustainable-development-goals-our-contribution\\\/sdg-17-partnerships-for-the-goals\\\/\",\"url\":\"https:\\\/\\\/ibvmunngo.org\\\/ibvm-cj-at-the-un\\\/global-goals-sdgs\\\/sustainable-development-goals-our-contribution\\\/sdg-17-partnerships-for-the-goals\\\/\",\"name\":\"SDG 17 Partnerships for the Goals - Institute of the Blessed Virgin Mary \u2013 Loreto\",\"isPartOf\":{\"@id\":\"https:\\\/\\\/ibvmunngo.org\\\/es\\\/#website\"},\"primaryImageOfPage\":{\"@id\":\"https:\\\/\\\/ibvmunngo.org\\\/ibvm-cj-at-the-un\\\/global-goals-sdgs\\\/sustainable-development-goals-our-contribution\\\/sdg-17-partnerships-for-the-goals\\\/#primaryimage\"},\"image\":{\"@id\":\"https:\\\/\\\/ibvmunngo.org\\\/ibvm-cj-at-the-un\\\/global-goals-sdgs\\\/sustainable-development-goals-our-contribution\\\/sdg-17-partnerships-for-the-goals\\\/#primaryimage\"},\"thumbnailUrl\":\"https:\\\/\\\/ibvmunngo.org\\\/wp-content\\\/uploads\\\/2021\\\/07\\\/Web-Banner-Photos-2.png\",\"datePublished\":\"2021-03-31T06:47:43+00:00\",\"dateModified\":\"2021-09-23T05:40:39+00:00\",\"breadcrumb\":{\"@id\":\"https:\\\/\\\/ibvmunngo.org\\\/ibvm-cj-at-the-un\\\/global-goals-sdgs\\\/sustainable-development-goals-our-contribution\\\/sdg-17-partnerships-for-the-goals\\\/#breadcrumb\"},\"inLanguage\":\"pt-BR\",\"potentialAction\":[{\"@type\":\"ReadAction\",\"target\":[\"https:\\\/\\\/ibvmunngo.org\\\/ibvm-cj-at-the-un\\\/global-goals-sdgs\\\/sustainable-development-goals-our-contribution\\\/sdg-17-partnerships-for-the-goals\\\/\"]}]},{\"@type\":\"ImageObject\",\"inLanguage\":\"pt-BR\",\"@id\":\"https:\\\/\\\/ibvmunngo.org\\\/ibvm-cj-at-the-un\\\/global-goals-sdgs\\\/sustainable-development-goals-our-contribution\\\/sdg-17-partnerships-for-the-goals\\\/#primaryimage\",\"url\":\"https:\\\/\\\/ibvmunngo.org\\\/wp-content\\\/uploads\\\/2021\\\/07\\\/Web-Banner-Photos-2.png\",\"contentUrl\":\"https:\\\/\\\/ibvmunngo.org\\\/wp-content\\\/uploads\\\/2021\\\/07\\\/Web-Banner-Photos-2.png\",\"width\":900,\"height\":400},{\"@type\":\"BreadcrumbList\",\"@id\":\"https:\\\/\\\/ibvmunngo.org\\\/ibvm-cj-at-the-un\\\/global-goals-sdgs\\\/sustainable-development-goals-our-contribution\\\/sdg-17-partnerships-for-the-goals\\\/#breadcrumb\",\"itemListElement\":[{\"@type\":\"ListItem\",\"position\":1,\"name\":\"Home\",\"item\":\"https:\\\/\\\/ibvmunngo.org\\\/es\\\/\"},{\"@type\":\"ListItem\",\"position\":2,\"name\":\"Privado: IBVM\\\/CJ at the UN\",\"item\":\"https:\\\/\\\/ibvmunngo.org\\\/es\\\/?page_id=14500\"},{\"@type\":\"ListItem\",\"position\":3,\"name\":\"Sustainable Development Goals\",\"item\":\"https:\\\/\\\/ibvmunngo.org\\\/es\\\/ibvm-cj-at-the-un\\\/objetivos-globales-osds\\\/\"},{\"@type\":\"ListItem\",\"position\":4,\"name\":\"Our Contribution\",\"item\":\"https:\\\/\\\/ibvmunngo.org\\\/ibvm-cj-at-the-un\\\/global-goals-sdgs\\\/sustainable-development-goals-our-contribution\\\/\"},{\"@type\":\"ListItem\",\"position\":5,\"name\":\"SDG 17 Partnerships for the Goals\"}]},{\"@type\":\"WebSite\",\"@id\":\"https:\\\/\\\/ibvmunngo.org\\\/es\\\/#website\",\"url\":\"https:\\\/\\\/ibvmunngo.org\\\/es\\\/\",\"name\":\"Institute of the Blessed Virgin Mary \u2013 Loreto\",\"description\":\"NGO ASSOCIATED WITH ECOSOC AT THE UNITED NATIONS\",\"publisher\":{\"@id\":\"https:\\\/\\\/ibvmunngo.org\\\/es\\\/#organization\"},\"potentialAction\":[{\"@type\":\"SearchAction\",\"target\":{\"@type\":\"EntryPoint\",\"urlTemplate\":\"https:\\\/\\\/ibvmunngo.org\\\/es\\\/?s={search_term_string}\"},\"query-input\":{\"@type\":\"PropertyValueSpecification\",\"valueRequired\":true,\"valueName\":\"search_term_string\"}}],\"inLanguage\":\"pt-BR\"},{\"@type\":\"Organization\",\"@id\":\"https:\\\/\\\/ibvmunngo.org\\\/es\\\/#organization\",\"name\":\"Institute of the Blessed Virgin Mary \u2013 Loreto\",\"url\":\"https:\\\/\\\/ibvmunngo.org\\\/es\\\/\",\"logo\":{\"@type\":\"ImageObject\",\"inLanguage\":\"pt-BR\",\"@id\":\"https:\\\/\\\/ibvmunngo.org\\\/es\\\/#\\\/schema\\\/logo\\\/image\\\/\",\"url\":\"https:\\\/\\\/ibvmunngo.org\\\/wp-content\\\/uploads\\\/2020\\\/10\\\/Logo_IBVM_UN_1.png\",\"contentUrl\":\"https:\\\/\\\/ibvmunngo.org\\\/wp-content\\\/uploads\\\/2020\\\/10\\\/Logo_IBVM_UN_1.png\",\"width\":200,\"height\":144,\"caption\":\"Institute of the Blessed Virgin Mary \u2013 Loreto\"},\"image\":{\"@id\":\"https:\\\/\\\/ibvmunngo.org\\\/es\\\/#\\\/schema\\\/logo\\\/image\\\/\"}}]}<\/script>\n<!-- \/ Yoast SEO plugin. -->","yoast_head_json":{"title":"ODS 17 Parcerias para os Objetivos - Instituto da Bem-Aventurada Virgem Maria \u2013 Loreto","robots":{"index":"index","follow":"follow","max-snippet":"max-snippet:-1","max-image-preview":"max-image-preview:large","max-video-preview":"max-video-preview:-1"},"canonical":"https:\/\/ibvmunngo.org\/pt\/ibvm-cj-at-the-un\/objetivos-globais-ods\/objetivos-de-desenvolvimento-sustentavel-nossa-contribuicao\/ods-17-parcerias-para-os-objetivos\/","og_locale":"pt_BR","og_type":"article","og_title":"SDG 17 Partnerships for the Goals - Institute of the Blessed Virgin Mary \u2013 Loreto","og_description":"Strengthen the means of implementation and revitalize the global partnership for sustainable development All of us can cooperate as instruments of God for the care of all creation, each according to his or her own culture, experience, involvements and talents. &#8230; Strategies for a solution demand an integrated approach to combating poverty, restoring dignity to [&hellip;]","og_url":"https:\/\/ibvmunngo.org\/pt\/ibvm-cj-at-the-un\/objetivos-globais-ods\/objetivos-de-desenvolvimento-sustentavel-nossa-contribuicao\/ods-17-parcerias-para-os-objetivos\/","og_site_name":"Institute of the Blessed Virgin Mary \u2013 Loreto","article_modified_time":"2021-09-23T05:40:39+00:00","og_image":[{"width":900,"height":400,"url":"https:\/\/ibvmunngo.org\/wp-content\/uploads\/2021\/07\/Web-Banner-Photos-2.png","type":"image\/png"}],"twitter_card":"summary_large_image","twitter_misc":{"Est. tempo de leitura":"1 minuto"},"schema":{"@context":"https:\/\/schema.org","@graph":[{"@type":"WebPage","@id":"https:\/\/ibvmunngo.org\/ibvm-cj-at-the-un\/global-goals-sdgs\/sustainable-development-goals-our-contribution\/sdg-17-partnerships-for-the-goals\/","url":"https:\/\/ibvmunngo.org\/ibvm-cj-at-the-un\/global-goals-sdgs\/sustainable-development-goals-our-contribution\/sdg-17-partnerships-for-the-goals\/","name":"ODS 17 Parcerias para os Objetivos - Instituto da Bem-Aventurada Virgem Maria \u2013 Loreto","isPartOf":{"@id":"https:\/\/ibvmunngo.org\/es\/#website"},"primaryImageOfPage":{"@id":"https:\/\/ibvmunngo.org\/ibvm-cj-at-the-un\/global-goals-sdgs\/sustainable-development-goals-our-contribution\/sdg-17-partnerships-for-the-goals\/#primaryimage"},"image":{"@id":"https:\/\/ibvmunngo.org\/ibvm-cj-at-the-un\/global-goals-sdgs\/sustainable-development-goals-our-contribution\/sdg-17-partnerships-for-the-goals\/#primaryimage"},"thumbnailUrl":"https:\/\/ibvmunngo.org\/wp-content\/uploads\/2021\/07\/Web-Banner-Photos-2.png","datePublished":"2021-03-31T06:47:43+00:00","dateModified":"2021-09-23T05:40:39+00:00","breadcrumb":{"@id":"https:\/\/ibvmunngo.org\/ibvm-cj-at-the-un\/global-goals-sdgs\/sustainable-development-goals-our-contribution\/sdg-17-partnerships-for-the-goals\/#breadcrumb"},"inLanguage":"pt-BR","potentialAction":[{"@type":"ReadAction","target":["https:\/\/ibvmunngo.org\/ibvm-cj-at-the-un\/global-goals-sdgs\/sustainable-development-goals-our-contribution\/sdg-17-partnerships-for-the-goals\/"]}]},{"@type":"ImageObject","inLanguage":"pt-BR","@id":"https:\/\/ibvmunngo.org\/ibvm-cj-at-the-un\/global-goals-sdgs\/sustainable-development-goals-our-contribution\/sdg-17-partnerships-for-the-goals\/#primaryimage","url":"https:\/\/ibvmunngo.org\/wp-content\/uploads\/2021\/07\/Web-Banner-Photos-2.png","contentUrl":"https:\/\/ibvmunngo.org\/wp-content\/uploads\/2021\/07\/Web-Banner-Photos-2.png","width":900,"height":400},{"@type":"BreadcrumbList","@id":"https:\/\/ibvmunngo.org\/ibvm-cj-at-the-un\/global-goals-sdgs\/sustainable-development-goals-our-contribution\/sdg-17-partnerships-for-the-goals\/#breadcrumb","itemListElement":[{"@type":"ListItem","position":1,"name":"Home","item":"https:\/\/ibvmunngo.org\/es\/"},{"@type":"ListItem","position":2,"name":"Privado: IBVM\/CJ at the UN","item":"https:\/\/ibvmunngo.org\/es\/?page_id=14500"},{"@type":"ListItem","position":3,"name":"Sustainable Development Goals","item":"https:\/\/ibvmunngo.org\/es\/ibvm-cj-at-the-un\/objetivos-globales-osds\/"},{"@type":"ListItem","position":4,"name":"Our Contribution","item":"https:\/\/ibvmunngo.org\/ibvm-cj-at-the-un\/global-goals-sdgs\/sustainable-development-goals-our-contribution\/"},{"@type":"ListItem","position":5,"name":"SDG 17 Partnerships for the Goals"}]},{"@type":"WebSite","@id":"https:\/\/ibvmunngo.org\/es\/#website","url":"https:\/\/ibvmunngo.org\/es\/","name":"Instituto da Bem-Aventurada Virgem Maria \u2013 Loreto","description":"ONG ASSOCIADA AO ECOSOC NAS NA\u00c7\u00d5ES UNIDAS","publisher":{"@id":"https:\/\/ibvmunngo.org\/es\/#organization"},"potentialAction":[{"@type":"SearchAction","target":{"@type":"EntryPoint","urlTemplate":"https:\/\/ibvmunngo.org\/es\/?s={search_term_string}"},"query-input":{"@type":"PropertyValueSpecification","valueRequired":true,"valueName":"search_term_string"}}],"inLanguage":"pt-BR"},{"@type":"Organization","@id":"https:\/\/ibvmunngo.org\/es\/#organization","name":"Instituto da Bem-Aventurada Virgem Maria \u2013 Loreto","url":"https:\/\/ibvmunngo.org\/es\/","logo":{"@type":"ImageObject","inLanguage":"pt-BR","@id":"https:\/\/ibvmunngo.org\/es\/#\/schema\/logo\/image\/","url":"https:\/\/ibvmunngo.org\/wp-content\/uploads\/2020\/10\/Logo_IBVM_UN_1.png","contentUrl":"https:\/\/ibvmunngo.org\/wp-content\/uploads\/2020\/10\/Logo_IBVM_UN_1.png","width":200,"height":144,"caption":"Institute of the Blessed Virgin Mary \u2013 Loreto"},"image":{"@id":"https:\/\/ibvmunngo.org\/es\/#\/schema\/logo\/image\/"}}]}},"_links":{"self":[{"href":"https:\/\/ibvmunngo.org\/pt\/wp-json\/wp\/v2\/pages\/10122","targetHints":{"allow":["GET"]}}],"collection":[{"href":"https:\/\/ibvmunngo.org\/pt\/wp-json\/wp\/v2\/pages"}],"about":[{"href":"https:\/\/ibvmunngo.org\/pt\/wp-json\/wp\/v2\/types\/page"}],"author":[{"embeddable":true,"href":"https:\/\/ibvmunngo.org\/pt\/wp-json\/wp\/v2\/users\/6"}],"replies":[{"embeddable":true,"href":"https:\/\/ibvmunngo.org\/pt\/wp-json\/wp\/v2\/comments?post=10122"}],"version-history":[{"count":0,"href":"https:\/\/ibvmunngo.org\/pt\/wp-json\/wp\/v2\/pages\/10122\/revisions"}],"up":[{"embeddable":true,"href":"https:\/\/ibvmunngo.org\/pt\/wp-json\/wp\/v2\/pages\/6998"}],"wp:featuredmedia":[{"embeddable":true,"href":"https:\/\/ibvmunngo.org\/pt\/wp-json\/wp\/v2\/media\/17746"}],"wp:attachment":[{"href":"https:\/\/ibvmunngo.org\/pt\/wp-json\/wp\/v2\/media?parent=10122"}],"curies":[{"name":"wp","href":"https:\/\/api.w.org\/{rel}","templated":true}]}}