{"id":1912,"date":"2019-05-03T19:14:53","date_gmt":"2019-05-03T19:14:53","guid":{"rendered":"http:\/\/ibvmunngo.org\/?page_id=1912"},"modified":"2024-10-27T03:53:15","modified_gmt":"2024-10-27T03:53:15","slug":"declaracao-de-missao","status":"publish","type":"page","link":"https:\/\/ibvmunngo.org\/pt\/sobre\/declaracao-de-missao\/","title":{"rendered":"Nossa miss\u00e3o"},"content":{"rendered":"<div data-elementor-type=\"wp-page\" data-elementor-id=\"1912\" class=\"elementor elementor-1912\" data-elementor-post-type=\"page\">\n\t\t\t\t\t\t<section class=\"elementor-section elementor-top-section elementor-element elementor-element-134ed79 elementor-section-boxed elementor-section-height-default elementor-section-height-default\" data-id=\"134ed79\" data-element_type=\"section\" data-e-type=\"section\">\n\t\t\t\t\t\t<div class=\"elementor-container elementor-column-gap-default\">\n\t\t\t\t\t<div class=\"elementor-column elementor-col-100 elementor-top-column elementor-element elementor-element-07d17db\" data-id=\"07d17db\" data-element_type=\"column\" data-e-type=\"column\">\n\t\t\t<div class=\"elementor-widget-wrap elementor-element-populated\">\n\t\t\t\t\t\t<div class=\"elementor-element elementor-element-64e3a0f elementor-blockquote--skin-quotation elementor-blockquote--align-center elementor-blockquote--button-view-icon-text elementor-blockquote--button-skin-classic elementor-widget elementor-widget-blockquote\" data-id=\"64e3a0f\" data-element_type=\"widget\" data-e-type=\"widget\" data-widget_type=\"blockquote.default\">\n\t\t\t\t<div class=\"elementor-widget-container\">\n\t\t\t\t\t\t\t<blockquote class=\"elementor-blockquote\">\n\t\t\t<p class=\"elementor-blockquote__content\">\n\t\t\t\t<span style=\"white-space: normal\">O Instituto da Bem-Aventurada Virgem Maria (IBVM) e a Congrega\u00e7\u00e3o de Jesus (CJ) est\u00e3o presentes na Organiza\u00e7\u00e3o das Na\u00e7\u00f5es Unidas (ONU) para promover um mundo mais humano, justo e sustent\u00e1vel.<\/span>\t\t\t<\/p>\n\t\t\t\t\t\t\t<div class=\"e-q-footer\">\n\t\t\t\t\t\t\t\t\t\t\t<cite class=\"elementor-blockquote__author\">Declara\u00e7\u00e3o de Miss\u00e3o da ONG IBVM\/CJ<\/cite>\n\t\t\t\t\t\t\t\t\t\t\t\t\t\t\t\t<a href=\"https:\/\/twitter.com\/intent\/tweet?text=%3Cspan+style%3D%22caret-color%3A+rgb%28239%2C+154%2C+41%29%3B+color%3A+rgb%28239%2C+154%2C+41%29%3B+white-space%3A+normal%3B%22%3EL%26%23039%3BInstitut+de+la+Bienheureuse+Vierge+Marie+%28IBVM%29+et+la+Congr%C3%A9gation+de+J%C3%A9sus+%28CJ%29+sont+pr%C3%A9sents+aux+Nations+Unies+%28ONU%29+pour+promouvoir+un+monde+plus+humain%2C+plus+juste+et+plus+durable.%3C%2Fspan%3E+%E2%80%94+D%C3%A9claration+de+mission+de+l%26%23039%3BONG+IBVM%2FCJ&amp;url=https%3A%2F%2Fibvmunngo.org%2Ffr%2Fabout%2Fmission-statement%2F\" class=\"elementor-blockquote__tweet-button\" target=\"_blank\">\n\t\t\t\t\t\t\t\t\t\t\t\t\t\t\t<i aria-hidden=\"true\" class=\"fab fa-twitter\"><\/i>\t\t\t\t\t\t\t\t\t\t\t\t\t\t\t\t\t\t\t\t\t\t\t\t\t\t\t\t\t\t<span class=\"elementor-blockquote__tweet-label\">Tuitar<\/span>\n\t\t\t\t\t\t\t\t\t\t\t\t\t<\/a>\n\t\t\t\t\t\t\t\t\t<\/div>\n\t\t\t\t\t<\/blockquote>\n\t\t\t\t\t\t<\/div>\n\t\t\t\t<\/div>\n\t\t\t\t\t<\/div>\n\t\t<\/div>\n\t\t\t\t\t<\/div>\n\t\t<\/section>\n\t\t\t\t<section class=\"elementor-section elementor-top-section elementor-element elementor-element-539b9486 elementor-section-boxed elementor-section-height-default elementor-section-height-default\" data-id=\"539b9486\" data-element_type=\"section\" data-e-type=\"section\">\n\t\t\t\t\t\t<div class=\"elementor-container elementor-column-gap-default\">\n\t\t\t\t\t<div class=\"elementor-column elementor-col-100 elementor-top-column elementor-element elementor-element-7b1ca4e4\" data-id=\"7b1ca4e4\" data-element_type=\"column\" data-e-type=\"column\">\n\t\t\t<div class=\"elementor-widget-wrap elementor-element-populated\">\n\t\t\t\t\t\t<div class=\"elementor-element elementor-element-1a48578 elementor-widget elementor-widget-text-editor\" data-id=\"1a48578\" data-element_type=\"widget\" data-e-type=\"widget\" data-widget_type=\"text-editor.default\">\n\t\t\t\t<div class=\"elementor-widget-container\">\n\t\t\t\t\t\t\t\t\t<h4>Nosso prop\u00f3sito<\/h4><p class=\"p1\">Somos uma organiza\u00e7\u00e3o religiosa que trabalha em colabora\u00e7\u00e3o com outras organiza\u00e7\u00f5es da sociedade civil (OSC\/ONG), ag\u00eancias da ONU e estados membros para desafiar as injusti\u00e7as e estruturas injustas, trazendo os conhecimentos das pessoas com quem trabalhamos e vivemos, especialmente os mais marginalizados. , na ONU. Nosso foco est\u00e1 principalmente em Mulheres e Meninas no contexto do Desenvolvimento Social, Desenvolvimento Sustent\u00e1vel e Direitos Humanos.<\/p><p class=\"p1\">Os Objectivos de Desenvolvimento Sustent\u00e1vel (ODS) proporcionam um quadro coeso para o nosso minist\u00e9rio e concentramos as nossas energias na educa\u00e7\u00e3o, sensibiliza\u00e7\u00e3o e advocacia. As \u00e1reas espec\u00edficas de envolvimento s\u00e3o:<\/p><ul><li>Equidade de g\u00e9nero<\/li><li>Elimina\u00e7\u00e3o da viol\u00eancia de g\u00e9nero<\/li><li>Erradica\u00e7\u00e3o da pobreza<\/li><li>Acesso a educa\u00e7\u00e3o e sa\u00fade de qualidade<\/li><li>Elimina\u00e7\u00e3o do tr\u00e1fico de pessoas humanas<\/li><li>Cuidado com o meio ambiente<\/li><li>Financiamento para o desenvolvimento<\/li><\/ul><p class=\"p1\">Transformados pelo Evangelho e guiados pela vis\u00e3o da nossa fundadora Mary Ward, os Ensinamentos Sociais Cat\u00f3licos e os nossos valores fundamentais de Justi\u00e7a, Verdade, Liberdade, Sinceridade e Felicidade sustentam todo o nosso trabalho.<\/p><h4>Nossos objetivos<\/h4><p class=\"p1\"><span style=\"color: #ff9900;\"><strong>Objectivo 1: Fortalecer e melhorar a defesa e colabora\u00e7\u00e3o da IBVM\/CJ na ONU atrav\u00e9s do estatuto de ECOSOC e DGC, iremos:<\/strong><\/span><\/p><p class=\"p1\">1.1. Fortalecer o nosso impacto como membro do ECOSOC, trazendo as preocupa\u00e7\u00f5es e as vozes das pessoas com quem trabalhamos e convivemos, especialmente as mais marginalizadas.<\/p><p class=\"p1\">1.2. Destacar a experi\u00eancia no terreno e o conhecimento especializado nas nossas quest\u00f5es priorit\u00e1rias.<\/p><p class=\"p1\">1.3. Criar possibilidades para convidar e trazer pessoas, especialmente mulheres e raparigas, que s\u00e3o diretamente afetadas, para falar em eventos da ONU.<\/p><p class=\"p1\">1.4. Ser membro de grandes grupos, comit\u00e9s e coliga\u00e7\u00f5es de ONG relevantes e colaborar com outras OSC\/ONG para defender\/fazer lobby sobre preocupa\u00e7\u00f5es e quest\u00f5es partilhadas.<\/p><p class=\"p1\"><span style=\"color: #ff9900;\"><strong>Objectivo 2: Fortalecer e melhorar a defesa e o envolvimento da rede IBVM\/CJ com\u00a0<\/strong><strong>Processos da ONU, iremos:<\/strong><\/span><\/p><p class=\"p2\">2.1 Colaborar com os Representantes Provinciais da ONU e outras redes para envolver os membros na participa\u00e7\u00e3o nos processos, Confer\u00eancias, Comiss\u00f5es e atividades relacionadas da ONU.<\/p><p class=\"p2\">2.2 Convidar os membros da rede a fornecer conhecimentos, feedback e experi\u00eancia no terreno sobre quest\u00f5es de import\u00e2ncia global e implementa\u00e7\u00e3o nacional de tratados, protocolos e acordos da ONU.<\/p><p class=\"p2\">2.3 Convidar e incentivar experi\u00eancias de imers\u00e3o para membros e colegas do IBVM\/CJ.<\/p><p class=\"p2\">2.4 Envolver a lideran\u00e7a provincial para fortalecer e melhorar as estruturas de apoio a n\u00edvel provincial\/regional.<\/p><p class=\"p2\">2.5 Incentivar e oferecer oportunidades para a rede de jovens se envolver nos processos e eventos da ONU.<\/p><p class=\"p1\"><span style=\"color: #ff9900;\"><strong>Objectivo 3: Animar a rede IBVM\/CJ para promover e defender o Desenvolvimento Sustent\u00e1vel <\/strong><strong>Objetivos de Desenvolvimento (ODS) e Direitos Humanos (RH), iremos:<\/strong><\/span><\/p><p class=\"p2\"><span class=\"s1\">3.1 <\/span>Incentivar as redes globais da IBVM\/CJ de minist\u00e9rios e interesses semelhantes a estabelecer parcerias e colaborar.<\/p><p class=\"p2\"><span class=\"s1\">3.2 <\/span>Incentivar atividades de sensibiliza\u00e7\u00e3o e defesa dos ODS e quest\u00f5es de RH por parte dos membros e colaboradores da rede.<\/p><p class=\"p2\"><span class=\"s1\">3.3 <\/span>Treine, incentive e apoie a rede para defender local, nacional e globalmente.<\/p><p class=\"p2\"><span class=\"s1\">3.4 <\/span>Desenvolver conex\u00f5es e parcerias com os escrit\u00f3rios Mary Ward JPIC e Mary Ward International sobre objetivos comuns identificados ligados aos ODS e RH.<\/p><p class=\"p1\"><span style=\"color: #ff9900;\"><strong>Objetivo 4: Para nos comunicarmos com a rede IBVM\/CJ sobre o trabalho das ONGs IBVM\/CJ da ONU, n\u00f3s <\/strong><strong>vai:<\/strong><\/span><\/p><p class=\"p2\">4.1. Criar e distribuir atualiza\u00e7\u00f5es da ONU para educar as comunidades IBVM\/CJ e a rede global sobre o trabalho da ONU e a contribui\u00e7\u00e3o da rede.<\/p><p class=\"p2\">4.2. Compartilhe estrategicamente informa\u00e7\u00f5es relevantes da ONU com a rede.<\/p><p class=\"p2\">4.3. Melhorar um sistema multicomunica\u00e7\u00e3o simplificado para envolver todos os grupos de interesse dentro da rede mais ampla da IBVM\/CJ com os processos e atividades da ONU.<\/p><p class=\"p2\">4.4. Incentive os membros e colaboradores a usarem diversas plataformas de comunica\u00e7\u00e3o para educar, conscientizar e defender dentro dos pa\u00edses.<\/p><p class=\"p2\"><span class=\"s1\">4.5. <\/span>Organizar webinars sobre quest\u00f5es globais e processos da ONU em colabora\u00e7\u00e3o com os Representantes Provinciais da ONU, Mary Ward JPIC e a rede mais ampla.<\/p>\t\t\t\t\t\t\t\t<\/div>\n\t\t\t\t<\/div>\n\t\t\t\t\t<\/div>\n\t\t<\/div>\n\t\t\t\t\t<\/div>\n\t\t<\/section>\n\t\t\t\t<\/div>","protected":false},"excerpt":{"rendered":"<p>The Institute of the Blessed Virgin Mary (IBVM) and the Congregation of Jesus (CJ) are present at the United Nations (UN) to promote a more humane, just and sustainable world. IBVM\/CJ NGO Mission Statement Tweet Our Purpose We are a faith-based organization working in collaboration with other civil society organizations (CSOs\/NGOs), UN agencies and member [&hellip;]<\/p>\n","protected":false},"author":11,"featured_media":125451,"parent":2720,"menu_order":0,"comment_status":"closed","ping_status":"closed","template":"","meta":{"footnotes":""},"class_list":["post-1912","page","type-page","status-publish","has-post-thumbnail","hentry"],"yoast_head":"<!-- This site is optimized with the Yoast SEO plugin v27.3 - https:\/\/yoast.com\/product\/yoast-seo-wordpress\/ -->\n<title>Our Mission - Institute of the Blessed Virgin Mary \u2013 Loreto<\/title>\n<meta name=\"robots\" content=\"index, follow, max-snippet:-1, max-image-preview:large, max-video-preview:-1\" \/>\n<link rel=\"canonical\" href=\"https:\/\/ibvmunngo.org\/pt\/sobre\/declaracao-de-missao\/\" \/>\n<meta property=\"og:locale\" content=\"pt_BR\" \/>\n<meta property=\"og:type\" content=\"article\" \/>\n<meta property=\"og:title\" content=\"Our Mission - Institute of the Blessed Virgin Mary \u2013 Loreto\" \/>\n<meta property=\"og:description\" content=\"The Institute of the Blessed Virgin Mary (IBVM) and the Congregation of Jesus (CJ) are present at the United Nations (UN) to promote a more humane, just and sustainable world. IBVM\/CJ NGO Mission Statement Tweet Our Purpose We are a faith-based organization working in collaboration with other civil society organizations (CSOs\/NGOs), UN agencies and member [&hellip;]\" \/>\n<meta property=\"og:url\" content=\"https:\/\/ibvmunngo.org\/pt\/sobre\/declaracao-de-missao\/\" \/>\n<meta property=\"og:site_name\" content=\"Institute of the Blessed Virgin Mary \u2013 Loreto\" \/>\n<meta property=\"article:modified_time\" content=\"2024-10-27T03:53:15+00:00\" \/>\n<meta property=\"og:image\" content=\"https:\/\/ibvmunngo.org\/wp-content\/uploads\/2024\/10\/OurMission.png\" \/>\n\t<meta property=\"og:image:width\" content=\"900\" \/>\n\t<meta property=\"og:image:height\" content=\"400\" \/>\n\t<meta property=\"og:image:type\" content=\"image\/png\" \/>\n<meta name=\"twitter:card\" content=\"summary_large_image\" \/>\n<meta name=\"twitter:label1\" content=\"Est. tempo de leitura\" \/>\n\t<meta name=\"twitter:data1\" content=\"3 minutos\" \/>\n<script type=\"application\/ld+json\" class=\"yoast-schema-graph\">{\"@context\":\"https:\\\/\\\/schema.org\",\"@graph\":[{\"@type\":\"WebPage\",\"@id\":\"https:\\\/\\\/ibvmunngo.org\\\/about\\\/mission-statement\\\/\",\"url\":\"https:\\\/\\\/ibvmunngo.org\\\/about\\\/mission-statement\\\/\",\"name\":\"Our Mission - Institute of the Blessed Virgin Mary \u2013 Loreto\",\"isPartOf\":{\"@id\":\"https:\\\/\\\/ibvmunngo.org\\\/es\\\/#website\"},\"primaryImageOfPage\":{\"@id\":\"https:\\\/\\\/ibvmunngo.org\\\/about\\\/mission-statement\\\/#primaryimage\"},\"image\":{\"@id\":\"https:\\\/\\\/ibvmunngo.org\\\/about\\\/mission-statement\\\/#primaryimage\"},\"thumbnailUrl\":\"https:\\\/\\\/ibvmunngo.org\\\/wp-content\\\/uploads\\\/2024\\\/10\\\/OurMission.png\",\"datePublished\":\"2019-05-03T19:14:53+00:00\",\"dateModified\":\"2024-10-27T03:53:15+00:00\",\"breadcrumb\":{\"@id\":\"https:\\\/\\\/ibvmunngo.org\\\/about\\\/mission-statement\\\/#breadcrumb\"},\"inLanguage\":\"pt-BR\",\"potentialAction\":[{\"@type\":\"ReadAction\",\"target\":[\"https:\\\/\\\/ibvmunngo.org\\\/about\\\/mission-statement\\\/\"]}]},{\"@type\":\"ImageObject\",\"inLanguage\":\"pt-BR\",\"@id\":\"https:\\\/\\\/ibvmunngo.org\\\/about\\\/mission-statement\\\/#primaryimage\",\"url\":\"https:\\\/\\\/ibvmunngo.org\\\/wp-content\\\/uploads\\\/2024\\\/10\\\/OurMission.png\",\"contentUrl\":\"https:\\\/\\\/ibvmunngo.org\\\/wp-content\\\/uploads\\\/2024\\\/10\\\/OurMission.png\",\"width\":900,\"height\":400},{\"@type\":\"BreadcrumbList\",\"@id\":\"https:\\\/\\\/ibvmunngo.org\\\/about\\\/mission-statement\\\/#breadcrumb\",\"itemListElement\":[{\"@type\":\"ListItem\",\"position\":1,\"name\":\"Home\",\"item\":\"https:\\\/\\\/ibvmunngo.org\\\/es\\\/\"},{\"@type\":\"ListItem\",\"position\":2,\"name\":\"About us\",\"item\":\"https:\\\/\\\/ibvmunngo.org\\\/about\\\/\"},{\"@type\":\"ListItem\",\"position\":3,\"name\":\"Our Mission\"}]},{\"@type\":\"WebSite\",\"@id\":\"https:\\\/\\\/ibvmunngo.org\\\/es\\\/#website\",\"url\":\"https:\\\/\\\/ibvmunngo.org\\\/es\\\/\",\"name\":\"Institute of the Blessed Virgin Mary \u2013 Loreto\",\"description\":\"NGO ASSOCIATED WITH ECOSOC AT THE UNITED NATIONS\",\"publisher\":{\"@id\":\"https:\\\/\\\/ibvmunngo.org\\\/es\\\/#organization\"},\"potentialAction\":[{\"@type\":\"SearchAction\",\"target\":{\"@type\":\"EntryPoint\",\"urlTemplate\":\"https:\\\/\\\/ibvmunngo.org\\\/es\\\/?s={search_term_string}\"},\"query-input\":{\"@type\":\"PropertyValueSpecification\",\"valueRequired\":true,\"valueName\":\"search_term_string\"}}],\"inLanguage\":\"pt-BR\"},{\"@type\":\"Organization\",\"@id\":\"https:\\\/\\\/ibvmunngo.org\\\/es\\\/#organization\",\"name\":\"Institute of the Blessed Virgin Mary \u2013 Loreto\",\"url\":\"https:\\\/\\\/ibvmunngo.org\\\/es\\\/\",\"logo\":{\"@type\":\"ImageObject\",\"inLanguage\":\"pt-BR\",\"@id\":\"https:\\\/\\\/ibvmunngo.org\\\/es\\\/#\\\/schema\\\/logo\\\/image\\\/\",\"url\":\"https:\\\/\\\/ibvmunngo.org\\\/wp-content\\\/uploads\\\/2020\\\/10\\\/Logo_IBVM_UN_1.png\",\"contentUrl\":\"https:\\\/\\\/ibvmunngo.org\\\/wp-content\\\/uploads\\\/2020\\\/10\\\/Logo_IBVM_UN_1.png\",\"width\":200,\"height\":144,\"caption\":\"Institute of the Blessed Virgin Mary \u2013 Loreto\"},\"image\":{\"@id\":\"https:\\\/\\\/ibvmunngo.org\\\/es\\\/#\\\/schema\\\/logo\\\/image\\\/\"}}]}<\/script>\n<!-- \/ Yoast SEO plugin. -->","yoast_head_json":{"title":"Nossa Miss\u00e3o - Instituto da Bem-Aventurada Virgem Maria \u2013 Loreto","robots":{"index":"index","follow":"follow","max-snippet":"max-snippet:-1","max-image-preview":"max-image-preview:large","max-video-preview":"max-video-preview:-1"},"canonical":"https:\/\/ibvmunngo.org\/pt\/sobre\/declaracao-de-missao\/","og_locale":"pt_BR","og_type":"article","og_title":"Our Mission - Institute of the Blessed Virgin Mary \u2013 Loreto","og_description":"The Institute of the Blessed Virgin Mary (IBVM) and the Congregation of Jesus (CJ) are present at the United Nations (UN) to promote a more humane, just and sustainable world. IBVM\/CJ NGO Mission Statement Tweet Our Purpose We are a faith-based organization working in collaboration with other civil society organizations (CSOs\/NGOs), UN agencies and member [&hellip;]","og_url":"https:\/\/ibvmunngo.org\/pt\/sobre\/declaracao-de-missao\/","og_site_name":"Institute of the Blessed Virgin Mary \u2013 Loreto","article_modified_time":"2024-10-27T03:53:15+00:00","og_image":[{"width":900,"height":400,"url":"https:\/\/ibvmunngo.org\/wp-content\/uploads\/2024\/10\/OurMission.png","type":"image\/png"}],"twitter_card":"summary_large_image","twitter_misc":{"Est. tempo de leitura":"3 minutos"},"schema":{"@context":"https:\/\/schema.org","@graph":[{"@type":"WebPage","@id":"https:\/\/ibvmunngo.org\/about\/mission-statement\/","url":"https:\/\/ibvmunngo.org\/about\/mission-statement\/","name":"Nossa Miss\u00e3o - Instituto da Bem-Aventurada Virgem Maria \u2013 Loreto","isPartOf":{"@id":"https:\/\/ibvmunngo.org\/es\/#website"},"primaryImageOfPage":{"@id":"https:\/\/ibvmunngo.org\/about\/mission-statement\/#primaryimage"},"image":{"@id":"https:\/\/ibvmunngo.org\/about\/mission-statement\/#primaryimage"},"thumbnailUrl":"https:\/\/ibvmunngo.org\/wp-content\/uploads\/2024\/10\/OurMission.png","datePublished":"2019-05-03T19:14:53+00:00","dateModified":"2024-10-27T03:53:15+00:00","breadcrumb":{"@id":"https:\/\/ibvmunngo.org\/about\/mission-statement\/#breadcrumb"},"inLanguage":"pt-BR","potentialAction":[{"@type":"ReadAction","target":["https:\/\/ibvmunngo.org\/about\/mission-statement\/"]}]},{"@type":"ImageObject","inLanguage":"pt-BR","@id":"https:\/\/ibvmunngo.org\/about\/mission-statement\/#primaryimage","url":"https:\/\/ibvmunngo.org\/wp-content\/uploads\/2024\/10\/OurMission.png","contentUrl":"https:\/\/ibvmunngo.org\/wp-content\/uploads\/2024\/10\/OurMission.png","width":900,"height":400},{"@type":"BreadcrumbList","@id":"https:\/\/ibvmunngo.org\/about\/mission-statement\/#breadcrumb","itemListElement":[{"@type":"ListItem","position":1,"name":"Home","item":"https:\/\/ibvmunngo.org\/es\/"},{"@type":"ListItem","position":2,"name":"About us","item":"https:\/\/ibvmunngo.org\/about\/"},{"@type":"ListItem","position":3,"name":"Our Mission"}]},{"@type":"WebSite","@id":"https:\/\/ibvmunngo.org\/es\/#website","url":"https:\/\/ibvmunngo.org\/es\/","name":"Instituto da Bem-Aventurada Virgem Maria \u2013 Loreto","description":"ONG ASSOCIADA AO ECOSOC NAS NA\u00c7\u00d5ES UNIDAS","publisher":{"@id":"https:\/\/ibvmunngo.org\/es\/#organization"},"potentialAction":[{"@type":"SearchAction","target":{"@type":"EntryPoint","urlTemplate":"https:\/\/ibvmunngo.org\/es\/?s={search_term_string}"},"query-input":{"@type":"PropertyValueSpecification","valueRequired":true,"valueName":"search_term_string"}}],"inLanguage":"pt-BR"},{"@type":"Organization","@id":"https:\/\/ibvmunngo.org\/es\/#organization","name":"Instituto da Bem-Aventurada Virgem Maria \u2013 Loreto","url":"https:\/\/ibvmunngo.org\/es\/","logo":{"@type":"ImageObject","inLanguage":"pt-BR","@id":"https:\/\/ibvmunngo.org\/es\/#\/schema\/logo\/image\/","url":"https:\/\/ibvmunngo.org\/wp-content\/uploads\/2020\/10\/Logo_IBVM_UN_1.png","contentUrl":"https:\/\/ibvmunngo.org\/wp-content\/uploads\/2020\/10\/Logo_IBVM_UN_1.png","width":200,"height":144,"caption":"Institute of the Blessed Virgin Mary \u2013 Loreto"},"image":{"@id":"https:\/\/ibvmunngo.org\/es\/#\/schema\/logo\/image\/"}}]}},"_links":{"self":[{"href":"https:\/\/ibvmunngo.org\/pt\/wp-json\/wp\/v2\/pages\/1912","targetHints":{"allow":["GET"]}}],"collection":[{"href":"https:\/\/ibvmunngo.org\/pt\/wp-json\/wp\/v2\/pages"}],"about":[{"href":"https:\/\/ibvmunngo.org\/pt\/wp-json\/wp\/v2\/types\/page"}],"author":[{"embeddable":true,"href":"https:\/\/ibvmunngo.org\/pt\/wp-json\/wp\/v2\/users\/11"}],"replies":[{"embeddable":true,"href":"https:\/\/ibvmunngo.org\/pt\/wp-json\/wp\/v2\/comments?post=1912"}],"version-history":[{"count":1,"href":"https:\/\/ibvmunngo.org\/pt\/wp-json\/wp\/v2\/pages\/1912\/revisions"}],"predecessor-version":[{"id":125452,"href":"https:\/\/ibvmunngo.org\/pt\/wp-json\/wp\/v2\/pages\/1912\/revisions\/125452"}],"up":[{"embeddable":true,"href":"https:\/\/ibvmunngo.org\/pt\/wp-json\/wp\/v2\/pages\/2720"}],"wp:featuredmedia":[{"embeddable":true,"href":"https:\/\/ibvmunngo.org\/pt\/wp-json\/wp\/v2\/media\/125451"}],"wp:attachment":[{"href":"https:\/\/ibvmunngo.org\/pt\/wp-json\/wp\/v2\/media?parent=1912"}],"curies":[{"name":"wp","href":"https:\/\/api.w.org\/{rel}","templated":true}]}}