{"id":2033,"date":"2019-05-23T17:29:23","date_gmt":"2019-05-23T17:29:23","guid":{"rendered":"http:\/\/ibvmunngo.org\/?page_id=2033"},"modified":"2021-08-29T07:23:57","modified_gmt":"2021-08-29T07:23:57","slug":"defesa","status":"publish","type":"page","link":"https:\/\/ibvmunngo.org\/pt\/sobre\/defesa\/","title":{"rendered":"Advocacia"},"content":{"rendered":"<div data-elementor-type=\"wp-page\" data-elementor-id=\"2033\" class=\"elementor elementor-2033\" data-elementor-post-type=\"page\">\n\t\t\t\t\t\t<section class=\"elementor-section elementor-top-section elementor-element elementor-element-48bf6611 elementor-section-boxed elementor-section-height-default elementor-section-height-default\" data-id=\"48bf6611\" data-element_type=\"section\" data-e-type=\"section\">\n\t\t\t\t\t\t<div class=\"elementor-container elementor-column-gap-default\">\n\t\t\t\t\t<div class=\"elementor-column elementor-col-100 elementor-top-column elementor-element elementor-element-58b66057\" data-id=\"58b66057\" data-element_type=\"column\" data-e-type=\"column\">\n\t\t\t<div class=\"elementor-widget-wrap elementor-element-populated\">\n\t\t\t\t\t\t<div class=\"elementor-element elementor-element-67a97105 elementor-widget elementor-widget-text-editor\" data-id=\"67a97105\" data-element_type=\"widget\" data-e-type=\"widget\" data-widget_type=\"text-editor.default\">\n\t\t\t\t<div class=\"elementor-widget-container\">\n\t\t\t\t\t\t\t\t\t<p>Os membros da IBVM e do CJ desempenham um papel ativo como parte da Sociedade Civil que trabalha com as Na\u00e7\u00f5es Unidas (ONU) em Nova Iorque. Como associados do Departamento de Comunica\u00e7\u00f5es Globais (DGC) e com estatuto consultivo especial junto do Conselho Econ\u00f3mico e Social (ECOSOC) participamos nos Briefings realizados pelo DGC e pelo ECOSOC e participamos nas Confer\u00eancias e Sess\u00f5es Anuais. Realizamos workshops e eventos durante as confer\u00eancias anuais do DGC e ECOSOC, onde reunimos membros, colegas e pessoas com experi\u00eancia e conhecimento em \u00e1reas espec\u00edficas de Desenvolvimento Social e Sustent\u00e1vel. Da mesma forma, a voz e a experi\u00eancia das pessoas que vivem em situa\u00e7\u00f5es marginalizadas contribuem para o nosso trabalho por um mundo justo e sustent\u00e1vel.<\/p><p>O nosso trabalho na ONU \u00e9 mais eficaz se for informado pelas experi\u00eancias das pessoas no terreno. O <strong>Representantes da ONU da Prov\u00edncia IBVM\/CJ<\/strong> servir como pessoas de contato para suas prov\u00edncias e fornecer links cr\u00edticos para a comunica\u00e7\u00e3o entre os representantes em Nova York e toda a rede IBVM\/CJ.<\/p><p>Junto com o <strong>Rede Antitr\u00e1fico de Pessoas IBVM\/CJ<\/strong>, <strong>Rede Latino-Americana e Caribenha (ALC)<\/strong> e <strong>Rede de Cidadania Global<\/strong>, eles informam o trabalho de advocacy da ONG IBVM na ONU. Estas redes consistem em membros e colegas da IBVM\/CJ que est\u00e3o: trabalhando no terreno para erradicar o tr\u00e1fico humano de pessoas, apoiando sobreviventes deste crime, vivendo e ministrando na ALC e educando nas nossas escolas em mais de 40 pa\u00edses.<\/p><p><span style=\"font-family: var( --e-global-typography-text-font-family ), 'Artegra Sans', Sans-serif; font-size: 1rem; text-align: justify;\">Leia mais sobre a hist\u00f3ria do IBVM, seus representantes e o impacto que causaram em 10 anos de presen\u00e7a nas Na\u00e7\u00f5es Unidas<\/span><a style=\"font-family: var( --e-global-typography-text-font-family ), 'Artegra Sans', Sans-serif; font-size: 1rem; text-align: justify;\" href=\"https:\/\/ibvmunngo.org\/wp-content\/uploads\/2021\/08\/IBVM-NGO-Ten-Years-at-the-United-Nations.pdf\">\u00a0aqui<\/a><span style=\"font-family: var( --e-global-typography-text-font-family ), 'Artegra Sans', Sans-serif; font-size: 1rem; text-align: justify;\">.<\/span><\/p>\t\t\t\t\t\t\t\t<\/div>\n\t\t\t\t<\/div>\n\t\t\t\t\t<\/div>\n\t\t<\/div>\n\t\t\t\t\t<\/div>\n\t\t<\/section>\n\t\t\t\t<section class=\"elementor-section elementor-top-section elementor-element elementor-element-fae1ef9 elementor-section-boxed elementor-section-height-default elementor-section-height-default\" data-id=\"fae1ef9\" data-element_type=\"section\" data-e-type=\"section\">\n\t\t\t\t\t\t<div class=\"elementor-container elementor-column-gap-default\">\n\t\t\t\t\t<div class=\"elementor-column elementor-col-100 elementor-top-column elementor-element elementor-element-b40b07c\" data-id=\"b40b07c\" data-element_type=\"column\" data-e-type=\"column\">\n\t\t\t<div class=\"elementor-widget-wrap elementor-element-populated\">\n\t\t\t\t\t\t<div class=\"elementor-element elementor-element-205dc71 elementor-widget elementor-widget-text-editor\" data-id=\"205dc71\" data-element_type=\"widget\" data-e-type=\"widget\" data-widget_type=\"text-editor.default\">\n\t\t\t\t<div class=\"elementor-widget-container\">\n\t\t\t\t\t\t\t\t\t<h3>Envolver-se!<\/h3><p>Saiba mais sobre nossas atuais campanhas IBVM\/CJ ONU <a href=\"https:\/\/ibvmunngo.org\/pt\/news-information\/campaign-alerts\/campanhas-ibvm-cj-un\/\" target=\"_blank\" rel=\"noopener\">aqui<\/a>.<\/p><p>Saiba mais sobre as campanhas da ONU <a href=\"https:\/\/ibvmunngo.org\/pt\/news-information\/campaign-alerts\/campanhas-da-onu\/\" target=\"_blank\" rel=\"noopener\">aqui<\/a>.<\/p><p><em>Imagem em destaque: Christina Zha (Mary Ward Centre Toronto) e Genevieve Pinnington (ex-estagi\u00e1ria do escrit\u00f3rio de ONGs da ONU).<\/em><\/p>\t\t\t\t\t\t\t\t<\/div>\n\t\t\t\t<\/div>\n\t\t\t\t\t<\/div>\n\t\t<\/div>\n\t\t\t\t\t<\/div>\n\t\t<\/section>\n\t\t\t\t<\/div>","protected":false},"excerpt":{"rendered":"<p>Members of the IBVM and CJ play an active role as part of Civil Society working with the United Nations (UN) in New York. As associates of the Department of Global Communications (DGC) and having a Special Consultative Status to the Economic and Social Council (ECOSOC) we attend the Briefings held by the DGC and [&hellip;]<\/p>\n","protected":false},"author":11,"featured_media":4898,"parent":2720,"menu_order":0,"comment_status":"closed","ping_status":"closed","template":"","meta":{"footnotes":""},"class_list":["post-2033","page","type-page","status-publish","has-post-thumbnail","hentry"],"yoast_head":"<!-- This site is optimized with the Yoast SEO plugin v27.3 - https:\/\/yoast.com\/product\/yoast-seo-wordpress\/ -->\n<title>Advocacy - Institute of the Blessed Virgin Mary \u2013 Loreto<\/title>\n<meta name=\"robots\" content=\"index, follow, max-snippet:-1, max-image-preview:large, max-video-preview:-1\" \/>\n<link rel=\"canonical\" href=\"https:\/\/ibvmunngo.org\/pt\/sobre\/defesa\/\" \/>\n<meta property=\"og:locale\" content=\"pt_BR\" \/>\n<meta property=\"og:type\" content=\"article\" \/>\n<meta property=\"og:title\" content=\"Advocacy - Institute of the Blessed Virgin Mary \u2013 Loreto\" \/>\n<meta property=\"og:description\" content=\"Members of the IBVM and CJ play an active role as part of Civil Society working with the United Nations (UN) in New York. As associates of the Department of Global Communications (DGC) and having a Special Consultative Status to the Economic and Social Council (ECOSOC) we attend the Briefings held by the DGC and [&hellip;]\" \/>\n<meta property=\"og:url\" content=\"https:\/\/ibvmunngo.org\/pt\/sobre\/defesa\/\" \/>\n<meta property=\"og:site_name\" content=\"Institute of the Blessed Virgin Mary \u2013 Loreto\" \/>\n<meta property=\"article:modified_time\" content=\"2021-08-29T07:23:57+00:00\" \/>\n<meta property=\"og:image\" content=\"https:\/\/ibvmunngo.org\/wp-content\/uploads\/2020\/12\/Advocacy.jpg\" \/>\n\t<meta property=\"og:image:width\" content=\"900\" \/>\n\t<meta property=\"og:image:height\" content=\"400\" \/>\n\t<meta property=\"og:image:type\" content=\"image\/jpeg\" \/>\n<meta name=\"twitter:card\" content=\"summary_large_image\" \/>\n<meta name=\"twitter:label1\" content=\"Est. tempo de leitura\" \/>\n\t<meta name=\"twitter:data1\" content=\"1 minuto\" \/>\n<script type=\"application\/ld+json\" class=\"yoast-schema-graph\">{\"@context\":\"https:\\\/\\\/schema.org\",\"@graph\":[{\"@type\":\"WebPage\",\"@id\":\"https:\\\/\\\/ibvmunngo.org\\\/about\\\/advocacy\\\/\",\"url\":\"https:\\\/\\\/ibvmunngo.org\\\/about\\\/advocacy\\\/\",\"name\":\"Advocacy - Institute of the Blessed Virgin Mary \u2013 Loreto\",\"isPartOf\":{\"@id\":\"https:\\\/\\\/ibvmunngo.org\\\/es\\\/#website\"},\"primaryImageOfPage\":{\"@id\":\"https:\\\/\\\/ibvmunngo.org\\\/about\\\/advocacy\\\/#primaryimage\"},\"image\":{\"@id\":\"https:\\\/\\\/ibvmunngo.org\\\/about\\\/advocacy\\\/#primaryimage\"},\"thumbnailUrl\":\"https:\\\/\\\/ibvmunngo.org\\\/wp-content\\\/uploads\\\/2020\\\/12\\\/Advocacy.jpg\",\"datePublished\":\"2019-05-23T17:29:23+00:00\",\"dateModified\":\"2021-08-29T07:23:57+00:00\",\"breadcrumb\":{\"@id\":\"https:\\\/\\\/ibvmunngo.org\\\/about\\\/advocacy\\\/#breadcrumb\"},\"inLanguage\":\"pt-BR\",\"potentialAction\":[{\"@type\":\"ReadAction\",\"target\":[\"https:\\\/\\\/ibvmunngo.org\\\/about\\\/advocacy\\\/\"]}]},{\"@type\":\"ImageObject\",\"inLanguage\":\"pt-BR\",\"@id\":\"https:\\\/\\\/ibvmunngo.org\\\/about\\\/advocacy\\\/#primaryimage\",\"url\":\"https:\\\/\\\/ibvmunngo.org\\\/wp-content\\\/uploads\\\/2020\\\/12\\\/Advocacy.jpg\",\"contentUrl\":\"https:\\\/\\\/ibvmunngo.org\\\/wp-content\\\/uploads\\\/2020\\\/12\\\/Advocacy.jpg\",\"width\":900,\"height\":400},{\"@type\":\"BreadcrumbList\",\"@id\":\"https:\\\/\\\/ibvmunngo.org\\\/about\\\/advocacy\\\/#breadcrumb\",\"itemListElement\":[{\"@type\":\"ListItem\",\"position\":1,\"name\":\"Home\",\"item\":\"https:\\\/\\\/ibvmunngo.org\\\/es\\\/\"},{\"@type\":\"ListItem\",\"position\":2,\"name\":\"About us\",\"item\":\"https:\\\/\\\/ibvmunngo.org\\\/about\\\/\"},{\"@type\":\"ListItem\",\"position\":3,\"name\":\"Advocacy\"}]},{\"@type\":\"WebSite\",\"@id\":\"https:\\\/\\\/ibvmunngo.org\\\/es\\\/#website\",\"url\":\"https:\\\/\\\/ibvmunngo.org\\\/es\\\/\",\"name\":\"Institute of the Blessed Virgin Mary \u2013 Loreto\",\"description\":\"NGO ASSOCIATED WITH ECOSOC AT THE UNITED NATIONS\",\"publisher\":{\"@id\":\"https:\\\/\\\/ibvmunngo.org\\\/es\\\/#organization\"},\"potentialAction\":[{\"@type\":\"SearchAction\",\"target\":{\"@type\":\"EntryPoint\",\"urlTemplate\":\"https:\\\/\\\/ibvmunngo.org\\\/es\\\/?s={search_term_string}\"},\"query-input\":{\"@type\":\"PropertyValueSpecification\",\"valueRequired\":true,\"valueName\":\"search_term_string\"}}],\"inLanguage\":\"pt-BR\"},{\"@type\":\"Organization\",\"@id\":\"https:\\\/\\\/ibvmunngo.org\\\/es\\\/#organization\",\"name\":\"Institute of the Blessed Virgin Mary \u2013 Loreto\",\"url\":\"https:\\\/\\\/ibvmunngo.org\\\/es\\\/\",\"logo\":{\"@type\":\"ImageObject\",\"inLanguage\":\"pt-BR\",\"@id\":\"https:\\\/\\\/ibvmunngo.org\\\/es\\\/#\\\/schema\\\/logo\\\/image\\\/\",\"url\":\"https:\\\/\\\/ibvmunngo.org\\\/wp-content\\\/uploads\\\/2020\\\/10\\\/Logo_IBVM_UN_1.png\",\"contentUrl\":\"https:\\\/\\\/ibvmunngo.org\\\/wp-content\\\/uploads\\\/2020\\\/10\\\/Logo_IBVM_UN_1.png\",\"width\":200,\"height\":144,\"caption\":\"Institute of the Blessed Virgin Mary \u2013 Loreto\"},\"image\":{\"@id\":\"https:\\\/\\\/ibvmunngo.org\\\/es\\\/#\\\/schema\\\/logo\\\/image\\\/\"}}]}<\/script>\n<!-- \/ Yoast SEO plugin. -->","yoast_head_json":{"title":"Advocacia - Instituto da Bem-Aventurada Virgem Maria \u2013 Loreto","robots":{"index":"index","follow":"follow","max-snippet":"max-snippet:-1","max-image-preview":"max-image-preview:large","max-video-preview":"max-video-preview:-1"},"canonical":"https:\/\/ibvmunngo.org\/pt\/sobre\/defesa\/","og_locale":"pt_BR","og_type":"article","og_title":"Advocacy - Institute of the Blessed Virgin Mary \u2013 Loreto","og_description":"Members of the IBVM and CJ play an active role as part of Civil Society working with the United Nations (UN) in New York. As associates of the Department of Global Communications (DGC) and having a Special Consultative Status to the Economic and Social Council (ECOSOC) we attend the Briefings held by the DGC and [&hellip;]","og_url":"https:\/\/ibvmunngo.org\/pt\/sobre\/defesa\/","og_site_name":"Institute of the Blessed Virgin Mary \u2013 Loreto","article_modified_time":"2021-08-29T07:23:57+00:00","og_image":[{"width":900,"height":400,"url":"https:\/\/ibvmunngo.org\/wp-content\/uploads\/2020\/12\/Advocacy.jpg","type":"image\/jpeg"}],"twitter_card":"summary_large_image","twitter_misc":{"Est. tempo de leitura":"1 minuto"},"schema":{"@context":"https:\/\/schema.org","@graph":[{"@type":"WebPage","@id":"https:\/\/ibvmunngo.org\/about\/advocacy\/","url":"https:\/\/ibvmunngo.org\/about\/advocacy\/","name":"Advocacia - Instituto da Bem-Aventurada Virgem Maria \u2013 Loreto","isPartOf":{"@id":"https:\/\/ibvmunngo.org\/es\/#website"},"primaryImageOfPage":{"@id":"https:\/\/ibvmunngo.org\/about\/advocacy\/#primaryimage"},"image":{"@id":"https:\/\/ibvmunngo.org\/about\/advocacy\/#primaryimage"},"thumbnailUrl":"https:\/\/ibvmunngo.org\/wp-content\/uploads\/2020\/12\/Advocacy.jpg","datePublished":"2019-05-23T17:29:23+00:00","dateModified":"2021-08-29T07:23:57+00:00","breadcrumb":{"@id":"https:\/\/ibvmunngo.org\/about\/advocacy\/#breadcrumb"},"inLanguage":"pt-BR","potentialAction":[{"@type":"ReadAction","target":["https:\/\/ibvmunngo.org\/about\/advocacy\/"]}]},{"@type":"ImageObject","inLanguage":"pt-BR","@id":"https:\/\/ibvmunngo.org\/about\/advocacy\/#primaryimage","url":"https:\/\/ibvmunngo.org\/wp-content\/uploads\/2020\/12\/Advocacy.jpg","contentUrl":"https:\/\/ibvmunngo.org\/wp-content\/uploads\/2020\/12\/Advocacy.jpg","width":900,"height":400},{"@type":"BreadcrumbList","@id":"https:\/\/ibvmunngo.org\/about\/advocacy\/#breadcrumb","itemListElement":[{"@type":"ListItem","position":1,"name":"Home","item":"https:\/\/ibvmunngo.org\/es\/"},{"@type":"ListItem","position":2,"name":"About us","item":"https:\/\/ibvmunngo.org\/about\/"},{"@type":"ListItem","position":3,"name":"Advocacy"}]},{"@type":"WebSite","@id":"https:\/\/ibvmunngo.org\/es\/#website","url":"https:\/\/ibvmunngo.org\/es\/","name":"Instituto da Bem-Aventurada Virgem Maria \u2013 Loreto","description":"ONG ASSOCIADA AO ECOSOC NAS NA\u00c7\u00d5ES UNIDAS","publisher":{"@id":"https:\/\/ibvmunngo.org\/es\/#organization"},"potentialAction":[{"@type":"SearchAction","target":{"@type":"EntryPoint","urlTemplate":"https:\/\/ibvmunngo.org\/es\/?s={search_term_string}"},"query-input":{"@type":"PropertyValueSpecification","valueRequired":true,"valueName":"search_term_string"}}],"inLanguage":"pt-BR"},{"@type":"Organization","@id":"https:\/\/ibvmunngo.org\/es\/#organization","name":"Instituto da Bem-Aventurada Virgem Maria \u2013 Loreto","url":"https:\/\/ibvmunngo.org\/es\/","logo":{"@type":"ImageObject","inLanguage":"pt-BR","@id":"https:\/\/ibvmunngo.org\/es\/#\/schema\/logo\/image\/","url":"https:\/\/ibvmunngo.org\/wp-content\/uploads\/2020\/10\/Logo_IBVM_UN_1.png","contentUrl":"https:\/\/ibvmunngo.org\/wp-content\/uploads\/2020\/10\/Logo_IBVM_UN_1.png","width":200,"height":144,"caption":"Institute of the Blessed Virgin Mary \u2013 Loreto"},"image":{"@id":"https:\/\/ibvmunngo.org\/es\/#\/schema\/logo\/image\/"}}]}},"_links":{"self":[{"href":"https:\/\/ibvmunngo.org\/pt\/wp-json\/wp\/v2\/pages\/2033","targetHints":{"allow":["GET"]}}],"collection":[{"href":"https:\/\/ibvmunngo.org\/pt\/wp-json\/wp\/v2\/pages"}],"about":[{"href":"https:\/\/ibvmunngo.org\/pt\/wp-json\/wp\/v2\/types\/page"}],"author":[{"embeddable":true,"href":"https:\/\/ibvmunngo.org\/pt\/wp-json\/wp\/v2\/users\/11"}],"replies":[{"embeddable":true,"href":"https:\/\/ibvmunngo.org\/pt\/wp-json\/wp\/v2\/comments?post=2033"}],"version-history":[{"count":0,"href":"https:\/\/ibvmunngo.org\/pt\/wp-json\/wp\/v2\/pages\/2033\/revisions"}],"up":[{"embeddable":true,"href":"https:\/\/ibvmunngo.org\/pt\/wp-json\/wp\/v2\/pages\/2720"}],"wp:featuredmedia":[{"embeddable":true,"href":"https:\/\/ibvmunngo.org\/pt\/wp-json\/wp\/v2\/media\/4898"}],"wp:attachment":[{"href":"https:\/\/ibvmunngo.org\/pt\/wp-json\/wp\/v2\/media?parent=2033"}],"curies":[{"name":"wp","href":"https:\/\/api.w.org\/{rel}","templated":true}]}}