{"id":2049,"date":"2019-05-23T17:47:59","date_gmt":"2019-05-23T17:47:59","guid":{"rendered":"http:\/\/ibvmunngo.org\/?page_id=2049"},"modified":"2021-08-26T01:18:32","modified_gmt":"2021-08-26T01:18:32","slug":"quem-nos-somos","status":"publish","type":"page","link":"https:\/\/ibvmunngo.org\/pt\/sobre\/quem-nos-somos\/","title":{"rendered":"Quem n\u00f3s somos"},"content":{"rendered":"<div data-elementor-type=\"wp-page\" data-elementor-id=\"2049\" class=\"elementor elementor-2049\" data-elementor-post-type=\"page\">\n\t\t\t\t\t\t<section class=\"elementor-section elementor-top-section elementor-element elementor-element-029ce9c elementor-section-boxed elementor-section-height-default elementor-section-height-default\" data-id=\"029ce9c\" data-element_type=\"section\" data-e-type=\"section\">\n\t\t\t\t\t\t<div class=\"elementor-container elementor-column-gap-default\">\n\t\t\t\t\t<div class=\"elementor-column elementor-col-100 elementor-top-column elementor-element elementor-element-b360aee\" data-id=\"b360aee\" data-element_type=\"column\" data-e-type=\"column\">\n\t\t\t<div class=\"elementor-widget-wrap elementor-element-populated\">\n\t\t\t\t\t\t<div class=\"elementor-element elementor-element-8517167 elementor-widget elementor-widget-text-editor\" data-id=\"8517167\" data-element_type=\"widget\" data-e-type=\"widget\" data-widget_type=\"text-editor.default\">\n\t\t\t\t<div class=\"elementor-widget-container\">\n\t\t\t\t\t\t\t\t\t<p style=\"caret-color: #000000; color: #000000;\">O Instituto da Bem-Aventurada Virgem Maria (IBVM) \u00e9 uma congrega\u00e7\u00e3o internacional de Religiosas Cat\u00f3licas. Abriu o escrit\u00f3rio do Instituto da Bem-Aventurada Virgem Maria \u2013 Generalato de Loreto (ONG IBVM) em Nova York em setembro de 2003, tendo recebido o Status de Associado com o\u00a0<a href=\"https:\/\/www.un.org\/en\/department-global-communications\">Departamento de Comunica\u00e7\u00f5es Globais<\/a>\u00a0(anteriormente Departamento de Informa\u00e7\u00e3o P\u00fablica) das Na\u00e7\u00f5es Unidas. Em 2015, a ONG IBVM obteve status consultivo especial junto ao\u00a0<a href=\"https:\/\/www.un.org\/ecosoc\/en\/home\">Conselho Econ\u00f3mico e Social da ONU<\/a>\u00a0(ECOSOC).<\/p><p style=\"caret-color: #000000; color: #000000;\">Em outubro de 2017, a ONG IBVM come\u00e7ou a colaborar com a Congrega\u00e7\u00e3o de Jesus (CJ), outro ramo do instituto fundado por Mary Ward. A ONG IBVM na ONU representa os interesses da rede global IBVM\/CJ, incluindo os seus membros em seis continentes, associados, estudantes atuais, professores, pais, comunidades e mais de um milh\u00e3o de ex-alunos das nossas escolas IBVM\/CJ.<\/p><p style=\"caret-color: #000000; color: #000000;\">A Rede Mundial IBVM\/CJ est\u00e1 presente nas Na\u00e7\u00f5es Unidas, onde a voz da sociedade civil \u00e9 de import\u00e2ncia crescente nas decis\u00f5es multilaterais que visam encorajar a comunidade humana a uma colabora\u00e7\u00e3o pac\u00edfica e respeitosa de uma forma que beneficie todas as pessoas e o nosso planeta.<\/p><p style=\"caret-color: #000000; color: #000000;\"><strong>Mais Informa\u00e7\u00f5es:<\/strong><\/p><p style=\"caret-color: #000000; color: #000000;\"><a href=\"https:\/\/www.ibvm.org\/\">O Instituto da Bem-Aventurada Virgem Maria (IBVM)<\/a><\/p><p style=\"caret-color: #000000; color: #000000;\"><a href=\"https:\/\/www.congregatiojesu.org\">Congrega\u00e7\u00e3o de Jesus (CJ)<\/a><\/p><p><em>Imagem de destaque: Cecilia O&#8217;Dwyer ibvm, Cynthia Mathew cj e Janet Palafox ibvm.<\/em><\/p>\t\t\t\t\t\t\t\t<\/div>\n\t\t\t\t<\/div>\n\t\t\t\t\t<\/div>\n\t\t<\/div>\n\t\t\t\t\t<\/div>\n\t\t<\/section>\n\t\t\t\t<\/div>","protected":false},"excerpt":{"rendered":"<p>The Institute of the Blessed Virgin Mary (IBVM) is an international congregation of Catholic Women Religious. It opened\u00a0the Institute of the Blessed Virgin Mary \u2013 Loreto Generalate (IBVM NGO) office in New York in September 2003, having received Associate Status with the\u00a0Department of Global Communications\u00a0(previously Department of Public Information) of the United Nations. In 2015 [&hellip;]<\/p>\n","protected":false},"author":11,"featured_media":4857,"parent":2720,"menu_order":0,"comment_status":"closed","ping_status":"closed","template":"","meta":{"footnotes":""},"class_list":["post-2049","page","type-page","status-publish","has-post-thumbnail","hentry"],"yoast_head":"<!-- This site is optimized with the Yoast SEO plugin v27.3 - https:\/\/yoast.com\/product\/yoast-seo-wordpress\/ -->\n<title>Who We Are - Institute of the Blessed Virgin Mary \u2013 Loreto<\/title>\n<meta name=\"robots\" content=\"index, follow, max-snippet:-1, max-image-preview:large, max-video-preview:-1\" \/>\n<link rel=\"canonical\" href=\"https:\/\/ibvmunngo.org\/pt\/sobre\/quem-nos-somos\/\" \/>\n<meta property=\"og:locale\" content=\"pt_BR\" \/>\n<meta property=\"og:type\" content=\"article\" \/>\n<meta property=\"og:title\" content=\"Who We Are - Institute of the Blessed Virgin Mary \u2013 Loreto\" \/>\n<meta property=\"og:description\" content=\"The Institute of the Blessed Virgin Mary (IBVM) is an international congregation of Catholic Women Religious. It opened\u00a0the Institute of the Blessed Virgin Mary \u2013 Loreto Generalate (IBVM NGO) office in New York in September 2003, having received Associate Status with the\u00a0Department of Global Communications\u00a0(previously Department of Public Information) of the United Nations. In 2015 [&hellip;]\" \/>\n<meta property=\"og:url\" content=\"https:\/\/ibvmunngo.org\/pt\/sobre\/quem-nos-somos\/\" \/>\n<meta property=\"og:site_name\" content=\"Institute of the Blessed Virgin Mary \u2013 Loreto\" \/>\n<meta property=\"article:modified_time\" content=\"2021-08-26T01:18:32+00:00\" \/>\n<meta property=\"og:image\" content=\"https:\/\/ibvmunngo.org\/wp-content\/uploads\/2020\/12\/who-we-are-2.jpg\" \/>\n\t<meta property=\"og:image:width\" content=\"900\" \/>\n\t<meta property=\"og:image:height\" content=\"400\" \/>\n\t<meta property=\"og:image:type\" content=\"image\/jpeg\" \/>\n<meta name=\"twitter:card\" content=\"summary_large_image\" \/>\n<meta name=\"twitter:label1\" content=\"Est. tempo de leitura\" \/>\n\t<meta name=\"twitter:data1\" content=\"1 minuto\" \/>\n<script type=\"application\/ld+json\" class=\"yoast-schema-graph\">{\"@context\":\"https:\\\/\\\/schema.org\",\"@graph\":[{\"@type\":\"WebPage\",\"@id\":\"https:\\\/\\\/ibvmunngo.org\\\/about\\\/who-we-are\\\/\",\"url\":\"https:\\\/\\\/ibvmunngo.org\\\/about\\\/who-we-are\\\/\",\"name\":\"Who We Are - Institute of the Blessed Virgin Mary \u2013 Loreto\",\"isPartOf\":{\"@id\":\"https:\\\/\\\/ibvmunngo.org\\\/es\\\/#website\"},\"primaryImageOfPage\":{\"@id\":\"https:\\\/\\\/ibvmunngo.org\\\/about\\\/who-we-are\\\/#primaryimage\"},\"image\":{\"@id\":\"https:\\\/\\\/ibvmunngo.org\\\/about\\\/who-we-are\\\/#primaryimage\"},\"thumbnailUrl\":\"https:\\\/\\\/ibvmunngo.org\\\/wp-content\\\/uploads\\\/2020\\\/12\\\/who-we-are-2.jpg\",\"datePublished\":\"2019-05-23T17:47:59+00:00\",\"dateModified\":\"2021-08-26T01:18:32+00:00\",\"breadcrumb\":{\"@id\":\"https:\\\/\\\/ibvmunngo.org\\\/about\\\/who-we-are\\\/#breadcrumb\"},\"inLanguage\":\"pt-BR\",\"potentialAction\":[{\"@type\":\"ReadAction\",\"target\":[\"https:\\\/\\\/ibvmunngo.org\\\/about\\\/who-we-are\\\/\"]}]},{\"@type\":\"ImageObject\",\"inLanguage\":\"pt-BR\",\"@id\":\"https:\\\/\\\/ibvmunngo.org\\\/about\\\/who-we-are\\\/#primaryimage\",\"url\":\"https:\\\/\\\/ibvmunngo.org\\\/wp-content\\\/uploads\\\/2020\\\/12\\\/who-we-are-2.jpg\",\"contentUrl\":\"https:\\\/\\\/ibvmunngo.org\\\/wp-content\\\/uploads\\\/2020\\\/12\\\/who-we-are-2.jpg\",\"width\":900,\"height\":400},{\"@type\":\"BreadcrumbList\",\"@id\":\"https:\\\/\\\/ibvmunngo.org\\\/about\\\/who-we-are\\\/#breadcrumb\",\"itemListElement\":[{\"@type\":\"ListItem\",\"position\":1,\"name\":\"Home\",\"item\":\"https:\\\/\\\/ibvmunngo.org\\\/es\\\/\"},{\"@type\":\"ListItem\",\"position\":2,\"name\":\"About us\",\"item\":\"https:\\\/\\\/ibvmunngo.org\\\/about\\\/\"},{\"@type\":\"ListItem\",\"position\":3,\"name\":\"Who We Are\"}]},{\"@type\":\"WebSite\",\"@id\":\"https:\\\/\\\/ibvmunngo.org\\\/es\\\/#website\",\"url\":\"https:\\\/\\\/ibvmunngo.org\\\/es\\\/\",\"name\":\"Institute of the Blessed Virgin Mary \u2013 Loreto\",\"description\":\"NGO ASSOCIATED WITH ECOSOC AT THE UNITED NATIONS\",\"publisher\":{\"@id\":\"https:\\\/\\\/ibvmunngo.org\\\/es\\\/#organization\"},\"potentialAction\":[{\"@type\":\"SearchAction\",\"target\":{\"@type\":\"EntryPoint\",\"urlTemplate\":\"https:\\\/\\\/ibvmunngo.org\\\/es\\\/?s={search_term_string}\"},\"query-input\":{\"@type\":\"PropertyValueSpecification\",\"valueRequired\":true,\"valueName\":\"search_term_string\"}}],\"inLanguage\":\"pt-BR\"},{\"@type\":\"Organization\",\"@id\":\"https:\\\/\\\/ibvmunngo.org\\\/es\\\/#organization\",\"name\":\"Institute of the Blessed Virgin Mary \u2013 Loreto\",\"url\":\"https:\\\/\\\/ibvmunngo.org\\\/es\\\/\",\"logo\":{\"@type\":\"ImageObject\",\"inLanguage\":\"pt-BR\",\"@id\":\"https:\\\/\\\/ibvmunngo.org\\\/es\\\/#\\\/schema\\\/logo\\\/image\\\/\",\"url\":\"https:\\\/\\\/ibvmunngo.org\\\/wp-content\\\/uploads\\\/2020\\\/10\\\/Logo_IBVM_UN_1.png\",\"contentUrl\":\"https:\\\/\\\/ibvmunngo.org\\\/wp-content\\\/uploads\\\/2020\\\/10\\\/Logo_IBVM_UN_1.png\",\"width\":200,\"height\":144,\"caption\":\"Institute of the Blessed Virgin Mary \u2013 Loreto\"},\"image\":{\"@id\":\"https:\\\/\\\/ibvmunngo.org\\\/es\\\/#\\\/schema\\\/logo\\\/image\\\/\"}}]}<\/script>\n<!-- \/ Yoast SEO plugin. -->","yoast_head_json":{"title":"Quem Somos - Instituto da Bem-Aventurada Virgem Maria \u2013 Loreto","robots":{"index":"index","follow":"follow","max-snippet":"max-snippet:-1","max-image-preview":"max-image-preview:large","max-video-preview":"max-video-preview:-1"},"canonical":"https:\/\/ibvmunngo.org\/pt\/sobre\/quem-nos-somos\/","og_locale":"pt_BR","og_type":"article","og_title":"Who We Are - Institute of the Blessed Virgin Mary \u2013 Loreto","og_description":"The Institute of the Blessed Virgin Mary (IBVM) is an international congregation of Catholic Women Religious. It opened\u00a0the Institute of the Blessed Virgin Mary \u2013 Loreto Generalate (IBVM NGO) office in New York in September 2003, having received Associate Status with the\u00a0Department of Global Communications\u00a0(previously Department of Public Information) of the United Nations. In 2015 [&hellip;]","og_url":"https:\/\/ibvmunngo.org\/pt\/sobre\/quem-nos-somos\/","og_site_name":"Institute of the Blessed Virgin Mary \u2013 Loreto","article_modified_time":"2021-08-26T01:18:32+00:00","og_image":[{"width":900,"height":400,"url":"https:\/\/ibvmunngo.org\/wp-content\/uploads\/2020\/12\/who-we-are-2.jpg","type":"image\/jpeg"}],"twitter_card":"summary_large_image","twitter_misc":{"Est. tempo de leitura":"1 minuto"},"schema":{"@context":"https:\/\/schema.org","@graph":[{"@type":"WebPage","@id":"https:\/\/ibvmunngo.org\/about\/who-we-are\/","url":"https:\/\/ibvmunngo.org\/about\/who-we-are\/","name":"Quem Somos - Instituto da Bem-Aventurada Virgem Maria \u2013 Loreto","isPartOf":{"@id":"https:\/\/ibvmunngo.org\/es\/#website"},"primaryImageOfPage":{"@id":"https:\/\/ibvmunngo.org\/about\/who-we-are\/#primaryimage"},"image":{"@id":"https:\/\/ibvmunngo.org\/about\/who-we-are\/#primaryimage"},"thumbnailUrl":"https:\/\/ibvmunngo.org\/wp-content\/uploads\/2020\/12\/who-we-are-2.jpg","datePublished":"2019-05-23T17:47:59+00:00","dateModified":"2021-08-26T01:18:32+00:00","breadcrumb":{"@id":"https:\/\/ibvmunngo.org\/about\/who-we-are\/#breadcrumb"},"inLanguage":"pt-BR","potentialAction":[{"@type":"ReadAction","target":["https:\/\/ibvmunngo.org\/about\/who-we-are\/"]}]},{"@type":"ImageObject","inLanguage":"pt-BR","@id":"https:\/\/ibvmunngo.org\/about\/who-we-are\/#primaryimage","url":"https:\/\/ibvmunngo.org\/wp-content\/uploads\/2020\/12\/who-we-are-2.jpg","contentUrl":"https:\/\/ibvmunngo.org\/wp-content\/uploads\/2020\/12\/who-we-are-2.jpg","width":900,"height":400},{"@type":"BreadcrumbList","@id":"https:\/\/ibvmunngo.org\/about\/who-we-are\/#breadcrumb","itemListElement":[{"@type":"ListItem","position":1,"name":"Home","item":"https:\/\/ibvmunngo.org\/es\/"},{"@type":"ListItem","position":2,"name":"About us","item":"https:\/\/ibvmunngo.org\/about\/"},{"@type":"ListItem","position":3,"name":"Who We Are"}]},{"@type":"WebSite","@id":"https:\/\/ibvmunngo.org\/es\/#website","url":"https:\/\/ibvmunngo.org\/es\/","name":"Instituto da Bem-Aventurada Virgem Maria \u2013 Loreto","description":"ONG ASSOCIADA AO ECOSOC NAS NA\u00c7\u00d5ES UNIDAS","publisher":{"@id":"https:\/\/ibvmunngo.org\/es\/#organization"},"potentialAction":[{"@type":"SearchAction","target":{"@type":"EntryPoint","urlTemplate":"https:\/\/ibvmunngo.org\/es\/?s={search_term_string}"},"query-input":{"@type":"PropertyValueSpecification","valueRequired":true,"valueName":"search_term_string"}}],"inLanguage":"pt-BR"},{"@type":"Organization","@id":"https:\/\/ibvmunngo.org\/es\/#organization","name":"Instituto da Bem-Aventurada Virgem Maria \u2013 Loreto","url":"https:\/\/ibvmunngo.org\/es\/","logo":{"@type":"ImageObject","inLanguage":"pt-BR","@id":"https:\/\/ibvmunngo.org\/es\/#\/schema\/logo\/image\/","url":"https:\/\/ibvmunngo.org\/wp-content\/uploads\/2020\/10\/Logo_IBVM_UN_1.png","contentUrl":"https:\/\/ibvmunngo.org\/wp-content\/uploads\/2020\/10\/Logo_IBVM_UN_1.png","width":200,"height":144,"caption":"Institute of the Blessed Virgin Mary \u2013 Loreto"},"image":{"@id":"https:\/\/ibvmunngo.org\/es\/#\/schema\/logo\/image\/"}}]}},"_links":{"self":[{"href":"https:\/\/ibvmunngo.org\/pt\/wp-json\/wp\/v2\/pages\/2049","targetHints":{"allow":["GET"]}}],"collection":[{"href":"https:\/\/ibvmunngo.org\/pt\/wp-json\/wp\/v2\/pages"}],"about":[{"href":"https:\/\/ibvmunngo.org\/pt\/wp-json\/wp\/v2\/types\/page"}],"author":[{"embeddable":true,"href":"https:\/\/ibvmunngo.org\/pt\/wp-json\/wp\/v2\/users\/11"}],"replies":[{"embeddable":true,"href":"https:\/\/ibvmunngo.org\/pt\/wp-json\/wp\/v2\/comments?post=2049"}],"version-history":[{"count":0,"href":"https:\/\/ibvmunngo.org\/pt\/wp-json\/wp\/v2\/pages\/2049\/revisions"}],"up":[{"embeddable":true,"href":"https:\/\/ibvmunngo.org\/pt\/wp-json\/wp\/v2\/pages\/2720"}],"wp:featuredmedia":[{"embeddable":true,"href":"https:\/\/ibvmunngo.org\/pt\/wp-json\/wp\/v2\/media\/4857"}],"wp:attachment":[{"href":"https:\/\/ibvmunngo.org\/pt\/wp-json\/wp\/v2\/media?parent=2049"}],"curies":[{"name":"wp","href":"https:\/\/api.w.org\/{rel}","templated":true}]}}