{"id":2420,"date":"2019-05-29T15:08:43","date_gmt":"2019-05-29T15:08:43","guid":{"rendered":"http:\/\/ibvmunngo.org\/?page_id=2420"},"modified":"2019-05-29T15:08:43","modified_gmt":"2019-05-29T15:08:43","slug":"problemas","status":"publish","type":"page","link":"https:\/\/ibvmunngo.org\/pt\/problemas\/","title":{"rendered":"Problemas"},"content":{"rendered":"<p>\t\t\t\tClique em qualquer assunto para ver os artigos, relat\u00f3rios e declara\u00e7\u00f5es mais recentes do IBVM. Alternativamente, voc\u00ea pode se manter atualizado assinando nossa newsletter no final da p\u00e1gina.<\/p>\n<ul>\n<li><a href=\"http:\/\/ibvmunngo.org\/pt\/marcacao\/cidadania-global\/\">Cidadania global<\/a><\/li>\n<li><a href=\"http:\/\/ibvmunngo.org\/pt\/marcacao\/women\/\">Mulheres e meninas<\/a><\/li>\n<li><a href=\"http:\/\/ibvmunngo.org\/pt\/marcacao\/direitos-humanos\/\">Direitos humanos<\/a><\/li>\n<li><a href=\"http:\/\/ibvmunngo.org\/pt\/marcacao\/energia\/\">Energia Sustent\u00e1vel<\/a><\/li>\n<li><a href=\"http:\/\/ibvmunngo.org\/pt\/marcacao\/desenvolvimento-social\/\">Desenvolvimento Social<\/a><\/li>\n<li><a style=\"font-size: 1.125rem;\" href=\"http:\/\/ibvmunngo.org\/pt\/marcacao\/finance\/\">Financiamento para o Desenvolvimento<\/a><\/li>\n<li><a href=\"http:\/\/ibvmunngo.org\/pt\/marcacao\/ajuda\/\">F\u00f3rum Pol\u00edtico de Alto N\u00edvel<\/a><\/li>\n<li><a style=\"font-size: 1.125rem;\" href=\"http:\/\/ibvmunngo.org\/pt\/marcacao\/ambiente\/\">Meio Ambiente \/ Mudan\u00e7as Clim\u00e1ticas<\/a><\/li>\n<li><a href=\"http:\/\/ibvmunngo.org\/pt\/marcacao\/saude\/\">Sa\u00fade<\/a><\/li>\n<li><a href=\"http:\/\/ibvmunngo.org\/pt\/marcacao\/trafico-humano\/\"><span style=\"font-size: 1.125rem;\">Tr\u00e1fico humano<\/span><\/a><\/li>\n<li><a href=\"http:\/\/ibvmunngo.org\/pt\/marcacao\/conhecimento\/\">Sensibiliza\u00e7\u00e3o<\/a><\/li>\n<\/ul>","protected":false},"excerpt":{"rendered":"<p>Clique em qualquer assunto para ver os artigos, relat\u00f3rios e declara\u00e7\u00f5es mais recentes do IBVM. Alternativamente, voc\u00ea pode se manter atualizado assinando nossa newsletter no final da p\u00e1gina. Cidadania Global Mulheres e Meninas Direitos Humanos Energia Sustent\u00e1vel Desenvolvimento Social Financiamento para o Desenvolvimento F\u00f3rum Pol\u00edtico de Alto N\u00edvel Meio Ambiente \/ Mudan\u00e7as Clim\u00e1ticas Sa\u00fade Tr\u00e1fico de Pessoas Sensibiliza\u00e7\u00e3o<\/p>","protected":false},"author":11,"featured_media":0,"parent":0,"menu_order":0,"comment_status":"closed","ping_status":"closed","template":"","meta":{"footnotes":""},"class_list":["post-2420","page","type-page","status-publish","hentry"],"yoast_head":"<!-- This site is optimized with the Yoast SEO plugin v27.3 - https:\/\/yoast.com\/product\/yoast-seo-wordpress\/ -->\n<title>Issues - Institute of the Blessed Virgin Mary \u2013 Loreto<\/title>\n<meta name=\"robots\" content=\"index, follow, max-snippet:-1, max-image-preview:large, max-video-preview:-1\" \/>\n<link rel=\"canonical\" href=\"https:\/\/ibvmunngo.org\/pt\/problemas\/\" \/>\n<meta property=\"og:locale\" content=\"pt_BR\" \/>\n<meta property=\"og:type\" content=\"article\" \/>\n<meta property=\"og:title\" content=\"Issues - Institute of the Blessed Virgin Mary \u2013 Loreto\" \/>\n<meta property=\"og:description\" content=\"Please click on any issue to see IBVM&#8217;s latest articles, reports and statements.&nbsp;Alternatively, you can keep updated by subscribing to our newsletter at the bottom of the page. Global Citizenship Women and Girls Human Rights Sustainable Energy Social Development Financing for Development High Level Political Forum Environment \/ Climate Change Health Human Trafficking Awareness Raising\" \/>\n<meta property=\"og:url\" content=\"https:\/\/ibvmunngo.org\/pt\/problemas\/\" \/>\n<meta property=\"og:site_name\" content=\"Institute of the Blessed Virgin Mary \u2013 Loreto\" \/>\n<meta name=\"twitter:card\" content=\"summary_large_image\" \/>\n<script type=\"application\/ld+json\" class=\"yoast-schema-graph\">{\"@context\":\"https:\\\/\\\/schema.org\",\"@graph\":[{\"@type\":\"WebPage\",\"@id\":\"https:\\\/\\\/ibvmunngo.org\\\/issues\\\/\",\"url\":\"https:\\\/\\\/ibvmunngo.org\\\/issues\\\/\",\"name\":\"Issues - Institute of the Blessed Virgin Mary \u2013 Loreto\",\"isPartOf\":{\"@id\":\"https:\\\/\\\/ibvmunngo.org\\\/es\\\/#website\"},\"datePublished\":\"2019-05-29T15:08:43+00:00\",\"breadcrumb\":{\"@id\":\"https:\\\/\\\/ibvmunngo.org\\\/issues\\\/#breadcrumb\"},\"inLanguage\":\"pt-BR\",\"potentialAction\":[{\"@type\":\"ReadAction\",\"target\":[\"https:\\\/\\\/ibvmunngo.org\\\/issues\\\/\"]}]},{\"@type\":\"BreadcrumbList\",\"@id\":\"https:\\\/\\\/ibvmunngo.org\\\/issues\\\/#breadcrumb\",\"itemListElement\":[{\"@type\":\"ListItem\",\"position\":1,\"name\":\"Home\",\"item\":\"https:\\\/\\\/ibvmunngo.org\\\/es\\\/\"},{\"@type\":\"ListItem\",\"position\":2,\"name\":\"Issues\"}]},{\"@type\":\"WebSite\",\"@id\":\"https:\\\/\\\/ibvmunngo.org\\\/es\\\/#website\",\"url\":\"https:\\\/\\\/ibvmunngo.org\\\/es\\\/\",\"name\":\"Institute of the Blessed Virgin Mary \u2013 Loreto\",\"description\":\"NGO ASSOCIATED WITH ECOSOC AT THE UNITED NATIONS\",\"publisher\":{\"@id\":\"https:\\\/\\\/ibvmunngo.org\\\/es\\\/#organization\"},\"potentialAction\":[{\"@type\":\"SearchAction\",\"target\":{\"@type\":\"EntryPoint\",\"urlTemplate\":\"https:\\\/\\\/ibvmunngo.org\\\/es\\\/?s={search_term_string}\"},\"query-input\":{\"@type\":\"PropertyValueSpecification\",\"valueRequired\":true,\"valueName\":\"search_term_string\"}}],\"inLanguage\":\"pt-BR\"},{\"@type\":\"Organization\",\"@id\":\"https:\\\/\\\/ibvmunngo.org\\\/es\\\/#organization\",\"name\":\"Institute of the Blessed Virgin Mary \u2013 Loreto\",\"url\":\"https:\\\/\\\/ibvmunngo.org\\\/es\\\/\",\"logo\":{\"@type\":\"ImageObject\",\"inLanguage\":\"pt-BR\",\"@id\":\"https:\\\/\\\/ibvmunngo.org\\\/es\\\/#\\\/schema\\\/logo\\\/image\\\/\",\"url\":\"https:\\\/\\\/ibvmunngo.org\\\/wp-content\\\/uploads\\\/2020\\\/10\\\/Logo_IBVM_UN_1.png\",\"contentUrl\":\"https:\\\/\\\/ibvmunngo.org\\\/wp-content\\\/uploads\\\/2020\\\/10\\\/Logo_IBVM_UN_1.png\",\"width\":200,\"height\":144,\"caption\":\"Institute of the Blessed Virgin Mary \u2013 Loreto\"},\"image\":{\"@id\":\"https:\\\/\\\/ibvmunngo.org\\\/es\\\/#\\\/schema\\\/logo\\\/image\\\/\"}}]}<\/script>\n<!-- \/ Yoast SEO plugin. -->","yoast_head_json":{"title":"Temas - Instituto da Bem-Aventurada Virgem Maria \u2013 Loreto","robots":{"index":"index","follow":"follow","max-snippet":"max-snippet:-1","max-image-preview":"max-image-preview:large","max-video-preview":"max-video-preview:-1"},"canonical":"https:\/\/ibvmunngo.org\/pt\/problemas\/","og_locale":"pt_BR","og_type":"article","og_title":"Issues - Institute of the Blessed Virgin Mary \u2013 Loreto","og_description":"Please click on any issue to see IBVM&#8217;s latest articles, reports and statements.&nbsp;Alternatively, you can keep updated by subscribing to our newsletter at the bottom of the page. Global Citizenship Women and Girls Human Rights Sustainable Energy Social Development Financing for Development High Level Political Forum Environment \/ Climate Change Health Human Trafficking Awareness Raising","og_url":"https:\/\/ibvmunngo.org\/pt\/problemas\/","og_site_name":"Institute of the Blessed Virgin Mary \u2013 Loreto","twitter_card":"summary_large_image","schema":{"@context":"https:\/\/schema.org","@graph":[{"@type":"WebPage","@id":"https:\/\/ibvmunngo.org\/issues\/","url":"https:\/\/ibvmunngo.org\/issues\/","name":"Temas - Instituto da Bem-Aventurada Virgem Maria \u2013 Loreto","isPartOf":{"@id":"https:\/\/ibvmunngo.org\/es\/#website"},"datePublished":"2019-05-29T15:08:43+00:00","breadcrumb":{"@id":"https:\/\/ibvmunngo.org\/issues\/#breadcrumb"},"inLanguage":"pt-BR","potentialAction":[{"@type":"ReadAction","target":["https:\/\/ibvmunngo.org\/issues\/"]}]},{"@type":"BreadcrumbList","@id":"https:\/\/ibvmunngo.org\/issues\/#breadcrumb","itemListElement":[{"@type":"ListItem","position":1,"name":"Home","item":"https:\/\/ibvmunngo.org\/es\/"},{"@type":"ListItem","position":2,"name":"Issues"}]},{"@type":"WebSite","@id":"https:\/\/ibvmunngo.org\/es\/#website","url":"https:\/\/ibvmunngo.org\/es\/","name":"Instituto da Bem-Aventurada Virgem Maria \u2013 Loreto","description":"ONG ASSOCIADA AO ECOSOC NAS NA\u00c7\u00d5ES UNIDAS","publisher":{"@id":"https:\/\/ibvmunngo.org\/es\/#organization"},"potentialAction":[{"@type":"SearchAction","target":{"@type":"EntryPoint","urlTemplate":"https:\/\/ibvmunngo.org\/es\/?s={search_term_string}"},"query-input":{"@type":"PropertyValueSpecification","valueRequired":true,"valueName":"search_term_string"}}],"inLanguage":"pt-BR"},{"@type":"Organization","@id":"https:\/\/ibvmunngo.org\/es\/#organization","name":"Instituto da Bem-Aventurada Virgem Maria \u2013 Loreto","url":"https:\/\/ibvmunngo.org\/es\/","logo":{"@type":"ImageObject","inLanguage":"pt-BR","@id":"https:\/\/ibvmunngo.org\/es\/#\/schema\/logo\/image\/","url":"https:\/\/ibvmunngo.org\/wp-content\/uploads\/2020\/10\/Logo_IBVM_UN_1.png","contentUrl":"https:\/\/ibvmunngo.org\/wp-content\/uploads\/2020\/10\/Logo_IBVM_UN_1.png","width":200,"height":144,"caption":"Institute of the Blessed Virgin Mary \u2013 Loreto"},"image":{"@id":"https:\/\/ibvmunngo.org\/es\/#\/schema\/logo\/image\/"}}]}},"_links":{"self":[{"href":"https:\/\/ibvmunngo.org\/pt\/wp-json\/wp\/v2\/pages\/2420","targetHints":{"allow":["GET"]}}],"collection":[{"href":"https:\/\/ibvmunngo.org\/pt\/wp-json\/wp\/v2\/pages"}],"about":[{"href":"https:\/\/ibvmunngo.org\/pt\/wp-json\/wp\/v2\/types\/page"}],"author":[{"embeddable":true,"href":"https:\/\/ibvmunngo.org\/pt\/wp-json\/wp\/v2\/users\/11"}],"replies":[{"embeddable":true,"href":"https:\/\/ibvmunngo.org\/pt\/wp-json\/wp\/v2\/comments?post=2420"}],"version-history":[{"count":0,"href":"https:\/\/ibvmunngo.org\/pt\/wp-json\/wp\/v2\/pages\/2420\/revisions"}],"wp:attachment":[{"href":"https:\/\/ibvmunngo.org\/pt\/wp-json\/wp\/v2\/media?parent=2420"}],"curies":[{"name":"wp","href":"https:\/\/api.w.org\/{rel}","templated":true}]}}