{"id":2720,"date":"2013-07-08T13:22:07","date_gmt":"2013-07-08T13:22:07","guid":{"rendered":"http:\/\/ibvmatunitednations.wordpress.com\/?page_id=1"},"modified":"2021-06-08T03:26:13","modified_gmt":"2021-06-08T03:26:13","slug":"sobre","status":"publish","type":"page","link":"https:\/\/ibvmunngo.org\/pt\/sobre\/","title":{"rendered":"Sobre n\u00f3s"},"content":{"rendered":"<div data-elementor-type=\"wp-page\" data-elementor-id=\"2720\" class=\"elementor elementor-2720\" data-elementor-post-type=\"page\">\n\t\t\t\t\t\t<section class=\"elementor-section elementor-top-section elementor-element elementor-element-8889c42 elementor-section-boxed elementor-section-height-default elementor-section-height-default\" data-id=\"8889c42\" data-element_type=\"section\" data-e-type=\"section\">\n\t\t\t\t\t\t<div class=\"elementor-container elementor-column-gap-default\">\n\t\t\t\t\t<div class=\"elementor-column elementor-col-100 elementor-top-column elementor-element elementor-element-e601084\" data-id=\"e601084\" data-element_type=\"column\" data-e-type=\"column\">\n\t\t\t<div class=\"elementor-widget-wrap elementor-element-populated\">\n\t\t\t\t\t\t<div class=\"elementor-element elementor-element-d9d616a elementor-widget elementor-widget-text-editor\" data-id=\"d9d616a\" data-element_type=\"widget\" data-e-type=\"widget\" data-widget_type=\"text-editor.default\">\n\t\t\t\t<div class=\"elementor-widget-container\">\n\t\t\t\t\t\t\t\t\t<p>O Instituto da Bem-Aventurada Virgem Maria (Generalato de Loreto) \u00e9 uma congrega\u00e7\u00e3o internacional de Religiosas Cat\u00f3licas. Abriu o seu escrit\u00f3rio de ONG em Nova Iorque em Setembro de 2003, tendo recebido o Estatuto de Associado com o\u00a0<a href=\"http:\/\/www.un.org\/en\/hq\/dpi\/\" target=\"_blank\" rel=\"noopener noreferrer\">Departamento de Informa\u00e7\u00e3o P\u00fablica das Na\u00e7\u00f5es Unidas<\/a>. Em 2015 foi-lhe concedido estatuto consultivo especial junto do ECOSOC. A Rede Mundial IBVM est\u00e1 presente nas Na\u00e7\u00f5es Unidas, onde a voz da sociedade civil \u00e9 de import\u00e2ncia crescente nas decis\u00f5es multilaterais sobre a vis\u00e3o e os objectivos que visam encorajar a comunidade humana a uma colabora\u00e7\u00e3o pac\u00edfica e respeitosa de uma forma que beneficie todas as pessoas e o nosso planeta.<\/p>\n\n<h3>Posicionamento Corporativo da IBVM sobre Tr\u00e1fico de Pessoas<\/h3>\n\n<p>Na Congrega\u00e7\u00e3o Geral realizada em setembro de 2014 em Loyola, Espanha, foi adotada a seguinte declara\u00e7\u00e3o:\u00a0<\/p>\n<blockquote>&#8220;Como membros do Instituto da Bem-Aventurada Virgem Maria, uma congrega\u00e7\u00e3o internacional e multicultural de religiosas, comprometemo-nos a trabalhar pela erradica\u00e7\u00e3o de todas as formas de tr\u00e1fico humano e suas causas, especialmente entre mulheres e crian\u00e7as, onde quer que vivamos e ministremos&amp;#8221 ;.<\/blockquote>\nLeia mais sobre a hist\u00f3ria do IBVM, seus representantes e o impacto que causaram em 10 anos de presen\u00e7a nas Na\u00e7\u00f5es Unidas<a href=\"http:\/\/ibvmunngo.org\/wp-content\/uploads\/2014\/04\/IBVM-NGO-Ten-Years-at-the-United-Nations.pdf\"> AQUI<\/a>\t\t\t\t\t\t\t\t<\/div>\n\t\t\t\t<\/div>\n\t\t\t\t\t<\/div>\n\t\t<\/div>\n\t\t\t\t\t<\/div>\n\t\t<\/section>\n\t\t\t\t<\/div>","protected":false},"excerpt":{"rendered":"<p>The Institute of the Blessed Virgin Mary (Loreto Generalate) is an international congregation of Catholic Women Religious. It opened its NGO office in New York in September 2003, having received Associate Status with the\u00a0Department of Public Information of the United Nations. In 2015 it was granted special consultative status with ECOSOC.\u00a0The worldwide IBVM Network is [&hellip;]<\/p>\n","protected":false},"author":11,"featured_media":0,"parent":0,"menu_order":1,"comment_status":"closed","ping_status":"closed","template":"","meta":{"footnotes":""},"class_list":["post-2720","page","type-page","status-publish","hentry"],"yoast_head":"<!-- This site is optimized with the Yoast SEO plugin v27.3 - https:\/\/yoast.com\/product\/yoast-seo-wordpress\/ -->\n<title>About us - Institute of the Blessed Virgin Mary \u2013 Loreto<\/title>\n<meta name=\"robots\" content=\"index, follow, max-snippet:-1, max-image-preview:large, max-video-preview:-1\" \/>\n<link rel=\"canonical\" href=\"https:\/\/ibvmunngo.org\/pt\/sobre\/\" \/>\n<meta property=\"og:locale\" content=\"pt_BR\" \/>\n<meta property=\"og:type\" content=\"article\" \/>\n<meta property=\"og:title\" content=\"About us - Institute of the Blessed Virgin Mary \u2013 Loreto\" \/>\n<meta property=\"og:description\" content=\"The Institute of the Blessed Virgin Mary (Loreto Generalate) is an international congregation of Catholic Women Religious. It opened its NGO office in New York in September 2003, having received Associate Status with the\u00a0Department of Public Information of the United Nations. In 2015 it was granted special consultative status with ECOSOC.\u00a0The worldwide IBVM Network is [&hellip;]\" \/>\n<meta property=\"og:url\" content=\"https:\/\/ibvmunngo.org\/pt\/sobre\/\" \/>\n<meta property=\"og:site_name\" content=\"Institute of the Blessed Virgin Mary \u2013 Loreto\" \/>\n<meta property=\"article:modified_time\" content=\"2021-06-08T03:26:13+00:00\" \/>\n<meta name=\"twitter:card\" content=\"summary_large_image\" \/>\n<meta name=\"twitter:label1\" content=\"Est. tempo de leitura\" \/>\n\t<meta name=\"twitter:data1\" content=\"1 minuto\" \/>\n<script type=\"application\/ld+json\" class=\"yoast-schema-graph\">{\"@context\":\"https:\\\/\\\/schema.org\",\"@graph\":[{\"@type\":\"WebPage\",\"@id\":\"https:\\\/\\\/ibvmunngo.org\\\/about\\\/\",\"url\":\"https:\\\/\\\/ibvmunngo.org\\\/about\\\/\",\"name\":\"About us - Institute of the Blessed Virgin Mary \u2013 Loreto\",\"isPartOf\":{\"@id\":\"https:\\\/\\\/ibvmunngo.org\\\/es\\\/#website\"},\"datePublished\":\"2013-07-08T13:22:07+00:00\",\"dateModified\":\"2021-06-08T03:26:13+00:00\",\"breadcrumb\":{\"@id\":\"https:\\\/\\\/ibvmunngo.org\\\/about\\\/#breadcrumb\"},\"inLanguage\":\"pt-BR\",\"potentialAction\":[{\"@type\":\"ReadAction\",\"target\":[\"https:\\\/\\\/ibvmunngo.org\\\/about\\\/\"]}]},{\"@type\":\"BreadcrumbList\",\"@id\":\"https:\\\/\\\/ibvmunngo.org\\\/about\\\/#breadcrumb\",\"itemListElement\":[{\"@type\":\"ListItem\",\"position\":1,\"name\":\"Home\",\"item\":\"https:\\\/\\\/ibvmunngo.org\\\/es\\\/\"},{\"@type\":\"ListItem\",\"position\":2,\"name\":\"About us\"}]},{\"@type\":\"WebSite\",\"@id\":\"https:\\\/\\\/ibvmunngo.org\\\/es\\\/#website\",\"url\":\"https:\\\/\\\/ibvmunngo.org\\\/es\\\/\",\"name\":\"Institute of the Blessed Virgin Mary \u2013 Loreto\",\"description\":\"NGO ASSOCIATED WITH ECOSOC AT THE UNITED NATIONS\",\"publisher\":{\"@id\":\"https:\\\/\\\/ibvmunngo.org\\\/es\\\/#organization\"},\"potentialAction\":[{\"@type\":\"SearchAction\",\"target\":{\"@type\":\"EntryPoint\",\"urlTemplate\":\"https:\\\/\\\/ibvmunngo.org\\\/es\\\/?s={search_term_string}\"},\"query-input\":{\"@type\":\"PropertyValueSpecification\",\"valueRequired\":true,\"valueName\":\"search_term_string\"}}],\"inLanguage\":\"pt-BR\"},{\"@type\":\"Organization\",\"@id\":\"https:\\\/\\\/ibvmunngo.org\\\/es\\\/#organization\",\"name\":\"Institute of the Blessed Virgin Mary \u2013 Loreto\",\"url\":\"https:\\\/\\\/ibvmunngo.org\\\/es\\\/\",\"logo\":{\"@type\":\"ImageObject\",\"inLanguage\":\"pt-BR\",\"@id\":\"https:\\\/\\\/ibvmunngo.org\\\/es\\\/#\\\/schema\\\/logo\\\/image\\\/\",\"url\":\"https:\\\/\\\/ibvmunngo.org\\\/wp-content\\\/uploads\\\/2020\\\/10\\\/Logo_IBVM_UN_1.png\",\"contentUrl\":\"https:\\\/\\\/ibvmunngo.org\\\/wp-content\\\/uploads\\\/2020\\\/10\\\/Logo_IBVM_UN_1.png\",\"width\":200,\"height\":144,\"caption\":\"Institute of the Blessed Virgin Mary \u2013 Loreto\"},\"image\":{\"@id\":\"https:\\\/\\\/ibvmunngo.org\\\/es\\\/#\\\/schema\\\/logo\\\/image\\\/\"}}]}<\/script>\n<!-- \/ Yoast SEO plugin. -->","yoast_head_json":{"title":"Sobre n\u00f3s - Instituto da Bem-Aventurada Virgem Maria \u2013 Loreto","robots":{"index":"index","follow":"follow","max-snippet":"max-snippet:-1","max-image-preview":"max-image-preview:large","max-video-preview":"max-video-preview:-1"},"canonical":"https:\/\/ibvmunngo.org\/pt\/sobre\/","og_locale":"pt_BR","og_type":"article","og_title":"About us - Institute of the Blessed Virgin Mary \u2013 Loreto","og_description":"The Institute of the Blessed Virgin Mary (Loreto Generalate) is an international congregation of Catholic Women Religious. It opened its NGO office in New York in September 2003, having received Associate Status with the\u00a0Department of Public Information of the United Nations. In 2015 it was granted special consultative status with ECOSOC.\u00a0The worldwide IBVM Network is [&hellip;]","og_url":"https:\/\/ibvmunngo.org\/pt\/sobre\/","og_site_name":"Institute of the Blessed Virgin Mary \u2013 Loreto","article_modified_time":"2021-06-08T03:26:13+00:00","twitter_card":"summary_large_image","twitter_misc":{"Est. tempo de leitura":"1 minuto"},"schema":{"@context":"https:\/\/schema.org","@graph":[{"@type":"WebPage","@id":"https:\/\/ibvmunngo.org\/about\/","url":"https:\/\/ibvmunngo.org\/about\/","name":"Sobre n\u00f3s - Instituto da Bem-Aventurada Virgem Maria \u2013 Loreto","isPartOf":{"@id":"https:\/\/ibvmunngo.org\/es\/#website"},"datePublished":"2013-07-08T13:22:07+00:00","dateModified":"2021-06-08T03:26:13+00:00","breadcrumb":{"@id":"https:\/\/ibvmunngo.org\/about\/#breadcrumb"},"inLanguage":"pt-BR","potentialAction":[{"@type":"ReadAction","target":["https:\/\/ibvmunngo.org\/about\/"]}]},{"@type":"BreadcrumbList","@id":"https:\/\/ibvmunngo.org\/about\/#breadcrumb","itemListElement":[{"@type":"ListItem","position":1,"name":"Home","item":"https:\/\/ibvmunngo.org\/es\/"},{"@type":"ListItem","position":2,"name":"About us"}]},{"@type":"WebSite","@id":"https:\/\/ibvmunngo.org\/es\/#website","url":"https:\/\/ibvmunngo.org\/es\/","name":"Instituto da Bem-Aventurada Virgem Maria \u2013 Loreto","description":"ONG ASSOCIADA AO ECOSOC NAS NA\u00c7\u00d5ES UNIDAS","publisher":{"@id":"https:\/\/ibvmunngo.org\/es\/#organization"},"potentialAction":[{"@type":"SearchAction","target":{"@type":"EntryPoint","urlTemplate":"https:\/\/ibvmunngo.org\/es\/?s={search_term_string}"},"query-input":{"@type":"PropertyValueSpecification","valueRequired":true,"valueName":"search_term_string"}}],"inLanguage":"pt-BR"},{"@type":"Organization","@id":"https:\/\/ibvmunngo.org\/es\/#organization","name":"Instituto da Bem-Aventurada Virgem Maria \u2013 Loreto","url":"https:\/\/ibvmunngo.org\/es\/","logo":{"@type":"ImageObject","inLanguage":"pt-BR","@id":"https:\/\/ibvmunngo.org\/es\/#\/schema\/logo\/image\/","url":"https:\/\/ibvmunngo.org\/wp-content\/uploads\/2020\/10\/Logo_IBVM_UN_1.png","contentUrl":"https:\/\/ibvmunngo.org\/wp-content\/uploads\/2020\/10\/Logo_IBVM_UN_1.png","width":200,"height":144,"caption":"Institute of the Blessed Virgin Mary \u2013 Loreto"},"image":{"@id":"https:\/\/ibvmunngo.org\/es\/#\/schema\/logo\/image\/"}}]}},"_links":{"self":[{"href":"https:\/\/ibvmunngo.org\/pt\/wp-json\/wp\/v2\/pages\/2720","targetHints":{"allow":["GET"]}}],"collection":[{"href":"https:\/\/ibvmunngo.org\/pt\/wp-json\/wp\/v2\/pages"}],"about":[{"href":"https:\/\/ibvmunngo.org\/pt\/wp-json\/wp\/v2\/types\/page"}],"author":[{"embeddable":true,"href":"https:\/\/ibvmunngo.org\/pt\/wp-json\/wp\/v2\/users\/11"}],"replies":[{"embeddable":true,"href":"https:\/\/ibvmunngo.org\/pt\/wp-json\/wp\/v2\/comments?post=2720"}],"version-history":[{"count":0,"href":"https:\/\/ibvmunngo.org\/pt\/wp-json\/wp\/v2\/pages\/2720\/revisions"}],"wp:attachment":[{"href":"https:\/\/ibvmunngo.org\/pt\/wp-json\/wp\/v2\/media?parent=2720"}],"curies":[{"name":"wp","href":"https:\/\/api.w.org\/{rel}","templated":true}]}}