{"id":4075,"date":"2020-12-17T19:18:14","date_gmt":"2020-12-17T19:18:14","guid":{"rendered":"https:\/\/ibvmunngo.org\/?page_id=4075"},"modified":"2024-10-27T02:25:00","modified_gmt":"2024-10-27T02:25:00","slug":"estrutura","status":"publish","type":"page","link":"https:\/\/ibvmunngo.org\/pt\/sobre\/estrutura\/","title":{"rendered":"Estrutura"},"content":{"rendered":"<div data-elementor-type=\"wp-page\" data-elementor-id=\"4075\" class=\"elementor elementor-4075\" data-elementor-post-type=\"page\">\n\t\t\t\t\t\t<section class=\"elementor-section elementor-top-section elementor-element elementor-element-53b3b98 elementor-section-boxed elementor-section-height-default elementor-section-height-default\" data-id=\"53b3b98\" data-element_type=\"section\" data-e-type=\"section\">\n\t\t\t\t\t\t<div class=\"elementor-container elementor-column-gap-default\">\n\t\t\t\t\t<div class=\"elementor-column elementor-col-50 elementor-top-column elementor-element elementor-element-28ecf48\" data-id=\"28ecf48\" data-element_type=\"column\" data-e-type=\"column\">\n\t\t\t<div class=\"elementor-widget-wrap elementor-element-populated\">\n\t\t\t\t\t\t<div class=\"elementor-element elementor-element-d1c2383 elementor-widget elementor-widget-image\" data-id=\"d1c2383\" data-element_type=\"widget\" data-e-type=\"widget\" data-widget_type=\"image.default\">\n\t\t\t\t<div class=\"elementor-widget-container\">\n\t\t\t\t\t\t\t\t\t\t\t\t\t\t\t<img decoding=\"async\" src=\"https:\/\/ibvmunngo.org\/wp-content\/uploads\/elementor\/thumbs\/Janet-qty2dswhp029xdsyqsfbviewxiveek7etvs3r3b88g.jpg\" title=\"rbtmdn\" alt=\"rbtmdn\" loading=\"lazy\" \/>\t\t\t\t\t\t\t\t\t\t\t\t\t\t\t<\/div>\n\t\t\t\t<\/div>\n\t\t\t\t\t<\/div>\n\t\t<\/div>\n\t\t\t\t<div class=\"elementor-column elementor-col-50 elementor-top-column elementor-element elementor-element-2485e61\" data-id=\"2485e61\" data-element_type=\"column\" data-e-type=\"column\">\n\t\t\t<div class=\"elementor-widget-wrap elementor-element-populated\">\n\t\t\t\t\t\t<div class=\"elementor-element elementor-element-c1de422 elementor-widget elementor-widget-text-editor\" data-id=\"c1de422\" data-element_type=\"widget\" data-e-type=\"widget\" data-widget_type=\"text-editor.default\">\n\t\t\t\t<div class=\"elementor-widget-container\">\n\t\t\t\t\t\t\t\t\t<p style=\"caret-color: #000000; color: #000000;\"><strong style=\"font-family: var( --e-global-typography-text-font-family ), 'Artegra Sans', Sans-serif; font-size: 1rem;\">Irm\u00e3 Janet Palafox ibvm \u2013\u00a0<\/strong><span style=\"font-family: var( --e-global-typography-text-font-family ), 'Artegra Sans', Sans-serif; font-size: 1rem;\">Representante de ONG<\/span><\/p><p style=\"caret-color: #000000; color: #000000;\">Janet pertence ao Instituto da Bem-Aventurada Virgem Maria (IBVM). Ela \u00e9 formada em comunica\u00e7\u00e3o e desenvolvimento internacional e foi Diretora da Mary Ward Peru at\u00e9 2018. Antes de se mudar para o Peru, Janet foi Coordenadora Diocesana da Caritas Austr\u00e1lia para a Arquidiocese de Perth, respons\u00e1vel por envolver e animar as par\u00f3quias e escolas para apoiar seus trabalho mundial. Ela tamb\u00e9m trabalhou para uma institui\u00e7\u00e3o de caridade cat\u00f3lica rural, onde foi respons\u00e1vel pela constru\u00e7\u00e3o de parcerias entre comunidades rurais e remotas e organiza\u00e7\u00f5es locais para apoiar os estudantes e melhorar os seus resultados educativos. Janet tem mais de 16 anos de experi\u00eancia em defesa de direitos, conscientiza\u00e7\u00e3o e desenvolvimento comunit\u00e1rio. Ela atuou em v\u00e1rios comit\u00eas e f\u00f3runs em n\u00edvel local, nacional e internacional.<\/p>\t\t\t\t\t\t\t\t<\/div>\n\t\t\t\t<\/div>\n\t\t\t\t\t<\/div>\n\t\t<\/div>\n\t\t\t\t\t<\/div>\n\t\t<\/section>\n\t\t\t\t<section class=\"elementor-section elementor-top-section elementor-element elementor-element-2f5ea29c elementor-section-boxed elementor-section-height-default elementor-section-height-default\" data-id=\"2f5ea29c\" data-element_type=\"section\" data-e-type=\"section\">\n\t\t\t\t\t\t<div class=\"elementor-container elementor-column-gap-default\">\n\t\t\t\t\t<div class=\"elementor-column elementor-col-100 elementor-top-column elementor-element elementor-element-2a17ff74\" data-id=\"2a17ff74\" data-element_type=\"column\" data-e-type=\"column\">\n\t\t\t<div class=\"elementor-widget-wrap elementor-element-populated\">\n\t\t\t\t\t\t<div class=\"elementor-element elementor-element-73a76eb elementor-widget elementor-widget-text-editor\" data-id=\"73a76eb\" data-element_type=\"widget\" data-e-type=\"widget\" data-widget_type=\"text-editor.default\">\n\t\t\t\t<div class=\"elementor-widget-container\">\n\t\t\t\t\t\t\t\t\t<p>Um internacional <strong>Comit\u00e9 Consultivo<\/strong> e uma rede de <strong>Representantes da ONU da Prov\u00edncia IBVM\/CJ<\/strong> apoiar os Representantes das ONGs em seu trabalho. Existem tamb\u00e9m outras redes formadas por causa de sua \u00e1rea comum de trabalho. Estas s\u00e3o as <strong>Rede Antitr\u00e1fico Humano<\/strong>,<strong>\u00a0<\/strong>e <strong>Rede de Cidadania Global (Educa\u00e7\u00e3o)<\/strong>.<\/p><p>O Comit\u00e9 Consultivo fornece aconselhamento, orienta\u00e7\u00e3o e supervis\u00e3o da estrat\u00e9gia e do plano de trabalho da ONG. Os Representantes da ONU da Prov\u00edncia IBVM\/CJ fornecem o elo cr\u00edtico para a comunica\u00e7\u00e3o entre os Representantes de ONGs em Nova York e toda a rede IBVM\/CJ. Juntamente com as redes de interesse comum, tamb\u00e9m fornecem informa\u00e7\u00f5es cr\u00edticas provenientes do terreno que fundamentam a nossa defesa na ONU.<\/p><p>O actual <strong>Comit\u00e9 Consultivo<\/strong> os membros s\u00e3o:<\/p><ul><li>Mary-Eileen Donovan &#8211; Presidente (Canad\u00e1)<\/li><li>Aarya Jha (defensora da juventude, Nepal)<\/li><li>Annette Haseneder (Alemanha)<\/li><li>Carlota Gayo (Advogada Juvenil, Espanha)<\/li><li>Flora Anthony IBVM (\u00cdndia)<\/li><li>Gazmir Memaj (Alb\u00e2nia)<\/li><li>Greg Rogers (Canad\u00e1)<\/li><li>Heidi Cerneka (EUA)<\/li><li>Pauline Macharia IBVM (Coordenadora Mary Ward JPIC, Qu\u00eania)<\/li><li>Smitha Muthu CJ (Nepal)<\/li><\/ul><p><em>Imagem de destaque: Lauren Grant (estagi\u00e1ria), Janet Palafox ibvm (Representante de ONGs da ONU), Cecilia O&#039;Dwyer ibvm (ex-Representante de ONGs da ONU), Evanne Hunter ibvm (ex-Representante de ONGs da ONU), Mary-Eileen Donovan (Presidente do Comit\u00ea Consultivo ), Smitha Muthu cj (Representante da Prov\u00edncia da ONU para o Nepal e membro do Comit\u00e9 Consultivo) e Marta Santos (Representante da Prov\u00edncia da ONU para Espanha) participaram na Comiss\u00e3o sobre o Estatuto da Mulher em Nova Iorque em 2024.<\/em><\/p>\t\t\t\t\t\t\t\t<\/div>\n\t\t\t\t<\/div>\n\t\t\t\t\t<\/div>\n\t\t<\/div>\n\t\t\t\t\t<\/div>\n\t\t<\/section>\n\t\t\t\t<\/div>","protected":false},"excerpt":{"rendered":"<p>Sr Janet Palafox ibvm \u2013\u00a0NGO Representative Janet belongs to the Institute of the Blessed Virgin Mary (IBVM). She has a degree in communications and international development and was the Director of Mary Ward Peru until 2018. Before moving to Peru, Janet was the Caritas Australia Diocesan Coordinator for the Archdiocese of Perth, responsible for engaging [&hellip;]<\/p>\n","protected":false},"author":1,"featured_media":125433,"parent":2720,"menu_order":0,"comment_status":"closed","ping_status":"closed","template":"","meta":{"footnotes":""},"class_list":["post-4075","page","type-page","status-publish","has-post-thumbnail","hentry"],"yoast_head":"<!-- This site is optimized with the Yoast SEO plugin v27.3 - https:\/\/yoast.com\/product\/yoast-seo-wordpress\/ -->\n<title>Structure - Institute of the Blessed Virgin Mary \u2013 Loreto<\/title>\n<meta name=\"robots\" content=\"index, follow, max-snippet:-1, max-image-preview:large, max-video-preview:-1\" \/>\n<link rel=\"canonical\" href=\"https:\/\/ibvmunngo.org\/pt\/sobre\/estrutura\/\" \/>\n<meta property=\"og:locale\" content=\"pt_BR\" \/>\n<meta property=\"og:type\" content=\"article\" \/>\n<meta property=\"og:title\" content=\"Structure - Institute of the Blessed Virgin Mary \u2013 Loreto\" \/>\n<meta property=\"og:description\" content=\"Sr Janet Palafox ibvm \u2013\u00a0NGO Representative Janet belongs to the Institute of the Blessed Virgin Mary (IBVM). She has a degree in communications and international development and was the Director of Mary Ward Peru until 2018. Before moving to Peru, Janet was the Caritas Australia Diocesan Coordinator for the Archdiocese of Perth, responsible for engaging [&hellip;]\" \/>\n<meta property=\"og:url\" content=\"https:\/\/ibvmunngo.org\/pt\/sobre\/estrutura\/\" \/>\n<meta property=\"og:site_name\" content=\"Institute of the Blessed Virgin Mary \u2013 Loreto\" \/>\n<meta property=\"article:modified_time\" content=\"2024-10-27T02:25:00+00:00\" \/>\n<meta property=\"og:image\" content=\"https:\/\/ibvmunngo.org\/wp-content\/uploads\/2024\/10\/Website-Front-Page-3.png\" \/>\n\t<meta property=\"og:image:width\" content=\"900\" \/>\n\t<meta property=\"og:image:height\" content=\"400\" \/>\n\t<meta property=\"og:image:type\" content=\"image\/png\" \/>\n<meta name=\"twitter:card\" content=\"summary_large_image\" \/>\n<meta name=\"twitter:label1\" content=\"Est. tempo de leitura\" \/>\n\t<meta name=\"twitter:data1\" content=\"2 minutos\" \/>\n<script type=\"application\/ld+json\" class=\"yoast-schema-graph\">{\"@context\":\"https:\\\/\\\/schema.org\",\"@graph\":[{\"@type\":\"WebPage\",\"@id\":\"https:\\\/\\\/ibvmunngo.org\\\/about\\\/structure\\\/\",\"url\":\"https:\\\/\\\/ibvmunngo.org\\\/about\\\/structure\\\/\",\"name\":\"Structure - Institute of the Blessed Virgin Mary \u2013 Loreto\",\"isPartOf\":{\"@id\":\"https:\\\/\\\/ibvmunngo.org\\\/es\\\/#website\"},\"primaryImageOfPage\":{\"@id\":\"https:\\\/\\\/ibvmunngo.org\\\/about\\\/structure\\\/#primaryimage\"},\"image\":{\"@id\":\"https:\\\/\\\/ibvmunngo.org\\\/about\\\/structure\\\/#primaryimage\"},\"thumbnailUrl\":\"https:\\\/\\\/ibvmunngo.org\\\/wp-content\\\/uploads\\\/2024\\\/10\\\/Website-Front-Page-3.png\",\"datePublished\":\"2020-12-17T19:18:14+00:00\",\"dateModified\":\"2024-10-27T02:25:00+00:00\",\"breadcrumb\":{\"@id\":\"https:\\\/\\\/ibvmunngo.org\\\/about\\\/structure\\\/#breadcrumb\"},\"inLanguage\":\"pt-BR\",\"potentialAction\":[{\"@type\":\"ReadAction\",\"target\":[\"https:\\\/\\\/ibvmunngo.org\\\/about\\\/structure\\\/\"]}]},{\"@type\":\"ImageObject\",\"inLanguage\":\"pt-BR\",\"@id\":\"https:\\\/\\\/ibvmunngo.org\\\/about\\\/structure\\\/#primaryimage\",\"url\":\"https:\\\/\\\/ibvmunngo.org\\\/wp-content\\\/uploads\\\/2024\\\/10\\\/Website-Front-Page-3.png\",\"contentUrl\":\"https:\\\/\\\/ibvmunngo.org\\\/wp-content\\\/uploads\\\/2024\\\/10\\\/Website-Front-Page-3.png\",\"width\":900,\"height\":400},{\"@type\":\"BreadcrumbList\",\"@id\":\"https:\\\/\\\/ibvmunngo.org\\\/about\\\/structure\\\/#breadcrumb\",\"itemListElement\":[{\"@type\":\"ListItem\",\"position\":1,\"name\":\"Home\",\"item\":\"https:\\\/\\\/ibvmunngo.org\\\/es\\\/\"},{\"@type\":\"ListItem\",\"position\":2,\"name\":\"About us\",\"item\":\"https:\\\/\\\/ibvmunngo.org\\\/about\\\/\"},{\"@type\":\"ListItem\",\"position\":3,\"name\":\"Structure\"}]},{\"@type\":\"WebSite\",\"@id\":\"https:\\\/\\\/ibvmunngo.org\\\/es\\\/#website\",\"url\":\"https:\\\/\\\/ibvmunngo.org\\\/es\\\/\",\"name\":\"Institute of the Blessed Virgin Mary \u2013 Loreto\",\"description\":\"NGO ASSOCIATED WITH ECOSOC AT THE UNITED NATIONS\",\"publisher\":{\"@id\":\"https:\\\/\\\/ibvmunngo.org\\\/es\\\/#organization\"},\"potentialAction\":[{\"@type\":\"SearchAction\",\"target\":{\"@type\":\"EntryPoint\",\"urlTemplate\":\"https:\\\/\\\/ibvmunngo.org\\\/es\\\/?s={search_term_string}\"},\"query-input\":{\"@type\":\"PropertyValueSpecification\",\"valueRequired\":true,\"valueName\":\"search_term_string\"}}],\"inLanguage\":\"pt-BR\"},{\"@type\":\"Organization\",\"@id\":\"https:\\\/\\\/ibvmunngo.org\\\/es\\\/#organization\",\"name\":\"Institute of the Blessed Virgin Mary \u2013 Loreto\",\"url\":\"https:\\\/\\\/ibvmunngo.org\\\/es\\\/\",\"logo\":{\"@type\":\"ImageObject\",\"inLanguage\":\"pt-BR\",\"@id\":\"https:\\\/\\\/ibvmunngo.org\\\/es\\\/#\\\/schema\\\/logo\\\/image\\\/\",\"url\":\"https:\\\/\\\/ibvmunngo.org\\\/wp-content\\\/uploads\\\/2020\\\/10\\\/Logo_IBVM_UN_1.png\",\"contentUrl\":\"https:\\\/\\\/ibvmunngo.org\\\/wp-content\\\/uploads\\\/2020\\\/10\\\/Logo_IBVM_UN_1.png\",\"width\":200,\"height\":144,\"caption\":\"Institute of the Blessed Virgin Mary \u2013 Loreto\"},\"image\":{\"@id\":\"https:\\\/\\\/ibvmunngo.org\\\/es\\\/#\\\/schema\\\/logo\\\/image\\\/\"}}]}<\/script>\n<!-- \/ Yoast SEO plugin. -->","yoast_head_json":{"title":"Estrutura - Instituto da Bem-Aventurada Virgem Maria \u2013 Loreto","robots":{"index":"index","follow":"follow","max-snippet":"max-snippet:-1","max-image-preview":"max-image-preview:large","max-video-preview":"max-video-preview:-1"},"canonical":"https:\/\/ibvmunngo.org\/pt\/sobre\/estrutura\/","og_locale":"pt_BR","og_type":"article","og_title":"Structure - Institute of the Blessed Virgin Mary \u2013 Loreto","og_description":"Sr Janet Palafox ibvm \u2013\u00a0NGO Representative Janet belongs to the Institute of the Blessed Virgin Mary (IBVM). She has a degree in communications and international development and was the Director of Mary Ward Peru until 2018. Before moving to Peru, Janet was the Caritas Australia Diocesan Coordinator for the Archdiocese of Perth, responsible for engaging [&hellip;]","og_url":"https:\/\/ibvmunngo.org\/pt\/sobre\/estrutura\/","og_site_name":"Institute of the Blessed Virgin Mary \u2013 Loreto","article_modified_time":"2024-10-27T02:25:00+00:00","og_image":[{"width":900,"height":400,"url":"https:\/\/ibvmunngo.org\/wp-content\/uploads\/2024\/10\/Website-Front-Page-3.png","type":"image\/png"}],"twitter_card":"summary_large_image","twitter_misc":{"Est. tempo de leitura":"2 minutos"},"schema":{"@context":"https:\/\/schema.org","@graph":[{"@type":"WebPage","@id":"https:\/\/ibvmunngo.org\/about\/structure\/","url":"https:\/\/ibvmunngo.org\/about\/structure\/","name":"Estrutura - Instituto da Bem-Aventurada Virgem Maria \u2013 Loreto","isPartOf":{"@id":"https:\/\/ibvmunngo.org\/es\/#website"},"primaryImageOfPage":{"@id":"https:\/\/ibvmunngo.org\/about\/structure\/#primaryimage"},"image":{"@id":"https:\/\/ibvmunngo.org\/about\/structure\/#primaryimage"},"thumbnailUrl":"https:\/\/ibvmunngo.org\/wp-content\/uploads\/2024\/10\/Website-Front-Page-3.png","datePublished":"2020-12-17T19:18:14+00:00","dateModified":"2024-10-27T02:25:00+00:00","breadcrumb":{"@id":"https:\/\/ibvmunngo.org\/about\/structure\/#breadcrumb"},"inLanguage":"pt-BR","potentialAction":[{"@type":"ReadAction","target":["https:\/\/ibvmunngo.org\/about\/structure\/"]}]},{"@type":"ImageObject","inLanguage":"pt-BR","@id":"https:\/\/ibvmunngo.org\/about\/structure\/#primaryimage","url":"https:\/\/ibvmunngo.org\/wp-content\/uploads\/2024\/10\/Website-Front-Page-3.png","contentUrl":"https:\/\/ibvmunngo.org\/wp-content\/uploads\/2024\/10\/Website-Front-Page-3.png","width":900,"height":400},{"@type":"BreadcrumbList","@id":"https:\/\/ibvmunngo.org\/about\/structure\/#breadcrumb","itemListElement":[{"@type":"ListItem","position":1,"name":"Home","item":"https:\/\/ibvmunngo.org\/es\/"},{"@type":"ListItem","position":2,"name":"About us","item":"https:\/\/ibvmunngo.org\/about\/"},{"@type":"ListItem","position":3,"name":"Structure"}]},{"@type":"WebSite","@id":"https:\/\/ibvmunngo.org\/es\/#website","url":"https:\/\/ibvmunngo.org\/es\/","name":"Instituto da Bem-Aventurada Virgem Maria \u2013 Loreto","description":"ONG ASSOCIADA AO ECOSOC NAS NA\u00c7\u00d5ES UNIDAS","publisher":{"@id":"https:\/\/ibvmunngo.org\/es\/#organization"},"potentialAction":[{"@type":"SearchAction","target":{"@type":"EntryPoint","urlTemplate":"https:\/\/ibvmunngo.org\/es\/?s={search_term_string}"},"query-input":{"@type":"PropertyValueSpecification","valueRequired":true,"valueName":"search_term_string"}}],"inLanguage":"pt-BR"},{"@type":"Organization","@id":"https:\/\/ibvmunngo.org\/es\/#organization","name":"Instituto da Bem-Aventurada Virgem Maria \u2013 Loreto","url":"https:\/\/ibvmunngo.org\/es\/","logo":{"@type":"ImageObject","inLanguage":"pt-BR","@id":"https:\/\/ibvmunngo.org\/es\/#\/schema\/logo\/image\/","url":"https:\/\/ibvmunngo.org\/wp-content\/uploads\/2020\/10\/Logo_IBVM_UN_1.png","contentUrl":"https:\/\/ibvmunngo.org\/wp-content\/uploads\/2020\/10\/Logo_IBVM_UN_1.png","width":200,"height":144,"caption":"Institute of the Blessed Virgin Mary \u2013 Loreto"},"image":{"@id":"https:\/\/ibvmunngo.org\/es\/#\/schema\/logo\/image\/"}}]}},"_links":{"self":[{"href":"https:\/\/ibvmunngo.org\/pt\/wp-json\/wp\/v2\/pages\/4075","targetHints":{"allow":["GET"]}}],"collection":[{"href":"https:\/\/ibvmunngo.org\/pt\/wp-json\/wp\/v2\/pages"}],"about":[{"href":"https:\/\/ibvmunngo.org\/pt\/wp-json\/wp\/v2\/types\/page"}],"author":[{"embeddable":true,"href":"https:\/\/ibvmunngo.org\/pt\/wp-json\/wp\/v2\/users\/1"}],"replies":[{"embeddable":true,"href":"https:\/\/ibvmunngo.org\/pt\/wp-json\/wp\/v2\/comments?post=4075"}],"version-history":[{"count":5,"href":"https:\/\/ibvmunngo.org\/pt\/wp-json\/wp\/v2\/pages\/4075\/revisions"}],"predecessor-version":[{"id":125438,"href":"https:\/\/ibvmunngo.org\/pt\/wp-json\/wp\/v2\/pages\/4075\/revisions\/125438"}],"up":[{"embeddable":true,"href":"https:\/\/ibvmunngo.org\/pt\/wp-json\/wp\/v2\/pages\/2720"}],"wp:featuredmedia":[{"embeddable":true,"href":"https:\/\/ibvmunngo.org\/pt\/wp-json\/wp\/v2\/media\/125433"}],"wp:attachment":[{"href":"https:\/\/ibvmunngo.org\/pt\/wp-json\/wp\/v2\/media?parent=4075"}],"curies":[{"name":"wp","href":"https:\/\/api.w.org\/{rel}","templated":true}]}}