{"id":47651,"date":"2021-07-31T04:51:29","date_gmt":"2021-07-31T04:51:29","guid":{"rendered":"https:\/\/ibvmunngo.org\/?page_id=47651"},"modified":"2021-08-27T21:35:30","modified_gmt":"2021-08-27T21:35:30","slug":"campanhas-da-onu","status":"publish","type":"page","link":"https:\/\/ibvmunngo.org\/pt\/news-information\/campaigns\/campanhas-da-onu\/","title":{"rendered":"Campanhas da ONU"},"content":{"rendered":"<div data-elementor-type=\"wp-page\" data-elementor-id=\"47651\" class=\"elementor elementor-47651\" data-elementor-post-type=\"page\">\n\t\t\t\t\t\t<section class=\"elementor-section elementor-top-section elementor-element elementor-element-8fc9089 elementor-section-boxed elementor-section-height-default elementor-section-height-default\" data-id=\"8fc9089\" data-element_type=\"section\" data-e-type=\"section\">\n\t\t\t\t\t\t<div class=\"elementor-container elementor-column-gap-default\">\n\t\t\t\t\t<div class=\"elementor-column elementor-col-100 elementor-top-column elementor-element elementor-element-60bb4f0\" data-id=\"60bb4f0\" data-element_type=\"column\" data-e-type=\"column\">\n\t\t\t<div class=\"elementor-widget-wrap elementor-element-populated\">\n\t\t\t\t\t\t<div class=\"elementor-element elementor-element-84098dc elementor-widget elementor-widget-heading\" data-id=\"84098dc\" data-element_type=\"widget\" data-e-type=\"widget\" data-widget_type=\"heading.default\">\n\t\t\t\t<div class=\"elementor-widget-container\">\n\t\t\t\t\t<h2 class=\"elementor-heading-title elementor-size-default\">Campanhas da ONU<\/h2>\t\t\t\t<\/div>\n\t\t\t\t<\/div>\n\t\t\t\t\t<\/div>\n\t\t<\/div>\n\t\t\t\t\t<\/div>\n\t\t<\/section>\n\t\t\t\t<section class=\"elementor-section elementor-top-section elementor-element elementor-element-0724a7c elementor-section-boxed elementor-section-height-default elementor-section-height-default\" data-id=\"0724a7c\" data-element_type=\"section\" data-e-type=\"section\">\n\t\t\t\t\t\t<div class=\"elementor-container elementor-column-gap-default\">\n\t\t\t\t\t<div class=\"elementor-column elementor-col-100 elementor-top-column elementor-element elementor-element-1b869a6\" data-id=\"1b869a6\" data-element_type=\"column\" data-e-type=\"column\">\n\t\t\t<div class=\"elementor-widget-wrap elementor-element-populated\">\n\t\t\t\t\t\t<div class=\"elementor-element elementor-element-6c1c2ee elementor-widget elementor-widget-spacer\" data-id=\"6c1c2ee\" data-element_type=\"widget\" data-e-type=\"widget\" data-widget_type=\"spacer.default\">\n\t\t\t\t<div class=\"elementor-widget-container\">\n\t\t\t\t\t\t\t<div class=\"elementor-spacer\">\n\t\t\t<div class=\"elementor-spacer-inner\"><\/div>\n\t\t<\/div>\n\t\t\t\t\t\t<\/div>\n\t\t\t\t<\/div>\n\t\t\t\t<div class=\"elementor-element elementor-element-0d0922f elementor-widget elementor-widget-image\" data-id=\"0d0922f\" data-element_type=\"widget\" data-e-type=\"widget\" data-widget_type=\"image.default\">\n\t\t\t\t<div class=\"elementor-widget-container\">\n\t\t\t\t\t\t\t\t\t\t\t\t\t\t\t<img decoding=\"async\" src=\"https:\/\/ibvmunngo.org\/wp-content\/uploads\/2021\/08\/Web-Banner-Photos-6.png\" title=\"Fotos de banner da web-6\" alt=\"Fotos de banner da web-6\" loading=\"lazy\" \/>\t\t\t\t\t\t\t\t\t\t\t\t\t\t\t<\/div>\n\t\t\t\t<\/div>\n\t\t\t\t<div class=\"elementor-element elementor-element-0415f00 elementor-widget elementor-widget-heading\" data-id=\"0415f00\" data-element_type=\"widget\" data-e-type=\"widget\" data-widget_type=\"heading.default\">\n\t\t\t\t<div class=\"elementor-widget-container\">\n\t\t\t\t\t<h2 class=\"elementor-heading-title elementor-size-default\">D\u00e9cada de A\u00e7\u00e3o da ONU<\/h2>\t\t\t\t<\/div>\n\t\t\t\t<\/div>\n\t\t\t\t<div class=\"elementor-element elementor-element-56374a0 elementor-widget elementor-widget-text-editor\" data-id=\"56374a0\" data-element_type=\"widget\" data-e-type=\"widget\" data-widget_type=\"text-editor.default\">\n\t\t\t\t<div class=\"elementor-widget-container\">\n\t\t\t\t\t\t\t\t\t<p style=\"text-align: center;\"><span style=\"caret-color: #55595c; color: #55595c; text-align: center; white-space: pre-wrap;\">A D\u00e9cada de Ac\u00e7\u00e3o apela \u00e0 acelera\u00e7\u00e3o de solu\u00e7\u00f5es sustent\u00e1veis para todos os maiores desafios do mundo \u2014 desde a pobreza e o g\u00e9nero at\u00e9 \u00e0s altera\u00e7\u00f5es clim\u00e1ticas, \u00e0 desigualdade e \u00e0 redu\u00e7\u00e3o do d\u00e9fice financeiro. O Secret\u00e1rio-Geral da ONU apela a todos os sectores da sociedade para que se mobilizem para uma d\u00e9cada de ac\u00e7\u00e3o em tr\u00eas n\u00edveis: ac\u00e7\u00e3o global, ac\u00e7\u00e3o local e ac\u00e7\u00e3o popular. Descubra o que voc\u00ea pode fazer para contribuir para alcan\u00e7ar os ODS em 2030.<\/span><\/p>\t\t\t\t\t\t\t\t<\/div>\n\t\t\t\t<\/div>\n\t\t\t\t<div class=\"elementor-element elementor-element-ad7d6b3 elementor-align-center elementor-widget elementor-widget-button\" data-id=\"ad7d6b3\" data-element_type=\"widget\" data-e-type=\"widget\" data-widget_type=\"button.default\">\n\t\t\t\t<div class=\"elementor-widget-container\">\n\t\t\t\t\t\t\t\t\t<div class=\"elementor-button-wrapper\">\n\t\t\t\t\t<a class=\"elementor-button elementor-button-link elementor-size-sm\" href=\"https:\/\/www.un.org\/sustainabledevelopment\/decade-of-action\/\">\n\t\t\t\t\t\t<span class=\"elementor-button-content-wrapper\">\n\t\t\t\t\t\t\t\t\t<span class=\"elementor-button-text\">AJA AGORA<\/span>\n\t\t\t\t\t<\/span>\n\t\t\t\t\t<\/a>\n\t\t\t\t<\/div>\n\t\t\t\t\t\t\t\t<\/div>\n\t\t\t\t<\/div>\n\t\t\t\t<div class=\"elementor-element elementor-element-5c93e20 elementor-widget elementor-widget-image\" data-id=\"5c93e20\" data-element_type=\"widget\" data-e-type=\"widget\" data-widget_type=\"image.default\">\n\t\t\t\t<div class=\"elementor-widget-container\">\n\t\t\t\t\t\t\t\t\t\t\t\t\t\t\t<img fetchpriority=\"high\" decoding=\"async\" width=\"900\" height=\"400\" src=\"https:\/\/ibvmunngo.org\/wp-content\/uploads\/2021\/08\/Web-Banner-Photos-5-1.png\" class=\"attachment-full size-full wp-image-52957\" alt=\"\" srcset=\"https:\/\/ibvmunngo.org\/wp-content\/uploads\/2021\/08\/Web-Banner-Photos-5-1.png 900w, https:\/\/ibvmunngo.org\/wp-content\/uploads\/2021\/08\/Web-Banner-Photos-5-1-300x133.png 300w, https:\/\/ibvmunngo.org\/wp-content\/uploads\/2021\/08\/Web-Banner-Photos-5-1-768x341.png 768w, https:\/\/ibvmunngo.org\/wp-content\/uploads\/2021\/08\/Web-Banner-Photos-5-1-18x8.png 18w\" sizes=\"(max-width: 900px) 100vw, 900px\" \/>\t\t\t\t\t\t\t\t\t\t\t\t\t\t\t<\/div>\n\t\t\t\t<\/div>\n\t\t\t\t<div class=\"elementor-element elementor-element-7a3e374 elementor-widget elementor-widget-heading\" data-id=\"7a3e374\" data-element_type=\"widget\" data-e-type=\"widget\" data-widget_type=\"heading.default\">\n\t\t\t\t<div class=\"elementor-widget-container\">\n\t\t\t\t\t<h2 class=\"elementor-heading-title elementor-size-default\">Ratificar OIT C190<\/h2>\t\t\t\t<\/div>\n\t\t\t\t<\/div>\n\t\t\t\t<div class=\"elementor-element elementor-element-0194b79 elementor-widget elementor-widget-text-editor\" data-id=\"0194b79\" data-element_type=\"widget\" data-e-type=\"widget\" data-widget_type=\"text-editor.default\">\n\t\t\t\t<div class=\"elementor-widget-container\">\n\t\t\t\t\t\t\t\t\t<p style=\"text-align: center;\"><span style=\"caret-color: #55595c; color: #55595c; text-align: center; white-space: pre-wrap;\">A Conven\u00e7\u00e3o n.\u00ba 190 da Organiza\u00e7\u00e3o Internacional do Trabalho (C190), o primeiro tratado internacional para abordar a viol\u00eancia e o ass\u00e9dio no mundo do trabalho, entrou em vigor em 25 de junho de 2021. Aderimos \u00e0 campanha global da OIT para construir apoio \u00e0 C190. Defendam os vossos governos para ratificarem e implementarem a Conven\u00e7\u00e3o. Saber mais.<\/span><\/p>\t\t\t\t\t\t\t\t<\/div>\n\t\t\t\t<\/div>\n\t\t\t\t<div class=\"elementor-element elementor-element-e64edcf elementor-align-center elementor-widget elementor-widget-button\" data-id=\"e64edcf\" data-element_type=\"widget\" data-e-type=\"widget\" data-widget_type=\"button.default\">\n\t\t\t\t<div class=\"elementor-widget-container\">\n\t\t\t\t\t\t\t\t\t<div class=\"elementor-button-wrapper\">\n\t\t\t\t\t<a class=\"elementor-button elementor-button-link elementor-size-sm\" href=\"https:\/\/www.ilo.org\/global\/about-the-ilo\/newsroom\/news\/WCMS_807463\/lang--en\/index.htm\">\n\t\t\t\t\t\t<span class=\"elementor-button-content-wrapper\">\n\t\t\t\t\t\t\t\t\t<span class=\"elementor-button-text\">AJA AGORA<\/span>\n\t\t\t\t\t<\/span>\n\t\t\t\t\t<\/a>\n\t\t\t\t<\/div>\n\t\t\t\t\t\t\t\t<\/div>\n\t\t\t\t<\/div>\n\t\t\t\t<div class=\"elementor-element elementor-element-f4df6c3 elementor-widget elementor-widget-image\" data-id=\"f4df6c3\" data-element_type=\"widget\" data-e-type=\"widget\" data-widget_type=\"image.default\">\n\t\t\t\t<div class=\"elementor-widget-container\">\n\t\t\t\t\t\t\t\t\t\t\t\t\t\t\t<img decoding=\"async\" src=\"https:\/\/ibvmunngo.org\/wp-content\/uploads\/2021\/08\/Web-Banner-Photos-7.png\" title=\"Fotos de Banner da Web-7\" alt=\"Fotos de Banner da Web-7\" loading=\"lazy\" \/>\t\t\t\t\t\t\t\t\t\t\t\t\t\t\t<\/div>\n\t\t\t\t<\/div>\n\t\t\t\t<div class=\"elementor-element elementor-element-680251b elementor-widget elementor-widget-heading\" data-id=\"680251b\" data-element_type=\"widget\" data-e-type=\"widget\" data-widget_type=\"heading.default\">\n\t\t\t\t<div class=\"elementor-widget-container\">\n\t\t\t\t\t<h2 class=\"elementor-heading-title elementor-size-default\"><span class=\"elementor-cta__title elementor-cta__content-item elementor-content-item elementor-inline-editing pen\" data-elementor-setting-key=\"title\" data-pen-placeholder=\"Type Here...\" style=\"margin-bottom: 15px;line-height: 1.2;color: var( --e-global-color-primary );font-size: 1.7rem;width: 829px;text-align: center\">Acabar com a viol\u00eancia contra mulheres e meninas<\/span><\/h2>\t\t\t\t<\/div>\n\t\t\t\t<\/div>\n\t\t\t\t<div class=\"elementor-element elementor-element-1f1bfae elementor-widget elementor-widget-text-editor\" data-id=\"1f1bfae\" data-element_type=\"widget\" data-e-type=\"widget\" data-widget_type=\"text-editor.default\">\n\t\t\t\t<div class=\"elementor-widget-container\">\n\t\t\t\t\t\t\t\t\t<p style=\"text-align: center;\"><span style=\"caret-color: #55595c; color: #55595c; text-align: center; white-space: pre-wrap;\">A viol\u00eancia contra mulheres e raparigas \u00e9 uma das viola\u00e7\u00f5es dos direitos humanos mais generalizadas, persistentes e devastadoras no nosso mundo actual. Ocorre em todo o mundo, atravessando todas as gera\u00e7\u00f5es, nacionalidades, comunidades e esferas das nossas sociedades, independentemente da idade, etnia, defici\u00eancia ou outra origem. Trabalhemos juntos para eliminar a viol\u00eancia de g\u00e9nero e alcan\u00e7ar a igualdade de g\u00e9nero. Descobrir como.<\/span><\/p>\t\t\t\t\t\t\t\t<\/div>\n\t\t\t\t<\/div>\n\t\t\t\t<div class=\"elementor-element elementor-element-b4de346 elementor-align-center elementor-widget elementor-widget-button\" data-id=\"b4de346\" data-element_type=\"widget\" data-e-type=\"widget\" data-widget_type=\"button.default\">\n\t\t\t\t<div class=\"elementor-widget-container\">\n\t\t\t\t\t\t\t\t\t<div class=\"elementor-button-wrapper\">\n\t\t\t\t\t<a class=\"elementor-button elementor-button-link elementor-size-sm\" href=\"https:\/\/www.un.org\/sustainabledevelopment\/ending-violence-against-women-and-girls\/\">\n\t\t\t\t\t\t<span class=\"elementor-button-content-wrapper\">\n\t\t\t\t\t\t\t\t\t<span class=\"elementor-button-text\">AJA AGORA<\/span>\n\t\t\t\t\t<\/span>\n\t\t\t\t\t<\/a>\n\t\t\t\t<\/div>\n\t\t\t\t\t\t\t\t<\/div>\n\t\t\t\t<\/div>\n\t\t\t\t\t<\/div>\n\t\t<\/div>\n\t\t\t\t\t<\/div>\n\t\t<\/section>\n\t\t\t\t<\/div>","protected":false},"excerpt":{"rendered":"<p>UN Campaigns UN Decade of Action The Decade of Action calls for accelerating sustainable solutions to all the world\u2019s biggest challenges \u2014 ranging from poverty and gender to climate change, inequality and closing the finance gap. The UN Secretary-General calls all sectors of society to mobilize for a decade of action on three levels: global [&hellip;]<\/p>\n","protected":false},"author":6,"featured_media":0,"parent":54091,"menu_order":2,"comment_status":"closed","ping_status":"closed","template":"","meta":{"footnotes":""},"class_list":["post-47651","page","type-page","status-publish","hentry"],"yoast_head":"<!-- This site is optimized with the Yoast SEO plugin v27.3 - https:\/\/yoast.com\/product\/yoast-seo-wordpress\/ -->\n<title>UN Campaigns - Institute of the Blessed Virgin Mary \u2013 Loreto<\/title>\n<meta name=\"robots\" content=\"index, follow, max-snippet:-1, max-image-preview:large, max-video-preview:-1\" \/>\n<link rel=\"canonical\" href=\"https:\/\/ibvmunngo.org\/pt\/news-information\/campaigns\/campanhas-da-onu\/\" \/>\n<meta property=\"og:locale\" content=\"pt_BR\" \/>\n<meta property=\"og:type\" content=\"article\" \/>\n<meta property=\"og:title\" content=\"UN Campaigns - Institute of the Blessed Virgin Mary \u2013 Loreto\" \/>\n<meta property=\"og:description\" content=\"UN Campaigns UN Decade of Action The Decade of Action calls for accelerating sustainable solutions to all the world\u2019s biggest challenges \u2014 ranging from poverty and gender to climate change, inequality and closing the finance gap. The UN Secretary-General calls all sectors of society to mobilize for a decade of action on three levels: global [&hellip;]\" \/>\n<meta property=\"og:url\" content=\"https:\/\/ibvmunngo.org\/pt\/news-information\/campaigns\/campanhas-da-onu\/\" \/>\n<meta property=\"og:site_name\" content=\"Institute of the Blessed Virgin Mary \u2013 Loreto\" \/>\n<meta property=\"article:modified_time\" content=\"2021-08-27T21:35:30+00:00\" \/>\n<meta property=\"og:image\" content=\"https:\/\/ibvmunngo.org\/wp-content\/uploads\/2021\/08\/Web-Banner-Photos-6.png\" \/>\n<meta name=\"twitter:card\" content=\"summary_large_image\" \/>\n<meta name=\"twitter:label1\" content=\"Est. tempo de leitura\" \/>\n\t<meta name=\"twitter:data1\" content=\"1 minuto\" \/>\n<script type=\"application\/ld+json\" class=\"yoast-schema-graph\">{\"@context\":\"https:\\\/\\\/schema.org\",\"@graph\":[{\"@type\":\"WebPage\",\"@id\":\"https:\\\/\\\/ibvmunngo.org\\\/es\\\/news-information\\\/campaigns\\\/campanas-de-la-onu\\\/\",\"url\":\"https:\\\/\\\/ibvmunngo.org\\\/es\\\/news-information\\\/campaigns\\\/campanas-de-la-onu\\\/\",\"name\":\"UN Campaigns - Institute of the Blessed Virgin Mary \u2013 Loreto\",\"isPartOf\":{\"@id\":\"https:\\\/\\\/ibvmunngo.org\\\/es\\\/#website\"},\"primaryImageOfPage\":{\"@id\":\"https:\\\/\\\/ibvmunngo.org\\\/es\\\/news-information\\\/campaigns\\\/campanas-de-la-onu\\\/#primaryimage\"},\"image\":{\"@id\":\"https:\\\/\\\/ibvmunngo.org\\\/es\\\/news-information\\\/campaigns\\\/campanas-de-la-onu\\\/#primaryimage\"},\"thumbnailUrl\":\"https:\\\/\\\/ibvmunngo.org\\\/wp-content\\\/uploads\\\/2021\\\/08\\\/Web-Banner-Photos-6.png\",\"datePublished\":\"2021-07-31T04:51:29+00:00\",\"dateModified\":\"2021-08-27T21:35:30+00:00\",\"breadcrumb\":{\"@id\":\"https:\\\/\\\/ibvmunngo.org\\\/es\\\/news-information\\\/campaigns\\\/campanas-de-la-onu\\\/#breadcrumb\"},\"inLanguage\":\"pt-BR\",\"potentialAction\":[{\"@type\":\"ReadAction\",\"target\":[\"https:\\\/\\\/ibvmunngo.org\\\/es\\\/news-information\\\/campaigns\\\/campanas-de-la-onu\\\/\"]}]},{\"@type\":\"ImageObject\",\"inLanguage\":\"pt-BR\",\"@id\":\"https:\\\/\\\/ibvmunngo.org\\\/es\\\/news-information\\\/campaigns\\\/campanas-de-la-onu\\\/#primaryimage\",\"url\":\"https:\\\/\\\/ibvmunngo.org\\\/wp-content\\\/uploads\\\/2021\\\/08\\\/Web-Banner-Photos-6.png\",\"contentUrl\":\"https:\\\/\\\/ibvmunngo.org\\\/wp-content\\\/uploads\\\/2021\\\/08\\\/Web-Banner-Photos-6.png\"},{\"@type\":\"BreadcrumbList\",\"@id\":\"https:\\\/\\\/ibvmunngo.org\\\/es\\\/news-information\\\/campaigns\\\/campanas-de-la-onu\\\/#breadcrumb\",\"itemListElement\":[{\"@type\":\"ListItem\",\"position\":1,\"name\":\"Home\",\"item\":\"https:\\\/\\\/ibvmunngo.org\\\/es\\\/\"},{\"@type\":\"ListItem\",\"position\":2,\"name\":\"Private: News &#038; Information\",\"item\":\"https:\\\/\\\/ibvmunngo.org\\\/?page_id=14522\"},{\"@type\":\"ListItem\",\"position\":3,\"name\":\"Private: Get Involved\",\"item\":\"https:\\\/\\\/ibvmunngo.org\\\/?page_id=54091\"},{\"@type\":\"ListItem\",\"position\":4,\"name\":\"UN Campaigns\"}]},{\"@type\":\"WebSite\",\"@id\":\"https:\\\/\\\/ibvmunngo.org\\\/es\\\/#website\",\"url\":\"https:\\\/\\\/ibvmunngo.org\\\/es\\\/\",\"name\":\"Institute of the Blessed Virgin Mary \u2013 Loreto\",\"description\":\"NGO ASSOCIATED WITH ECOSOC AT THE UNITED NATIONS\",\"publisher\":{\"@id\":\"https:\\\/\\\/ibvmunngo.org\\\/es\\\/#organization\"},\"potentialAction\":[{\"@type\":\"SearchAction\",\"target\":{\"@type\":\"EntryPoint\",\"urlTemplate\":\"https:\\\/\\\/ibvmunngo.org\\\/es\\\/?s={search_term_string}\"},\"query-input\":{\"@type\":\"PropertyValueSpecification\",\"valueRequired\":true,\"valueName\":\"search_term_string\"}}],\"inLanguage\":\"pt-BR\"},{\"@type\":\"Organization\",\"@id\":\"https:\\\/\\\/ibvmunngo.org\\\/es\\\/#organization\",\"name\":\"Institute of the Blessed Virgin Mary \u2013 Loreto\",\"url\":\"https:\\\/\\\/ibvmunngo.org\\\/es\\\/\",\"logo\":{\"@type\":\"ImageObject\",\"inLanguage\":\"pt-BR\",\"@id\":\"https:\\\/\\\/ibvmunngo.org\\\/es\\\/#\\\/schema\\\/logo\\\/image\\\/\",\"url\":\"https:\\\/\\\/ibvmunngo.org\\\/wp-content\\\/uploads\\\/2020\\\/10\\\/Logo_IBVM_UN_1.png\",\"contentUrl\":\"https:\\\/\\\/ibvmunngo.org\\\/wp-content\\\/uploads\\\/2020\\\/10\\\/Logo_IBVM_UN_1.png\",\"width\":200,\"height\":144,\"caption\":\"Institute of the Blessed Virgin Mary \u2013 Loreto\"},\"image\":{\"@id\":\"https:\\\/\\\/ibvmunngo.org\\\/es\\\/#\\\/schema\\\/logo\\\/image\\\/\"}}]}<\/script>\n<!-- \/ Yoast SEO plugin. -->","yoast_head_json":{"title":"Campanhas da ONU - Instituto da Bem-Aventurada Virgem Maria \u2013 Loreto","robots":{"index":"index","follow":"follow","max-snippet":"max-snippet:-1","max-image-preview":"max-image-preview:large","max-video-preview":"max-video-preview:-1"},"canonical":"https:\/\/ibvmunngo.org\/pt\/news-information\/campaigns\/campanhas-da-onu\/","og_locale":"pt_BR","og_type":"article","og_title":"UN Campaigns - Institute of the Blessed Virgin Mary \u2013 Loreto","og_description":"UN Campaigns UN Decade of Action The Decade of Action calls for accelerating sustainable solutions to all the world\u2019s biggest challenges \u2014 ranging from poverty and gender to climate change, inequality and closing the finance gap. The UN Secretary-General calls all sectors of society to mobilize for a decade of action on three levels: global [&hellip;]","og_url":"https:\/\/ibvmunngo.org\/pt\/news-information\/campaigns\/campanhas-da-onu\/","og_site_name":"Institute of the Blessed Virgin Mary \u2013 Loreto","article_modified_time":"2021-08-27T21:35:30+00:00","og_image":[{"url":"https:\/\/ibvmunngo.org\/wp-content\/uploads\/2021\/08\/Web-Banner-Photos-6.png","type":"","width":"","height":""}],"twitter_card":"summary_large_image","twitter_misc":{"Est. tempo de leitura":"1 minuto"},"schema":{"@context":"https:\/\/schema.org","@graph":[{"@type":"WebPage","@id":"https:\/\/ibvmunngo.org\/es\/news-information\/campaigns\/campanas-de-la-onu\/","url":"https:\/\/ibvmunngo.org\/es\/news-information\/campaigns\/campanas-de-la-onu\/","name":"Campanhas da ONU - Instituto da Bem-Aventurada Virgem Maria \u2013 Loreto","isPartOf":{"@id":"https:\/\/ibvmunngo.org\/es\/#website"},"primaryImageOfPage":{"@id":"https:\/\/ibvmunngo.org\/es\/news-information\/campaigns\/campanas-de-la-onu\/#primaryimage"},"image":{"@id":"https:\/\/ibvmunngo.org\/es\/news-information\/campaigns\/campanas-de-la-onu\/#primaryimage"},"thumbnailUrl":"https:\/\/ibvmunngo.org\/wp-content\/uploads\/2021\/08\/Web-Banner-Photos-6.png","datePublished":"2021-07-31T04:51:29+00:00","dateModified":"2021-08-27T21:35:30+00:00","breadcrumb":{"@id":"https:\/\/ibvmunngo.org\/es\/news-information\/campaigns\/campanas-de-la-onu\/#breadcrumb"},"inLanguage":"pt-BR","potentialAction":[{"@type":"ReadAction","target":["https:\/\/ibvmunngo.org\/es\/news-information\/campaigns\/campanas-de-la-onu\/"]}]},{"@type":"ImageObject","inLanguage":"pt-BR","@id":"https:\/\/ibvmunngo.org\/es\/news-information\/campaigns\/campanas-de-la-onu\/#primaryimage","url":"https:\/\/ibvmunngo.org\/wp-content\/uploads\/2021\/08\/Web-Banner-Photos-6.png","contentUrl":"https:\/\/ibvmunngo.org\/wp-content\/uploads\/2021\/08\/Web-Banner-Photos-6.png"},{"@type":"BreadcrumbList","@id":"https:\/\/ibvmunngo.org\/es\/news-information\/campaigns\/campanas-de-la-onu\/#breadcrumb","itemListElement":[{"@type":"ListItem","position":1,"name":"Home","item":"https:\/\/ibvmunngo.org\/es\/"},{"@type":"ListItem","position":2,"name":"Private: News &#038; Information","item":"https:\/\/ibvmunngo.org\/?page_id=14522"},{"@type":"ListItem","position":3,"name":"Private: Get Involved","item":"https:\/\/ibvmunngo.org\/?page_id=54091"},{"@type":"ListItem","position":4,"name":"UN Campaigns"}]},{"@type":"WebSite","@id":"https:\/\/ibvmunngo.org\/es\/#website","url":"https:\/\/ibvmunngo.org\/es\/","name":"Instituto da Bem-Aventurada Virgem Maria \u2013 Loreto","description":"ONG ASSOCIADA AO ECOSOC NAS NA\u00c7\u00d5ES UNIDAS","publisher":{"@id":"https:\/\/ibvmunngo.org\/es\/#organization"},"potentialAction":[{"@type":"SearchAction","target":{"@type":"EntryPoint","urlTemplate":"https:\/\/ibvmunngo.org\/es\/?s={search_term_string}"},"query-input":{"@type":"PropertyValueSpecification","valueRequired":true,"valueName":"search_term_string"}}],"inLanguage":"pt-BR"},{"@type":"Organization","@id":"https:\/\/ibvmunngo.org\/es\/#organization","name":"Instituto da Bem-Aventurada Virgem Maria \u2013 Loreto","url":"https:\/\/ibvmunngo.org\/es\/","logo":{"@type":"ImageObject","inLanguage":"pt-BR","@id":"https:\/\/ibvmunngo.org\/es\/#\/schema\/logo\/image\/","url":"https:\/\/ibvmunngo.org\/wp-content\/uploads\/2020\/10\/Logo_IBVM_UN_1.png","contentUrl":"https:\/\/ibvmunngo.org\/wp-content\/uploads\/2020\/10\/Logo_IBVM_UN_1.png","width":200,"height":144,"caption":"Institute of the Blessed Virgin Mary \u2013 Loreto"},"image":{"@id":"https:\/\/ibvmunngo.org\/es\/#\/schema\/logo\/image\/"}}]}},"_links":{"self":[{"href":"https:\/\/ibvmunngo.org\/pt\/wp-json\/wp\/v2\/pages\/47651","targetHints":{"allow":["GET"]}}],"collection":[{"href":"https:\/\/ibvmunngo.org\/pt\/wp-json\/wp\/v2\/pages"}],"about":[{"href":"https:\/\/ibvmunngo.org\/pt\/wp-json\/wp\/v2\/types\/page"}],"author":[{"embeddable":true,"href":"https:\/\/ibvmunngo.org\/pt\/wp-json\/wp\/v2\/users\/6"}],"replies":[{"embeddable":true,"href":"https:\/\/ibvmunngo.org\/pt\/wp-json\/wp\/v2\/comments?post=47651"}],"version-history":[{"count":0,"href":"https:\/\/ibvmunngo.org\/pt\/wp-json\/wp\/v2\/pages\/47651\/revisions"}],"up":[{"embeddable":true,"href":"https:\/\/ibvmunngo.org\/pt\/wp-json\/wp\/v2\/pages\/54091"}],"wp:attachment":[{"href":"https:\/\/ibvmunngo.org\/pt\/wp-json\/wp\/v2\/media?parent=47651"}],"curies":[{"name":"wp","href":"https:\/\/api.w.org\/{rel}","templated":true}]}}