{"id":4842,"date":"2020-12-28T21:39:48","date_gmt":"2020-12-28T21:39:48","guid":{"rendered":"https:\/\/ibvmunngo.org\/?page_id=4842"},"modified":"2024-06-18T17:57:17","modified_gmt":"2024-06-18T17:57:17","slug":"colaboracoes","status":"publish","type":"page","link":"https:\/\/ibvmunngo.org\/pt\/ibvm-cj-at-the-un\/colaboracoes\/","title":{"rendered":"Colabora\u00e7\u00f5es"},"content":{"rendered":"<div data-elementor-type=\"wp-page\" data-elementor-id=\"4842\" class=\"elementor elementor-4842\" data-elementor-post-type=\"page\">\n\t\t\t\t\t\t<section class=\"elementor-section elementor-top-section elementor-element elementor-element-76bf795e elementor-section-boxed elementor-section-height-default elementor-section-height-default\" data-id=\"76bf795e\" data-element_type=\"section\" data-e-type=\"section\">\n\t\t\t\t\t\t<div class=\"elementor-container elementor-column-gap-default\">\n\t\t\t\t\t<div class=\"elementor-column elementor-col-100 elementor-top-column elementor-element elementor-element-6bae1724\" data-id=\"6bae1724\" data-element_type=\"column\" data-e-type=\"column\">\n\t\t\t<div class=\"elementor-widget-wrap elementor-element-populated\">\n\t\t\t\t\t\t<div class=\"elementor-element elementor-element-e7da319 elementor-widget elementor-widget-heading\" data-id=\"e7da319\" data-element_type=\"widget\" data-e-type=\"widget\" data-widget_type=\"heading.default\">\n\t\t\t\t<div class=\"elementor-widget-container\">\n\t\t\t\t\t<h2 class=\"elementor-heading-title elementor-size-default\">Colabora\u00e7\u00f5es<\/h2>\t\t\t\t<\/div>\n\t\t\t\t<\/div>\n\t\t\t\t<div class=\"elementor-element elementor-element-4db0168b elementor-widget elementor-widget-text-editor\" data-id=\"4db0168b\" data-element_type=\"widget\" data-e-type=\"widget\" data-widget_type=\"text-editor.default\">\n\t\t\t\t<div class=\"elementor-widget-container\">\n\t\t\t\t\t\t\t\t\t<div class=\"elementor-element elementor-element-db233ba elementor-widget elementor-widget-theme-post-title elementor-page-title elementor-widget-heading\" data-id=\"db233ba\" data-element_type=\"widget\" data-widget_type=\"theme-post-title.default\"><p>Juntamente com a nossa rede de colegas com ideias semelhantes e outras ONG, aumentamos a consciencializa\u00e7\u00e3o sobre as nossas quest\u00f5es priorit\u00e1rias e defendemos nas Na\u00e7\u00f5es Unidas (ONU). A nossa defesa centra-se principalmente nas quest\u00f5es que afectam as mulheres e as crian\u00e7as, particularmente a equidade de g\u00e9nero, a erradica\u00e7\u00e3o da pobreza, o acesso \u00e0 educa\u00e7\u00e3o e \u00e0 sa\u00fade de qualidade, a elimina\u00e7\u00e3o da viol\u00eancia de g\u00e9nero e o tr\u00e1fico de pessoas humanas.<\/p><p class=\"elementor-widget-container\">Trabalhamos com os seguintes Comit\u00eas, Grupos Principais e Grupos de Trabalho da sociedade civil:<\/p><\/div><ul><li>O <a href=\"http:\/\/www.ngosocdev.net\/\" target=\"_blank\" rel=\"noopener\"><strong>Comit\u00ea de ONGs para o Desenvolvimento Sustent\u00e1vel (ONG CSocD)<\/strong><\/a> procura promover a integra\u00e7\u00e3o das tr\u00eas dimens\u00f5es do desenvolvimento sustent\u00e1vel: ambiental, econ\u00f3mica e social. Dentro do Comit\u00e9, o Grupo de Trabalho sobre a Integridade da Terra trabalha no sentido de uma integra\u00e7\u00e3o harmoniosa dos Direitos da Terra e dos Direitos Humanos no contexto mais amplo do Desenvolvimento Sustent\u00e1vel.<\/li><li>O <a href=\"https:\/\/girlsrights.org\/\" target=\"_blank\" rel=\"noopener\"><strong>Grupo de Trabalho sobre Meninas (WGG<\/strong><strong>)<\/strong><\/a> dedica-se a promover os direitos humanos das raparigas em todas as \u00e1reas e fases da sua vida, promovendo a inclus\u00e3o e o estatuto das raparigas e ajudando-as a desenvolver todo o seu potencial.<\/li><li>O <strong><a href=\"http:\/\/www.ngosonffd.org\/\" target=\"_blank\" rel=\"noopener\">Comit\u00ea de ONGs sobre Financiamento para o Desenvolvimento (ONG FfD)<\/a> <\/strong> defende uma economia mundial que seja ambiental e socialmente sustent\u00e1vel, \u00e9tica e centrada nas pessoas.<\/li><li><a href=\"https:\/\/ngo-migration.org\/\" target=\"_blank\" rel=\"noopener\"><strong>Comit\u00ea de ONGs sobre Migra\u00e7\u00e3o<\/strong><\/a> procura realizar justi\u00e7a para migrantes, refugiados, ap\u00e1tridas, pessoas deslocadas internamente e pessoas traficadas. A sua miss\u00e3o \u00e9 encorajar a promo\u00e7\u00e3o e protec\u00e7\u00e3o dos migrantes e dos seus direitos humanos, de acordo com a Carta das Na\u00e7\u00f5es Unidas.<\/li><li>O <a href=\"https:\/\/crimealliance.org\/\" target=\"_blank\" rel=\"noopener\"><strong>Alian\u00e7a de ONGs para Preven\u00e7\u00e3o do Crime e Justi\u00e7a Criminal<\/strong><\/a> re\u00fane uma ampla rede de organiza\u00e7\u00f5es da sociedade civil que contribuem para a conquista da seguran\u00e7a e da justi\u00e7a para todos. Funciona como uma plataforma de partilha de informa\u00e7\u00f5es, defesa e colabora\u00e7\u00e3o que apoia o envolvimento informado das ONG com o Gabinete das Na\u00e7\u00f5es Unidas contra a Droga e o Crime (UNODC) e os Estados membros. Nosso foco \u00e9 garantir a plena implementa\u00e7\u00e3o do Protocolo de Palermo (Protocolo para Prevenir, Reprimir e Punir o Tr\u00e1fico de Pessoas, Especialmente Mulheres e Crian\u00e7as).<\/li><li>O <a href=\"https:\/\/www.ngomg.org\/\" target=\"_blank\" rel=\"noopener\"><strong>Grupo principal de ONGs<\/strong><\/a> tem a tarefa de facilitar e melhorar o envolvimento de organiza\u00e7\u00f5es n\u00e3o governamentais nos processos direta e indiretamente relacionados com o F\u00f3rum Pol\u00edtico de Alto N\u00edvel (HLPF).\u00a0<\/li><\/ul><h4><strong>Coaliz\u00e3o de Religiosos pela Justi\u00e7a (JCoR)<\/strong><\/h4><p>A ONG IBVM\/CJ \u00e9 membro fundador da Coaliz\u00e3o de Religiosos pela Justi\u00e7a (JCoR), uma coaliz\u00e3o de 19 organiza\u00e7\u00f5es n\u00e3o governamentais (ONGs) credenciadas pela ONU e dirigida por Religiosos Cat\u00f3licos.<\/p><p>O JCoR visa fortalecer a capacidade dos religiosos que trabalham nas bases e daqueles que os representam nas Na\u00e7\u00f5es Unidas para: defender internacionalmente, nacionalmente e regionalmente as pessoas que vivem na pobreza; abordar as causas profundas do desenvolvimento insustent\u00e1vel; e promover o desenvolvimento equitativo e baseado em direitos atrav\u00e9s de uma implementa\u00e7\u00e3o justa dos ODS.<\/p><p>Para ler mais sobre JCoR clique <a href=\"https:\/\/jcor2030.org\/\" target=\"_blank\" rel=\"noopener\"><strong><span style=\"color: #ef9a29;\">aqui<\/span><\/strong>.<\/a><\/p>\t\t\t\t\t\t\t\t<\/div>\n\t\t\t\t<\/div>\n\t\t\t\t\t<\/div>\n\t\t<\/div>\n\t\t\t\t\t<\/div>\n\t\t<\/section>\n\t\t\t\t<\/div>","protected":false},"excerpt":{"rendered":"<p>Collaborations Together with our network of like-minded colleagues and other NGOs, we raise awareness of our priority issues and advocate at the United Nations (UN). Our advocacy is primarily focused on issues affecting women and children, particularly gender equity, eradication of poverty, access to quality education and health, elimination of gender violence, and trafficking of [&hellip;]<\/p>\n","protected":false},"author":6,"featured_media":4895,"parent":14500,"menu_order":5,"comment_status":"closed","ping_status":"closed","template":"","meta":{"footnotes":""},"class_list":["post-4842","page","type-page","status-publish","has-post-thumbnail","hentry"],"yoast_head":"<!-- This site is optimized with the Yoast SEO plugin v27.3 - https:\/\/yoast.com\/product\/yoast-seo-wordpress\/ -->\n<title>Collaborations - Institute of the Blessed Virgin Mary \u2013 Loreto<\/title>\n<meta name=\"robots\" content=\"index, follow, max-snippet:-1, max-image-preview:large, max-video-preview:-1\" \/>\n<link rel=\"canonical\" href=\"https:\/\/ibvmunngo.org\/pt\/ibvm-cj-at-the-un\/colaboracoes\/\" \/>\n<meta property=\"og:locale\" content=\"pt_BR\" \/>\n<meta property=\"og:type\" content=\"article\" \/>\n<meta property=\"og:title\" content=\"Collaborations - Institute of the Blessed Virgin Mary \u2013 Loreto\" \/>\n<meta property=\"og:description\" content=\"Collaborations Together with our network of like-minded colleagues and other NGOs, we raise awareness of our priority issues and advocate at the United Nations (UN). Our advocacy is primarily focused on issues affecting women and children, particularly gender equity, eradication of poverty, access to quality education and health, elimination of gender violence, and trafficking of [&hellip;]\" \/>\n<meta property=\"og:url\" content=\"https:\/\/ibvmunngo.org\/pt\/ibvm-cj-at-the-un\/colaboracoes\/\" \/>\n<meta property=\"og:site_name\" content=\"Institute of the Blessed Virgin Mary \u2013 Loreto\" \/>\n<meta property=\"article:modified_time\" content=\"2024-06-18T17:57:17+00:00\" \/>\n<meta property=\"og:image\" content=\"https:\/\/ibvmunngo.org\/wp-content\/uploads\/2020\/12\/Collaboration.jpeg\" \/>\n\t<meta property=\"og:image:width\" content=\"900\" \/>\n\t<meta property=\"og:image:height\" content=\"400\" \/>\n\t<meta property=\"og:image:type\" content=\"image\/jpeg\" \/>\n<meta name=\"twitter:card\" content=\"summary_large_image\" \/>\n<meta name=\"twitter:label1\" content=\"Est. tempo de leitura\" \/>\n\t<meta name=\"twitter:data1\" content=\"2 minutos\" \/>\n<script type=\"application\/ld+json\" class=\"yoast-schema-graph\">{\"@context\":\"https:\\\/\\\/schema.org\",\"@graph\":[{\"@type\":\"WebPage\",\"@id\":\"https:\\\/\\\/ibvmunngo.org\\\/de\\\/ibvm-cj-at-the-un\\\/kooperationen\\\/\",\"url\":\"https:\\\/\\\/ibvmunngo.org\\\/de\\\/ibvm-cj-at-the-un\\\/kooperationen\\\/\",\"name\":\"Collaborations - Institute of the Blessed Virgin Mary \u2013 Loreto\",\"isPartOf\":{\"@id\":\"https:\\\/\\\/ibvmunngo.org\\\/es\\\/#website\"},\"primaryImageOfPage\":{\"@id\":\"https:\\\/\\\/ibvmunngo.org\\\/de\\\/ibvm-cj-at-the-un\\\/kooperationen\\\/#primaryimage\"},\"image\":{\"@id\":\"https:\\\/\\\/ibvmunngo.org\\\/de\\\/ibvm-cj-at-the-un\\\/kooperationen\\\/#primaryimage\"},\"thumbnailUrl\":\"https:\\\/\\\/ibvmunngo.org\\\/wp-content\\\/uploads\\\/2020\\\/12\\\/Collaboration.jpeg\",\"datePublished\":\"2020-12-28T21:39:48+00:00\",\"dateModified\":\"2024-06-18T17:57:17+00:00\",\"breadcrumb\":{\"@id\":\"https:\\\/\\\/ibvmunngo.org\\\/de\\\/ibvm-cj-at-the-un\\\/kooperationen\\\/#breadcrumb\"},\"inLanguage\":\"pt-BR\",\"potentialAction\":[{\"@type\":\"ReadAction\",\"target\":[\"https:\\\/\\\/ibvmunngo.org\\\/de\\\/ibvm-cj-at-the-un\\\/kooperationen\\\/\"]}]},{\"@type\":\"ImageObject\",\"inLanguage\":\"pt-BR\",\"@id\":\"https:\\\/\\\/ibvmunngo.org\\\/de\\\/ibvm-cj-at-the-un\\\/kooperationen\\\/#primaryimage\",\"url\":\"https:\\\/\\\/ibvmunngo.org\\\/wp-content\\\/uploads\\\/2020\\\/12\\\/Collaboration.jpeg\",\"contentUrl\":\"https:\\\/\\\/ibvmunngo.org\\\/wp-content\\\/uploads\\\/2020\\\/12\\\/Collaboration.jpeg\",\"width\":900,\"height\":400},{\"@type\":\"BreadcrumbList\",\"@id\":\"https:\\\/\\\/ibvmunngo.org\\\/de\\\/ibvm-cj-at-the-un\\\/kooperationen\\\/#breadcrumb\",\"itemListElement\":[{\"@type\":\"ListItem\",\"position\":1,\"name\":\"Home\",\"item\":\"https:\\\/\\\/ibvmunngo.org\\\/es\\\/\"},{\"@type\":\"ListItem\",\"position\":2,\"name\":\"Privado: IBVM\\\/CJ at the UN\",\"item\":\"https:\\\/\\\/ibvmunngo.org\\\/es\\\/?page_id=14500\"},{\"@type\":\"ListItem\",\"position\":3,\"name\":\"Collaborations\"}]},{\"@type\":\"WebSite\",\"@id\":\"https:\\\/\\\/ibvmunngo.org\\\/es\\\/#website\",\"url\":\"https:\\\/\\\/ibvmunngo.org\\\/es\\\/\",\"name\":\"Institute of the Blessed Virgin Mary \u2013 Loreto\",\"description\":\"NGO ASSOCIATED WITH ECOSOC AT THE UNITED NATIONS\",\"publisher\":{\"@id\":\"https:\\\/\\\/ibvmunngo.org\\\/es\\\/#organization\"},\"potentialAction\":[{\"@type\":\"SearchAction\",\"target\":{\"@type\":\"EntryPoint\",\"urlTemplate\":\"https:\\\/\\\/ibvmunngo.org\\\/es\\\/?s={search_term_string}\"},\"query-input\":{\"@type\":\"PropertyValueSpecification\",\"valueRequired\":true,\"valueName\":\"search_term_string\"}}],\"inLanguage\":\"pt-BR\"},{\"@type\":\"Organization\",\"@id\":\"https:\\\/\\\/ibvmunngo.org\\\/es\\\/#organization\",\"name\":\"Institute of the Blessed Virgin Mary \u2013 Loreto\",\"url\":\"https:\\\/\\\/ibvmunngo.org\\\/es\\\/\",\"logo\":{\"@type\":\"ImageObject\",\"inLanguage\":\"pt-BR\",\"@id\":\"https:\\\/\\\/ibvmunngo.org\\\/es\\\/#\\\/schema\\\/logo\\\/image\\\/\",\"url\":\"https:\\\/\\\/ibvmunngo.org\\\/wp-content\\\/uploads\\\/2020\\\/10\\\/Logo_IBVM_UN_1.png\",\"contentUrl\":\"https:\\\/\\\/ibvmunngo.org\\\/wp-content\\\/uploads\\\/2020\\\/10\\\/Logo_IBVM_UN_1.png\",\"width\":200,\"height\":144,\"caption\":\"Institute of the Blessed Virgin Mary \u2013 Loreto\"},\"image\":{\"@id\":\"https:\\\/\\\/ibvmunngo.org\\\/es\\\/#\\\/schema\\\/logo\\\/image\\\/\"}}]}<\/script>\n<!-- \/ Yoast SEO plugin. -->","yoast_head_json":{"title":"Colabora\u00e7\u00f5es - Instituto da Bem-Aventurada Virgem Maria \u2013 Loreto","robots":{"index":"index","follow":"follow","max-snippet":"max-snippet:-1","max-image-preview":"max-image-preview:large","max-video-preview":"max-video-preview:-1"},"canonical":"https:\/\/ibvmunngo.org\/pt\/ibvm-cj-at-the-un\/colaboracoes\/","og_locale":"pt_BR","og_type":"article","og_title":"Collaborations - Institute of the Blessed Virgin Mary \u2013 Loreto","og_description":"Collaborations Together with our network of like-minded colleagues and other NGOs, we raise awareness of our priority issues and advocate at the United Nations (UN). Our advocacy is primarily focused on issues affecting women and children, particularly gender equity, eradication of poverty, access to quality education and health, elimination of gender violence, and trafficking of [&hellip;]","og_url":"https:\/\/ibvmunngo.org\/pt\/ibvm-cj-at-the-un\/colaboracoes\/","og_site_name":"Institute of the Blessed Virgin Mary \u2013 Loreto","article_modified_time":"2024-06-18T17:57:17+00:00","og_image":[{"width":900,"height":400,"url":"https:\/\/ibvmunngo.org\/wp-content\/uploads\/2020\/12\/Collaboration.jpeg","type":"image\/jpeg"}],"twitter_card":"summary_large_image","twitter_misc":{"Est. tempo de leitura":"2 minutos"},"schema":{"@context":"https:\/\/schema.org","@graph":[{"@type":"WebPage","@id":"https:\/\/ibvmunngo.org\/de\/ibvm-cj-at-the-un\/kooperationen\/","url":"https:\/\/ibvmunngo.org\/de\/ibvm-cj-at-the-un\/kooperationen\/","name":"Colabora\u00e7\u00f5es - Instituto da Bem-Aventurada Virgem Maria \u2013 Loreto","isPartOf":{"@id":"https:\/\/ibvmunngo.org\/es\/#website"},"primaryImageOfPage":{"@id":"https:\/\/ibvmunngo.org\/de\/ibvm-cj-at-the-un\/kooperationen\/#primaryimage"},"image":{"@id":"https:\/\/ibvmunngo.org\/de\/ibvm-cj-at-the-un\/kooperationen\/#primaryimage"},"thumbnailUrl":"https:\/\/ibvmunngo.org\/wp-content\/uploads\/2020\/12\/Collaboration.jpeg","datePublished":"2020-12-28T21:39:48+00:00","dateModified":"2024-06-18T17:57:17+00:00","breadcrumb":{"@id":"https:\/\/ibvmunngo.org\/de\/ibvm-cj-at-the-un\/kooperationen\/#breadcrumb"},"inLanguage":"pt-BR","potentialAction":[{"@type":"ReadAction","target":["https:\/\/ibvmunngo.org\/de\/ibvm-cj-at-the-un\/kooperationen\/"]}]},{"@type":"ImageObject","inLanguage":"pt-BR","@id":"https:\/\/ibvmunngo.org\/de\/ibvm-cj-at-the-un\/kooperationen\/#primaryimage","url":"https:\/\/ibvmunngo.org\/wp-content\/uploads\/2020\/12\/Collaboration.jpeg","contentUrl":"https:\/\/ibvmunngo.org\/wp-content\/uploads\/2020\/12\/Collaboration.jpeg","width":900,"height":400},{"@type":"BreadcrumbList","@id":"https:\/\/ibvmunngo.org\/de\/ibvm-cj-at-the-un\/kooperationen\/#breadcrumb","itemListElement":[{"@type":"ListItem","position":1,"name":"Home","item":"https:\/\/ibvmunngo.org\/es\/"},{"@type":"ListItem","position":2,"name":"Privado: IBVM\/CJ at the UN","item":"https:\/\/ibvmunngo.org\/es\/?page_id=14500"},{"@type":"ListItem","position":3,"name":"Collaborations"}]},{"@type":"WebSite","@id":"https:\/\/ibvmunngo.org\/es\/#website","url":"https:\/\/ibvmunngo.org\/es\/","name":"Instituto da Bem-Aventurada Virgem Maria \u2013 Loreto","description":"ONG ASSOCIADA AO ECOSOC NAS NA\u00c7\u00d5ES UNIDAS","publisher":{"@id":"https:\/\/ibvmunngo.org\/es\/#organization"},"potentialAction":[{"@type":"SearchAction","target":{"@type":"EntryPoint","urlTemplate":"https:\/\/ibvmunngo.org\/es\/?s={search_term_string}"},"query-input":{"@type":"PropertyValueSpecification","valueRequired":true,"valueName":"search_term_string"}}],"inLanguage":"pt-BR"},{"@type":"Organization","@id":"https:\/\/ibvmunngo.org\/es\/#organization","name":"Instituto da Bem-Aventurada Virgem Maria \u2013 Loreto","url":"https:\/\/ibvmunngo.org\/es\/","logo":{"@type":"ImageObject","inLanguage":"pt-BR","@id":"https:\/\/ibvmunngo.org\/es\/#\/schema\/logo\/image\/","url":"https:\/\/ibvmunngo.org\/wp-content\/uploads\/2020\/10\/Logo_IBVM_UN_1.png","contentUrl":"https:\/\/ibvmunngo.org\/wp-content\/uploads\/2020\/10\/Logo_IBVM_UN_1.png","width":200,"height":144,"caption":"Institute of the Blessed Virgin Mary \u2013 Loreto"},"image":{"@id":"https:\/\/ibvmunngo.org\/es\/#\/schema\/logo\/image\/"}}]}},"_links":{"self":[{"href":"https:\/\/ibvmunngo.org\/pt\/wp-json\/wp\/v2\/pages\/4842","targetHints":{"allow":["GET"]}}],"collection":[{"href":"https:\/\/ibvmunngo.org\/pt\/wp-json\/wp\/v2\/pages"}],"about":[{"href":"https:\/\/ibvmunngo.org\/pt\/wp-json\/wp\/v2\/types\/page"}],"author":[{"embeddable":true,"href":"https:\/\/ibvmunngo.org\/pt\/wp-json\/wp\/v2\/users\/6"}],"replies":[{"embeddable":true,"href":"https:\/\/ibvmunngo.org\/pt\/wp-json\/wp\/v2\/comments?post=4842"}],"version-history":[{"count":5,"href":"https:\/\/ibvmunngo.org\/pt\/wp-json\/wp\/v2\/pages\/4842\/revisions"}],"predecessor-version":[{"id":124958,"href":"https:\/\/ibvmunngo.org\/pt\/wp-json\/wp\/v2\/pages\/4842\/revisions\/124958"}],"up":[{"embeddable":true,"href":"https:\/\/ibvmunngo.org\/pt\/wp-json\/wp\/v2\/pages\/14500"}],"wp:featuredmedia":[{"embeddable":true,"href":"https:\/\/ibvmunngo.org\/pt\/wp-json\/wp\/v2\/media\/4895"}],"wp:attachment":[{"href":"https:\/\/ibvmunngo.org\/pt\/wp-json\/wp\/v2\/media?parent=4842"}],"curies":[{"name":"wp","href":"https:\/\/api.w.org\/{rel}","templated":true}]}}