{"id":50581,"date":"2021-08-02T14:57:14","date_gmt":"2021-08-02T14:57:14","guid":{"rendered":"https:\/\/ibvmunngo.org\/?page_id=50581"},"modified":"2021-08-24T00:49:56","modified_gmt":"2021-08-24T00:49:56","slug":"atualizacoes-sobre-cidadania-global-de-2018","status":"publish","type":"page","link":"https:\/\/ibvmunngo.org\/pt\/statements-publications\/atualizacoes-sobre-cidadania-global-de-2018\/","title":{"rendered":"Atualiza\u00e7\u00f5es sobre cidadania global de 2018"},"content":{"rendered":"<div data-elementor-type=\"wp-page\" data-elementor-id=\"50581\" class=\"elementor elementor-50581\" data-elementor-post-type=\"page\">\n\t\t\t\t\t\t<section class=\"elementor-section elementor-top-section elementor-element elementor-element-1d05d89d elementor-section-boxed elementor-section-height-default elementor-section-height-default\" data-id=\"1d05d89d\" data-element_type=\"section\" data-e-type=\"section\">\n\t\t\t\t\t\t<div class=\"elementor-container elementor-column-gap-default\">\n\t\t\t\t\t<div class=\"elementor-column elementor-col-100 elementor-top-column elementor-element elementor-element-3e1f3a44\" data-id=\"3e1f3a44\" data-element_type=\"column\" data-e-type=\"column\">\n\t\t\t<div class=\"elementor-widget-wrap elementor-element-populated\">\n\t\t\t\t\t\t<div class=\"elementor-element elementor-element-27ce089 elementor-widget elementor-widget-heading\" data-id=\"27ce089\" data-element_type=\"widget\" data-e-type=\"widget\" data-widget_type=\"heading.default\">\n\t\t\t\t<div class=\"elementor-widget-container\">\n\t\t\t\t\t<h2 class=\"elementor-heading-title elementor-size-default\">Atualiza\u00e7\u00f5es sobre cidadania global de 2018<\/h2>\t\t\t\t<\/div>\n\t\t\t\t<\/div>\n\t\t\t\t<section class=\"elementor-section elementor-inner-section elementor-element elementor-element-5202f7d elementor-section-boxed elementor-section-height-default elementor-section-height-default\" data-id=\"5202f7d\" data-element_type=\"section\" data-e-type=\"section\">\n\t\t\t\t\t\t<div class=\"elementor-container elementor-column-gap-default\">\n\t\t\t\t\t<div class=\"elementor-column elementor-col-25 elementor-inner-column elementor-element elementor-element-97d601b\" data-id=\"97d601b\" data-element_type=\"column\" data-e-type=\"column\">\n\t\t\t<div class=\"elementor-widget-wrap elementor-element-populated\">\n\t\t\t\t\t\t<div class=\"elementor-element elementor-element-2530844 elementor-position-top elementor-widget elementor-widget-image-box\" data-id=\"2530844\" data-element_type=\"widget\" data-e-type=\"widget\" data-widget_type=\"image-box.default\">\n\t\t\t\t<div class=\"elementor-widget-container\">\n\t\t\t\t\t<div class=\"elementor-image-box-wrapper\"><figure class=\"elementor-image-box-img\"><a href=\"http:\/\/ibvmunngo.org\/wp-content\/uploads\/2014\/04\/Towards-Global-Citizenship-No-4.pdf\" tabindex=\"-1\"><img fetchpriority=\"high\" decoding=\"async\" width=\"440\" height=\"630\" src=\"https:\/\/ibvmunngo.org\/wp-content\/uploads\/2021\/08\/5.png\" class=\"elementor-animation-shrink attachment-full size-full wp-image-50645\" alt=\"\" srcset=\"https:\/\/ibvmunngo.org\/wp-content\/uploads\/2021\/08\/5.png 440w, https:\/\/ibvmunngo.org\/wp-content\/uploads\/2021\/08\/5-210x300.png 210w\" sizes=\"(max-width: 440px) 100vw, 440px\" \/><\/a><\/figure><div class=\"elementor-image-box-content\"><h4 class=\"elementor-image-box-title\"><a href=\"http:\/\/ibvmunngo.org\/wp-content\/uploads\/2014\/04\/Towards-Global-Citizenship-No-4.pdf\">Rumo \u00e0 Cidadania Global n\u00ba 4<\/a><\/h4><p class=\"elementor-image-box-description\"><i class=\"fas fa-download\"><\/i> VER ONLINE<\/p><\/div><\/div>\t\t\t\t<\/div>\n\t\t\t\t<\/div>\n\t\t\t\t\t<\/div>\n\t\t<\/div>\n\t\t\t\t<div class=\"elementor-column elementor-col-25 elementor-inner-column elementor-element elementor-element-4387cc5\" data-id=\"4387cc5\" data-element_type=\"column\" data-e-type=\"column\">\n\t\t\t<div class=\"elementor-widget-wrap\">\n\t\t\t\t\t\t\t<\/div>\n\t\t<\/div>\n\t\t\t\t<div class=\"elementor-column elementor-col-25 elementor-inner-column elementor-element elementor-element-d28314a\" data-id=\"d28314a\" data-element_type=\"column\" data-e-type=\"column\">\n\t\t\t<div class=\"elementor-widget-wrap\">\n\t\t\t\t\t\t\t<\/div>\n\t\t<\/div>\n\t\t\t\t<div class=\"elementor-column elementor-col-25 elementor-inner-column elementor-element elementor-element-372a064\" data-id=\"372a064\" data-element_type=\"column\" data-e-type=\"column\">\n\t\t\t<div class=\"elementor-widget-wrap\">\n\t\t\t\t\t\t\t<\/div>\n\t\t<\/div>\n\t\t\t\t\t<\/div>\n\t\t<\/section>\n\t\t\t\t<div class=\"elementor-element elementor-element-2a1b0bd elementor-widget elementor-widget-template\" data-id=\"2a1b0bd\" data-element_type=\"widget\" data-e-type=\"widget\" data-widget_type=\"template.default\">\n\t\t\t\t<div class=\"elementor-widget-container\">\n\t\t\t\t\t\t\t<div class=\"elementor-template\">\n\t\t\t\t\t<div data-elementor-type=\"section\" data-elementor-id=\"50574\" class=\"elementor elementor-50574\" data-elementor-post-type=\"elementor_library\">\n\t\t\t\t\t<section class=\"elementor-section elementor-top-section elementor-element elementor-element-35e48be elementor-section-boxed elementor-section-height-default elementor-section-height-default\" data-id=\"35e48be\" data-element_type=\"section\" data-e-type=\"section\">\n\t\t\t\t\t\t<div class=\"elementor-container elementor-column-gap-default\">\n\t\t\t\t\t<div class=\"elementor-column elementor-col-100 elementor-top-column elementor-element elementor-element-1610282\" data-id=\"1610282\" data-element_type=\"column\" data-e-type=\"column\">\n\t\t\t<div class=\"elementor-widget-wrap elementor-element-populated\">\n\t\t\t\t\t\t<div class=\"elementor-element elementor-element-083daa1 elementor-widget-divider--view-line elementor-widget elementor-widget-divider\" data-id=\"083daa1\" data-element_type=\"widget\" data-e-type=\"widget\" data-widget_type=\"divider.default\">\n\t\t\t\t<div class=\"elementor-widget-container\">\n\t\t\t\t\t\t\t<div class=\"elementor-divider\">\n\t\t\t<span class=\"elementor-divider-separator\">\n\t\t\t\t\t\t<\/span>\n\t\t<\/div>\n\t\t\t\t\t\t<\/div>\n\t\t\t\t<\/div>\n\t\t\t\t<div class=\"elementor-element elementor-element-0aad516 elementor-widget elementor-widget-heading\" data-id=\"0aad516\" data-element_type=\"widget\" data-e-type=\"widget\" data-widget_type=\"heading.default\">\n\t\t\t\t<div class=\"elementor-widget-container\">\n\t\t\t\t\t<h4 class=\"elementor-heading-title elementor-size-default\">Arquivos<\/h4>\t\t\t\t<\/div>\n\t\t\t\t<\/div>\n\t\t\t\t<div class=\"elementor-element elementor-element-007a167 elementor-nav-menu__align-start elementor-nav-menu--dropdown-tablet elementor-nav-menu__text-align-aside elementor-nav-menu--toggle elementor-nav-menu--burger elementor-widget elementor-widget-nav-menu\" data-id=\"007a167\" data-element_type=\"widget\" data-e-type=\"widget\" data-settings=\"{&quot;layout&quot;:&quot;horizontal&quot;,&quot;submenu_icon&quot;:{&quot;value&quot;:&quot;&lt;i class=\\&quot;fas fa-caret-down\\&quot; aria-hidden=\\&quot;true\\&quot;&gt;&lt;\\\/i&gt;&quot;,&quot;library&quot;:&quot;fa-solid&quot;},&quot;toggle&quot;:&quot;burger&quot;}\" data-widget_type=\"nav-menu.default\">\n\t\t\t\t<div class=\"elementor-widget-container\">\n\t\t\t\t\t\t\t\t<nav aria-label=\"Card\u00e1pio\" class=\"elementor-nav-menu--main elementor-nav-menu__container elementor-nav-menu--layout-horizontal e--pointer-none\">\n\t\t\t\t<ul id=\"menu-1-007a167\" class=\"elementor-nav-menu\"><li class=\"menu-item menu-item-type-post_type menu-item-object-page menu-item-50565\"><a href=\"https:\/\/ibvmunngo.org\/pt\/statements-publications\/atualizacoes-sobre-cidadania-global\/\" class=\"elementor-item\">2021<\/a><\/li>\n<li class=\"menu-item menu-item-type-post_type menu-item-object-page menu-item-53676\"><a href=\"https:\/\/ibvmunngo.org\/pt\/statements-publications\/atualizacoes-sobre-cidadania-global-em-2020\/\" class=\"elementor-item\">2020<\/a><\/li>\n<li class=\"menu-item menu-item-type-post_type menu-item-object-page menu-item-50564\"><a href=\"https:\/\/ibvmunngo.org\/pt\/statements-publications\/atualizacoes-sobre-cidadania-global-de-2019\/\" class=\"elementor-item\">2019<\/a><\/li>\n<li class=\"menu-item menu-item-type-post_type menu-item-object-page menu-item-50606\"><a href=\"https:\/\/ibvmunngo.org\/pt\/statements-publications\/atualizacoes-sobre-cidadania-global-de-2018\/\" class=\"elementor-item\">2018<\/a><\/li>\n<li class=\"menu-item menu-item-type-post_type menu-item-object-page menu-item-50605\"><a href=\"https:\/\/ibvmunngo.org\/pt\/statements-publications\/atualizacoes-sobre-cidadania-global-de-2017\/\" class=\"elementor-item\">2017<\/a><\/li>\n<li class=\"menu-item menu-item-type-post_type menu-item-object-page menu-item-50604\"><a href=\"https:\/\/ibvmunngo.org\/pt\/statements-publications\/atualizacoes-sobre-cidadania-global-de-2016\/\" class=\"elementor-item\">2016<\/a><\/li>\n<li class=\"menu-item menu-item-type-post_type menu-item-object-page menu-item-50632\"><a href=\"https:\/\/ibvmunngo.org\/pt\/statements-publications\/atualizacoes-sobre-cidadania-global-de-2014\/\" class=\"elementor-item\">2014<\/a><\/li>\n<li class=\"menu-item menu-item-type-post_type menu-item-object-page menu-item-50633\"><a href=\"https:\/\/ibvmunngo.org\/pt\/statements-publications\/atualizacoes-sobre-cidadania-global-de-2013\/\" class=\"elementor-item\">2013<\/a><\/li>\n<li class=\"menu-item menu-item-type-post_type menu-item-object-page menu-item-50634\"><a href=\"https:\/\/ibvmunngo.org\/pt\/statements-publications\/atualizacoes-sobre-cidadania-global-de-2010\/\" class=\"elementor-item\">2010<\/a><\/li>\n<\/ul>\t\t\t<\/nav>\n\t\t\t\t\t<div class=\"elementor-menu-toggle\" role=\"button\" tabindex=\"0\" aria-label=\"Menu alternativo\" aria-expanded=\"false\">\n\t\t\t<i aria-hidden=\"true\" role=\"presentation\" class=\"elementor-menu-toggle__icon--open eicon-menu-bar\"><\/i><i aria-hidden=\"true\" role=\"presentation\" class=\"elementor-menu-toggle__icon--close eicon-close\"><\/i>\t\t<\/div>\n\t\t\t\t\t<nav class=\"elementor-nav-menu--dropdown elementor-nav-menu__container\" aria-hidden=\"true\">\n\t\t\t\t<ul id=\"menu-2-007a167\" class=\"elementor-nav-menu\"><li class=\"menu-item menu-item-type-post_type menu-item-object-page menu-item-50565\"><a href=\"https:\/\/ibvmunngo.org\/pt\/statements-publications\/atualizacoes-sobre-cidadania-global\/\" class=\"elementor-item\" tabindex=\"-1\">2021<\/a><\/li>\n<li class=\"menu-item menu-item-type-post_type menu-item-object-page menu-item-53676\"><a href=\"https:\/\/ibvmunngo.org\/pt\/statements-publications\/atualizacoes-sobre-cidadania-global-em-2020\/\" class=\"elementor-item\" tabindex=\"-1\">2020<\/a><\/li>\n<li class=\"menu-item menu-item-type-post_type menu-item-object-page menu-item-50564\"><a href=\"https:\/\/ibvmunngo.org\/pt\/statements-publications\/atualizacoes-sobre-cidadania-global-de-2019\/\" class=\"elementor-item\" tabindex=\"-1\">2019<\/a><\/li>\n<li class=\"menu-item menu-item-type-post_type menu-item-object-page menu-item-50606\"><a href=\"https:\/\/ibvmunngo.org\/pt\/statements-publications\/atualizacoes-sobre-cidadania-global-de-2018\/\" class=\"elementor-item\" tabindex=\"-1\">2018<\/a><\/li>\n<li class=\"menu-item menu-item-type-post_type menu-item-object-page menu-item-50605\"><a href=\"https:\/\/ibvmunngo.org\/pt\/statements-publications\/atualizacoes-sobre-cidadania-global-de-2017\/\" class=\"elementor-item\" tabindex=\"-1\">2017<\/a><\/li>\n<li class=\"menu-item menu-item-type-post_type menu-item-object-page menu-item-50604\"><a href=\"https:\/\/ibvmunngo.org\/pt\/statements-publications\/atualizacoes-sobre-cidadania-global-de-2016\/\" class=\"elementor-item\" tabindex=\"-1\">2016<\/a><\/li>\n<li class=\"menu-item menu-item-type-post_type menu-item-object-page menu-item-50632\"><a href=\"https:\/\/ibvmunngo.org\/pt\/statements-publications\/atualizacoes-sobre-cidadania-global-de-2014\/\" class=\"elementor-item\" tabindex=\"-1\">2014<\/a><\/li>\n<li class=\"menu-item menu-item-type-post_type menu-item-object-page menu-item-50633\"><a href=\"https:\/\/ibvmunngo.org\/pt\/statements-publications\/atualizacoes-sobre-cidadania-global-de-2013\/\" class=\"elementor-item\" tabindex=\"-1\">2013<\/a><\/li>\n<li class=\"menu-item menu-item-type-post_type menu-item-object-page menu-item-50634\"><a href=\"https:\/\/ibvmunngo.org\/pt\/statements-publications\/atualizacoes-sobre-cidadania-global-de-2010\/\" class=\"elementor-item\" tabindex=\"-1\">2010<\/a><\/li>\n<\/ul>\t\t\t<\/nav>\n\t\t\t\t\t\t<\/div>\n\t\t\t\t<\/div>\n\t\t\t\t\t<\/div>\n\t\t<\/div>\n\t\t\t\t\t<\/div>\n\t\t<\/section>\n\t\t\t\t<\/div>\n\t\t\t\t<\/div>\n\t\t\t\t\t\t<\/div>\n\t\t\t\t<\/div>\n\t\t\t\t\t<\/div>\n\t\t<\/div>\n\t\t\t\t\t<\/div>\n\t\t<\/section>\n\t\t\t\t<\/div>","protected":false},"excerpt":{"rendered":"<p>Atualiza\u00e7\u00f5es de Cidadania Global de 2018 Rumo \u00e0 Cidadania Global No. 4 VER ONLINE<\/p>","protected":false},"author":1,"featured_media":0,"parent":14518,"menu_order":0,"comment_status":"closed","ping_status":"closed","template":"","meta":{"footnotes":""},"class_list":["post-50581","page","type-page","status-publish","hentry"],"yoast_head":"<!-- This site is optimized with the Yoast SEO plugin v27.3 - https:\/\/yoast.com\/product\/yoast-seo-wordpress\/ -->\n<title>2018 Global Citizenship Updates - Institute of the Blessed Virgin Mary \u2013 Loreto<\/title>\n<meta name=\"robots\" content=\"index, follow, max-snippet:-1, max-image-preview:large, max-video-preview:-1\" \/>\n<link rel=\"canonical\" href=\"https:\/\/ibvmunngo.org\/pt\/statements-publications\/atualizacoes-sobre-cidadania-global-de-2018\/\" \/>\n<meta property=\"og:locale\" content=\"pt_BR\" \/>\n<meta property=\"og:type\" content=\"article\" \/>\n<meta property=\"og:title\" content=\"2018 Global Citizenship Updates - Institute of the Blessed Virgin Mary \u2013 Loreto\" \/>\n<meta property=\"og:description\" content=\"2018 Global Citizenship Updates Towards Global Citizenship No. 4 VIEW ONLINE\" \/>\n<meta property=\"og:url\" content=\"https:\/\/ibvmunngo.org\/pt\/statements-publications\/atualizacoes-sobre-cidadania-global-de-2018\/\" \/>\n<meta property=\"og:site_name\" content=\"Institute of the Blessed Virgin Mary \u2013 Loreto\" \/>\n<meta property=\"article:modified_time\" content=\"2021-08-24T00:49:56+00:00\" \/>\n<meta property=\"og:image\" content=\"https:\/\/ibvmunngo.org\/wp-content\/uploads\/2021\/08\/5.png\" \/>\n<meta name=\"twitter:card\" content=\"summary_large_image\" \/>\n<script type=\"application\/ld+json\" class=\"yoast-schema-graph\">{\"@context\":\"https:\\\/\\\/schema.org\",\"@graph\":[{\"@type\":\"WebPage\",\"@id\":\"https:\\\/\\\/ibvmunngo.org\\\/statements-publications\\\/2018-global-citizenship-updates\\\/\",\"url\":\"https:\\\/\\\/ibvmunngo.org\\\/statements-publications\\\/2018-global-citizenship-updates\\\/\",\"name\":\"2018 Global Citizenship Updates - Institute of the Blessed Virgin Mary \u2013 Loreto\",\"isPartOf\":{\"@id\":\"https:\\\/\\\/ibvmunngo.org\\\/es\\\/#website\"},\"primaryImageOfPage\":{\"@id\":\"https:\\\/\\\/ibvmunngo.org\\\/statements-publications\\\/2018-global-citizenship-updates\\\/#primaryimage\"},\"image\":{\"@id\":\"https:\\\/\\\/ibvmunngo.org\\\/statements-publications\\\/2018-global-citizenship-updates\\\/#primaryimage\"},\"thumbnailUrl\":\"https:\\\/\\\/ibvmunngo.org\\\/wp-content\\\/uploads\\\/2021\\\/08\\\/5.png\",\"datePublished\":\"2021-08-02T14:57:14+00:00\",\"dateModified\":\"2021-08-24T00:49:56+00:00\",\"breadcrumb\":{\"@id\":\"https:\\\/\\\/ibvmunngo.org\\\/statements-publications\\\/2018-global-citizenship-updates\\\/#breadcrumb\"},\"inLanguage\":\"pt-BR\",\"potentialAction\":[{\"@type\":\"ReadAction\",\"target\":[\"https:\\\/\\\/ibvmunngo.org\\\/statements-publications\\\/2018-global-citizenship-updates\\\/\"]}]},{\"@type\":\"ImageObject\",\"inLanguage\":\"pt-BR\",\"@id\":\"https:\\\/\\\/ibvmunngo.org\\\/statements-publications\\\/2018-global-citizenship-updates\\\/#primaryimage\",\"url\":\"https:\\\/\\\/ibvmunngo.org\\\/wp-content\\\/uploads\\\/2021\\\/08\\\/5.png\",\"contentUrl\":\"https:\\\/\\\/ibvmunngo.org\\\/wp-content\\\/uploads\\\/2021\\\/08\\\/5.png\"},{\"@type\":\"BreadcrumbList\",\"@id\":\"https:\\\/\\\/ibvmunngo.org\\\/statements-publications\\\/2018-global-citizenship-updates\\\/#breadcrumb\",\"itemListElement\":[{\"@type\":\"ListItem\",\"position\":1,\"name\":\"Home\",\"item\":\"https:\\\/\\\/ibvmunngo.org\\\/es\\\/\"},{\"@type\":\"ListItem\",\"position\":2,\"name\":\"Private: Statements &#038; Publications\",\"item\":\"https:\\\/\\\/ibvmunngo.org\\\/?page_id=14518\"},{\"@type\":\"ListItem\",\"position\":3,\"name\":\"2018 Global Citizenship Updates\"}]},{\"@type\":\"WebSite\",\"@id\":\"https:\\\/\\\/ibvmunngo.org\\\/es\\\/#website\",\"url\":\"https:\\\/\\\/ibvmunngo.org\\\/es\\\/\",\"name\":\"Institute of the Blessed Virgin Mary \u2013 Loreto\",\"description\":\"NGO ASSOCIATED WITH ECOSOC AT THE UNITED NATIONS\",\"publisher\":{\"@id\":\"https:\\\/\\\/ibvmunngo.org\\\/es\\\/#organization\"},\"potentialAction\":[{\"@type\":\"SearchAction\",\"target\":{\"@type\":\"EntryPoint\",\"urlTemplate\":\"https:\\\/\\\/ibvmunngo.org\\\/es\\\/?s={search_term_string}\"},\"query-input\":{\"@type\":\"PropertyValueSpecification\",\"valueRequired\":true,\"valueName\":\"search_term_string\"}}],\"inLanguage\":\"pt-BR\"},{\"@type\":\"Organization\",\"@id\":\"https:\\\/\\\/ibvmunngo.org\\\/es\\\/#organization\",\"name\":\"Institute of the Blessed Virgin Mary \u2013 Loreto\",\"url\":\"https:\\\/\\\/ibvmunngo.org\\\/es\\\/\",\"logo\":{\"@type\":\"ImageObject\",\"inLanguage\":\"pt-BR\",\"@id\":\"https:\\\/\\\/ibvmunngo.org\\\/es\\\/#\\\/schema\\\/logo\\\/image\\\/\",\"url\":\"https:\\\/\\\/ibvmunngo.org\\\/wp-content\\\/uploads\\\/2020\\\/10\\\/Logo_IBVM_UN_1.png\",\"contentUrl\":\"https:\\\/\\\/ibvmunngo.org\\\/wp-content\\\/uploads\\\/2020\\\/10\\\/Logo_IBVM_UN_1.png\",\"width\":200,\"height\":144,\"caption\":\"Institute of the Blessed Virgin Mary \u2013 Loreto\"},\"image\":{\"@id\":\"https:\\\/\\\/ibvmunngo.org\\\/es\\\/#\\\/schema\\\/logo\\\/image\\\/\"}}]}<\/script>\n<!-- \/ Yoast SEO plugin. -->","yoast_head_json":{"title":"Atualiza\u00e7\u00f5es sobre Cidadania Global 2018 - Instituto da Bem-Aventurada Virgem Maria \u2013 Loreto","robots":{"index":"index","follow":"follow","max-snippet":"max-snippet:-1","max-image-preview":"max-image-preview:large","max-video-preview":"max-video-preview:-1"},"canonical":"https:\/\/ibvmunngo.org\/pt\/statements-publications\/atualizacoes-sobre-cidadania-global-de-2018\/","og_locale":"pt_BR","og_type":"article","og_title":"2018 Global Citizenship Updates - Institute of the Blessed Virgin Mary \u2013 Loreto","og_description":"2018 Global Citizenship Updates Towards Global Citizenship No. 4 VIEW ONLINE","og_url":"https:\/\/ibvmunngo.org\/pt\/statements-publications\/atualizacoes-sobre-cidadania-global-de-2018\/","og_site_name":"Institute of the Blessed Virgin Mary \u2013 Loreto","article_modified_time":"2021-08-24T00:49:56+00:00","og_image":[{"url":"https:\/\/ibvmunngo.org\/wp-content\/uploads\/2021\/08\/5.png","type":"","width":"","height":""}],"twitter_card":"summary_large_image","schema":{"@context":"https:\/\/schema.org","@graph":[{"@type":"WebPage","@id":"https:\/\/ibvmunngo.org\/statements-publications\/2018-global-citizenship-updates\/","url":"https:\/\/ibvmunngo.org\/statements-publications\/2018-global-citizenship-updates\/","name":"Atualiza\u00e7\u00f5es sobre Cidadania Global 2018 - Instituto da Bem-Aventurada Virgem Maria \u2013 Loreto","isPartOf":{"@id":"https:\/\/ibvmunngo.org\/es\/#website"},"primaryImageOfPage":{"@id":"https:\/\/ibvmunngo.org\/statements-publications\/2018-global-citizenship-updates\/#primaryimage"},"image":{"@id":"https:\/\/ibvmunngo.org\/statements-publications\/2018-global-citizenship-updates\/#primaryimage"},"thumbnailUrl":"https:\/\/ibvmunngo.org\/wp-content\/uploads\/2021\/08\/5.png","datePublished":"2021-08-02T14:57:14+00:00","dateModified":"2021-08-24T00:49:56+00:00","breadcrumb":{"@id":"https:\/\/ibvmunngo.org\/statements-publications\/2018-global-citizenship-updates\/#breadcrumb"},"inLanguage":"pt-BR","potentialAction":[{"@type":"ReadAction","target":["https:\/\/ibvmunngo.org\/statements-publications\/2018-global-citizenship-updates\/"]}]},{"@type":"ImageObject","inLanguage":"pt-BR","@id":"https:\/\/ibvmunngo.org\/statements-publications\/2018-global-citizenship-updates\/#primaryimage","url":"https:\/\/ibvmunngo.org\/wp-content\/uploads\/2021\/08\/5.png","contentUrl":"https:\/\/ibvmunngo.org\/wp-content\/uploads\/2021\/08\/5.png"},{"@type":"BreadcrumbList","@id":"https:\/\/ibvmunngo.org\/statements-publications\/2018-global-citizenship-updates\/#breadcrumb","itemListElement":[{"@type":"ListItem","position":1,"name":"Home","item":"https:\/\/ibvmunngo.org\/es\/"},{"@type":"ListItem","position":2,"name":"Private: Statements &#038; Publications","item":"https:\/\/ibvmunngo.org\/?page_id=14518"},{"@type":"ListItem","position":3,"name":"2018 Global Citizenship Updates"}]},{"@type":"WebSite","@id":"https:\/\/ibvmunngo.org\/es\/#website","url":"https:\/\/ibvmunngo.org\/es\/","name":"Instituto da Bem-Aventurada Virgem Maria \u2013 Loreto","description":"ONG ASSOCIADA AO ECOSOC NAS NA\u00c7\u00d5ES UNIDAS","publisher":{"@id":"https:\/\/ibvmunngo.org\/es\/#organization"},"potentialAction":[{"@type":"SearchAction","target":{"@type":"EntryPoint","urlTemplate":"https:\/\/ibvmunngo.org\/es\/?s={search_term_string}"},"query-input":{"@type":"PropertyValueSpecification","valueRequired":true,"valueName":"search_term_string"}}],"inLanguage":"pt-BR"},{"@type":"Organization","@id":"https:\/\/ibvmunngo.org\/es\/#organization","name":"Instituto da Bem-Aventurada Virgem Maria \u2013 Loreto","url":"https:\/\/ibvmunngo.org\/es\/","logo":{"@type":"ImageObject","inLanguage":"pt-BR","@id":"https:\/\/ibvmunngo.org\/es\/#\/schema\/logo\/image\/","url":"https:\/\/ibvmunngo.org\/wp-content\/uploads\/2020\/10\/Logo_IBVM_UN_1.png","contentUrl":"https:\/\/ibvmunngo.org\/wp-content\/uploads\/2020\/10\/Logo_IBVM_UN_1.png","width":200,"height":144,"caption":"Institute of the Blessed Virgin Mary \u2013 Loreto"},"image":{"@id":"https:\/\/ibvmunngo.org\/es\/#\/schema\/logo\/image\/"}}]}},"_links":{"self":[{"href":"https:\/\/ibvmunngo.org\/pt\/wp-json\/wp\/v2\/pages\/50581","targetHints":{"allow":["GET"]}}],"collection":[{"href":"https:\/\/ibvmunngo.org\/pt\/wp-json\/wp\/v2\/pages"}],"about":[{"href":"https:\/\/ibvmunngo.org\/pt\/wp-json\/wp\/v2\/types\/page"}],"author":[{"embeddable":true,"href":"https:\/\/ibvmunngo.org\/pt\/wp-json\/wp\/v2\/users\/1"}],"replies":[{"embeddable":true,"href":"https:\/\/ibvmunngo.org\/pt\/wp-json\/wp\/v2\/comments?post=50581"}],"version-history":[{"count":0,"href":"https:\/\/ibvmunngo.org\/pt\/wp-json\/wp\/v2\/pages\/50581\/revisions"}],"up":[{"embeddable":true,"href":"https:\/\/ibvmunngo.org\/pt\/wp-json\/wp\/v2\/pages\/14518"}],"wp:attachment":[{"href":"https:\/\/ibvmunngo.org\/pt\/wp-json\/wp\/v2\/media?parent=50581"}],"curies":[{"name":"wp","href":"https:\/\/api.w.org\/{rel}","templated":true}]}}