{"id":51526,"date":"2021-08-09T05:19:43","date_gmt":"2021-08-09T05:19:43","guid":{"rendered":"https:\/\/ibvmunngo.org\/?page_id=51526"},"modified":"2021-08-29T05:44:41","modified_gmt":"2021-08-29T05:44:41","slug":"financiamento-para-recursos-de-desenvolvimento","status":"publish","type":"page","link":"https:\/\/ibvmunngo.org\/pt\/news-information\/biblioteca-de-recursos\/financiamento-para-recursos-de-desenvolvimento\/","title":{"rendered":"Financiamento para o Desenvolvimento | Recursos"},"content":{"rendered":"<div data-elementor-type=\"wp-page\" data-elementor-id=\"51526\" class=\"elementor elementor-51526\" data-elementor-post-type=\"page\">\n\t\t\t\t\t\t<section class=\"elementor-section elementor-top-section elementor-element elementor-element-a6548fb elementor-section-boxed elementor-section-height-default elementor-section-height-default\" data-id=\"a6548fb\" data-element_type=\"section\" data-e-type=\"section\">\n\t\t\t\t\t\t<div class=\"elementor-container elementor-column-gap-default\">\n\t\t\t\t\t<div class=\"elementor-column elementor-col-100 elementor-top-column elementor-element elementor-element-95d99cb\" data-id=\"95d99cb\" data-element_type=\"column\" data-e-type=\"column\">\n\t\t\t<div class=\"elementor-widget-wrap elementor-element-populated\">\n\t\t\t\t\t\t<div class=\"elementor-element elementor-element-38696c9 elementor-widget elementor-widget-heading\" data-id=\"38696c9\" data-element_type=\"widget\" data-e-type=\"widget\" data-widget_type=\"heading.default\">\n\t\t\t\t<div class=\"elementor-widget-container\">\n\t\t\t\t\t<h2 class=\"elementor-heading-title elementor-size-default\"><span data-elementor-setting-key=\"title\" data-pen-placeholder=\"Type Here...\" style=\"color: var( --e-global-color-primary );font-size: 1.7rem\">Recursos: <\/span>Financiamento para o Desenvolvimento<\/h2>\t\t\t\t<\/div>\n\t\t\t\t<\/div>\n\t\t\t\t<div class=\"elementor-element elementor-element-11bee42 elementor-widget-divider--view-line elementor-widget elementor-widget-divider\" data-id=\"11bee42\" data-element_type=\"widget\" data-e-type=\"widget\" data-widget_type=\"divider.default\">\n\t\t\t\t<div class=\"elementor-widget-container\">\n\t\t\t\t\t\t\t<div class=\"elementor-divider\">\n\t\t\t<span class=\"elementor-divider-separator\">\n\t\t\t\t\t\t<\/span>\n\t\t<\/div>\n\t\t\t\t\t\t<\/div>\n\t\t\t\t<\/div>\n\t\t\t\t\t<\/div>\n\t\t<\/div>\n\t\t\t\t\t<\/div>\n\t\t<\/section>\n\t\t\t\t<section class=\"elementor-section elementor-top-section elementor-element elementor-element-39180be elementor-section-boxed elementor-section-height-default elementor-section-height-default\" data-id=\"39180be\" data-element_type=\"section\" data-e-type=\"section\">\n\t\t\t\t\t\t<div class=\"elementor-container elementor-column-gap-default\">\n\t\t\t\t\t<div class=\"elementor-column elementor-col-50 elementor-top-column elementor-element elementor-element-496848d\" data-id=\"496848d\" data-element_type=\"column\" data-e-type=\"column\">\n\t\t\t<div class=\"elementor-widget-wrap elementor-element-populated\">\n\t\t\t\t\t\t<div class=\"elementor-element elementor-element-fe0b8b3 elementor-widget elementor-widget-image\" data-id=\"fe0b8b3\" data-element_type=\"widget\" data-e-type=\"widget\" data-widget_type=\"image.default\">\n\t\t\t\t<div class=\"elementor-widget-container\">\n\t\t\t\t\t\t\t\t\t\t\t\t\t\t\t<img decoding=\"async\" src=\"https:\/\/ibvmunngo.org\/wp-content\/uploads\/elementor\/thumbs\/Website-e1628403133469-qty2e0f2c96u28v3v87nz555j8zth46dzqnazp36q8.png\" title=\"Local na rede Internet\" alt=\"Local na rede Internet\" loading=\"lazy\" \/>\t\t\t\t\t\t\t\t\t\t\t\t\t\t\t<\/div>\n\t\t\t\t<\/div>\n\t\t\t\t\t<\/div>\n\t\t<\/div>\n\t\t\t\t<div class=\"elementor-column elementor-col-50 elementor-top-column elementor-element elementor-element-5392087\" data-id=\"5392087\" data-element_type=\"column\" data-e-type=\"column\">\n\t\t\t<div class=\"elementor-widget-wrap elementor-element-populated\">\n\t\t\t\t\t\t<div class=\"elementor-element elementor-element-df98650 elementor-widget elementor-widget-text-editor\" data-id=\"df98650\" data-element_type=\"widget\" data-e-type=\"widget\" data-widget_type=\"text-editor.default\">\n\t\t\t\t<div class=\"elementor-widget-container\">\n\t\t\t\t\t\t\t\t\t<h4>\u00a0 \u00a0 Sites<\/h4><ul><li><a href=\"https:\/\/www.un.org\/development\/desa\/financing\/home\" target=\"_blank\" rel=\"noopener\">Financiamento da ONU para o Desenvolvimento Sustent\u00e1vel<\/a><\/li><li><a href=\"https:\/\/www.ohchr.org\/EN\/Issues\/Development\/Pages\/FinancingForDevelopment.aspx\" target=\"_blank\" rel=\"noopener\">Direitos Humanos e Financiamento para o Desenvolvimento<\/a><\/li><\/ul>\t\t\t\t\t\t\t\t<\/div>\n\t\t\t\t<\/div>\n\t\t\t\t\t<\/div>\n\t\t<\/div>\n\t\t\t\t\t<\/div>\n\t\t<\/section>\n\t\t\t\t<section class=\"elementor-section elementor-top-section elementor-element elementor-element-45ba9b1 elementor-section-boxed elementor-section-height-default elementor-section-height-default\" data-id=\"45ba9b1\" data-element_type=\"section\" data-e-type=\"section\">\n\t\t\t\t\t\t<div class=\"elementor-container elementor-column-gap-default\">\n\t\t\t\t\t<div class=\"elementor-column elementor-col-100 elementor-top-column elementor-element elementor-element-c2f0bb9\" data-id=\"c2f0bb9\" data-element_type=\"column\" data-e-type=\"column\">\n\t\t\t<div class=\"elementor-widget-wrap elementor-element-populated\">\n\t\t\t\t\t\t<div class=\"elementor-element elementor-element-ebfe759 elementor-widget-divider--view-line elementor-widget elementor-widget-divider\" data-id=\"ebfe759\" data-element_type=\"widget\" data-e-type=\"widget\" data-widget_type=\"divider.default\">\n\t\t\t\t<div class=\"elementor-widget-container\">\n\t\t\t\t\t\t\t<div class=\"elementor-divider\">\n\t\t\t<span class=\"elementor-divider-separator\">\n\t\t\t\t\t\t<\/span>\n\t\t<\/div>\n\t\t\t\t\t\t<\/div>\n\t\t\t\t<\/div>\n\t\t\t\t\t<\/div>\n\t\t<\/div>\n\t\t\t\t\t<\/div>\n\t\t<\/section>\n\t\t\t\t<section class=\"elementor-section elementor-top-section elementor-element elementor-element-173c705 elementor-section-boxed elementor-section-height-default elementor-section-height-default\" data-id=\"173c705\" data-element_type=\"section\" data-e-type=\"section\">\n\t\t\t\t\t\t<div class=\"elementor-container elementor-column-gap-default\">\n\t\t\t\t\t<div class=\"elementor-column elementor-col-50 elementor-top-column elementor-element elementor-element-37a4936\" data-id=\"37a4936\" data-element_type=\"column\" data-e-type=\"column\">\n\t\t\t<div class=\"elementor-widget-wrap elementor-element-populated\">\n\t\t\t\t\t\t<div class=\"elementor-element elementor-element-759fc99 elementor-widget elementor-widget-image\" data-id=\"759fc99\" data-element_type=\"widget\" data-e-type=\"widget\" data-widget_type=\"image.default\">\n\t\t\t\t<div class=\"elementor-widget-container\">\n\t\t\t\t\t\t\t\t\t\t\t\t\t\t\t<img decoding=\"async\" src=\"https:\/\/ibvmunngo.org\/wp-content\/uploads\/elementor\/thumbs\/Video-e1628403157616-qty2e0f2c96u28v3v87nz555j8zth46dzqnazp36q8.png\" title=\"V\u00eddeo\" alt=\"V\u00eddeo\" loading=\"lazy\" \/>\t\t\t\t\t\t\t\t\t\t\t\t\t\t\t<\/div>\n\t\t\t\t<\/div>\n\t\t\t\t\t<\/div>\n\t\t<\/div>\n\t\t\t\t<div class=\"elementor-column elementor-col-50 elementor-top-column elementor-element elementor-element-ea71ca7\" data-id=\"ea71ca7\" data-element_type=\"column\" data-e-type=\"column\">\n\t\t\t<div class=\"elementor-widget-wrap elementor-element-populated\">\n\t\t\t\t\t\t<div class=\"elementor-element elementor-element-6c0a909 elementor-widget elementor-widget-text-editor\" data-id=\"6c0a909\" data-element_type=\"widget\" data-e-type=\"widget\" data-widget_type=\"text-editor.default\">\n\t\t\t\t<div class=\"elementor-widget-container\">\n\t\t\t\t\t\t\t\t\t<h4><strong>\u00a0 \u00a0 V\u00eddeos<\/strong><\/h4><ul><li><a href=\"https:\/\/www.youtube.com\/watch?v=e5VP18E49uo\" target=\"_blank\" rel=\"noopener\">Financiando os ODS<\/a><\/li><li>Veja os Objetivos de Desenvolvimento Sustent\u00e1vel<\/li><li>O que os ODS significam para voc\u00ea?<\/li><\/ul>\t\t\t\t\t\t\t\t<\/div>\n\t\t\t\t<\/div>\n\t\t\t\t\t<\/div>\n\t\t<\/div>\n\t\t\t\t\t<\/div>\n\t\t<\/section>\n\t\t\t\t<section class=\"elementor-section elementor-top-section elementor-element elementor-element-ce9aba6 elementor-section-boxed elementor-section-height-default elementor-section-height-default\" data-id=\"ce9aba6\" data-element_type=\"section\" data-e-type=\"section\">\n\t\t\t\t\t\t<div class=\"elementor-container elementor-column-gap-default\">\n\t\t\t\t\t<div class=\"elementor-column elementor-col-100 elementor-top-column elementor-element elementor-element-d3aa890\" data-id=\"d3aa890\" data-element_type=\"column\" data-e-type=\"column\">\n\t\t\t<div class=\"elementor-widget-wrap elementor-element-populated\">\n\t\t\t\t\t\t<div class=\"elementor-element elementor-element-9d3e29f elementor-widget-divider--view-line elementor-widget elementor-widget-divider\" data-id=\"9d3e29f\" data-element_type=\"widget\" data-e-type=\"widget\" data-widget_type=\"divider.default\">\n\t\t\t\t<div class=\"elementor-widget-container\">\n\t\t\t\t\t\t\t<div class=\"elementor-divider\">\n\t\t\t<span class=\"elementor-divider-separator\">\n\t\t\t\t\t\t<\/span>\n\t\t<\/div>\n\t\t\t\t\t\t<\/div>\n\t\t\t\t<\/div>\n\t\t\t\t\t<\/div>\n\t\t<\/div>\n\t\t\t\t\t<\/div>\n\t\t<\/section>\n\t\t\t\t<section class=\"elementor-section elementor-top-section elementor-element elementor-element-e5cf485 elementor-section-boxed elementor-section-height-default elementor-section-height-default\" data-id=\"e5cf485\" data-element_type=\"section\" data-e-type=\"section\">\n\t\t\t\t\t\t<div class=\"elementor-container elementor-column-gap-default\">\n\t\t\t\t\t<div class=\"elementor-column elementor-col-50 elementor-top-column elementor-element elementor-element-4f08a4d\" data-id=\"4f08a4d\" data-element_type=\"column\" data-e-type=\"column\">\n\t\t\t<div class=\"elementor-widget-wrap elementor-element-populated\">\n\t\t\t\t\t\t<div class=\"elementor-element elementor-element-6e8e5bc elementor-widget elementor-widget-image\" data-id=\"6e8e5bc\" data-element_type=\"widget\" data-e-type=\"widget\" data-widget_type=\"image.default\">\n\t\t\t\t<div class=\"elementor-widget-container\">\n\t\t\t\t\t\t\t\t\t\t\t\t\t\t\t<img decoding=\"async\" src=\"https:\/\/ibvmunngo.org\/wp-content\/uploads\/elementor\/thumbs\/Literature-e1628403487468-qty2dyjdyl49f0xu67eeu5m8ch931pyxbhcc155z2o.png\" title=\"Literatura\" alt=\"Literatura\" loading=\"lazy\" \/>\t\t\t\t\t\t\t\t\t\t\t\t\t\t\t<\/div>\n\t\t\t\t<\/div>\n\t\t\t\t\t<\/div>\n\t\t<\/div>\n\t\t\t\t<div class=\"elementor-column elementor-col-50 elementor-top-column elementor-element elementor-element-d249382\" data-id=\"d249382\" data-element_type=\"column\" data-e-type=\"column\">\n\t\t\t<div class=\"elementor-widget-wrap elementor-element-populated\">\n\t\t\t\t\t\t<div class=\"elementor-element elementor-element-a2e779f elementor-widget elementor-widget-text-editor\" data-id=\"a2e779f\" data-element_type=\"widget\" data-e-type=\"widget\" data-widget_type=\"text-editor.default\">\n\t\t\t\t<div class=\"elementor-widget-container\">\n\t\t\t\t\t\t\t\t\t<h4>\u00a0 \u00a0 Literatura<\/h4><ul><li><a href=\"https:\/\/developmentfinance.un.org\/\" target=\"_blank\" rel=\"noopener\">Relat\u00f3rio sobre Financiamento para o Desenvolvimento (FfD): For\u00e7a-Tarefa Interag\u00eancias<\/a><\/li><li><a href=\"https:\/\/ibvmunngo.org\/wp-content\/uploads\/2021\/08\/Addis_Ababa_Action_A_Outcome.pdf\" target=\"_blank\" rel=\"noopener\">Agenda de A\u00e7\u00e3o de Adis Abeba: Financiamento para os ODS<\/a><\/li><li><a href=\"https:\/\/ibvmunngo.org\/wp-content\/uploads\/2021\/08\/Briefing_Ffd_and_Covid19_2020.pdf\" target=\"_blank\" rel=\"noopener\">FfD e Covid19: Briefing 2020<\/a><\/li><\/ul>\t\t\t\t\t\t\t\t<\/div>\n\t\t\t\t<\/div>\n\t\t\t\t\t<\/div>\n\t\t<\/div>\n\t\t\t\t\t<\/div>\n\t\t<\/section>\n\t\t\t\t<section class=\"elementor-section elementor-top-section elementor-element elementor-element-e4a118d elementor-section-boxed elementor-section-height-default elementor-section-height-default\" data-id=\"e4a118d\" data-element_type=\"section\" data-e-type=\"section\">\n\t\t\t\t\t\t<div class=\"elementor-container elementor-column-gap-default\">\n\t\t\t\t\t<div class=\"elementor-column elementor-col-100 elementor-top-column elementor-element elementor-element-05d152c\" data-id=\"05d152c\" data-element_type=\"column\" data-e-type=\"column\">\n\t\t\t<div class=\"elementor-widget-wrap elementor-element-populated\">\n\t\t\t\t\t\t<div class=\"elementor-element elementor-element-3ae1dd2 elementor-widget-divider--view-line elementor-widget elementor-widget-divider\" data-id=\"3ae1dd2\" data-element_type=\"widget\" data-e-type=\"widget\" data-widget_type=\"divider.default\">\n\t\t\t\t<div class=\"elementor-widget-container\">\n\t\t\t\t\t\t\t<div class=\"elementor-divider\">\n\t\t\t<span class=\"elementor-divider-separator\">\n\t\t\t\t\t\t<\/span>\n\t\t<\/div>\n\t\t\t\t\t\t<\/div>\n\t\t\t\t<\/div>\n\t\t\t\t\t<\/div>\n\t\t<\/div>\n\t\t\t\t\t<\/div>\n\t\t<\/section>\n\t\t\t\t<section class=\"elementor-section elementor-top-section elementor-element elementor-element-5bc54be elementor-section-boxed elementor-section-height-default elementor-section-height-default\" data-id=\"5bc54be\" data-element_type=\"section\" data-e-type=\"section\">\n\t\t\t\t\t\t<div class=\"elementor-container elementor-column-gap-default\">\n\t\t\t\t\t<div class=\"elementor-column elementor-col-50 elementor-top-column elementor-element elementor-element-77e6cff elementor-hidden-desktop elementor-hidden-tablet elementor-hidden-mobile\" data-id=\"77e6cff\" data-element_type=\"column\" data-e-type=\"column\">\n\t\t\t<div class=\"elementor-widget-wrap elementor-element-populated\">\n\t\t\t\t\t\t<div class=\"elementor-element elementor-element-0a64f88 elementor-widget elementor-widget-image\" data-id=\"0a64f88\" data-element_type=\"widget\" data-e-type=\"widget\" data-widget_type=\"image.default\">\n\t\t\t\t<div class=\"elementor-widget-container\">\n\t\t\t\t\t\t\t\t\t\t\t\t\t\t\t<img decoding=\"async\" src=\"https:\/\/ibvmunngo.org\/wp-content\/uploads\/elementor\/thumbs\/Presentation-2-e1628404266313-qty2dyjdyl49f0xu67eeu5m8ch931pyxbhcc155z2o.png\" title=\"Apresenta\u00e7\u00e3o 2\" alt=\"Apresenta\u00e7\u00e3o 2\" loading=\"lazy\" \/>\t\t\t\t\t\t\t\t\t\t\t\t\t\t\t<\/div>\n\t\t\t\t<\/div>\n\t\t\t\t\t<\/div>\n\t\t<\/div>\n\t\t\t\t<div class=\"elementor-column elementor-col-50 elementor-top-column elementor-element elementor-element-8ef0dfa elementor-hidden-desktop elementor-hidden-tablet elementor-hidden-mobile\" data-id=\"8ef0dfa\" data-element_type=\"column\" data-e-type=\"column\">\n\t\t\t<div class=\"elementor-widget-wrap elementor-element-populated\">\n\t\t\t\t\t\t<div class=\"elementor-element elementor-element-5dce134 elementor-widget elementor-widget-text-editor\" data-id=\"5dce134\" data-element_type=\"widget\" data-e-type=\"widget\" data-widget_type=\"text-editor.default\">\n\t\t\t\t<div class=\"elementor-widget-container\">\n\t\t\t\t\t\t\t\t\t<h4>\u00a0 \u00a0 Apresenta\u00e7\u00f5es<\/h4><ul><li>&#8230;<\/li><li>&#8230;<\/li><\/ul>\t\t\t\t\t\t\t\t<\/div>\n\t\t\t\t<\/div>\n\t\t\t\t\t<\/div>\n\t\t<\/div>\n\t\t\t\t\t<\/div>\n\t\t<\/section>\n\t\t\t\t<\/div>","protected":false},"excerpt":{"rendered":"<p>Resources: Financing for Development \u00a0 \u00a0 Websites UN Financing for Sustainable Development Human Rights and Financing for Development \u00a0 \u00a0 Videos Financing the SDGs Look at the Sustainable Development Goals What do the SDGs mean to you? \u00a0 \u00a0 Literature Financing for Development (FfD)Report: Inter-Agency Task Force Addis Ababa Action Agenda: Financing for SDGs FfD [&hellip;]<\/p>\n","protected":false},"author":1,"featured_media":0,"parent":7153,"menu_order":0,"comment_status":"closed","ping_status":"closed","template":"","meta":{"footnotes":""},"class_list":["post-51526","page","type-page","status-publish","hentry"],"yoast_head":"<!-- This site is optimized with the Yoast SEO plugin v27.3 - https:\/\/yoast.com\/product\/yoast-seo-wordpress\/ -->\n<title>Financing for Development | Resources - Institute of the Blessed Virgin Mary \u2013 Loreto<\/title>\n<meta name=\"robots\" content=\"index, follow, max-snippet:-1, max-image-preview:large, max-video-preview:-1\" \/>\n<link rel=\"canonical\" href=\"https:\/\/ibvmunngo.org\/pt\/news-information\/biblioteca-de-recursos\/financiamento-para-recursos-de-desenvolvimento\/\" \/>\n<meta property=\"og:locale\" content=\"pt_BR\" \/>\n<meta property=\"og:type\" content=\"article\" \/>\n<meta property=\"og:title\" content=\"Financing for Development | Resources - Institute of the Blessed Virgin Mary \u2013 Loreto\" \/>\n<meta property=\"og:description\" content=\"Resources: Financing for Development \u00a0 \u00a0 Websites UN Financing for Sustainable Development Human Rights and Financing for Development \u00a0 \u00a0 Videos Financing the SDGs Look at the Sustainable Development Goals What do the SDGs mean to you? \u00a0 \u00a0 Literature Financing for Development (FfD)Report: Inter-Agency Task Force Addis Ababa Action Agenda: Financing for SDGs FfD [&hellip;]\" \/>\n<meta property=\"og:url\" content=\"https:\/\/ibvmunngo.org\/pt\/news-information\/biblioteca-de-recursos\/financiamento-para-recursos-de-desenvolvimento\/\" \/>\n<meta property=\"og:site_name\" content=\"Institute of the Blessed Virgin Mary \u2013 Loreto\" \/>\n<meta property=\"article:modified_time\" content=\"2021-08-29T05:44:41+00:00\" \/>\n<meta property=\"og:image\" content=\"https:\/\/ibvmunngo.org\/wp-content\/uploads\/elementor\/thumbs\/Website-e1628403133469-pbau8ispnszx84vw1t4440pcl3m7n6pks6omr3y18w.png\" \/>\n<meta name=\"twitter:card\" content=\"summary_large_image\" \/>\n<script type=\"application\/ld+json\" class=\"yoast-schema-graph\">{\"@context\":\"https:\\\/\\\/schema.org\",\"@graph\":[{\"@type\":\"WebPage\",\"@id\":\"https:\\\/\\\/ibvmunngo.org\\\/news-information\\\/resource-library\\\/financing-for-development-resources\\\/\",\"url\":\"https:\\\/\\\/ibvmunngo.org\\\/news-information\\\/resource-library\\\/financing-for-development-resources\\\/\",\"name\":\"Financing for Development | Resources - Institute of the Blessed Virgin Mary \u2013 Loreto\",\"isPartOf\":{\"@id\":\"https:\\\/\\\/ibvmunngo.org\\\/es\\\/#website\"},\"primaryImageOfPage\":{\"@id\":\"https:\\\/\\\/ibvmunngo.org\\\/news-information\\\/resource-library\\\/financing-for-development-resources\\\/#primaryimage\"},\"image\":{\"@id\":\"https:\\\/\\\/ibvmunngo.org\\\/news-information\\\/resource-library\\\/financing-for-development-resources\\\/#primaryimage\"},\"thumbnailUrl\":\"https:\\\/\\\/ibvmunngo.org\\\/wp-content\\\/uploads\\\/elementor\\\/thumbs\\\/Website-e1628403133469-pbau8ispnszx84vw1t4440pcl3m7n6pks6omr3y18w.png\",\"datePublished\":\"2021-08-09T05:19:43+00:00\",\"dateModified\":\"2021-08-29T05:44:41+00:00\",\"breadcrumb\":{\"@id\":\"https:\\\/\\\/ibvmunngo.org\\\/news-information\\\/resource-library\\\/financing-for-development-resources\\\/#breadcrumb\"},\"inLanguage\":\"pt-BR\",\"potentialAction\":[{\"@type\":\"ReadAction\",\"target\":[\"https:\\\/\\\/ibvmunngo.org\\\/news-information\\\/resource-library\\\/financing-for-development-resources\\\/\"]}]},{\"@type\":\"ImageObject\",\"inLanguage\":\"pt-BR\",\"@id\":\"https:\\\/\\\/ibvmunngo.org\\\/news-information\\\/resource-library\\\/financing-for-development-resources\\\/#primaryimage\",\"url\":\"https:\\\/\\\/ibvmunngo.org\\\/wp-content\\\/uploads\\\/elementor\\\/thumbs\\\/Website-e1628403133469-pbau8ispnszx84vw1t4440pcl3m7n6pks6omr3y18w.png\",\"contentUrl\":\"https:\\\/\\\/ibvmunngo.org\\\/wp-content\\\/uploads\\\/elementor\\\/thumbs\\\/Website-e1628403133469-pbau8ispnszx84vw1t4440pcl3m7n6pks6omr3y18w.png\"},{\"@type\":\"BreadcrumbList\",\"@id\":\"https:\\\/\\\/ibvmunngo.org\\\/news-information\\\/resource-library\\\/financing-for-development-resources\\\/#breadcrumb\",\"itemListElement\":[{\"@type\":\"ListItem\",\"position\":1,\"name\":\"Home\",\"item\":\"https:\\\/\\\/ibvmunngo.org\\\/es\\\/\"},{\"@type\":\"ListItem\",\"position\":2,\"name\":\"Private: News &#038; Information\",\"item\":\"https:\\\/\\\/ibvmunngo.org\\\/?page_id=14522\"},{\"@type\":\"ListItem\",\"position\":3,\"name\":\"Resource Library\",\"item\":\"https:\\\/\\\/ibvmunngo.org\\\/news-information\\\/resource-library\\\/\"},{\"@type\":\"ListItem\",\"position\":4,\"name\":\"Financing for Development | Resources\"}]},{\"@type\":\"WebSite\",\"@id\":\"https:\\\/\\\/ibvmunngo.org\\\/es\\\/#website\",\"url\":\"https:\\\/\\\/ibvmunngo.org\\\/es\\\/\",\"name\":\"Institute of the Blessed Virgin Mary \u2013 Loreto\",\"description\":\"NGO ASSOCIATED WITH ECOSOC AT THE UNITED NATIONS\",\"publisher\":{\"@id\":\"https:\\\/\\\/ibvmunngo.org\\\/es\\\/#organization\"},\"potentialAction\":[{\"@type\":\"SearchAction\",\"target\":{\"@type\":\"EntryPoint\",\"urlTemplate\":\"https:\\\/\\\/ibvmunngo.org\\\/es\\\/?s={search_term_string}\"},\"query-input\":{\"@type\":\"PropertyValueSpecification\",\"valueRequired\":true,\"valueName\":\"search_term_string\"}}],\"inLanguage\":\"pt-BR\"},{\"@type\":\"Organization\",\"@id\":\"https:\\\/\\\/ibvmunngo.org\\\/es\\\/#organization\",\"name\":\"Institute of the Blessed Virgin Mary \u2013 Loreto\",\"url\":\"https:\\\/\\\/ibvmunngo.org\\\/es\\\/\",\"logo\":{\"@type\":\"ImageObject\",\"inLanguage\":\"pt-BR\",\"@id\":\"https:\\\/\\\/ibvmunngo.org\\\/es\\\/#\\\/schema\\\/logo\\\/image\\\/\",\"url\":\"https:\\\/\\\/ibvmunngo.org\\\/wp-content\\\/uploads\\\/2020\\\/10\\\/Logo_IBVM_UN_1.png\",\"contentUrl\":\"https:\\\/\\\/ibvmunngo.org\\\/wp-content\\\/uploads\\\/2020\\\/10\\\/Logo_IBVM_UN_1.png\",\"width\":200,\"height\":144,\"caption\":\"Institute of the Blessed Virgin Mary \u2013 Loreto\"},\"image\":{\"@id\":\"https:\\\/\\\/ibvmunngo.org\\\/es\\\/#\\\/schema\\\/logo\\\/image\\\/\"}}]}<\/script>\n<!-- \/ Yoast SEO plugin. -->","yoast_head_json":{"title":"Financiamento para o Desenvolvimento | Recursos - Instituto da Bem-Aventurada Virgem Maria \u2013 Loreto","robots":{"index":"index","follow":"follow","max-snippet":"max-snippet:-1","max-image-preview":"max-image-preview:large","max-video-preview":"max-video-preview:-1"},"canonical":"https:\/\/ibvmunngo.org\/pt\/news-information\/biblioteca-de-recursos\/financiamento-para-recursos-de-desenvolvimento\/","og_locale":"pt_BR","og_type":"article","og_title":"Financing for Development | Resources - Institute of the Blessed Virgin Mary \u2013 Loreto","og_description":"Resources: Financing for Development \u00a0 \u00a0 Websites UN Financing for Sustainable Development Human Rights and Financing for Development \u00a0 \u00a0 Videos Financing the SDGs Look at the Sustainable Development Goals What do the SDGs mean to you? \u00a0 \u00a0 Literature Financing for Development (FfD)Report: Inter-Agency Task Force Addis Ababa Action Agenda: Financing for SDGs FfD [&hellip;]","og_url":"https:\/\/ibvmunngo.org\/pt\/news-information\/biblioteca-de-recursos\/financiamento-para-recursos-de-desenvolvimento\/","og_site_name":"Institute of the Blessed Virgin Mary \u2013 Loreto","article_modified_time":"2021-08-29T05:44:41+00:00","og_image":[{"url":"https:\/\/ibvmunngo.org\/wp-content\/uploads\/elementor\/thumbs\/Website-e1628403133469-pbau8ispnszx84vw1t4440pcl3m7n6pks6omr3y18w.png","type":"","width":"","height":""}],"twitter_card":"summary_large_image","schema":{"@context":"https:\/\/schema.org","@graph":[{"@type":"WebPage","@id":"https:\/\/ibvmunngo.org\/news-information\/resource-library\/financing-for-development-resources\/","url":"https:\/\/ibvmunngo.org\/news-information\/resource-library\/financing-for-development-resources\/","name":"Financiamento para o Desenvolvimento | Recursos - Instituto da Bem-Aventurada Virgem Maria \u2013 Loreto","isPartOf":{"@id":"https:\/\/ibvmunngo.org\/es\/#website"},"primaryImageOfPage":{"@id":"https:\/\/ibvmunngo.org\/news-information\/resource-library\/financing-for-development-resources\/#primaryimage"},"image":{"@id":"https:\/\/ibvmunngo.org\/news-information\/resource-library\/financing-for-development-resources\/#primaryimage"},"thumbnailUrl":"https:\/\/ibvmunngo.org\/wp-content\/uploads\/elementor\/thumbs\/Website-e1628403133469-pbau8ispnszx84vw1t4440pcl3m7n6pks6omr3y18w.png","datePublished":"2021-08-09T05:19:43+00:00","dateModified":"2021-08-29T05:44:41+00:00","breadcrumb":{"@id":"https:\/\/ibvmunngo.org\/news-information\/resource-library\/financing-for-development-resources\/#breadcrumb"},"inLanguage":"pt-BR","potentialAction":[{"@type":"ReadAction","target":["https:\/\/ibvmunngo.org\/news-information\/resource-library\/financing-for-development-resources\/"]}]},{"@type":"ImageObject","inLanguage":"pt-BR","@id":"https:\/\/ibvmunngo.org\/news-information\/resource-library\/financing-for-development-resources\/#primaryimage","url":"https:\/\/ibvmunngo.org\/wp-content\/uploads\/elementor\/thumbs\/Website-e1628403133469-pbau8ispnszx84vw1t4440pcl3m7n6pks6omr3y18w.png","contentUrl":"https:\/\/ibvmunngo.org\/wp-content\/uploads\/elementor\/thumbs\/Website-e1628403133469-pbau8ispnszx84vw1t4440pcl3m7n6pks6omr3y18w.png"},{"@type":"BreadcrumbList","@id":"https:\/\/ibvmunngo.org\/news-information\/resource-library\/financing-for-development-resources\/#breadcrumb","itemListElement":[{"@type":"ListItem","position":1,"name":"Home","item":"https:\/\/ibvmunngo.org\/es\/"},{"@type":"ListItem","position":2,"name":"Private: News &#038; Information","item":"https:\/\/ibvmunngo.org\/?page_id=14522"},{"@type":"ListItem","position":3,"name":"Resource Library","item":"https:\/\/ibvmunngo.org\/news-information\/resource-library\/"},{"@type":"ListItem","position":4,"name":"Financing for Development | Resources"}]},{"@type":"WebSite","@id":"https:\/\/ibvmunngo.org\/es\/#website","url":"https:\/\/ibvmunngo.org\/es\/","name":"Instituto da Bem-Aventurada Virgem Maria \u2013 Loreto","description":"ONG ASSOCIADA AO ECOSOC NAS NA\u00c7\u00d5ES UNIDAS","publisher":{"@id":"https:\/\/ibvmunngo.org\/es\/#organization"},"potentialAction":[{"@type":"SearchAction","target":{"@type":"EntryPoint","urlTemplate":"https:\/\/ibvmunngo.org\/es\/?s={search_term_string}"},"query-input":{"@type":"PropertyValueSpecification","valueRequired":true,"valueName":"search_term_string"}}],"inLanguage":"pt-BR"},{"@type":"Organization","@id":"https:\/\/ibvmunngo.org\/es\/#organization","name":"Instituto da Bem-Aventurada Virgem Maria \u2013 Loreto","url":"https:\/\/ibvmunngo.org\/es\/","logo":{"@type":"ImageObject","inLanguage":"pt-BR","@id":"https:\/\/ibvmunngo.org\/es\/#\/schema\/logo\/image\/","url":"https:\/\/ibvmunngo.org\/wp-content\/uploads\/2020\/10\/Logo_IBVM_UN_1.png","contentUrl":"https:\/\/ibvmunngo.org\/wp-content\/uploads\/2020\/10\/Logo_IBVM_UN_1.png","width":200,"height":144,"caption":"Institute of the Blessed Virgin Mary \u2013 Loreto"},"image":{"@id":"https:\/\/ibvmunngo.org\/es\/#\/schema\/logo\/image\/"}}]}},"_links":{"self":[{"href":"https:\/\/ibvmunngo.org\/pt\/wp-json\/wp\/v2\/pages\/51526","targetHints":{"allow":["GET"]}}],"collection":[{"href":"https:\/\/ibvmunngo.org\/pt\/wp-json\/wp\/v2\/pages"}],"about":[{"href":"https:\/\/ibvmunngo.org\/pt\/wp-json\/wp\/v2\/types\/page"}],"author":[{"embeddable":true,"href":"https:\/\/ibvmunngo.org\/pt\/wp-json\/wp\/v2\/users\/1"}],"replies":[{"embeddable":true,"href":"https:\/\/ibvmunngo.org\/pt\/wp-json\/wp\/v2\/comments?post=51526"}],"version-history":[{"count":0,"href":"https:\/\/ibvmunngo.org\/pt\/wp-json\/wp\/v2\/pages\/51526\/revisions"}],"up":[{"embeddable":true,"href":"https:\/\/ibvmunngo.org\/pt\/wp-json\/wp\/v2\/pages\/7153"}],"wp:attachment":[{"href":"https:\/\/ibvmunngo.org\/pt\/wp-json\/wp\/v2\/media?parent=51526"}],"curies":[{"name":"wp","href":"https:\/\/api.w.org\/{rel}","templated":true}]}}